{"id":912,"date":"2021-07-12T12:54:52","date_gmt":"2021-07-12T12:54:52","guid":{"rendered":"https:\/\/plantelys.dk\/?post_type=product&#038;p=912"},"modified":"2026-03-13T13:22:32","modified_gmt":"2026-03-13T12:22:32","slug":"kokstradgaard-inomhus-u-soil-grow-light-system-med-fullspektrum-led-vaxtljus-20-watt","status":"publish","type":"product","link":"https:\/\/plantelys.dk\/sv\/vare\/indendoers-koekkenhave-u-jord-vaekstlyssystem-m-fuldspektrum-led-vaekstlys-20watt\/","title":{"rendered":"K\u00f6kstr\u00e4dg\u00e5rd inomhus utan jord v\u00e4xa ljussystem 20W LED"},"content":{"rendered":"<h2 class=\"\" data-start=\"143\" data-end=\"202\"><strong data-start=\"149\" data-end=\"202\">Smart Garden - din k\u00f6kstr\u00e4dg\u00e5rd inomhus<\/strong><\/h2>\n<p class=\"\" data-start=\"204\" data-end=\"422\">G\u00f6r dig av med vissna \u00f6rter fr\u00e5n snabbk\u00f6pet. Med <a href=\"https:\/\/plantelys.dk\/sv\/produkt\/smart-tradgaard-med-fullspektrat-vaxtljus-2\/\"><strong data-start=\"242\" data-end=\"258\">Smart tr\u00e4dg\u00e5rd<\/strong><\/a> fr\u00e5n <strong><a href=\"https:\/\/plantelys.dk\/sv\/\">V\u00e4xtbelysning<\/a> <\/strong>f\u00e5r du en snygg, automatisk gr\u00f6nsaksodling inomhus som sk\u00f6ter sig sj\u00e4lv och f\u00f6rser dig med f\u00e4rska \u00f6rter, gr\u00f6nsaker och frukter \u00e5ret runt.<\/p>\n<p class=\"\" data-start=\"424\" data-end=\"575\">Smart Garden \u00e4r ett hydroponiskt odlingssystem f\u00f6r inomhusbruk som automatiskt styr ljus och vattencirkulation, vilket g\u00f6r det enklare att odla utvalda \u00f6rter och gr\u00f6nsaker utan jord.<\/p>\n<p class=\"\" data-start=\"424\" data-end=\"575\">Resultatet beror bland annat p\u00e5 uts\u00e4destyp, g\u00f6dselmedel, dosering, temperatur, luftfuktighet och vattenkvalitet.<\/p>\n<hr class=\"\" data-start=\"577\" data-end=\"580\" \/>\n<h3 class=\"\" data-start=\"582\" data-end=\"616\">\u2705 <strong data-start=\"588\" data-end=\"616\">F\u00f6rdelar med Smart Garden<\/strong><\/h3>\n<ul>\n<li data-start=\"620\" data-end=\"645\"><strong data-start=\"620\" data-end=\"643\">Plats f\u00f6r 8 v\u00e4xter<\/strong><\/li>\n<li data-start=\"648\" data-end=\"711\"><strong data-start=\"648\" data-end=\"679\">Hydroponiskt system utan jord<\/strong> - Ren, effektiv och luktfri<\/li>\n<li data-start=\"714\" data-end=\"769\"><strong data-start=\"714\" data-end=\"728\">Peksk\u00e4rm<\/strong> - Enkel man\u00f6vrering av lampor och funktioner<\/li>\n<li data-start=\"772\" data-end=\"831\"><strong data-start=\"772\" data-end=\"797\">Fullspektrum LED-ljus<\/strong> \u2013 efterliknar naturligt dagsljus<\/li>\n<li data-start=\"834\" data-end=\"902\"><strong data-start=\"834\" data-end=\"858\">Automatisk vattenpump<\/strong> - Cirkulerar och syres\u00e4tter vattnet var 15:e minut<\/li>\n<li data-start=\"905\" data-end=\"956\"><strong data-start=\"905\" data-end=\"927\">H\u00e5llbar design<\/strong> - Tillverkad av naturlig bambu<\/li>\n<li class=\"\" data-start=\"957\" data-end=\"1024\">\n<p class=\"\" data-start=\"959\" data-end=\"1024\"><strong data-start=\"959\" data-end=\"982\">Kompakt och elegant<\/strong> - Perfekt f\u00f6r k\u00f6ket, vardagsrummet eller kontoret<\/p>\n<\/li>\n<\/ul>\n<h3 data-start=\"1031\" data-end=\"1060\"><\/h3>\n<h3 class=\"\" data-start=\"1031\" data-end=\"1060\">\ud83d\udce6 <strong data-start=\"1038\" data-end=\"1060\">Paketet inneh\u00e5ller:<\/strong><\/h3>\n<ul>\n<li data-start=\"1064\" data-end=\"1088\">1 x Smart Garden-enhet<\/li>\n<li data-start=\"1091\" data-end=\"1124\">8 x tillv\u00e4xtkapslar med tillv\u00e4xtmedia<\/li>\n<li data-start=\"1127\" data-end=\"1144\">1 x 5L vattentank<\/li>\n<li data-start=\"1147\" data-end=\"1168\">Justerbar LED-lampa<\/li>\n<li data-start=\"1171\" data-end=\"1206\">Automatisk styrning med peksk\u00e4rm<\/li>\n<li class=\"\" data-start=\"1207\" data-end=\"1232\">\n<p class=\"\" data-start=\"1209\" data-end=\"1232\">Str\u00f6mf\u00f6rs\u00f6rjning f\u00f6r 230 V<\/p>\n<\/li>\n<\/ul>\n<blockquote data-start=\"1234\" data-end=\"1372\">\n<p class=\"\" data-start=\"1236\" data-end=\"1372\"><strong data-start=\"1236\" data-end=\"1247\">Notera:<\/strong> V\u00e4xter, fr\u00f6n och g\u00f6dningsmedel ing\u00e5r inte utan m\u00e5ste k\u00f6pas separat.<br data-start=\"1312\" data-end=\"1315\" \/>Se v\u00e5ra rekommenderade<strong><a href=\"https:\/\/plantelys.dk\/sv\/guide-for-godselmedel-for-stora-vaxter-2\/\"> F\u00f6rpackningar med g\u00f6dselmedel h\u00e4r<\/a><\/strong><\/p>\n<\/blockquote>\n<hr class=\"\" data-start=\"1374\" data-end=\"1377\" \/>\n<h3 class=\"\" data-start=\"1379\" data-end=\"1401\">\ud83d\udcd0 <strong data-start=\"1386\" data-end=\"1401\">Produktens m\u00e5tt:<\/strong><\/h3>\n<ul>\n<li data-start=\"1405\" data-end=\"1423\"><strong data-start=\"1405\" data-end=\"1415\">H\u00f6jd:<\/strong> 40 cm<\/li>\n<li data-start=\"1426\" data-end=\"1445\"><strong data-start=\"1426\" data-end=\"1437\">Bredd:<\/strong> 39 cm<\/li>\n<li class=\"\" data-start=\"1446\" data-end=\"1468\">\n<p class=\"\" data-start=\"1448\" data-end=\"1468\"><strong data-start=\"1448\" data-end=\"1458\">Djup:<\/strong> 21,5 cm<\/p>\n<\/li>\n<\/ul>\n<hr class=\"\" data-start=\"1470\" data-end=\"1473\" \/>\n<h3 data-start=\"1475\" data-end=\"1515\">\u2699\ufe0f S\u00e5 h\u00e4r startar du din Smart Garden:<\/h3>\n<ol data-start=\"1517\" data-end=\"1837\">\n<li data-start=\"1517\" data-end=\"1559\">\n<h4>Hur monterar jag min k\u00f6kstr\u00e4dg\u00e5rd inomhus?<\/h4>\n<p>Vi har gjort en instruktionsvideo h\u00e4r:<\/p>\n<div class=\"responsive-video\"><iframe src=\"https:\/\/www.youtube.com\/embed\/SRKwkQ2cpZQ\" frameborder=\"0\" allowfullscreen=\"allowfullscreen\" data-mce-fragment=\"1\"><\/iframe><\/div>\n<p>&nbsp;<\/p>\n<p><em>Se \u00e4ven en annan video h\u00e4r:<\/em><\/p>\n<div class=\"responsive-video\">\n<p><iframe src=\"https:\/\/www.youtube.com\/embed\/watch?v=yrq5VfuEDno\" frameborder=\"0\" allowfullscreen=\"allowfullscreen\" data-mce-fragment=\"1\"><\/iframe><\/p>\n<\/div>\n<\/li>\n<li class=\"\" data-start=\"1560\" data-end=\"1657\">\n<p class=\"\" data-start=\"1563\" data-end=\"1657\">Fyll vattentanken med vatten och flytande g\u00f6dningsmedel, vi rekommenderar <a href=\"https:\/\/plantelys.dk\/sv\/produkt\/big-plant-science-godselmedel-erbjuder-smart-tradgaard\/\"><strong data-start=\"1622\" data-end=\"1654\">Stort startpaket f\u00f6r v\u00e4xtvetenskap<\/strong><\/a><\/p>\n<\/li>\n<li class=\"\" data-start=\"1658\" data-end=\"1711\">\n<p class=\"\" data-start=\"1661\" data-end=\"1711\">Anslut str\u00f6mmen - bl\u00e5 LED p\u00e5 str\u00f6mbrytaren t\u00e4nds<\/p>\n<\/li>\n<li class=\"\" data-start=\"1712\" data-end=\"1776\">\n<p class=\"\" data-start=\"1715\" data-end=\"1776\">Tryck kort p\u00e5 str\u00f6mbrytaren (\u00bd sekund) - enheten piper och aktiveras<\/p>\n<\/li>\n<li class=\"\" data-start=\"1777\" data-end=\"1837\">\n<p class=\"\" data-start=\"1780\" data-end=\"1837\">Lampor och pump startar automatiskt enligt ditt valda program<\/p>\n<\/li>\n<\/ol>\n<p>&nbsp;<\/p>\n<hr class=\"\" data-start=\"1839\" data-end=\"1842\" \/>\n<h3 class=\"\" data-start=\"1844\" data-end=\"1869\">\ud83d\udca1 <strong data-start=\"1851\" data-end=\"1869\">Ljusa program:<\/strong><\/h3>\n<ul>\n<li data-start=\"1873\" data-end=\"1917\"><strong data-start=\"1873\" data-end=\"1893\">Knapp 2 (Normal):<\/strong> 14 p\u00e5 \/ 10 av<\/li>\n<li data-start=\"1920\" data-end=\"1963\"><strong data-start=\"1920\" data-end=\"1939\">Knapp 3 (Enjoy):<\/strong> 12 p\u00e5 \/ 12 av<\/li>\n<li class=\"\" data-start=\"1964\" data-end=\"2007\">\n<p class=\"\" data-start=\"1966\" data-end=\"2007\"><strong data-start=\"1966\" data-end=\"1984\">Knapp 4 (Grow):<\/strong> 16 p\u00e5 \/ 8 av<\/p>\n<\/li>\n<\/ul>\n<p class=\"\" data-start=\"2009\" data-end=\"2116\">\ud83d\udd01 <strong data-start=\"2012\" data-end=\"2028\">\u00c5terst\u00e4ll timern:<\/strong> H\u00e5ll knapp 1 intryckt tills du h\u00f6r 2 pip. Timern kan endast \u00e5terst\u00e4llas n\u00e4r apparaten \u00e4r p\u00e5slagen.<\/p>\n<hr class=\"\" data-start=\"2118\" data-end=\"2121\" \/>\n<h3 class=\"\" data-start=\"2123\" data-end=\"2155\">\u26a0\ufe0f <strong data-start=\"2130\" data-end=\"2155\">Viktiga anm\u00e4rkningar:<\/strong><\/h3>\n<ul data-start=\"2157\" data-end=\"2324\">\n<li class=\"\" data-start=\"2157\" data-end=\"2249\">\n<p class=\"\" data-start=\"2159\" data-end=\"2249\">Timern kan ha en liten tidsavvikelse under en l\u00e4ngre tidsperiod och kan \u00e5terst\u00e4llas efter behov.<\/p>\n<\/li>\n<li class=\"\" data-start=\"2250\" data-end=\"2324\">\n<p class=\"\" data-start=\"2252\" data-end=\"2324\">Produkten \u00e4r levererad <strong data-start=\"2270\" data-end=\"2293\">utan uts\u00e4de och g\u00f6dningsmedel<\/strong> - Dessa m\u00e5ste k\u00f6pas separat.<\/p>\n<\/li>\n<\/ul>\n<p>&nbsp;<\/p>","protected":false},"excerpt":{"rendered":"<p>K\u00f6kstr\u00e4dg\u00e5rd inomhus med ENDAST vatten - inga jordbakterier - Levereras med cirkulationspump som h\u00e5ller vattnet syresatt f\u00f6r b\u00e4ttre tillv\u00e4xt<\/p>","protected":false},"featured_media":917,"comment_status":"closed","ping_status":"closed","template":"","meta":{"_acf_changed":false},"product_brand":[],"product_cat":[105],"product_tag":[],"class_list":{"0":"post-912","1":"product","2":"type-product","3":"status-publish","4":"has-post-thumbnail","6":"product_cat-indendoers-koekkenhave-til-hjemme-brug","8":"entry","9":"has-media","11":"first","12":"instock","13":"taxable","14":"shipping-taxable","15":"purchasable","16":"product-type-simple","17":"has-product-nav","18":"col","19":"span_1_of_4","20":"owp-content-center","21":"item-entry","22":"owp-thumbs-layout-vertical","23":"owp-btn-normal","24":"owp-tabs-layout-horizontal"},"acf":[],"_links":{"self":[{"href":"https:\/\/plantelys.dk\/sv\/wp-json\/wp\/v2\/product\/912","targetHints":{"allow":["GET"]}}],"collection":[{"href":"https:\/\/plantelys.dk\/sv\/wp-json\/wp\/v2\/product"}],"about":[{"href":"https:\/\/plantelys.dk\/sv\/wp-json\/wp\/v2\/types\/product"}],"replies":[{"embeddable":true,"href":"https:\/\/plantelys.dk\/sv\/wp-json\/wp\/v2\/comments?post=912"}],"version-history":[{"count":0,"href":"https:\/\/plantelys.dk\/sv\/wp-json\/wp\/v2\/product\/912\/revisions"}],"wp:featuredmedia":[{"embeddable":true,"href":"https:\/\/plantelys.dk\/sv\/wp-json\/wp\/v2\/media\/917"}],"wp:attachment":[{"href":"https:\/\/plantelys.dk\/sv\/wp-json\/wp\/v2\/media?parent=912"}],"wp:term":[{"taxonomy":"product_brand","embeddable":true,"href":"https:\/\/plantelys.dk\/sv\/wp-json\/wp\/v2\/product_brand?post=912"},{"taxonomy":"product_cat","embeddable":true,"href":"https:\/\/plantelys.dk\/sv\/wp-json\/wp\/v2\/product_cat?post=912"},{"taxonomy":"product_tag","embeddable":true,"href":"https:\/\/plantelys.dk\/sv\/wp-json\/wp\/v2\/product_tag?post=912"}],"curies":[{"name":"wp","href":"https:\/\/api.w.org\/{rel}","templated":true}]}}