{"id":897,"date":"2021-07-12T12:41:49","date_gmt":"2021-07-12T12:41:49","guid":{"rendered":"https:\/\/plantelys.dk\/?post_type=product&#038;p=897"},"modified":"2025-11-19T11:59:26","modified_gmt":"2025-11-19T10:59:26","slug":"tillvaxtlampa-spot-for-stromskenor-och-som-takspot-15watt-vit-2","status":"publish","type":"product","link":"https:\/\/plantelys.dk\/sv\/vare\/vaekstlampe-spot-til-skinne-og-som-loftspot-15watt-hvid\/","title":{"rendered":"Tillv\u00e4xtlampa spot f\u00f6r str\u00f6mskenor och takspot 15Watt Vit"},"content":{"rendered":"<h2>Grow light spot \u00e4r perfekt f\u00f6r mindre krukv\u00e4xter och v\u00e4xtv\u00e4ggar<\/h2>\n<p>SunFlux LED track spot-system \u00e4r utformat f\u00f6r odling av v\u00e4xter. Oavsett om du installerar en v\u00e4xtv\u00e4gg eller bara vill ha vackra gr\u00f6na \u00f6ar i ditt hem eller p\u00e5 kontoret, \u00e4r odlingslampor fr\u00e5n SunFlux den f\u00f6redragna belysningen f\u00f6r dina v\u00e4xter. SunFlux odlingslampor \u00e4r det ljus som rekommenderas av b\u00e5de tr\u00e4dg\u00e5rdsodlare och designproffs.<\/p>\n<ul>\n<li>Kommer med en rund vit\u00a0<strong>Pro Fixpunkt<\/strong>\u00a0(<a href=\"https:\/\/www.sunflux.dk\/da\/3f-tracklight\/3fase-sunflux-loftmodul-fix-point\" target=\"_blank\" rel=\"nofollow noopener\"><u>Art.nr 06052<\/u><\/a>) monteringsuttag f\u00f6r tak- eller v\u00e4ggmontage.<\/li>\n<\/ul>\n<p>&nbsp;<\/p>\n<p><strong>Rekommenderade distanser f\u00f6r v\u00e4xter efter ljusbehov:<\/strong><\/p>\n<ul>\n<li>Fullt solljus: 15-25 cm.<\/li>\n<li>H\u00f6g ljusstyrka: 30-40 cm.<\/li>\n<li>M\u00e5ttlig ljusstyrka: 45-55<\/li>\n<li>L\u00e5g ljusstyrka: 65-90 cm.<\/li>\n<li>Nyans: 100-115<\/li>\n<\/ul>\n<p>&nbsp;<\/p>\n<p><strong>Uppm\u00e4tta data:<\/strong><br \/>\n30 cm = 600 \u03bcmol\/(m2*s)<br \/>\n60 cm = 200 \u03bcmol\/(m2*s)<br \/>\n90 cm = 95 \u03bcmol\/(m2*s)<br \/>\n120 cm = 44 \u03bcmol\/(m2*s)<\/p>\n<p>Levereras med spoth\u00e5llare f\u00f6r v\u00e4gg- eller takmontering, anslut 230VAC direkt, ingen extra drivrutin beh\u00f6vs.<\/p>\n<hr \/>\n<h3 data-start=\"0\" data-end=\"59\"><strong data-start=\"4\" data-end=\"59\">Vad \u00e4r skillnaden mellan odlingslampor, tillv\u00e4xtlampor och v\u00e4xtlampor?<\/strong><\/h3>\n<p data-start=\"61\" data-end=\"632\" data-is-last-node=\"\" data-is-only-node=\"\"><strong><a href=\"https:\/\/plantelys.dk\/sv\/produktkategori-2\/vaxtljus\/\">V\u00e4xtljus<\/a><\/strong> \u00e4r ett brett, informellt begrepp f\u00f6r all artificiell belysning som anv\u00e4nds f\u00f6r att odla v\u00e4xter inomhus \u2013 oavsett teknik, f\u00e4rgspektrum eller syfte. <a href=\"https:\/\/plantelys.dk\/sv\/produktkategori-2\/vaxtljus-lampor-glodlampor-2\/\"><strong>V\u00e4xa lampor<\/strong><\/a> \u00c5 andra sidan finns det ljus som har utvecklats specifikt f\u00f6r att st\u00f6dja vissa tillv\u00e4xtfaser, s\u00e5som groddning, vegetativ tillv\u00e4xt eller blomning, och som d\u00e4rf\u00f6r ofta har ett mer riktat eller justerbart ljusspektrum. <strong><a href=\"https:\/\/plantelys.dk\/sv\/\">V\u00e4xtbelysning<\/a><\/strong> \u00e4r den allm\u00e4nna tekniska termen som omfattar alla typer av ljusk\u00e4llor som f\u00f6rser v\u00e4xter med de v\u00e5gl\u00e4ngder (dagsljus) som beh\u00f6vs f\u00f6r fotosyntesen, och anv\u00e4nds b\u00e5de f\u00f6r hobbylampor och avancerade professionella LED-l\u00f6sningar.<\/p>","protected":false},"excerpt":{"rendered":"<p>Tillv\u00e4xtlampa spot f\u00f6r str\u00f6mskenor och som takspot 15Watt Vit.<\/p>","protected":false},"featured_media":901,"comment_status":"closed","ping_status":"closed","template":"","meta":{"_acf_changed":false},"product_brand":[],"product_cat":[95,372],"product_tag":[],"class_list":{"0":"post-897","1":"product","2":"type-product","3":"status-publish","4":"has-post-thumbnail","6":"product_cat-hjemme-dyrkning-af-planter-urter-groentsager-eller","7":"product_cat-grolys-spots","9":"entry","10":"has-media","12":"first","13":"outofstock","14":"taxable","15":"shipping-taxable","16":"purchasable","17":"product-type-simple","18":"has-product-nav","19":"col","20":"span_1_of_4","21":"owp-content-center","22":"item-entry","23":"owp-thumbs-layout-vertical","24":"owp-btn-normal","25":"owp-tabs-layout-horizontal"},"acf":[],"_links":{"self":[{"href":"https:\/\/plantelys.dk\/sv\/wp-json\/wp\/v2\/product\/897","targetHints":{"allow":["GET"]}}],"collection":[{"href":"https:\/\/plantelys.dk\/sv\/wp-json\/wp\/v2\/product"}],"about":[{"href":"https:\/\/plantelys.dk\/sv\/wp-json\/wp\/v2\/types\/product"}],"replies":[{"embeddable":true,"href":"https:\/\/plantelys.dk\/sv\/wp-json\/wp\/v2\/comments?post=897"}],"version-history":[{"count":0,"href":"https:\/\/plantelys.dk\/sv\/wp-json\/wp\/v2\/product\/897\/revisions"}],"wp:featuredmedia":[{"embeddable":true,"href":"https:\/\/plantelys.dk\/sv\/wp-json\/wp\/v2\/media\/901"}],"wp:attachment":[{"href":"https:\/\/plantelys.dk\/sv\/wp-json\/wp\/v2\/media?parent=897"}],"wp:term":[{"taxonomy":"product_brand","embeddable":true,"href":"https:\/\/plantelys.dk\/sv\/wp-json\/wp\/v2\/product_brand?post=897"},{"taxonomy":"product_cat","embeddable":true,"href":"https:\/\/plantelys.dk\/sv\/wp-json\/wp\/v2\/product_cat?post=897"},{"taxonomy":"product_tag","embeddable":true,"href":"https:\/\/plantelys.dk\/sv\/wp-json\/wp\/v2\/product_tag?post=897"}],"curies":[{"name":"wp","href":"https:\/\/api.w.org\/{rel}","templated":true}]}}