{"id":7398,"date":"2022-04-04T14:06:32","date_gmt":"2022-04-04T13:06:32","guid":{"rendered":"https:\/\/plantelys.dk\/?post_type=product&#038;p=7398"},"modified":"2025-10-13T12:55:40","modified_gmt":"2025-10-13T11:55:40","slug":"korsbarstomat-dvarg-tomatmaskot-2","status":"publish","type":"product","link":"https:\/\/plantelys.dk\/sv\/vare\/kirsebaertomat-dvaergtomat-mascot\/","title":{"rendered":"K\u00f6rsb\u00e4rstomatfr\u00f6 \u2013 Dv\u00e4rgtomat \u201cMaskot\u201d"},"content":{"rendered":"<div id=\"description\" class=\"tab-pane fade in active\">\n<h2>Dv\u00e4rgtomatfr\u00f6 \u2013 Lycopersicon esculentum Mill<\/h2>\n<p>Tomaten &quot;Mascot&quot; (Lycopersicon esculentum) \u00e4r en dv\u00e4rgtomat, med cocktailtomater. Den trivs b\u00e4st i sm\u00e5 tr\u00e4dg\u00e5rdar eller p\u00e5 balkongen men kan \u00e4ven odlas i st\u00f6rre krukor.<\/p>\n<p>Denna dv\u00e4rgsort utvecklar smala stj\u00e4lkar som bildar en buskig tillv\u00e4xt. V\u00e4xten producerar ett stort antal sm\u00e5, runda r\u00f6da frukter som n\u00e5r 2-4 cm i diameter.<\/p>\n<p>Cocktailen, k\u00f6rsb\u00e4rstomat, f\u00e5r en fin r\u00f6d f\u00e4rg p\u00e5 huden. De \u00e4r ocks\u00e5 s\u00f6ta och goda och smakar d\u00e4rf\u00f6r gott i sallader, till pasta, k\u00f6tt eller som garnering.<\/p>\n<p>Kan anv\u00e4ndas b\u00e5de f\u00e4rsk och torkad.<\/p>\n<p>Blir upp till 30-60 cm h\u00f6g, buskig l\u00e5g tillv\u00e4xt, m\u00e5ste planteras i ett varmt och soligt l\u00e4ge.<\/p>\n<p>Odlas b\u00e4st i en smart gr\u00f6nsakstr\u00e4dg\u00e5rd inomhus eller i v\u00e4xthuset, samt p\u00e5 f\u00f6nsterbr\u00e4dan.<\/p>\n<p>&nbsp;<\/p>\n<p>Placera soligt och varmt i n\u00e4ringsrik jord med j\u00e4mn vattentillf\u00f6rsel. Efter s\u00e5dd h\u00e5lls jorden fuktig tills groningen \u00e4r p\u00e5 god v\u00e4g.<\/p>\n<\/div>\n<div class=\"product-description\">\n<p>Sk\u00f6rdas i juli till september<\/p>\n<p>Paketet inneh\u00e5ller <strong>cirka. 100 fr\u00f6n<\/strong><\/p>\n<p>&nbsp;<\/p>\n<p>&nbsp;<\/p>\n<\/div>","protected":false},"excerpt":{"rendered":"<p>Dv\u00e4rgk\u00f6rsb\u00e4rstomater kan med f\u00f6rdel odlas i ett smart tr\u00e4dg\u00e5rdssystem. Dv\u00e4rgtomater passar \u00e4ven i en kruka p\u00e5 en varm, solig plats, uts\u00f6kt till mat.<\/p>","protected":false},"featured_media":11954,"comment_status":"open","ping_status":"closed","template":"","meta":{"_acf_changed":false},"product_brand":[],"product_cat":[161,214],"product_tag":[],"class_list":{"0":"post-7398","1":"product","2":"type-product","3":"status-publish","4":"has-post-thumbnail","6":"product_cat-plante-froe","7":"product_cat-tomatfroe-boftomater-cherrytomater","9":"entry","10":"has-media","12":"first","13":"instock","14":"taxable","15":"shipping-taxable","16":"purchasable","17":"product-type-simple","18":"has-product-nav","19":"col","20":"span_1_of_4","21":"owp-content-center","22":"item-entry","23":"owp-thumbs-layout-vertical","24":"owp-btn-normal","25":"owp-tabs-layout-horizontal"},"acf":[],"_links":{"self":[{"href":"https:\/\/plantelys.dk\/sv\/wp-json\/wp\/v2\/product\/7398","targetHints":{"allow":["GET"]}}],"collection":[{"href":"https:\/\/plantelys.dk\/sv\/wp-json\/wp\/v2\/product"}],"about":[{"href":"https:\/\/plantelys.dk\/sv\/wp-json\/wp\/v2\/types\/product"}],"replies":[{"embeddable":true,"href":"https:\/\/plantelys.dk\/sv\/wp-json\/wp\/v2\/comments?post=7398"}],"version-history":[{"count":0,"href":"https:\/\/plantelys.dk\/sv\/wp-json\/wp\/v2\/product\/7398\/revisions"}],"wp:featuredmedia":[{"embeddable":true,"href":"https:\/\/plantelys.dk\/sv\/wp-json\/wp\/v2\/media\/11954"}],"wp:attachment":[{"href":"https:\/\/plantelys.dk\/sv\/wp-json\/wp\/v2\/media?parent=7398"}],"wp:term":[{"taxonomy":"product_brand","embeddable":true,"href":"https:\/\/plantelys.dk\/sv\/wp-json\/wp\/v2\/product_brand?post=7398"},{"taxonomy":"product_cat","embeddable":true,"href":"https:\/\/plantelys.dk\/sv\/wp-json\/wp\/v2\/product_cat?post=7398"},{"taxonomy":"product_tag","embeddable":true,"href":"https:\/\/plantelys.dk\/sv\/wp-json\/wp\/v2\/product_tag?post=7398"}],"curies":[{"name":"wp","href":"https:\/\/api.w.org\/{rel}","templated":true}]}}