{"id":721,"date":"2021-07-12T07:44:30","date_gmt":"2021-07-12T07:44:30","guid":{"rendered":"https:\/\/plantelys.dk\/?post_type=product&#038;p=721"},"modified":"2025-10-13T12:56:19","modified_gmt":"2025-10-13T11:56:19","slug":"barbar-traadlos-bordslampa-med-8-timmars-ljus-svart-dimbar","status":"publish","type":"product","link":"https:\/\/plantelys.dk\/sv\/vare\/transportabel-traadloes-bordlampe-m-8-timers-lys-sort-daempbar\/","title":{"rendered":"Batteribordslampa svart med LED-ljus, tr\u00e5dl\u00f6s - dimbar"},"content":{"rendered":"<h2>Batteridriven bordslampa svart metall - tr\u00e5dl\u00f6s<\/h2>\n<p>Den uppladdningsbara lampan kan anv\u00e4ndas som mysbelysning f\u00f6r sensommarkv\u00e4llarna p\u00e5 terrassen eller n\u00e5gon annanstans. Med 10 timmars liv per laddning, denna smarta lampa h\u00e5ller tillr\u00e4ckligt med str\u00f6m f\u00f6r att du ska kunna ta ut den med dig.<\/p>\n<ul>\n<li>Med integrerad LED<\/li>\n<li>10 timmars batteritid<\/li>\n<li>Inkl. USB-laddarkontakt<\/li>\n<li>R\u00f6rlig lampa<\/li>\n<\/ul>","protected":false},"excerpt":{"rendered":"<p>Den vackra uppladdningsbara bordslampan i svart metall kan anv\u00e4ndas som mysbelysning f\u00f6r sensommarkv\u00e4llarna p\u00e5 terrassen eller n\u00e5gon annanstans. Med 10 timmars liv per laddning, denna smarta lampa h\u00e5ller tillr\u00e4ckligt med str\u00f6m f\u00f6r att du ska kunna ta ut den p\u00e5 terrassen eller i uterummet.<\/p>\n<p>&nbsp;<\/p>","protected":false},"featured_media":2007,"comment_status":"open","ping_status":"closed","template":"","meta":{"_acf_changed":false},"product_brand":[],"product_cat":[96,367,156],"product_tag":[],"class_list":{"0":"post-721","1":"product","2":"type-product","3":"status-publish","4":"has-post-thumbnail","6":"product_cat-drivhuset-og-haven","7":"product_cat-hus-og-have-belysning","8":"product_cat-til-drivhuset","10":"entry","11":"has-media","13":"first","14":"instock","15":"sale","16":"taxable","17":"shipping-taxable","18":"purchasable","19":"product-type-simple","20":"has-product-nav","21":"col","22":"span_1_of_4","23":"owp-content-center","24":"item-entry","25":"owp-thumbs-layout-vertical","26":"owp-btn-normal","27":"owp-tabs-layout-horizontal"},"acf":[],"_links":{"self":[{"href":"https:\/\/plantelys.dk\/sv\/wp-json\/wp\/v2\/product\/721","targetHints":{"allow":["GET"]}}],"collection":[{"href":"https:\/\/plantelys.dk\/sv\/wp-json\/wp\/v2\/product"}],"about":[{"href":"https:\/\/plantelys.dk\/sv\/wp-json\/wp\/v2\/types\/product"}],"replies":[{"embeddable":true,"href":"https:\/\/plantelys.dk\/sv\/wp-json\/wp\/v2\/comments?post=721"}],"version-history":[{"count":0,"href":"https:\/\/plantelys.dk\/sv\/wp-json\/wp\/v2\/product\/721\/revisions"}],"wp:featuredmedia":[{"embeddable":true,"href":"https:\/\/plantelys.dk\/sv\/wp-json\/wp\/v2\/media\/2007"}],"wp:attachment":[{"href":"https:\/\/plantelys.dk\/sv\/wp-json\/wp\/v2\/media?parent=721"}],"wp:term":[{"taxonomy":"product_brand","embeddable":true,"href":"https:\/\/plantelys.dk\/sv\/wp-json\/wp\/v2\/product_brand?post=721"},{"taxonomy":"product_cat","embeddable":true,"href":"https:\/\/plantelys.dk\/sv\/wp-json\/wp\/v2\/product_cat?post=721"},{"taxonomy":"product_tag","embeddable":true,"href":"https:\/\/plantelys.dk\/sv\/wp-json\/wp\/v2\/product_tag?post=721"}],"curies":[{"name":"wp","href":"https:\/\/api.w.org\/{rel}","templated":true}]}}