{"id":7081,"date":"2022-03-15T14:04:17","date_gmt":"2022-03-15T14:04:17","guid":{"rendered":"https:\/\/plantelys.dk\/?post_type=product&#038;p=7081"},"modified":"2025-10-13T12:55:44","modified_gmt":"2025-10-13T11:55:44","slug":"basilikafron-kanel-basilikavaxt-2","status":"publish","type":"product","link":"https:\/\/plantelys.dk\/sv\/vare\/basilikum-froe-kanelbasilikum-plante\/","title":{"rendered":"Basilika, Kanel, Hornum"},"content":{"rendered":"<div id=\"description\" class=\"tab-pane fade in active\">\n<div class=\"product-description\">\n<div class=\"product-description\">\n<h2>Basilika kanel<\/h2>\n<p><strong><a href=\"https:\/\/plantelys.dk\/sv\/produkt\/basilikafron-kanel-basilikavaxt-2\/\">Kanelbasilika,<\/a><\/strong> \u00e4r en vacker och doftande v\u00e4xt som passar b\u00e5de som prydnadsv\u00e4xt och som krydda.<\/p>\n<p>V\u00e4xten \u00e4r kompakt med lila blommor, som har en god smak, uts\u00f6kt till sallad, eller olika r\u00e4tter med kryddig smak.<\/p>\n<p>Kan anv\u00e4ndas b\u00e5de f\u00e4rsk och torkad.<\/p>\n<p>Blir upp till 30-60 cm h\u00f6g, buskig l\u00e5g tillv\u00e4xt, m\u00e5ste planteras i ett varmt och soligt l\u00e4ge.<\/p>\n<p>Odlas b\u00e4st i en smart gr\u00f6nsakstr\u00e4dg\u00e5rd inomhus eller i v\u00e4xthuset, samt p\u00e5 f\u00f6nsterbr\u00e4dan.<\/p>\n<p>&nbsp;<\/p>\n<p>Placera soligt och varmt i n\u00e4ringsrik jord med j\u00e4mn vattentillf\u00f6rsel. Efter s\u00e5dd h\u00e5lls jorden fuktig tills groningen \u00e4r p\u00e5 god v\u00e4g.<\/p>\n<\/div>\n<div class=\"product-description\">\n<p>F\u00f6rgro inomhus fr\u00e5n april till maj<\/p>\n<p>Sk\u00f6rdas i juli till september<\/p>\n<p>&nbsp;<\/p>\n<p>L\u00e4mplig f\u00f6r <a href=\"https:\/\/plantelys.dk\/sv\/produktkategori-2\/kokstradgaard-inomhus-for-hemmabruk-2\/\" target=\"_blank\" rel=\"noopener\">smart tr\u00e4dg\u00e5rd<\/a> \u2013 K\u00f6kstr\u00e4dg\u00e5rd inomhus<\/p>\n<p>L\u00e4s mer om v\u00e4xten <a href=\"https:\/\/da.wikipedia.org\/wiki\/Basilikum-sl%C3%A6gten\" target=\"_blank\" rel=\"noopener\">h\u00e4r<\/a><\/p>\n<\/div>\n<\/div>\n<\/div>","protected":false},"excerpt":{"rendered":"<p>Kanelbasilika kan med f\u00f6rdel planteras i v\u00e4xthuset, eftersom det lockar bin och avskr\u00e4cker flugor. Den \u00e4r ocks\u00e5 l\u00e4mplig f\u00f6r en kruka p\u00e5 en varm, solig plats, uts\u00f6kt till mat.<\/p>","protected":false},"featured_media":7082,"comment_status":"open","ping_status":"closed","template":"","meta":{"_acf_changed":false},"product_brand":[],"product_cat":[277,161,216],"product_tag":[],"class_list":{"0":"post-7081","1":"product","2":"type-product","3":"status-publish","4":"has-post-thumbnail","6":"product_cat-basilikum-froe","7":"product_cat-plante-froe","8":"product_cat-stort-udvalg-i-urtefroe-og-groentsagsfroe","10":"entry","11":"has-media","13":"first","14":"instock","15":"taxable","16":"shipping-taxable","17":"purchasable","18":"product-type-simple","19":"has-product-nav","20":"col","21":"span_1_of_4","22":"owp-content-center","23":"item-entry","24":"owp-thumbs-layout-vertical","25":"owp-btn-normal","26":"owp-tabs-layout-horizontal"},"acf":[],"_links":{"self":[{"href":"https:\/\/plantelys.dk\/sv\/wp-json\/wp\/v2\/product\/7081","targetHints":{"allow":["GET"]}}],"collection":[{"href":"https:\/\/plantelys.dk\/sv\/wp-json\/wp\/v2\/product"}],"about":[{"href":"https:\/\/plantelys.dk\/sv\/wp-json\/wp\/v2\/types\/product"}],"replies":[{"embeddable":true,"href":"https:\/\/plantelys.dk\/sv\/wp-json\/wp\/v2\/comments?post=7081"}],"version-history":[{"count":0,"href":"https:\/\/plantelys.dk\/sv\/wp-json\/wp\/v2\/product\/7081\/revisions"}],"wp:featuredmedia":[{"embeddable":true,"href":"https:\/\/plantelys.dk\/sv\/wp-json\/wp\/v2\/media\/7082"}],"wp:attachment":[{"href":"https:\/\/plantelys.dk\/sv\/wp-json\/wp\/v2\/media?parent=7081"}],"wp:term":[{"taxonomy":"product_brand","embeddable":true,"href":"https:\/\/plantelys.dk\/sv\/wp-json\/wp\/v2\/product_brand?post=7081"},{"taxonomy":"product_cat","embeddable":true,"href":"https:\/\/plantelys.dk\/sv\/wp-json\/wp\/v2\/product_cat?post=7081"},{"taxonomy":"product_tag","embeddable":true,"href":"https:\/\/plantelys.dk\/sv\/wp-json\/wp\/v2\/product_tag?post=7081"}],"curies":[{"name":"wp","href":"https:\/\/api.w.org\/{rel}","templated":true}]}}