{"id":634,"date":"2021-07-08T09:35:00","date_gmt":"2021-07-08T09:35:00","guid":{"rendered":"https:\/\/plantelys.dk\/?post_type=product&#038;p=634"},"modified":"2026-01-01T03:04:46","modified_gmt":"2026-01-01T02:04:46","slug":"150w-odlingslampor-med-sockel-och-vit-sladd-par30","status":"publish","type":"product","link":"https:\/\/plantelys.dk\/sv\/vare\/150w-vaekstlys-paerer-m-fatning-og-hvid-ledning-par30\/","title":{"rendered":"120W odlingslampor med sockel och vit tr\u00e5d (25Watt)"},"content":{"rendered":"<h2 data-start=\"123\" data-end=\"187\"><strong data-start=\"130\" data-end=\"185\">SunLight PAR30 Grow Light - 25W LED (motsvarande 120W)<\/strong><\/h2>\n<p class=\"\" data-start=\"188\" data-end=\"235\"><strong data-start=\"188\" data-end=\"235\">Elegant. Effektiv. Utformad f\u00f6r sund tillv\u00e4xt.<\/strong><\/p>\n<p class=\"\" data-start=\"237\" data-end=\"493\">Uppgradera din v\u00e4xtbelysning med <a href=\"https:\/\/plantelys.dk\/sv\/produkt\/150w-odlingslampor-med-sockel-och-vit-sladd-par30\/\"><strong data-start=\"270\" data-end=\"288\">SunLight PAR30<\/strong><\/a>\u00e4r en snygg och kraftfull v\u00e4xtlampa i ett kompakt format. Med endast <strong data-start=\"351\" data-end=\"370\">25 watt f\u00f6rbrukning<\/strong> ger den ett ljusfl\u00f6de som motsvarar <strong data-start=\"409\" data-end=\"421\">120 watt<\/strong>Skapad f\u00f6r att st\u00f6dja alla tillv\u00e4xtstadier - fr\u00e5n groning till blomning.<\/p>\n<p class=\"\" data-start=\"495\" data-end=\"753\">Den avancerade <strong data-start=\"510\" data-end=\"529\">ljus med fullt spektrum<\/strong> \u00e5terger naturliga f\u00e4rger utan det obehagliga rosa sken som ofta f\u00f6rekommer i billigare lampor. Den integrerade halooptiken ger en j\u00e4mn och bl\u00e4ndfri ljusf\u00f6rdelning - perfekt f\u00f6r f\u00f6nsterbr\u00e4dor, odlingsst\u00e4llningar och sm\u00e5 odlingsstationer.<\/p>\n<h3 class=\"\" data-start=\"760\" data-end=\"788\">\ud83d\udce6 <strong data-start=\"767\" data-end=\"788\">Paketet inneh\u00e5ller<\/strong><\/h3>\n<ul data-start=\"789\" data-end=\"867\">\n<li class=\"\" data-start=\"789\" data-end=\"820\">\n<p class=\"\" data-start=\"791\" data-end=\"820\">1 x PAR30 LED-odlingslampa (25W)<\/p>\n<\/li>\n<li class=\"\" data-start=\"821\" data-end=\"867\">\n<p class=\"\" data-start=\"823\" data-end=\"867\">1 x 3 meter vit tygsladd med E27-uttag<\/p>\n<\/li>\n<\/ul>\n<h2 data-start=\"874\" data-end=\"903\"><\/h2>\n<h2 data-start=\"874\" data-end=\"903\"><strong data-start=\"881\" data-end=\"901\">Ljusfl\u00f6de (PPFD)<\/strong><\/h2>\n<div class=\"_tableContainer_16hzy_1\">\n<div class=\"_tableWrapper_16hzy_14 group flex w-fit flex-col-reverse\" tabindex=\"-1\">\n<table class=\"w-fit min-w-(--thread-content-width)\" data-start=\"904\" data-end=\"1176\">\n<thead data-start=\"904\" data-end=\"942\">\n<tr data-start=\"904\" data-end=\"942\">\n<th data-start=\"904\" data-end=\"918\" data-col-size=\"sm\"><strong data-start=\"906\" data-end=\"917\">Avst\u00e5nd<\/strong><\/th>\n<th data-start=\"918\" data-end=\"942\" data-col-size=\"sm\"><strong data-start=\"920\" data-end=\"928\">PPFD<\/strong> (\u00b5mol\/m\u00b2-s)<\/th>\n<\/tr>\n<\/thead>\n<tbody data-start=\"982\" data-end=\"1176\">\n<tr data-start=\"982\" data-end=\"1020\">\n<td data-start=\"982\" data-end=\"996\" data-col-size=\"sm\">10 cm<\/td>\n<td data-start=\"996\" data-end=\"1020\" data-col-size=\"sm\">3500<\/td>\n<\/tr>\n<tr data-start=\"1021\" data-end=\"1059\">\n<td data-start=\"1021\" data-end=\"1035\" data-col-size=\"sm\">20 cm<\/td>\n<td data-col-size=\"sm\" data-start=\"1035\" data-end=\"1059\">1500<\/td>\n<\/tr>\n<tr data-start=\"1060\" data-end=\"1098\">\n<td data-start=\"1060\" data-end=\"1074\" data-col-size=\"sm\">30 cm<\/td>\n<td data-start=\"1074\" data-end=\"1098\" data-col-size=\"sm\">630<\/td>\n<\/tr>\n<tr data-start=\"1099\" data-end=\"1137\">\n<td data-start=\"1099\" data-end=\"1113\" data-col-size=\"sm\">50 cm<\/td>\n<td data-col-size=\"sm\" data-start=\"1113\" data-end=\"1137\">240<\/td>\n<\/tr>\n<tr data-start=\"1138\" data-end=\"1176\">\n<td data-start=\"1138\" data-end=\"1152\" data-col-size=\"sm\">70 cm<\/td>\n<td data-col-size=\"sm\" data-start=\"1152\" data-end=\"1176\">120<\/td>\n<\/tr>\n<\/tbody>\n<\/table>\n<div class=\"sticky end-(--thread-content-margin) h-0 self-end select-none\">\n<div class=\"absolute end-0 flex items-end\"><\/div>\n<\/div>\n<\/div>\n<\/div>\n<hr class=\"\" data-start=\"1178\" data-end=\"1181\" \/>\n<p class=\"\" data-start=\"1183\" data-end=\"1199\">\u2705 <strong data-start=\"1185\" data-end=\"1197\">F\u00f6rdelar:<\/strong><\/p>\n<ul data-start=\"1200\" data-end=\"1467\">\n<li class=\"\" data-start=\"1200\" data-end=\"1257\">\n<p class=\"\" data-start=\"1202\" data-end=\"1257\">Kraftfull och energieffektiv LED med h\u00f6g ljusintensitet<\/p>\n<\/li>\n<li class=\"\" data-start=\"1258\" data-end=\"1301\">\n<p class=\"\" data-start=\"1260\" data-end=\"1301\">Naturligt fullspektrum - utan rosa f\u00e4rg<\/p>\n<\/li>\n<li class=\"\" data-start=\"1302\" data-end=\"1351\">\n<p class=\"\" data-start=\"1304\" data-end=\"1351\">Bl\u00e4ndfri optik och utm\u00e4rkt f\u00e4rg\u00e5tergivning<\/p>\n<\/li>\n<li class=\"\" data-start=\"1352\" data-end=\"1407\">\n<p class=\"\" data-start=\"1354\" data-end=\"1407\">Enkel installation med medf\u00f6ljande sladd och uttag<\/p>\n<\/li>\n<li class=\"\" data-start=\"1408\" data-end=\"1467\">\n<p class=\"\" data-start=\"1410\" data-end=\"1467\">Idealisk f\u00f6r \u00f6rter, mikrogr\u00f6nsaker, chiliplantor och sticklingar<\/p>\n<\/li>\n<\/ul>\n<p class=\"\" data-start=\"1474\" data-end=\"1583\"><em data-start=\"1477\" data-end=\"1581\">En odlingslampa skapad f\u00f6r dig som vill ha resultat - utan att kompromissa med estetik eller funktion.<\/em><\/p>\n<p data-start=\"1474\" data-end=\"1583\">\n<hr \/>\n<h3 data-start=\"0\" data-end=\"59\"><strong data-start=\"4\" data-end=\"59\">Vad \u00e4r skillnaden mellan odlingslampor, tillv\u00e4xtlampor och v\u00e4xtlampor?<\/strong><\/h3>\n<p data-start=\"61\" data-end=\"632\" data-is-last-node=\"\" data-is-only-node=\"\"><strong><a href=\"https:\/\/plantelys.dk\/sv\/produktkategori-2\/vaxtljus\/\">V\u00e4xtljus<\/a><\/strong> \u00e4r ett brett, informellt begrepp f\u00f6r all artificiell belysning som anv\u00e4nds f\u00f6r att odla v\u00e4xter inomhus \u2013 oavsett teknik, f\u00e4rgspektrum eller syfte. <a href=\"https:\/\/plantelys.dk\/sv\/produktkategori-2\/vaxtljus-lampor-glodlampor-2\/\"><strong>V\u00e4xa lampor<\/strong><\/a> \u00c5 andra sidan finns det ljus som har utvecklats specifikt f\u00f6r att st\u00f6dja vissa tillv\u00e4xtfaser, s\u00e5som groddning, vegetativ tillv\u00e4xt eller blomning, och som d\u00e4rf\u00f6r ofta har ett mer riktat eller justerbart ljusspektrum. <strong><a href=\"https:\/\/plantelys.dk\/sv\/\">V\u00e4xtbelysning<\/a><\/strong> \u00e4r den allm\u00e4nna tekniska termen som omfattar alla typer av ljusk\u00e4llor som f\u00f6rser v\u00e4xter med de v\u00e5gl\u00e4ngder (dagsljus) som beh\u00f6vs f\u00f6r fotosyntesen, och anv\u00e4nds b\u00e5de f\u00f6r hobbylampor och avancerade professionella LED-l\u00f6sningar.<\/p>","protected":false},"excerpt":{"rendered":"<p>Denna fullspektrum E27-spot producerar hela 120W, men anv\u00e4nder bara 25Watt. L\u00e4mplig f\u00f6r montering i E27-uttag med sladd.<\/p>","protected":false},"featured_media":635,"comment_status":"open","ping_status":"closed","template":"","meta":{"_acf_changed":false},"product_brand":[],"product_cat":[92,235,370],"product_tag":[],"class_list":{"0":"post-634","1":"product","2":"type-product","3":"status-publish","4":"has-post-thumbnail","6":"product_cat-vaekstlys-paerer-lamper","7":"product_cat-grolys","8":"product_cat-grolys-paere","10":"entry","11":"has-media","13":"first","14":"instock","15":"taxable","16":"shipping-taxable","17":"purchasable","18":"product-type-simple","19":"has-product-nav","20":"col","21":"span_1_of_4","22":"owp-content-center","23":"item-entry","24":"owp-thumbs-layout-vertical","25":"owp-btn-normal","26":"owp-tabs-layout-horizontal"},"acf":[],"_links":{"self":[{"href":"https:\/\/plantelys.dk\/sv\/wp-json\/wp\/v2\/product\/634","targetHints":{"allow":["GET"]}}],"collection":[{"href":"https:\/\/plantelys.dk\/sv\/wp-json\/wp\/v2\/product"}],"about":[{"href":"https:\/\/plantelys.dk\/sv\/wp-json\/wp\/v2\/types\/product"}],"replies":[{"embeddable":true,"href":"https:\/\/plantelys.dk\/sv\/wp-json\/wp\/v2\/comments?post=634"}],"version-history":[{"count":0,"href":"https:\/\/plantelys.dk\/sv\/wp-json\/wp\/v2\/product\/634\/revisions"}],"wp:featuredmedia":[{"embeddable":true,"href":"https:\/\/plantelys.dk\/sv\/wp-json\/wp\/v2\/media\/635"}],"wp:attachment":[{"href":"https:\/\/plantelys.dk\/sv\/wp-json\/wp\/v2\/media?parent=634"}],"wp:term":[{"taxonomy":"product_brand","embeddable":true,"href":"https:\/\/plantelys.dk\/sv\/wp-json\/wp\/v2\/product_brand?post=634"},{"taxonomy":"product_cat","embeddable":true,"href":"https:\/\/plantelys.dk\/sv\/wp-json\/wp\/v2\/product_cat?post=634"},{"taxonomy":"product_tag","embeddable":true,"href":"https:\/\/plantelys.dk\/sv\/wp-json\/wp\/v2\/product_tag?post=634"}],"curies":[{"name":"wp","href":"https:\/\/api.w.org\/{rel}","templated":true}]}}