{"id":60718,"date":"2026-05-12T16:36:49","date_gmt":"2026-05-12T15:36:49","guid":{"rendered":"https:\/\/plantelys.dk\/?post_type=product&#038;p=60718"},"modified":"2026-05-12T20:39:09","modified_gmt":"2026-05-12T19:39:09","slug":"startkit-for-mikrovaxt","status":"publish","type":"product","link":"https:\/\/plantelys.dk\/sv\/vare\/mikrogroent-start-saet\/","title":{"rendered":"Microgreen startkit med ekologiska fr\u00f6n och matta"},"content":{"rendered":"<h2>Starts\u00e6t for dyrkning af mikrogr\u00f8nt<\/h2>\n<p>S\u00e6tte indeholder:<\/p>\n<ul>\n<li>1 Stk. pose \u00f8ko. fr\u00f8 efter valg af 50 g.<\/li>\n<li>1 Stk. lille gr\u00f8n bakke<\/li>\n<li>2 Stk. Bambus m\u00e5tte for bakken<\/li>\n<\/ul>\n<p>&nbsp;<\/p>\n<p>&nbsp;<\/p>","protected":false},"excerpt":{"rendered":"<p>Starts\u00e6t for dyrkning af mikrogr\u00f8nt S\u00e6tte indeholder: 1 Stk. pose \u00f8ko. fr\u00f8 efter valg af 50 g. 1 Stk. lille gr\u00f8n bakke 2 Stk. Bambus m\u00e5tte for bakken &nbsp; &nbsp;<\/p>","protected":false},"featured_media":61048,"comment_status":"closed","ping_status":"closed","template":"","meta":{"_acf_changed":false},"product_brand":[],"product_cat":[106,210],"product_tag":[],"class_list":{"0":"post-60718","1":"product","2":"type-product","3":"status-publish","4":"has-post-thumbnail","6":"product_cat-mikrogroent-gro-dit-eget-sunde-groent","7":"product_cat-mikrogroent-startpakker","9":"entry","10":"has-media","12":"first","13":"instock","14":"taxable","15":"shipping-taxable","16":"purchasable","17":"product-type-variable","18":"has-default-attributes","19":"has-product-nav","20":"col","21":"span_1_of_4","22":"owp-content-center","23":"item-entry","24":"owp-thumbs-layout-vertical","25":"owp-btn-normal","26":"owp-tabs-layout-horizontal"},"acf":[],"_links":{"self":[{"href":"https:\/\/plantelys.dk\/sv\/wp-json\/wp\/v2\/product\/60718","targetHints":{"allow":["GET"]}}],"collection":[{"href":"https:\/\/plantelys.dk\/sv\/wp-json\/wp\/v2\/product"}],"about":[{"href":"https:\/\/plantelys.dk\/sv\/wp-json\/wp\/v2\/types\/product"}],"replies":[{"embeddable":true,"href":"https:\/\/plantelys.dk\/sv\/wp-json\/wp\/v2\/comments?post=60718"}],"version-history":[{"count":5,"href":"https:\/\/plantelys.dk\/sv\/wp-json\/wp\/v2\/product\/60718\/revisions"}],"predecessor-version":[{"id":61057,"href":"https:\/\/plantelys.dk\/sv\/wp-json\/wp\/v2\/product\/60718\/revisions\/61057"}],"wp:featuredmedia":[{"embeddable":true,"href":"https:\/\/plantelys.dk\/sv\/wp-json\/wp\/v2\/media\/61048"}],"wp:attachment":[{"href":"https:\/\/plantelys.dk\/sv\/wp-json\/wp\/v2\/media?parent=60718"}],"wp:term":[{"taxonomy":"product_brand","embeddable":true,"href":"https:\/\/plantelys.dk\/sv\/wp-json\/wp\/v2\/product_brand?post=60718"},{"taxonomy":"product_cat","embeddable":true,"href":"https:\/\/plantelys.dk\/sv\/wp-json\/wp\/v2\/product_cat?post=60718"},{"taxonomy":"product_tag","embeddable":true,"href":"https:\/\/plantelys.dk\/sv\/wp-json\/wp\/v2\/product_tag?post=60718"}],"curies":[{"name":"wp","href":"https:\/\/api.w.org\/{rel}","templated":true}]}}