{"id":60499,"date":"2026-04-24T07:28:24","date_gmt":"2026-04-24T06:28:24","guid":{"rendered":"https:\/\/plantelys.dk\/?post_type=product&#038;p=60499"},"modified":"2026-05-05T07:34:59","modified_gmt":"2026-05-05T06:34:59","slug":"rund-spegelpool-i-cortenstaal-oe100-med-avloppshaal","status":"publish","type":"product","link":"https:\/\/plantelys.dk\/sv\/vare\/rundt-spejlbassin-i-corten-staal-oe100-med-afloebshul\/","title":{"rendered":"Rund spegelpool i cortenst\u00e5l \u00d8100 med dr\u00e4neringsh\u00e5l"},"content":{"rendered":"<div>\n<h2>Rund spegelpool i cortenst\u00e5l \u00d8100 med dr\u00e4neringsh\u00e5l<\/h2>\n<\/div>\n<div>\n<h3>Elegant design f\u00f6r tr\u00e4dg\u00e5rden<\/h3>\n<\/div>\n<p>Uppt\u00e4ck den runda spegelpoolen i cortenst\u00e5l med en diameter p\u00e5 100 cm som tillf\u00f6r ett unikt och elegant element till din tr\u00e4dg\u00e5rd. Bass\u00e4ngen har ett dr\u00e4neringsh\u00e5l och \u00e4r inte bara praktisk utan skapar ocks\u00e5 fantastiska reflektioner och visuella intryck som berikar ditt utomhusutrymme. V\u00e4lj mellan 8 storlekar fr\u00e5n 60 cm till 200 cm f\u00f6r att hitta den perfekta l\u00f6sningen f\u00f6r dina behov.<\/p>\n<div>\n<h3>Kvalitet och h\u00e5llbarhet<\/h3>\n<\/div>\n<p>Poolen \u00e4r tillverkad av 3 mm cortenst\u00e5l och \u00e4r utformad f\u00f6r att st\u00e5 emot tidens tand och f\u00e5r en vacker rostpatina som ger den karakt\u00e4r och charm. De st\u00f6rre modellerna, 150 cm och 200 cm, \u00e4r tillverkade av 4 mm cortenst\u00e5l f\u00f6r extra stabilitet.<\/p>\n<div>\n<h3>M\u00e5tt och kapacitet<\/h3>\n<\/div>\n<div>\n<ul>\n<li><strong>\u00d860 cm<\/strong>: 12 cm djup, 30 liter, 8 kg<\/li>\n<li><strong>\u00d880 cm<\/strong>: 18 cm djup, 45 liter, 15 kg<\/li>\n<li><strong>\u00d8100 cm<\/strong>: 15 cm djup, 70 liter, 20 kg<\/li>\n<li><strong>\u00d8120 cm<\/strong>: 20 cm djup, 120 liter, 35 kg<\/li>\n<li><strong>\u00d8150 cm<\/strong>: 27 cm djup, 220 liter, 70 kg<\/li>\n<li><strong>\u00d8200 cm<\/strong>: 30 cm djup, 275 liter, 90 kg<\/li>\n<\/ul>\n<\/div>\n<div>\n<h3>Multifunktionell anv\u00e4ndning<\/h3>\n<\/div>\n<p>Den h\u00e4r reflekterande poolen kan ocks\u00e5 anv\u00e4ndas som eldstad, vilket g\u00f6r den till ett m\u00e5ngsidigt tillskott till ditt utomhusutrymme. Oavsett om den anv\u00e4nds f\u00f6r att skapa lugn eller som en central fokuspunkt kommer den garanterat att v\u00e4cka uppm\u00e4rksamhet.<\/p>\n<div>\n<h3>Best\u00e4ll din spegelpool idag<\/h3>\n<\/div>\n<p>Ge din tr\u00e4dg\u00e5rd ett lyft med denna eleganta runda spegelpool i cortenst\u00e5l. Best\u00e4ll nu och f\u00e5 den levererad direkt till din d\u00f6rr s\u00e5 att du kan njuta av ett vackert och funktionellt element i ditt utomhusutrymme<\/p>","protected":false},"excerpt":{"rendered":"<p>Uppt\u00e4ck den runda spegelpoolen i cortenst\u00e5l med en diameter p\u00e5 100 cm som skapar vackra reflektioner och ger stil till din tr\u00e4dg\u00e5rd. Med ett dr\u00e4neringsh\u00e5l och m\u00f6jlighet att fungera som en eldstad \u00e4r det ett m\u00e5ngsidigt och h\u00e5llbart tillskott till ditt utomhusutrymme.<\/p>","protected":false},"featured_media":60358,"comment_status":"closed","ping_status":"closed","template":"","meta":{"_acf_changed":false},"product_brand":[],"product_cat":[328],"product_tag":[],"class_list":{"0":"post-60499","1":"product","2":"type-product","3":"status-publish","4":"has-post-thumbnail","6":"product_cat-spejlbassiner","7":"product_shipping_class-tung-genstand","9":"entry","10":"has-media","12":"first","13":"instock","14":"taxable","15":"shipping-taxable","16":"purchasable","17":"product-type-simple","18":"has-product-nav","19":"col","20":"span_1_of_4","21":"owp-content-center","22":"item-entry","23":"owp-thumbs-layout-vertical","24":"owp-btn-normal","25":"owp-tabs-layout-horizontal"},"acf":[],"_links":{"self":[{"href":"https:\/\/plantelys.dk\/sv\/wp-json\/wp\/v2\/product\/60499","targetHints":{"allow":["GET"]}}],"collection":[{"href":"https:\/\/plantelys.dk\/sv\/wp-json\/wp\/v2\/product"}],"about":[{"href":"https:\/\/plantelys.dk\/sv\/wp-json\/wp\/v2\/types\/product"}],"replies":[{"embeddable":true,"href":"https:\/\/plantelys.dk\/sv\/wp-json\/wp\/v2\/comments?post=60499"}],"version-history":[{"count":0,"href":"https:\/\/plantelys.dk\/sv\/wp-json\/wp\/v2\/product\/60499\/revisions"}],"wp:featuredmedia":[{"embeddable":true,"href":"https:\/\/plantelys.dk\/sv\/wp-json\/wp\/v2\/media\/60358"}],"wp:attachment":[{"href":"https:\/\/plantelys.dk\/sv\/wp-json\/wp\/v2\/media?parent=60499"}],"wp:term":[{"taxonomy":"product_brand","embeddable":true,"href":"https:\/\/plantelys.dk\/sv\/wp-json\/wp\/v2\/product_brand?post=60499"},{"taxonomy":"product_cat","embeddable":true,"href":"https:\/\/plantelys.dk\/sv\/wp-json\/wp\/v2\/product_cat?post=60499"},{"taxonomy":"product_tag","embeddable":true,"href":"https:\/\/plantelys.dk\/sv\/wp-json\/wp\/v2\/product_tag?post=60499"}],"curies":[{"name":"wp","href":"https:\/\/api.w.org\/{rel}","templated":true}]}}