{"id":60334,"date":"2026-04-21T11:19:09","date_gmt":"2026-04-21T10:19:09","guid":{"rendered":"https:\/\/plantelys.dk\/?post_type=product&#038;p=60334"},"modified":"2026-05-05T07:29:30","modified_gmt":"2026-05-05T06:29:30","slug":"jarnring-rost-som-ben-for-rund-spegelpool","status":"publish","type":"product","link":"https:\/\/plantelys.dk\/sv\/vare\/jern-ring-rust-som-ben-til-rundt-spejlbassin\/","title":{"rendered":"J\u00e4rnring rost som ben f\u00f6r rund spegelpool"},"content":{"rendered":"<div>\n<h2>Praktiskt fundament f\u00f6r din reflekterande pool och eldstad<\/h2>\n<\/div>\n<p>Dr\u00f6mmer du om en vacker spegelpool? Den h\u00e4r rostf\u00e4rgade j\u00e4rnringen fungerar som en solid grund som h\u00e5ller din spegelpool s\u00e4kert p\u00e5 plats. Den enkla och eleganta designen passar perfekt med en spegelpool i samma material och ger din tr\u00e4dg\u00e5rd ett estetiskt utseende.<\/p>\n<div>\n<h3>Naturligt utseende med l\u00e5ng livsl\u00e4ngd<\/h3>\n<\/div>\n<p>J\u00e4rnringen \u00e4r tillverkad av st\u00e5l som med tiden f\u00e5r en vacker r\u00f6dbrun rostf\u00e4rg, vilket ger ett naturligt och harmoniskt utseende. Den finns i tv\u00e5 storlekar: 40 cm och 70 cm i diameter, s\u00e5 att du kan v\u00e4lja den som passar b\u00e4st f\u00f6r din spegelpool.<\/p>\n<div>\n<ul>\n<li><strong>40 cm ring<\/strong>L\u00e4mplig f\u00f6r runda spegelpooler med en diameter p\u00e5 60 cm, 80 cm och 100 cm.<\/li>\n<li><strong>70 cm ring<\/strong>L\u00e4mplig f\u00f6r spegelpooler med en diameter p\u00e5 100 cm, 120 cm och 150 cm.<\/li>\n<\/ul>\n<\/div>\n<div>\n<h3>Multifunktionell applikation<\/h3>\n<\/div>\n<p>Denna j\u00e4rnring kan ocks\u00e5 anv\u00e4ndas som gr\u00e4skant eller rabattkant runt tr\u00e4d, vilket ger en m\u00e5ngsidig l\u00f6sning f\u00f6r ditt utomhusutrymme.<\/p>\n<div>\n<h3>M\u00e5tt och vikt<\/h3>\n<\/div>\n<div>\n<ul>\n<li><strong>\u00f840 cm x 8 cm<\/strong>: Vikt 2,5 kg<\/li>\n<li><strong>\u00f870 cm x 10 cm<\/strong>Vikt 4,5 kg<\/li>\n<li><strong>\u00f870 cm x 20 cm<\/strong>Vikt 9 kg<\/li>\n<\/ul>\n<\/div>\n<p>Skapa en vacker och lugn vattenyta som reflekterar ljuset fr\u00e5n himlen och berikar din tr\u00e4dg\u00e5rd med mer ljus och sk\u00f6nhet.<\/p>","protected":false},"excerpt":{"rendered":"<p>F\u00e5 en stabil grund f\u00f6r din spegelpool med en j\u00e4rnring i rost som ger ett snyggt och naturligt utseende samtidigt som den h\u00e5ller poolen s\u00e4kert p\u00e5 plats. V\u00e4lj mellan tv\u00e5 storlekar som passar perfekt till olika spegelpooler och anv\u00e4nd den ocks\u00e5 som gr\u00e4smatteskant eller rabattkant i tr\u00e4dg\u00e5rden.<\/p>","protected":false},"featured_media":60358,"comment_status":"closed","ping_status":"closed","template":"","meta":{"_acf_changed":false},"product_brand":[],"product_cat":[444,328],"product_tag":[],"class_list":{"0":"post-60334","1":"product","2":"type-product","3":"status-publish","4":"has-post-thumbnail","6":"product_cat-baalfad","7":"product_cat-spejlbassiner","8":"product_shipping_class-tung-genstand","10":"entry","11":"has-media","13":"first","14":"instock","15":"taxable","16":"shipping-taxable","17":"purchasable","18":"product-type-variable","19":"has-product-nav","20":"col","21":"span_1_of_4","22":"owp-content-center","23":"item-entry","24":"owp-thumbs-layout-vertical","25":"owp-btn-normal","26":"owp-tabs-layout-horizontal"},"acf":[],"_links":{"self":[{"href":"https:\/\/plantelys.dk\/sv\/wp-json\/wp\/v2\/product\/60334","targetHints":{"allow":["GET"]}}],"collection":[{"href":"https:\/\/plantelys.dk\/sv\/wp-json\/wp\/v2\/product"}],"about":[{"href":"https:\/\/plantelys.dk\/sv\/wp-json\/wp\/v2\/types\/product"}],"replies":[{"embeddable":true,"href":"https:\/\/plantelys.dk\/sv\/wp-json\/wp\/v2\/comments?post=60334"}],"version-history":[{"count":0,"href":"https:\/\/plantelys.dk\/sv\/wp-json\/wp\/v2\/product\/60334\/revisions"}],"wp:featuredmedia":[{"embeddable":true,"href":"https:\/\/plantelys.dk\/sv\/wp-json\/wp\/v2\/media\/60358"}],"wp:attachment":[{"href":"https:\/\/plantelys.dk\/sv\/wp-json\/wp\/v2\/media?parent=60334"}],"wp:term":[{"taxonomy":"product_brand","embeddable":true,"href":"https:\/\/plantelys.dk\/sv\/wp-json\/wp\/v2\/product_brand?post=60334"},{"taxonomy":"product_cat","embeddable":true,"href":"https:\/\/plantelys.dk\/sv\/wp-json\/wp\/v2\/product_cat?post=60334"},{"taxonomy":"product_tag","embeddable":true,"href":"https:\/\/plantelys.dk\/sv\/wp-json\/wp\/v2\/product_tag?post=60334"}],"curies":[{"name":"wp","href":"https:\/\/api.w.org\/{rel}","templated":true}]}}