{"id":5977,"date":"2022-01-26T09:48:50","date_gmt":"2022-01-26T09:48:50","guid":{"rendered":"https:\/\/plantelys.dk\/?post_type=product&#038;p=5977"},"modified":"2026-03-12T15:39:50","modified_gmt":"2026-03-12T14:39:50","slug":"quickpot-mini-vaxthuslager-12-cm-for-danska-brickor-2","status":"publish","type":"product","link":"https:\/\/plantelys.dk\/sv\/vare\/quickpot-minidrivhus-laag-12-cm-til-danish-bakker\/","title":{"rendered":"QuickPot Mini v\u00e4xthuslock 12 cm f\u00f6r danska brickor"},"content":{"rendered":"<h2 data-start=\"69\" data-end=\"129\"><strong data-start=\"73\" data-end=\"129\">QuickPot Mini v\u00e4xthuslock - Skapa perfekta odlingsf\u00f6rh\u00e5llanden<\/strong><\/h2>\n<p class=\"\" data-start=\"131\" data-end=\"380\">Med denna bekv\u00e4ma <strong><a href=\"https:\/\/plantelys.dk\/sv\/produkt\/quickpot-mini-vaxthuslager-12-cm-for-danska-brickor-2\/\">lock f\u00f6r miniv\u00e4xthus<\/a><\/strong> kan du enkelt f\u00f6rvandla dina QuickPot-fr\u00f6brickor till ett effektivt miniv\u00e4xthus som fr\u00e4mjar groning och tidig planttillv\u00e4xt. Locket hj\u00e4lper till att h\u00e5lla kvar fukt och v\u00e4rme, vilket skapar ett optimalt mikroklimat f\u00f6r dina plantor.<\/p>\n<h3 data-start=\"382\" data-end=\"408\"><strong data-start=\"382\" data-end=\"406\">Kompatibla modeller:<\/strong><\/h3>\n<h4 data-start=\"425\" data-end=\"510\">Detta lock \u00e4r speciellt utformat f\u00f6r f\u00f6ljande QuickPot-modeller:<\/h4>\n<ul>\n<li data-start=\"513\" data-end=\"538\">QP Dansk D77W (#28049)<\/li>\n<li data-start=\"541\" data-end=\"561\">QP D84T\/8 (#28050)<\/li>\n<li data-start=\"564\" data-end=\"610\">Mikrogr\u00f6nsaksbrickor (#28044, #28045, #28046)<\/li>\n<li>Samt alla <strong>Danska modeller<\/strong><\/li>\n<\/ul>\n<p class=\"\" data-start=\"612\" data-end=\"686\"><strong data-start=\"612\" data-end=\"623\">Notera:<\/strong> Fr\u00f6tr\u00e5g och bottenbricka ing\u00e5r ej och m\u00e5ste k\u00f6pas separat, passar <strong>inte f\u00f6r STD-serien<\/strong> av brickor.<\/p>\n<p><strong>Notera: <\/strong>I vissa fall kan det finnas sm\u00e5 revor och sm\u00e5 sprickor i kanten p\u00e5 brickorna (&lt;10 mm)<\/p>\n<p>&nbsp;<\/p>\n<h2><strong data-start=\"590\" data-end=\"609\">Specifikationer p\u00e5 v\u00e4xthuslock<\/strong><\/h2>\n<ul>\n<li data-start=\"612\" data-end=\"659\"><strong data-start=\"612\" data-end=\"621\">Typ:<\/strong> QuickPot mini v\u00e4xthusd\u00f6rr, 12 cm h\u00f6g, endast l\u00e4mplig f\u00f6r <strong>dansk bagare<\/strong><\/li>\n<li data-start=\"662\" data-end=\"688\"><strong data-start=\"662\" data-end=\"670\">M\u00e5len:<\/strong> 53 \u00d7 31 \u00d7 14 cm<\/li>\n<li data-start=\"691\" data-end=\"721\"><strong data-start=\"691\" data-end=\"713\">Max. v\u00e4xth\u00f6jd:<\/strong> 12 cm<\/li>\n<li data-start=\"724\" data-end=\"780\"><strong data-start=\"724\" data-end=\"738\">Material:<\/strong> Transparent, robust \u00e5tervunnen plast (100%)<\/li>\n<\/ul>\n<p>&nbsp;<\/p>\n<h2>Ljus f\u00f6r groddning i s\u00e5l\u00e5dor<\/h2>\n<p>F\u00f6r optimal anv\u00e4ndning av din <a href=\"https:\/\/plantelys.dk\/sv\/produktkategori-2\/groddslaador-groddbrickor-for-vaxter-2\/\">fr\u00f6brickor <\/a>det rekommenderas att anv\u00e4nda en kraftfull <a href=\"https:\/\/plantelys.dk\/sv\/produktkategori-2\/vaxtljus\/\">V\u00e4xtljus<\/a>.<\/p>","protected":false},"excerpt":{"rendered":"<p>Clear Lid 12 cm till dansk QuickPot fr\u00f6bricka, f\u00f6rvandlar din fr\u00f6bricka till ett miniv\u00e4xthus (*notera info!)<\/p>","protected":false},"featured_media":6175,"comment_status":"closed","ping_status":"closed","template":"","meta":{"_acf_changed":false},"product_brand":[],"product_cat":[160],"product_tag":[],"class_list":{"0":"post-5977","1":"product","2":"type-product","3":"status-publish","4":"has-post-thumbnail","6":"product_cat-saabakker-spirebakker-for-planter","8":"entry","9":"has-media","11":"first","12":"instock","13":"taxable","14":"shipping-taxable","15":"purchasable","16":"product-type-simple","17":"has-product-nav","18":"col","19":"span_1_of_4","20":"owp-content-center","21":"item-entry","22":"owp-thumbs-layout-vertical","23":"owp-btn-normal","24":"owp-tabs-layout-horizontal"},"acf":[],"_links":{"self":[{"href":"https:\/\/plantelys.dk\/sv\/wp-json\/wp\/v2\/product\/5977","targetHints":{"allow":["GET"]}}],"collection":[{"href":"https:\/\/plantelys.dk\/sv\/wp-json\/wp\/v2\/product"}],"about":[{"href":"https:\/\/plantelys.dk\/sv\/wp-json\/wp\/v2\/types\/product"}],"replies":[{"embeddable":true,"href":"https:\/\/plantelys.dk\/sv\/wp-json\/wp\/v2\/comments?post=5977"}],"version-history":[{"count":0,"href":"https:\/\/plantelys.dk\/sv\/wp-json\/wp\/v2\/product\/5977\/revisions"}],"wp:featuredmedia":[{"embeddable":true,"href":"https:\/\/plantelys.dk\/sv\/wp-json\/wp\/v2\/media\/6175"}],"wp:attachment":[{"href":"https:\/\/plantelys.dk\/sv\/wp-json\/wp\/v2\/media?parent=5977"}],"wp:term":[{"taxonomy":"product_brand","embeddable":true,"href":"https:\/\/plantelys.dk\/sv\/wp-json\/wp\/v2\/product_brand?post=5977"},{"taxonomy":"product_cat","embeddable":true,"href":"https:\/\/plantelys.dk\/sv\/wp-json\/wp\/v2\/product_cat?post=5977"},{"taxonomy":"product_tag","embeddable":true,"href":"https:\/\/plantelys.dk\/sv\/wp-json\/wp\/v2\/product_tag?post=5977"}],"curies":[{"name":"wp","href":"https:\/\/api.w.org\/{rel}","templated":true}]}}