{"id":5960,"date":"2022-01-21T13:12:50","date_gmt":"2022-01-21T13:12:50","guid":{"rendered":"https:\/\/plantelys.dk\/?post_type=product&#038;p=5960"},"modified":"2026-02-07T10:40:33","modified_gmt":"2026-02-07T09:40:33","slug":"quickpot-150-r-saagbricka-2","status":"publish","type":"product","link":"https:\/\/plantelys.dk\/sv\/vare\/quickpot-150-r-saabakke\/","title":{"rendered":"QuickPot 150 R S\u00e5bricka \u2013 STD"},"content":{"rendered":"<h2>Spara tid med QuickPot 150 R fr\u00f6bricka | Optimerad tillv\u00e4xt och 10+ \u00e5rs h\u00e5llbarhet<\/h2>\n<p><em>Fr\u00f6bricka med 150 celler.<\/em><\/p>\n<p>QuickPot 150 R fr\u00f6bricka STD \u00e4r den perfekta l\u00f6sningen f\u00f6r dig som vill odla sina egna v\u00e4xter fr\u00e5n fr\u00f6. Med sina 150 celler kan du optimera ditt utrymme och odla ett stort antal v\u00e4xter samtidigt. Du kan enkelt organisera dina fr\u00f6n och h\u00e5lla koll p\u00e5 tillv\u00e4xten, vilket resulterar i en mer effektiv och framg\u00e5ngsrik odlingsprocess.<\/p>\n<h3>O\u00f6vertr\u00e4ffad kvalitet: \u00c5tervunnen plast f\u00f6r l\u00e5ngvarig anv\u00e4ndning<\/h3>\n<p>Denna fr\u00f6bricka \u00e4r tillverkad av tjock och solid \u00e5tervunnen plast, vilket g\u00f6r den extremt h\u00e5llbar och milj\u00f6v\u00e4nlig. Med r\u00e4tt behandling kan du f\u00f6rv\u00e4nta dig en livsl\u00e4ngd p\u00e5 \u00f6ver 10 \u00e5r, vilket g\u00f6r det till ett l\u00e5ngvarigt och h\u00e5llbart val f\u00f6r din tr\u00e4dg\u00e5rd eller v\u00e4xthus.<\/p>\n<h3>Professionella tr\u00e4dg\u00e5rdsm\u00e4stare \u00e4lskar det<\/h3>\n<p>QuickPot 150 R, som f\u00f6redras av professionella v\u00e4xthusodlare \u00f6ver hela Europa, t\u00e5l diskmaskin. Det \u00e4r ett bevis p\u00e5 dess kvalitet och m\u00e5ngsidighet som g\u00f6r det till ett m\u00e5ste f\u00f6r b\u00e5de amat\u00f6rer och professionella tr\u00e4dg\u00e5rdsm\u00e4stare.<\/p>\n<h3><strong>Perfekt design f\u00f6r friska v\u00e4xter<\/strong><\/h3>\n<p>QuickPot 150 R Seed Tray STD \u00e4r utformad med stora h\u00e5l i botten f\u00f6r att s\u00e4kerst\u00e4lla optimal dr\u00e4nering av vatten och luftcirkulation runt plantornas r\u00f6tter. Detta hj\u00e4lper till att f\u00f6rhindra \u00f6vervattning och rotr\u00f6ta, vilket resulterar i friska och kraftiga plantor som \u00e4r redo f\u00f6r transplantation. Med 150 celler \u00e4r QuickPot 150 R idealisk f\u00f6r\u00a0<a href=\"https:\/\/plantelys.dk\/sv\/forgroning-av-vaxter-guide-frobrickor-och-mini-vaxthus-2\/\" target=\"_blank\" rel=\"noopener\">f\u00f6rgroning<\/a>\u00a0av purjol\u00f6k, mor\u00f6tter, r\u00e4disor och mycket mer.<\/p>\n<p><em><strong>Obs: En ing\u00e5r ej <a href=\"https:\/\/plantelys.dk\/sv\/produkt\/underbevattningsbrickor-for-danska-saagbrickor-2\/\">under brickan<\/a> med denna fr\u00f6bricka<\/strong><\/em><\/p>\n<p><strong>Teknisk information:<\/strong><br \/>\n\u2013 Typ: QuickPot 150 R Standard<br \/>\n\u2013 Runda h\u00e5l, storlek: \u00d830 mm \u2013 43 mm djupa<br \/>\n\u2013 Ytterm\u00e5tt: 33,5 cm x 51,5 cm<br \/>\n\u2013 Antal h\u00e5l: 10\u00d715 h\u00e5l, totalt 150 st.<\/p>\n<p><strong>Passar endast med <a href=\"https:\/\/plantelys.dk\/sv\/produkt\/underbevattningsbrickor-for-saagbrickor-std-2\/\" target=\"_blank\" rel=\"noopener\">STD nedre fack<\/a><\/strong><\/p>\n<p><em>Det finns inga v\u00e4xthus\u00f6verdrag tillg\u00e4ngliga f\u00f6r denna modell.<\/em><\/p>\n<h2>Ljus f\u00f6r groddning i s\u00e5l\u00e5dor<\/h2>\n<p>F\u00f6r optimal anv\u00e4ndning av din <a href=\"https:\/\/plantelys.dk\/sv\/produktkategori-2\/groddslaador-groddbrickor-for-vaxter-2\/\">fr\u00f6brickor <\/a>det rekommenderas att anv\u00e4nda en kraftfull <a href=\"https:\/\/plantelys.dk\/sv\/produktkategori-2\/vaxtljus\/\">V\u00e4xtljus<\/a>.<\/p>","protected":false},"excerpt":{"rendered":"<p>En solid s\u00e5dan <strong><a href=\"https:\/\/plantelys.dk\/sv\/produkt\/quickpot-77-saagbricka-2\/\">fr\u00f6bricka<\/a><\/strong> med hela 150 h\u00e5l \u2013 L\u00e4mplig f\u00f6r f\u00f6rgroddning av purjol\u00f6k, mor\u00f6tter, r\u00e4disor mm.<\/p>","protected":false},"featured_media":6227,"comment_status":"open","ping_status":"closed","template":"","meta":{"_acf_changed":false},"product_brand":[],"product_cat":[160],"product_tag":[],"class_list":{"0":"post-5960","1":"product","2":"type-product","3":"status-publish","4":"has-post-thumbnail","6":"product_cat-saabakker-spirebakker-for-planter","8":"entry","9":"has-media","11":"first","12":"instock","13":"sale","14":"taxable","15":"shipping-taxable","16":"purchasable","17":"product-type-simple","18":"has-product-nav","19":"col","20":"span_1_of_4","21":"owp-content-center","22":"item-entry","23":"owp-thumbs-layout-vertical","24":"owp-btn-normal","25":"owp-tabs-layout-horizontal"},"acf":[],"_links":{"self":[{"href":"https:\/\/plantelys.dk\/sv\/wp-json\/wp\/v2\/product\/5960","targetHints":{"allow":["GET"]}}],"collection":[{"href":"https:\/\/plantelys.dk\/sv\/wp-json\/wp\/v2\/product"}],"about":[{"href":"https:\/\/plantelys.dk\/sv\/wp-json\/wp\/v2\/types\/product"}],"replies":[{"embeddable":true,"href":"https:\/\/plantelys.dk\/sv\/wp-json\/wp\/v2\/comments?post=5960"}],"version-history":[{"count":0,"href":"https:\/\/plantelys.dk\/sv\/wp-json\/wp\/v2\/product\/5960\/revisions"}],"wp:featuredmedia":[{"embeddable":true,"href":"https:\/\/plantelys.dk\/sv\/wp-json\/wp\/v2\/media\/6227"}],"wp:attachment":[{"href":"https:\/\/plantelys.dk\/sv\/wp-json\/wp\/v2\/media?parent=5960"}],"wp:term":[{"taxonomy":"product_brand","embeddable":true,"href":"https:\/\/plantelys.dk\/sv\/wp-json\/wp\/v2\/product_brand?post=5960"},{"taxonomy":"product_cat","embeddable":true,"href":"https:\/\/plantelys.dk\/sv\/wp-json\/wp\/v2\/product_cat?post=5960"},{"taxonomy":"product_tag","embeddable":true,"href":"https:\/\/plantelys.dk\/sv\/wp-json\/wp\/v2\/product_tag?post=5960"}],"curies":[{"name":"wp","href":"https:\/\/api.w.org\/{rel}","templated":true}]}}