{"id":5954,"date":"2022-01-23T20:58:58","date_gmt":"2022-01-23T20:58:58","guid":{"rendered":"https:\/\/plantelys.dk\/?post_type=product&#038;p=5954"},"modified":"2026-03-17T14:12:48","modified_gmt":"2026-03-17T13:12:48","slug":"quickpot-77-saagbricka-2","status":"publish","type":"product","link":"https:\/\/plantelys.dk\/sv\/vare\/quickpot-77-saabakke\/","title":{"rendered":"QuickPot 77 Standard fr\u00f6bricka \u2013 STD"},"content":{"rendered":"<h2><span class=\"product-name\">Fr\u00f6l\u00e5da med 77 fack \u2013 STD<br \/>\n<\/span><\/h2>\n<p>En rej\u00e4l fr\u00f6bricka med 77 h\u00e5l. L\u00e4mplig f\u00f6r <a href=\"https:\/\/plantelys.dk\/sv\/forgroning-av-vaxter-guide-frobrickor-och-mini-vaxthus-2\/\"><strong>f\u00f6rgroning<\/strong><\/a> av sallad, purjol\u00f6k, mor\u00f6tter, r\u00e4disor, tomater, chili och gurka mm.<\/p>\n<p>Med <strong>Quickpot 77 Standard<\/strong> du f\u00e5r en mycket h\u00f6gkvalitativ fr\u00f6bricka som kan h\u00e5lla i m\u00e5nga \u00e5r.<\/p>\n<p>Plantbrickan \u00e4r tillverkad i Nederl\u00e4nderna av en tjock och rej\u00e4l \u00e5tervunnen plast, och behandlar du den f\u00f6rnuftigt kan du f\u00f6rv\u00e4nta dig en h\u00e5llbarhet p\u00e5 \u00f6ver 10 \u00e5r.<\/p>\n<p>&nbsp;<\/p>\n<p>Produkten fr\u00e5n QuickPot f\u00f6redras av professionella europeiska v\u00e4xthusodlare och kan diskas i diskmaskin.<\/p>\n<p>Botten p\u00e5 denna fr\u00f6bricka \u00e4r gjord med stora h\u00e5l, samt distanser under brickan, vilket hj\u00e4lper till att s\u00e4kerst\u00e4lla god vattenavrinning fr\u00e5n fr\u00f6jorden och god syretillf\u00f6rsel till v\u00e4xtr\u00f6tterna.<\/p>\n<p>&nbsp;<\/p>\n<p><em>Obs: En STD ing\u00e5r inte <strong><a href=\"https:\/\/plantelys.dk\/sv\/produkt\/underbevattningsbrickor-for-danska-saagbrickor-2\/\">under brickan<\/a><\/strong> med denna standard s\u00e5bricka<\/em><\/p>\n<p>&nbsp;<\/p>\n<p><strong>Teknisk information:<\/strong><\/p>\n<p>\u2013 Typ: QuickPot 77 Standard<br \/>\n\u2013 Runda h\u00e5l, storlek 38\u00d740 mm och 48 mm djupa<br \/>\n\u2013 Ytterm\u00e5tt: 33,5 cm x 51,5 cm<br \/>\n\u2013 Antal h\u00e5l: 7\u00d711 h\u00e5l, totalt 77 st.<\/p>\n<p>&nbsp;<\/p>\n<p><strong>Passar endast med <a href=\"https:\/\/plantelys.dk\/sv\/produkt\/underbevattningsbrickor-for-saagbrickor-std-2\/\" target=\"_blank\" rel=\"noopener\">STD nedre fack<\/a><\/strong><\/p>\n<p>&nbsp;<\/p>\n<h2>Ljus f\u00f6r groddning i s\u00e5l\u00e5dor<\/h2>\n<p>F\u00f6r optimal anv\u00e4ndning av din <a href=\"https:\/\/plantelys.dk\/sv\/produktkategori-2\/groddslaador-groddbrickor-for-vaxter-2\/\">fr\u00f6brickor<\/a> det rekommenderas att anv\u00e4nda en kraftfull <a href=\"https:\/\/plantelys.dk\/sv\/produktkategori-2\/vaxtljus\/\">V\u00e4xtljus<\/a>.<\/p>","protected":false},"excerpt":{"rendered":"<p>STD f\u00f6rgroningsbricka \u2013 En solid fr\u00f6bricka med 77 h\u00e5l. L\u00e4mplig f\u00f6r f\u00f6rgroning av sallad, purjol\u00f6k, mor\u00f6tter, r\u00e4disor, tomater, chili och gurka mm.<\/p>","protected":false},"featured_media":6235,"comment_status":"closed","ping_status":"closed","template":"","meta":{"_acf_changed":false},"product_brand":[],"product_cat":[160],"product_tag":[],"class_list":{"0":"post-5954","1":"product","2":"type-product","3":"status-publish","4":"has-post-thumbnail","6":"product_cat-saabakker-spirebakker-for-planter","8":"entry","9":"has-media","11":"first","12":"onbackorder","13":"taxable","14":"shipping-taxable","15":"purchasable","16":"product-type-simple","17":"has-product-nav","18":"col","19":"span_1_of_4","20":"owp-content-center","21":"item-entry","22":"owp-thumbs-layout-vertical","23":"owp-btn-normal","24":"owp-tabs-layout-horizontal"},"acf":[],"_links":{"self":[{"href":"https:\/\/plantelys.dk\/sv\/wp-json\/wp\/v2\/product\/5954","targetHints":{"allow":["GET"]}}],"collection":[{"href":"https:\/\/plantelys.dk\/sv\/wp-json\/wp\/v2\/product"}],"about":[{"href":"https:\/\/plantelys.dk\/sv\/wp-json\/wp\/v2\/types\/product"}],"replies":[{"embeddable":true,"href":"https:\/\/plantelys.dk\/sv\/wp-json\/wp\/v2\/comments?post=5954"}],"version-history":[{"count":0,"href":"https:\/\/plantelys.dk\/sv\/wp-json\/wp\/v2\/product\/5954\/revisions"}],"wp:featuredmedia":[{"embeddable":true,"href":"https:\/\/plantelys.dk\/sv\/wp-json\/wp\/v2\/media\/6235"}],"wp:attachment":[{"href":"https:\/\/plantelys.dk\/sv\/wp-json\/wp\/v2\/media?parent=5954"}],"wp:term":[{"taxonomy":"product_brand","embeddable":true,"href":"https:\/\/plantelys.dk\/sv\/wp-json\/wp\/v2\/product_brand?post=5954"},{"taxonomy":"product_cat","embeddable":true,"href":"https:\/\/plantelys.dk\/sv\/wp-json\/wp\/v2\/product_cat?post=5954"},{"taxonomy":"product_tag","embeddable":true,"href":"https:\/\/plantelys.dk\/sv\/wp-json\/wp\/v2\/product_tag?post=5954"}],"curies":[{"name":"wp","href":"https:\/\/api.w.org\/{rel}","templated":true}]}}