{"id":59494,"date":"2026-03-25T10:34:18","date_gmt":"2026-03-25T09:34:18","guid":{"rendered":"https:\/\/plantelys.dk\/?post_type=product&#038;p=59494"},"modified":"2026-04-23T07:24:55","modified_gmt":"2026-04-23T06:24:55","slug":"videkompost-cultivate-xl-bigbag-sphagnum-fri","status":"publish","type":"product","link":"https:\/\/plantelys.dk\/sv\/vare\/pilekompost-dyrk-xl-bigbag-spagnumfri\/","title":{"rendered":"Pilkompost \u2019DYRK\u2019 XL bigbag | spagnumfri"},"content":{"rendered":"<h2>DYRK: ditt h\u00e5llbara val f\u00f6r ekologisk och sphagnumfri pilkompost<\/h2>\r\n\r\n\r\n\r\n<p><em><strong><span style=\"color: #ff0000;\">- Kontakta oss f\u00f6r offert p\u00e5 fler \u00e4n 1 st.<\/span><\/strong><\/em><\/p>\r\n<p>DYRK \u00e4r en ekologisk och sphagnumfri pilkompost av h\u00f6gsta kvalitet, speciellt framtagen f\u00f6r den milj\u00f6medvetna tr\u00e4dg\u00e5rdsm\u00e4staren som v\u00e4rdes\u00e4tter h\u00e5llbarhet och ekologi. Detta \u00e4r produkten f\u00f6r dig som vill ge dina v\u00e4xter den b\u00e4sta n\u00e4ringen samtidigt som du tar ansvar f\u00f6r v\u00e5r planet.<br \/><br \/><strong>M\u00f6jliga anv\u00e4ndningsomr\u00e5den:<\/strong><\/p>\r\n<ul>\r\n<li>K\u00f6kstr\u00e4dg\u00e5rden: Ge dina gr\u00f6nsaker och \u00f6rter optimal start och n\u00e4ring.<\/li>\r\n<li>\u00d6ppen mark: Perfekt f\u00f6r rabatter och upph\u00f6jda gr\u00f6nsaksrabatter.<\/li>\r\n<li>Upph\u00f6jd b\u00e4dd: Skapa optimala v\u00e4xtf\u00f6rh\u00e5llanden f\u00f6r dina v\u00e4xter.<\/li>\r\n<li>V\u00e4xthuset: St\u00e4rk ditt <a href=\"https:\/\/plantelys.dk\/sv\/las-mer-om-root-booster-en-guide\/\"><strong>planttillv\u00e4xt<\/strong><\/a> i en kontrollerad milj\u00f6.<\/li>\r\n<li>Burkar: Perfekt f\u00f6r balkonger och terrasser.<\/li>\r\n<\/ul>\r\n<p><br \/><br \/><strong>Unika egenskaper:<\/strong><\/p>\r\n<ul>\r\n<li><strong>Sphagnum-fri:<\/strong> H\u00e5llbart alternativ till traditionell kompost.<\/li>\r\n<li><strong>Vegan:<\/strong> Tillverkad uteslutande av v\u00e4xtmaterial.<\/li>\r\n<li><strong>Ogr\u00e4sfri:<\/strong> Rensat fr\u00e5n o\u00f6nskade v\u00e4xter, vilket s\u00e4kerst\u00e4ller dina v\u00e4xter den b\u00e4sta tillv\u00e4xten.<\/li>\r\n<li><strong>Organisk:<\/strong> Inga skadliga kemikalier eller tillsatser.<\/li>\r\n<li><strong>Tillverkad i Danmark:<\/strong> Stolt tillverkad i Tylstrup p\u00e5 Nordjylland.<\/li>\r\n<\/ul>\r\n<p>Pilkomposten fr\u00e5n DYRK har ett rikt humusinneh\u00e5ll och \u00e4r full av aktivt mikroliv som fr\u00e4mjar robusthet och vitalitet hos dina v\u00e4xter och gr\u00f6nsaker. Tack vare v\u00e5r kontinuerliga kvalitetskontroll och v\u00e5ra tester kan du vara s\u00e4ker p\u00e5 att f\u00e5 en h\u00f6g kvalitet varje g\u00e5ng.<\/p>\r\n<p>Observera att priset endast g\u00e4ller f\u00f6r leveranser till <strong>kontinentala \u00f6ar<\/strong> och produkten levereras i praktiska stora p\u00e5sar \u00e1 <strong>1500 liter<\/strong>, vilket g\u00f6r f\u00f6rvaring och anv\u00e4ndning enkel och bekv\u00e4m f\u00f6r dig.<\/p>","protected":false},"excerpt":{"rendered":"<p><strong>DYRK XL<\/strong>\u00a0\u00e4r ekologisk, sphagnumfri pilkompost fr\u00e5n Nordjylland, som fr\u00e4mjar starka v\u00e4xter och h\u00e5llbar tillv\u00e4xt. <strong>1500L<\/strong><\/p>","protected":false},"featured_media":23151,"comment_status":"open","ping_status":"closed","template":"","meta":{"_acf_changed":false},"product_brand":[],"product_cat":[113,234,428],"product_tag":[256,257],"class_list":{"0":"post-59494","1":"product","2":"type-product","3":"status-publish","4":"has-post-thumbnail","6":"product_cat-goedning-og-gromedier-for-planter","7":"product_cat-goedning-gromedie-froe","8":"product_cat-plantejord","9":"product_tag-kokosjord","10":"product_tag-kokosmuld","11":"product_shipping_class-tung-genstand","13":"entry","14":"has-media","16":"first","17":"instock","18":"taxable","19":"shipping-taxable","20":"purchasable","21":"product-type-simple","22":"has-product-nav","23":"col","24":"span_1_of_4","25":"owp-content-center","26":"item-entry","27":"owp-thumbs-layout-vertical","28":"owp-btn-normal","29":"owp-tabs-layout-horizontal"},"acf":[],"_links":{"self":[{"href":"https:\/\/plantelys.dk\/sv\/wp-json\/wp\/v2\/product\/59494","targetHints":{"allow":["GET"]}}],"collection":[{"href":"https:\/\/plantelys.dk\/sv\/wp-json\/wp\/v2\/product"}],"about":[{"href":"https:\/\/plantelys.dk\/sv\/wp-json\/wp\/v2\/types\/product"}],"replies":[{"embeddable":true,"href":"https:\/\/plantelys.dk\/sv\/wp-json\/wp\/v2\/comments?post=59494"}],"version-history":[{"count":0,"href":"https:\/\/plantelys.dk\/sv\/wp-json\/wp\/v2\/product\/59494\/revisions"}],"wp:featuredmedia":[{"embeddable":true,"href":"https:\/\/plantelys.dk\/sv\/wp-json\/wp\/v2\/media\/23151"}],"wp:attachment":[{"href":"https:\/\/plantelys.dk\/sv\/wp-json\/wp\/v2\/media?parent=59494"}],"wp:term":[{"taxonomy":"product_brand","embeddable":true,"href":"https:\/\/plantelys.dk\/sv\/wp-json\/wp\/v2\/product_brand?post=59494"},{"taxonomy":"product_cat","embeddable":true,"href":"https:\/\/plantelys.dk\/sv\/wp-json\/wp\/v2\/product_cat?post=59494"},{"taxonomy":"product_tag","embeddable":true,"href":"https:\/\/plantelys.dk\/sv\/wp-json\/wp\/v2\/product_tag?post=59494"}],"curies":[{"name":"wp","href":"https:\/\/api.w.org\/{rel}","templated":true}]}}