{"id":59352,"date":"2026-03-19T14:29:52","date_gmt":"2026-03-19T13:29:52","guid":{"rendered":"https:\/\/plantelys.dk\/?post_type=product&#038;p=59352"},"modified":"2026-03-19T15:34:14","modified_gmt":"2026-03-19T14:34:14","slug":"11-l-kvadrat-11-x-11-x-12-cm-laador-om-555-st","status":"publish","type":"product","link":"https:\/\/plantelys.dk\/sv\/vare\/11-l-firkantet-11-x-11-x-12-cm-kasser-a-555-stk\/","title":{"rendered":"1,1 L kvadrat | 11 x 11 x 12 cm (555 l\u00e5dor)"},"content":{"rendered":"<h2>Tung fyrkantig plastkruka 11x11x12 cm - 555 st<\/h2>\n<p>&nbsp;<\/p>\n<h3>Produktdata<\/h3>\n<div id=\"pim_produktdaten\" class=\"tab-content\" role=\"tab\" data-bound-component=\"oroproduct\/js\/app\/components\/fullscreen-attribute-group-tab-content-component\" aria-labelledby=\"pim_produktdaten660\">\n<div class=\"tab-content__wrapper\">\n<div class=\"tab-content__wrapper\"><label class=\"entity-label\">H\u00f6jd: <\/label>12 cm<\/div>\n<div class=\"tab-content__wrapper\"><label class=\"entity-label\">Inneh\u00e5ll: <\/label>1,1 liter<\/div>\n<div class=\"tab-content__wrapper\"><label class=\"entity-label\">l\u00e4ngd: <\/label>11 cm<\/div>\n<div class=\"tab-content__wrapper\"><label class=\"entity-label\">Typ: <\/label>med etikettfack<\/div>\n<div class=\"tab-content__wrapper\"><label class=\"entity-label\">bredd: <\/label>11 cm<\/div>\n<div class=\"tab-content__wrapper\"><label class=\"entity-label\">inneh\u00e5ll\/f\u00f6rpackningsenhet: <\/label>555 stycken<\/div>\n<div class=\"tab-content__wrapper\"><label class=\"entity-label\">material: <\/label>PP<\/div>\n<div class=\"tab-content__wrapper\"><label class=\"entity-label\">f\u00f6rpackningsenhet: <\/label>L\u00e5da<\/div>\n<\/div>\n<\/div>\n<p>&nbsp;<\/p>\n<h3>Produktdata<\/h3>\n<div id=\"pim_produktdaten\" class=\"tab-content\" role=\"tab\" data-bound-component=\"oroproduct\/js\/app\/components\/fullscreen-attribute-group-tab-content-component\" aria-labelledby=\"pim_produktdaten660\">\n<div class=\"tab-content__wrapper\"><label class=\"entity-label\">diameter: <\/label>12 cm<\/div>\n<div class=\"tab-content__wrapper\"><label class=\"entity-label\">f\u00e4rg: <\/label>svart<\/div>\n<div class=\"tab-content__wrapper\"><label class=\"entity-label\">Typ: <\/label>8\u00b0<\/div>\n<div class=\"tab-content__wrapper\"><label class=\"entity-label\">h\u00f6jd: <\/label>9 cm<\/div>\n<div class=\"tab-content__wrapper\"><label class=\"entity-label\">inneh\u00e5ll: <\/label>0,71 ltr<\/div>\n<div class=\"tab-content__wrapper\"><label class=\"entity-label\">inneh\u00e5ll\/f\u00f6rpackningsenhet: <\/label>1140 stycken<\/div>\n<div class=\"tab-content__wrapper\"><label class=\"entity-label\">f\u00f6rpackningsenhet: <\/label>L\u00e5da<\/div>\n<\/div>","protected":false},"excerpt":{"rendered":"<p>L\u00e4mplig f\u00f6r omplantering av tomater och chili etc. - F\u00f6rpackning med 555 st.<\/p>","protected":false},"featured_media":54200,"comment_status":"closed","ping_status":"closed","template":"","meta":{"_acf_changed":false},"product_brand":[],"product_cat":[96,160],"product_tag":[],"class_list":{"0":"post-59352","1":"product","2":"type-product","3":"status-publish","4":"has-post-thumbnail","6":"product_cat-drivhuset-og-haven","7":"product_cat-saabakker-spirebakker-for-planter","9":"entry","10":"has-media","12":"first","13":"instock","14":"taxable","15":"shipping-taxable","16":"purchasable","17":"product-type-simple","18":"has-product-nav","19":"col","20":"span_1_of_4","21":"owp-content-center","22":"item-entry","23":"owp-thumbs-layout-vertical","24":"owp-btn-normal","25":"owp-tabs-layout-horizontal"},"acf":[],"_links":{"self":[{"href":"https:\/\/plantelys.dk\/sv\/wp-json\/wp\/v2\/product\/59352","targetHints":{"allow":["GET"]}}],"collection":[{"href":"https:\/\/plantelys.dk\/sv\/wp-json\/wp\/v2\/product"}],"about":[{"href":"https:\/\/plantelys.dk\/sv\/wp-json\/wp\/v2\/types\/product"}],"replies":[{"embeddable":true,"href":"https:\/\/plantelys.dk\/sv\/wp-json\/wp\/v2\/comments?post=59352"}],"version-history":[{"count":0,"href":"https:\/\/plantelys.dk\/sv\/wp-json\/wp\/v2\/product\/59352\/revisions"}],"wp:featuredmedia":[{"embeddable":true,"href":"https:\/\/plantelys.dk\/sv\/wp-json\/wp\/v2\/media\/54200"}],"wp:attachment":[{"href":"https:\/\/plantelys.dk\/sv\/wp-json\/wp\/v2\/media?parent=59352"}],"wp:term":[{"taxonomy":"product_brand","embeddable":true,"href":"https:\/\/plantelys.dk\/sv\/wp-json\/wp\/v2\/product_brand?post=59352"},{"taxonomy":"product_cat","embeddable":true,"href":"https:\/\/plantelys.dk\/sv\/wp-json\/wp\/v2\/product_cat?post=59352"},{"taxonomy":"product_tag","embeddable":true,"href":"https:\/\/plantelys.dk\/sv\/wp-json\/wp\/v2\/product_tag?post=59352"}],"curies":[{"name":"wp","href":"https:\/\/api.w.org\/{rel}","templated":true}]}}