{"id":5810,"date":"2022-01-09T14:30:58","date_gmt":"2022-01-09T14:30:58","guid":{"rendered":"https:\/\/plantelys.dk\/?post_type=product&#038;p=5810"},"modified":"2025-10-13T12:55:55","modified_gmt":"2025-10-13T11:55:55","slug":"plocka-sallad-froe-for-smart-tradgaard-2","status":"publish","type":"product","link":"https:\/\/plantelys.dk\/sv\/vare\/pluksalat-froe-for-smart-garden\/","title":{"rendered":"Salladsfr\u00f6n, blandade"},"content":{"rendered":"<h2>F\u00e4rgglad salladsfr\u00f6blandning.<\/h2>\n<p>Efter bara n\u00e5gra veckor kan de 4 olika salladen sk\u00f6rdas.<\/p>\n<p>Formen och f\u00e4rgen p\u00e5 salladsfr\u00f6na \u00e4r olika \u2013 en fin blandning i salladssk\u00e5len.<\/p>\n<p>L\u00e4mplig f\u00f6r en Smart Indoor k\u00f6kstr\u00e4dg\u00e5rd - Kan \u00e4ven odlas i balkongl\u00e5da.<\/p>\n<p>F\u00f6r \u00f6rtag\u00e5rden utomhus b\u00f6r de h\u00e4r placeras p\u00e5 ett soligt och skyddat odlingsomr\u00e5de i bra n\u00e4ringsrik jord.<\/p>\n<p>S\u00e5dd i v\u00e4xthus mars \u2013 april.<\/p>\n<p>Direkts\u00e5dd i \u00f6rtag\u00e5rden: april \u2013 augusti.<\/p>","protected":false},"excerpt":{"rendered":"<p>Salladsfr\u00f6blandning<\/p>","protected":false},"featured_media":5731,"comment_status":"open","ping_status":"closed","template":"","meta":{"_acf_changed":false},"product_brand":[],"product_cat":[161,216],"product_tag":[],"class_list":{"0":"post-5810","1":"product","2":"type-product","3":"status-publish","4":"has-post-thumbnail","6":"product_cat-plante-froe","7":"product_cat-stort-udvalg-i-urtefroe-og-groentsagsfroe","9":"entry","10":"has-media","12":"first","13":"instock","14":"taxable","15":"shipping-taxable","16":"purchasable","17":"product-type-simple","18":"has-product-nav","19":"col","20":"span_1_of_4","21":"owp-content-center","22":"item-entry","23":"owp-thumbs-layout-vertical","24":"owp-btn-normal","25":"owp-tabs-layout-horizontal"},"acf":[],"_links":{"self":[{"href":"https:\/\/plantelys.dk\/sv\/wp-json\/wp\/v2\/product\/5810","targetHints":{"allow":["GET"]}}],"collection":[{"href":"https:\/\/plantelys.dk\/sv\/wp-json\/wp\/v2\/product"}],"about":[{"href":"https:\/\/plantelys.dk\/sv\/wp-json\/wp\/v2\/types\/product"}],"replies":[{"embeddable":true,"href":"https:\/\/plantelys.dk\/sv\/wp-json\/wp\/v2\/comments?post=5810"}],"version-history":[{"count":0,"href":"https:\/\/plantelys.dk\/sv\/wp-json\/wp\/v2\/product\/5810\/revisions"}],"wp:featuredmedia":[{"embeddable":true,"href":"https:\/\/plantelys.dk\/sv\/wp-json\/wp\/v2\/media\/5731"}],"wp:attachment":[{"href":"https:\/\/plantelys.dk\/sv\/wp-json\/wp\/v2\/media?parent=5810"}],"wp:term":[{"taxonomy":"product_brand","embeddable":true,"href":"https:\/\/plantelys.dk\/sv\/wp-json\/wp\/v2\/product_brand?post=5810"},{"taxonomy":"product_cat","embeddable":true,"href":"https:\/\/plantelys.dk\/sv\/wp-json\/wp\/v2\/product_cat?post=5810"},{"taxonomy":"product_tag","embeddable":true,"href":"https:\/\/plantelys.dk\/sv\/wp-json\/wp\/v2\/product_tag?post=5810"}],"curies":[{"name":"wp","href":"https:\/\/api.w.org\/{rel}","templated":true}]}}