{"id":57769,"date":"2026-02-13T12:31:48","date_gmt":"2026-02-13T11:31:48","guid":{"rendered":"https:\/\/plantelys.dk\/?post_type=product&#038;p=57769"},"modified":"2026-04-28T09:44:47","modified_gmt":"2026-04-28T08:44:47","slug":"spegelhandfat-oe200-cm-i-cortenstaal-utan-kant-och-med-avrinningshaal-2","status":"publish","type":"product","link":"https:\/\/plantelys.dk\/sv\/vare\/spejlbassin-oe200-cm-i-corten-staal-uden-kant-og-med-afloebshul-2\/","title":{"rendered":"Spegelpool \u00d8200 cm i cortenst\u00e5l utan kant och med dr\u00e4neringsh\u00e5l"},"content":{"rendered":"<h2>Rund spegelpool i cortenst\u00e5l \u00d8200 - utan kant och med dr\u00e4neringsh\u00e5l<\/h2>\n<p data-start=\"69\" data-end=\"302\">En imponerande <strong>Spegelpool i cortenst\u00e5l med en diameter p\u00e5 200 cm<\/strong>, Designad f\u00f6r att skapa ett distinkt och lugnt vattenspel i tr\u00e4dg\u00e5rden. Den stora, sk\u00e5lformade konstruktionen ger en bred spegelyta som framh\u00e4ver himlen, tr\u00e4den och omgivningen.<\/p>\n<p data-start=\"304\" data-end=\"704\">Poolen \u00e4r<strong> Danskt producerad<\/strong> i starkt cortenst\u00e5l. Med tiden utvecklar materialet en naturlig rostpatina som skyddar st\u00e5let och ger det ett livfullt utseende. Den h\u00e4r modellen levereras utan kant men med ett dr\u00e4neringsh\u00e5l f\u00f6r enkel vattenavrinning vid underh\u00e5ll. Serien finns tillg\u00e4nglig i<strong> Flera storlekar fr\u00e5n \u00d860 till \u00d8200<\/strong> och kan \u00e4ven anv\u00e4ndas som eldsk\u00e5l. Om du vill ha ett upph\u00f6jt utseende kan en j\u00e4rnring k\u00f6pas som ben.<\/p>\n<h2 data-start=\"706\" data-end=\"731\">Specifikationer (\u00d8200)<\/h2>\n<div class=\"TyagGW_tableContainer\">\n<div class=\"group TyagGW_tableWrapper flex flex-col-reverse w-fit\" tabindex=\"-1\">\n<table class=\"w-fit min-w-(--thread-content-width)\" style=\"height: 366px;\" width=\"984\" data-start=\"733\" data-end=\"1091\">\n<thead data-start=\"733\" data-end=\"756\">\n<tr data-start=\"733\" data-end=\"756\">\n<th class=\"\" data-start=\"733\" data-end=\"744\" data-col-size=\"sm\"><strong>\u00c4GARSKAP<\/strong><\/th>\n<th class=\"\" data-start=\"744\" data-end=\"756\" data-col-size=\"sm\"><strong>DETALJER<\/strong><\/th>\n<\/tr>\n<\/thead>\n<tbody data-start=\"767\" data-end=\"1091\">\n<tr data-start=\"767\" data-end=\"791\">\n<td data-start=\"767\" data-end=\"780\" data-col-size=\"sm\">Artikelnummer<\/td>\n<td data-col-size=\"sm\" data-start=\"780\" data-end=\"791\">2210009<\/td>\n<\/tr>\n<tr data-start=\"792\" data-end=\"818\">\n<td data-start=\"792\" data-end=\"804\" data-col-size=\"sm\">Material<\/td>\n<td data-col-size=\"sm\" data-start=\"804\" data-end=\"818\">Cortenst\u00e5l<\/td>\n<\/tr>\n<tr data-start=\"819\" data-end=\"841\">\n<td data-start=\"819\" data-end=\"830\" data-col-size=\"sm\">Diameter<\/td>\n<td data-col-size=\"sm\" data-start=\"830\" data-end=\"841\">\u00d8200 cm<\/td>\n<\/tr>\n<tr data-start=\"842\" data-end=\"881\">\n<td data-start=\"842\" data-end=\"854\" data-col-size=\"sm\">Verkst\u00e4llighet<\/td>\n<td data-col-size=\"sm\" data-start=\"854\" data-end=\"881\">Utan kant med dr\u00e4neringsh\u00e5l<\/td>\n<\/tr>\n<tr data-start=\"882\" data-end=\"905\">\n<td data-start=\"882\" data-end=\"897\" data-col-size=\"sm\">V\u00e4ggtjocklek<\/td>\n<td data-col-size=\"sm\" data-start=\"897\" data-end=\"905\">4 mm<\/td>\n<\/tr>\n<tr data-start=\"906\" data-end=\"923\">\n<td data-start=\"906\" data-end=\"914\" data-col-size=\"sm\">Djup<\/td>\n<td data-col-size=\"sm\" data-start=\"914\" data-end=\"923\">30 cm<\/td>\n<\/tr>\n<tr data-start=\"924\" data-end=\"947\">\n<td data-start=\"924\" data-end=\"934\" data-col-size=\"sm\">Volym<\/td>\n<td data-col-size=\"sm\" data-start=\"934\" data-end=\"947\">275 liter<\/td>\n<\/tr>\n<tr data-start=\"948\" data-end=\"964\">\n<td data-start=\"948\" data-end=\"955\" data-col-size=\"sm\">Vikt<\/td>\n<td data-col-size=\"sm\" data-start=\"955\" data-end=\"964\">90 kg<\/td>\n<\/tr>\n<tr data-start=\"965\" data-end=\"1004\">\n<td data-start=\"965\" data-end=\"978\" data-col-size=\"sm\">Storlekar<\/td>\n<td data-col-size=\"sm\" data-start=\"978\" data-end=\"1004\">7 varianter (\u00d860-\u00d8200)<\/td>\n<\/tr>\n<tr data-start=\"1005\" data-end=\"1043\">\n<td data-start=\"1005\" data-end=\"1023\" data-col-size=\"sm\">M\u00f6jliga tillbeh\u00f6r<\/td>\n<td data-col-size=\"sm\" data-start=\"1023\" data-end=\"1043\">J\u00e4rnring som ben<\/td>\n<\/tr>\n<tr data-start=\"1044\" data-end=\"1091\">\n<td data-start=\"1044\" data-end=\"1057\" data-col-size=\"sm\">Ans\u00f6kan<\/td>\n<td data-col-size=\"sm\" data-start=\"1057\" data-end=\"1091\">Spegelpool, vattenspegel, eldstad<\/td>\n<\/tr>\n<\/tbody>\n<\/table>\n<\/div>\n<\/div>\n<div class=\"TyagGW_tableContainer\">\n<div class=\"group TyagGW_tableWrapper flex flex-col-reverse w-fit\" tabindex=\"-1\"><\/div>\n<\/div>\n<p data-start=\"69\" data-end=\"281\">","protected":false},"excerpt":{"rendered":"<p>Extra stor rund <strong>Spegelpool i 4 mm cortenst\u00e5l \u00d8200<\/strong> med djup sk\u00e5lform och integrerat avloppsh\u00e5l, vilket ger b\u00e5de en sl\u00e5ende spegeleffekt och praktisk funktion. <strong>Tillverkad i Danmark<\/strong> kvalitet f\u00f6r st\u00f6rre tr\u00e4dg\u00e5rdar och arkitektoniska uterum.<\/p>","protected":false},"featured_media":60340,"comment_status":"closed","ping_status":"closed","template":"","meta":{"_acf_changed":false},"product_brand":[],"product_cat":[328],"product_tag":[376],"class_list":{"0":"post-57769","1":"product","2":"type-product","3":"status-publish","4":"has-post-thumbnail","6":"product_cat-spejlbassiner","7":"product_tag-spejlbassin","8":"product_shipping_class-tung-genstand","10":"entry","11":"has-media","13":"first","14":"instock","15":"taxable","16":"shipping-taxable","17":"purchasable","18":"product-type-simple","19":"has-product-nav","20":"col","21":"span_1_of_4","22":"owp-content-center","23":"item-entry","24":"owp-thumbs-layout-vertical","25":"owp-btn-normal","26":"owp-tabs-layout-horizontal"},"acf":[],"_links":{"self":[{"href":"https:\/\/plantelys.dk\/sv\/wp-json\/wp\/v2\/product\/57769","targetHints":{"allow":["GET"]}}],"collection":[{"href":"https:\/\/plantelys.dk\/sv\/wp-json\/wp\/v2\/product"}],"about":[{"href":"https:\/\/plantelys.dk\/sv\/wp-json\/wp\/v2\/types\/product"}],"replies":[{"embeddable":true,"href":"https:\/\/plantelys.dk\/sv\/wp-json\/wp\/v2\/comments?post=57769"}],"version-history":[{"count":0,"href":"https:\/\/plantelys.dk\/sv\/wp-json\/wp\/v2\/product\/57769\/revisions"}],"wp:featuredmedia":[{"embeddable":true,"href":"https:\/\/plantelys.dk\/sv\/wp-json\/wp\/v2\/media\/60340"}],"wp:attachment":[{"href":"https:\/\/plantelys.dk\/sv\/wp-json\/wp\/v2\/media?parent=57769"}],"wp:term":[{"taxonomy":"product_brand","embeddable":true,"href":"https:\/\/plantelys.dk\/sv\/wp-json\/wp\/v2\/product_brand?post=57769"},{"taxonomy":"product_cat","embeddable":true,"href":"https:\/\/plantelys.dk\/sv\/wp-json\/wp\/v2\/product_cat?post=57769"},{"taxonomy":"product_tag","embeddable":true,"href":"https:\/\/plantelys.dk\/sv\/wp-json\/wp\/v2\/product_tag?post=57769"}],"curies":[{"name":"wp","href":"https:\/\/api.w.org\/{rel}","templated":true}]}}