{"id":57748,"date":"2026-02-13T11:58:35","date_gmt":"2026-02-13T10:58:35","guid":{"rendered":"https:\/\/plantelys.dk\/?post_type=product&#038;p=57748"},"modified":"2026-04-28T09:35:47","modified_gmt":"2026-04-28T08:35:47","slug":"oe120-cm-spegelhandfat-i-cortenstaal-utan-kant-och-med-avrinningshaal","status":"publish","type":"product","link":"https:\/\/plantelys.dk\/sv\/vare\/spejlbassin-oe120-cm-i-corten-staal-uden-kant-og-med-afloebshul\/","title":{"rendered":"Rund spegelpool \u00d8120 cm i cortenst\u00e5l utan kant och med avloppsh\u00e5l"},"content":{"rendered":"<h2>Rund spegelpool i cortenst\u00e5l \u00d8120<\/h2>\n<p data-start=\"69\" data-end=\"294\">En stor och harmonisk <strong>Spegelpool i cortenst\u00e5l med en diameter p\u00e5 120 cm.<\/strong> Den runda sk\u00e5lformen skapar en lugn och sammanh\u00e4ngande vattenyta d\u00e4r himlen och v\u00e4xtligheten reflekteras, vilket ger tr\u00e4dg\u00e5rden ett naturligt och arkitektoniskt utseende.<\/p>\n<p data-start=\"296\" data-end=\"651\">Poolen \u00e4r <strong>Danskt producerad<\/strong> tillverkad av starkt cortenst\u00e5l som utvecklar en vacker och skyddande patina med tiden. Denna modell levereras utan kant och med ett dr\u00e4neringsh\u00e5l s\u00e5 att vatten enkelt kan tappas av vid behov. Serien finns tillg\u00e4nglig i<strong> Flera storlekar fr\u00e5n \u00d860 till \u00d8200<\/strong> och kan ocks\u00e5 anv\u00e4ndas som eldsk\u00e5l. Om du vill ha ett upph\u00f6jt eller flytande utseende kan du k\u00f6pa en j\u00e4rnring som ben.<\/p>\n<h2 data-start=\"653\" data-end=\"678\">Specifikationer (\u00d8120)<\/h2>\n<div class=\"TyagGW_tableContainer\">\n<div class=\"group TyagGW_tableWrapper flex flex-col-reverse w-fit\" tabindex=\"-1\">\n<table class=\"w-fit min-w-(--thread-content-width)\" style=\"height: 353px;\" width=\"672\" data-start=\"680\" data-end=\"1038\">\n<thead data-start=\"680\" data-end=\"703\">\n<tr data-start=\"680\" data-end=\"703\">\n<th class=\"\" data-start=\"680\" data-end=\"691\" data-col-size=\"sm\"><strong>\u00c4GARSKAP<\/strong><\/th>\n<th class=\"\" data-start=\"691\" data-end=\"703\" data-col-size=\"sm\"><strong>DETALJER<\/strong><\/th>\n<\/tr>\n<\/thead>\n<tbody data-start=\"714\" data-end=\"1038\">\n<tr data-start=\"714\" data-end=\"738\">\n<td data-start=\"714\" data-end=\"727\" data-col-size=\"sm\">Artikelnummer<\/td>\n<td data-col-size=\"sm\" data-start=\"727\" data-end=\"738\">2210013<\/td>\n<\/tr>\n<tr data-start=\"739\" data-end=\"765\">\n<td data-start=\"739\" data-end=\"751\" data-col-size=\"sm\">Material<\/td>\n<td data-col-size=\"sm\" data-start=\"751\" data-end=\"765\">Cortenst\u00e5l<\/td>\n<\/tr>\n<tr data-start=\"766\" data-end=\"788\">\n<td data-start=\"766\" data-end=\"777\" data-col-size=\"sm\">Diameter<\/td>\n<td data-col-size=\"sm\" data-start=\"777\" data-end=\"788\">\u00d8120 cm<\/td>\n<\/tr>\n<tr data-start=\"789\" data-end=\"828\">\n<td data-start=\"789\" data-end=\"801\" data-col-size=\"sm\">Verkst\u00e4llighet<\/td>\n<td data-col-size=\"sm\" data-start=\"801\" data-end=\"828\">Utan kant med dr\u00e4neringsh\u00e5l<\/td>\n<\/tr>\n<tr data-start=\"829\" data-end=\"852\">\n<td data-start=\"829\" data-end=\"844\" data-col-size=\"sm\">V\u00e4ggtjocklek<\/td>\n<td data-col-size=\"sm\" data-start=\"844\" data-end=\"852\">3 mm<\/td>\n<\/tr>\n<tr data-start=\"853\" data-end=\"870\">\n<td data-start=\"853\" data-end=\"861\" data-col-size=\"sm\">Djup<\/td>\n<td data-col-size=\"sm\" data-start=\"861\" data-end=\"870\">20 cm<\/td>\n<\/tr>\n<tr data-start=\"871\" data-end=\"894\">\n<td data-start=\"871\" data-end=\"881\" data-col-size=\"sm\">Volym<\/td>\n<td data-col-size=\"sm\" data-start=\"881\" data-end=\"894\">120 liter<\/td>\n<\/tr>\n<tr data-start=\"895\" data-end=\"911\">\n<td data-start=\"895\" data-end=\"902\" data-col-size=\"sm\">Vikt<\/td>\n<td data-col-size=\"sm\" data-start=\"902\" data-end=\"911\">35 kg<\/td>\n<\/tr>\n<tr data-start=\"912\" data-end=\"951\">\n<td data-start=\"912\" data-end=\"925\" data-col-size=\"sm\">Storlekar<\/td>\n<td data-col-size=\"sm\" data-start=\"925\" data-end=\"951\">8 varianter (\u00d860-\u00d8200)<\/td>\n<\/tr>\n<tr data-start=\"952\" data-end=\"990\">\n<td data-start=\"952\" data-end=\"970\" data-col-size=\"sm\">M\u00f6jliga tillbeh\u00f6r<\/td>\n<td data-col-size=\"sm\" data-start=\"970\" data-end=\"990\">J\u00e4rnring som ben<\/td>\n<\/tr>\n<tr data-start=\"991\" data-end=\"1038\">\n<td data-start=\"991\" data-end=\"1004\" data-col-size=\"sm\">Ans\u00f6kan<\/td>\n<td data-col-size=\"sm\" data-start=\"1004\" data-end=\"1038\">Spegelpool, vattenspegel, eldstad<\/td>\n<\/tr>\n<\/tbody>\n<\/table>\n<\/div>\n<\/div>\n<hr data-start=\"1040\" data-end=\"1043\" \/>","protected":false},"excerpt":{"rendered":"<div class=\"flex flex-col text-sm pb-25\">\n<article class=\"text-token-text-primary w-full focus:outline-none [--shadow-height:45px] has-data-writing-block:pointer-events-none has-data-writing-block:-mt-(--shadow-height) has-data-writing-block:pt-(--shadow-height) [&amp;:has([data-writing-block])&gt;*]:pointer-events-auto scroll-mt-[calc(var(--header-height)+min(200px,max(70px,20svh)))]\" dir=\"auto\" tabindex=\"-1\" data-turn-id=\"request-WEB:4db601b6-3d88-4abc-8961-095716c4ed00-26\" data-testid=\"conversation-turn-52\" data-scroll-anchor=\"true\" data-turn=\"assistant\">\n<div class=\"text-base my-auto mx-auto pb-10 [--thread-content-margin:--spacing(4)] @w-sm\/main:[--thread-content-margin:--spacing(6)] @w-lg\/main:[--thread-content-margin:--spacing(16)] px-(--thread-content-margin)\">\n<div class=\"[--thread-content-max-width:40rem] @w-lg\/main:[--thread-content-max-width:48rem] mx-auto max-w-(--thread-content-max-width) flex-1 group\/turn-messages focus-visible:outline-hidden relative flex w-full min-w-0 flex-col agent-turn\" tabindex=\"-1\">\n<div class=\"flex max-w-full flex-col grow\">\n<div class=\"min-h-8 text-message relative flex w-full flex-col items-end gap-2 text-start break-words whitespace-normal [.text-message+&amp;]:mt-1\" dir=\"auto\" data-message-author-role=\"assistant\" data-message-id=\"476de170-7b93-4247-840f-e48661a221c6\" data-message-model-slug=\"gpt-5-2\">\n<div class=\"flex w-full flex-col gap-1 empty:hidden first:pt-[1px]\">\n<div class=\"markdown prose dark:prose-invert w-full wrap-break-word light markdown-new-styling\">\n<p data-start=\"1018\" data-end=\"1152\" data-is-last-node=\"\" data-is-only-node=\"\">Danskproduceret <strong>rundt spejlbassin i cortenst\u00e5l \u00d8120<\/strong> med afl\u00f8bshul og stor, rolig spejlflade til haven.<\/p>\n<\/div>\n<\/div>\n<\/div>\n<\/div>\n<div class=\"mt-3 w-full empty:hidden\">\n<div class=\"text-center\"><\/div>\n<\/div>\n<\/div>\n<\/div>\n<\/article>\n<\/div>\n<div class=\"pointer-events-none h-px w-px absolute bottom-0\" aria-hidden=\"true\" data-edge=\"true\"><\/div>\n","protected":false},"featured_media":60354,"comment_status":"closed","ping_status":"closed","template":"","meta":{"_acf_changed":false},"product_brand":[],"product_cat":[328],"product_tag":[376],"class_list":{"0":"post-57748","1":"product","2":"type-product","3":"status-publish","4":"has-post-thumbnail","6":"product_cat-spejlbassiner","7":"product_tag-spejlbassin","8":"product_shipping_class-tung-genstand","10":"entry","11":"has-media","13":"first","14":"instock","15":"taxable","16":"shipping-taxable","17":"purchasable","18":"product-type-simple","19":"has-product-nav","20":"col","21":"span_1_of_4","22":"owp-content-center","23":"item-entry","24":"owp-thumbs-layout-vertical","25":"owp-btn-normal","26":"owp-tabs-layout-horizontal"},"acf":[],"_links":{"self":[{"href":"https:\/\/plantelys.dk\/sv\/wp-json\/wp\/v2\/product\/57748","targetHints":{"allow":["GET"]}}],"collection":[{"href":"https:\/\/plantelys.dk\/sv\/wp-json\/wp\/v2\/product"}],"about":[{"href":"https:\/\/plantelys.dk\/sv\/wp-json\/wp\/v2\/types\/product"}],"replies":[{"embeddable":true,"href":"https:\/\/plantelys.dk\/sv\/wp-json\/wp\/v2\/comments?post=57748"}],"version-history":[{"count":0,"href":"https:\/\/plantelys.dk\/sv\/wp-json\/wp\/v2\/product\/57748\/revisions"}],"wp:featuredmedia":[{"embeddable":true,"href":"https:\/\/plantelys.dk\/sv\/wp-json\/wp\/v2\/media\/60354"}],"wp:attachment":[{"href":"https:\/\/plantelys.dk\/sv\/wp-json\/wp\/v2\/media?parent=57748"}],"wp:term":[{"taxonomy":"product_brand","embeddable":true,"href":"https:\/\/plantelys.dk\/sv\/wp-json\/wp\/v2\/product_brand?post=57748"},{"taxonomy":"product_cat","embeddable":true,"href":"https:\/\/plantelys.dk\/sv\/wp-json\/wp\/v2\/product_cat?post=57748"},{"taxonomy":"product_tag","embeddable":true,"href":"https:\/\/plantelys.dk\/sv\/wp-json\/wp\/v2\/product_tag?post=57748"}],"curies":[{"name":"wp","href":"https:\/\/api.w.org\/{rel}","templated":true}]}}