{"id":57708,"date":"2026-02-12T14:26:40","date_gmt":"2026-02-12T13:26:40","guid":{"rendered":"https:\/\/plantelys.dk\/?post_type=product&#038;p=57708"},"modified":"2026-05-05T09:30:54","modified_gmt":"2026-05-05T08:30:54","slug":"spegel-pool-oe80-cm-i-cortenstaal-utan-kant-2","status":"publish","type":"product","link":"https:\/\/plantelys.dk\/sv\/vare\/spejlbassin-oe80-cm-i-corten-staal-uden-kant-2\/","title":{"rendered":"Rund spegelpool \u00d880 cm i cortenst\u00e5l utan kant"},"content":{"rendered":"<h1 data-start=\"0\" data-end=\"66\">Rund spegelpool i cortenst\u00e5l \u00d880 utan kant<\/h1>\n<p data-start=\"51\" data-end=\"336\">Denna omg\u00e5ng <strong>Spegelpool i cortenst\u00e5l \u00d880<\/strong> cm \u00e4r en enkel och stilren l\u00f6sning f\u00f6r den som vill ha ett vackert vattenspel i tr\u00e4dg\u00e5rden. Den l\u00e5ga, runda formen skapar en tydlig spegeleffekt som reflekterar himlen och v\u00e4xtligheten och skapar en lugn fokuspunkt p\u00e5 terrassen, uteplatsen eller vid entr\u00e9n.<\/p>\n<p data-start=\"338\" data-end=\"596\">Spegelpoolen \u00e4r tillverkad i Danmark av starkt cortenst\u00e5l, som med tiden f\u00e5r en naturlig patina. Du kan <strong>V\u00e4lj mellan 8 storlekar fr\u00e5n \u00d860 till \u00d8200<\/strong>, Poolen kan ocks\u00e5 anv\u00e4ndas som eldstad. Om du vill ha en \u201cflytande\u201d look kan du k\u00f6pa en j\u00e4rnring som ben.<\/p>\n<h2 data-start=\"598\" data-end=\"622\">Specifikationer (\u00d880)<\/h2>\n<div class=\"TyagGW_tableContainer\">\n<div class=\"group TyagGW_tableWrapper flex flex-col-reverse w-fit\" tabindex=\"-1\">\n<table class=\"w-fit min-w-(--thread-content-width)\" style=\"height: 354px;\" width=\"735\" data-start=\"624\" data-end=\"985\" data-is-last-node=\"\" data-is-only-node=\"\">\n<thead data-start=\"624\" data-end=\"647\">\n<tr data-start=\"624\" data-end=\"647\">\n<th class=\"\" data-start=\"624\" data-end=\"635\" data-col-size=\"sm\"><strong>\u00c4GARSKAP<\/strong><\/th>\n<th class=\"\" data-start=\"635\" data-end=\"647\" data-col-size=\"sm\"><strong>DETALJER<\/strong><\/th>\n<\/tr>\n<\/thead>\n<tbody data-start=\"658\" data-end=\"985\" data-is-last-node=\"\">\n<tr data-start=\"658\" data-end=\"682\">\n<td data-start=\"658\" data-end=\"671\" data-col-size=\"sm\">Artikelnummer<\/td>\n<td data-start=\"671\" data-end=\"682\" data-col-size=\"sm\">2210017<\/td>\n<\/tr>\n<tr data-start=\"683\" data-end=\"709\">\n<td data-start=\"683\" data-end=\"695\" data-col-size=\"sm\">Material<\/td>\n<td data-start=\"695\" data-end=\"709\" data-col-size=\"sm\">Cortenst\u00e5l<\/td>\n<\/tr>\n<tr data-start=\"710\" data-end=\"731\">\n<td data-start=\"710\" data-end=\"721\" data-col-size=\"sm\">Diameter<\/td>\n<td data-start=\"721\" data-end=\"731\" data-col-size=\"sm\">\u00d880 cm<\/td>\n<\/tr>\n<tr data-start=\"732\" data-end=\"757\">\n<td data-start=\"732\" data-end=\"744\" data-col-size=\"sm\">Verkst\u00e4llighet<\/td>\n<td data-start=\"744\" data-end=\"757\" data-col-size=\"sm\">Utan kant<\/td>\n<\/tr>\n<tr data-start=\"758\" data-end=\"781\">\n<td data-start=\"758\" data-end=\"773\" data-col-size=\"sm\">V\u00e4ggtjocklek<\/td>\n<td data-start=\"773\" data-end=\"781\" data-col-size=\"sm\">3 mm<\/td>\n<\/tr>\n<tr data-start=\"782\" data-end=\"799\">\n<td data-start=\"782\" data-end=\"790\" data-col-size=\"sm\">Djup<\/td>\n<td data-start=\"790\" data-end=\"799\" data-col-size=\"sm\">18 cm<\/td>\n<\/tr>\n<tr data-start=\"800\" data-end=\"822\">\n<td data-start=\"800\" data-end=\"810\" data-col-size=\"sm\">Volym<\/td>\n<td data-start=\"810\" data-end=\"822\" data-col-size=\"sm\">45 liter<\/td>\n<\/tr>\n<tr data-start=\"823\" data-end=\"839\">\n<td data-start=\"823\" data-end=\"830\" data-col-size=\"sm\">Vikt<\/td>\n<td data-start=\"830\" data-end=\"839\" data-col-size=\"sm\">15 kg<\/td>\n<\/tr>\n<tr data-start=\"840\" data-end=\"879\">\n<td data-start=\"840\" data-end=\"853\" data-col-size=\"sm\">Storlekar<\/td>\n<td data-start=\"853\" data-end=\"879\" data-col-size=\"sm\">8 varianter (\u00d860-\u00d8200)<\/td>\n<\/tr>\n<tr data-start=\"880\" data-end=\"937\">\n<td data-start=\"880\" data-end=\"898\" data-col-size=\"sm\">M\u00f6jliga tillbeh\u00f6r<\/td>\n<td data-start=\"898\" data-end=\"937\" data-col-size=\"sm\">DyoFix svart v\u00e4tska, j\u00e4rnring som ben<\/td>\n<\/tr>\n<tr data-start=\"938\" data-end=\"985\" data-is-last-node=\"\">\n<td data-start=\"938\" data-end=\"951\" data-col-size=\"sm\">Ans\u00f6kan<\/td>\n<td data-start=\"951\" data-end=\"985\" data-is-last-node=\"\" data-col-size=\"sm\">Spegelpool, vattenspegel, eldstad<\/td>\n<\/tr>\n<\/tbody>\n<\/table>\n<\/div>\n<\/div>\n<div class=\"TyagGW_tableContainer\"><\/div>","protected":false},"excerpt":{"rendered":"<p>Tillverkad i Danmark<strong> Rund spegelpool i cortenst\u00e5l \u00d880<\/strong> med organisk form och naturlig rostpatina f\u00f6r tr\u00e4dg\u00e5rden.<\/p>","protected":false},"featured_media":60340,"comment_status":"closed","ping_status":"closed","template":"","meta":{"_acf_changed":false},"product_brand":[],"product_cat":[328],"product_tag":[376],"class_list":{"0":"post-57708","1":"product","2":"type-product","3":"status-publish","4":"has-post-thumbnail","6":"product_cat-spejlbassiner","7":"product_tag-spejlbassin","8":"product_shipping_class-tung-genstand","10":"entry","11":"has-media","13":"first","14":"instock","15":"taxable","16":"shipping-taxable","17":"purchasable","18":"product-type-simple","19":"has-product-nav","20":"col","21":"span_1_of_4","22":"owp-content-center","23":"item-entry","24":"owp-thumbs-layout-vertical","25":"owp-btn-normal","26":"owp-tabs-layout-horizontal"},"acf":[],"_links":{"self":[{"href":"https:\/\/plantelys.dk\/sv\/wp-json\/wp\/v2\/product\/57708","targetHints":{"allow":["GET"]}}],"collection":[{"href":"https:\/\/plantelys.dk\/sv\/wp-json\/wp\/v2\/product"}],"about":[{"href":"https:\/\/plantelys.dk\/sv\/wp-json\/wp\/v2\/types\/product"}],"replies":[{"embeddable":true,"href":"https:\/\/plantelys.dk\/sv\/wp-json\/wp\/v2\/comments?post=57708"}],"version-history":[{"count":0,"href":"https:\/\/plantelys.dk\/sv\/wp-json\/wp\/v2\/product\/57708\/revisions"}],"wp:featuredmedia":[{"embeddable":true,"href":"https:\/\/plantelys.dk\/sv\/wp-json\/wp\/v2\/media\/60340"}],"wp:attachment":[{"href":"https:\/\/plantelys.dk\/sv\/wp-json\/wp\/v2\/media?parent=57708"}],"wp:term":[{"taxonomy":"product_brand","embeddable":true,"href":"https:\/\/plantelys.dk\/sv\/wp-json\/wp\/v2\/product_brand?post=57708"},{"taxonomy":"product_cat","embeddable":true,"href":"https:\/\/plantelys.dk\/sv\/wp-json\/wp\/v2\/product_cat?post=57708"},{"taxonomy":"product_tag","embeddable":true,"href":"https:\/\/plantelys.dk\/sv\/wp-json\/wp\/v2\/product_tag?post=57708"}],"curies":[{"name":"wp","href":"https:\/\/api.w.org\/{rel}","templated":true}]}}