{"id":5765,"date":"2022-01-07T14:58:39","date_gmt":"2022-01-07T14:58:39","guid":{"rendered":"https:\/\/plantelys.dk\/?post_type=product&#038;p=5765"},"modified":"2025-12-02T10:43:52","modified_gmt":"2025-12-02T09:43:52","slug":"purloeg-froe","status":"publish","type":"product","link":"https:\/\/plantelys.dk\/sv\/vare\/purloeg-froe\/","title":{"rendered":"Gr\u00e4sl\u00f6ksfr\u00f6n till din egen \u00f6rtag\u00e5rd"},"content":{"rendered":"<div id=\"description\" class=\"tab-pane fade in active\">\n<div class=\"product-description\">\n<h2>Gr\u00e4sl\u00f6ksfr\u00f6n<\/h2>\n<p>Gr\u00e4sl\u00f6ksplantan (Allium schoenoprasum) kan odlas \u00e5ret runt inomhus p\u00e5 f\u00f6nsterbr\u00e4dan, eller i en smart tr\u00e4dg\u00e5rd, samt i tr\u00e4dg\u00e5rden som fler\u00e5rig \u00f6rt.<\/p>\n<p>De vackra lila blomst\u00e4llningarna lockar till sig nyttiga bin. L\u00f6kplantan har en fin mild l\u00f6ksmak.<\/p>\n<p>Kan anv\u00e4ndas f\u00e4rsk, efter frysning eller torkad.<\/p>\n<p>Blir ca. 15 \u2013 30 cm.<\/p>\n<p>&nbsp;<\/p>\n<h3>Odlingsanvisningar f\u00f6r gr\u00e4sl\u00f6k<\/h3>\n<ul>\n<li><strong>S\u00e5dd: <\/strong>april-augusti<\/li>\n<li><strong>S\u00e5djup:<\/strong> 1-2 cm<\/li>\n<li><strong>Plantavst\u00e5nd<\/strong>: 25 cm (S\u00e5tt i klumpar med 20-30 fr\u00f6n<\/li>\n<li><strong>Radavst\u00e5nd:<\/strong> 25 cm<\/li>\n<li><strong>Groningstid: <\/strong>20-30 dagar i det fria<\/li>\n<li><strong>Groningstemperatur:<\/strong> 10-20\u00b0C<\/li>\n<li><strong>Bevattning: <\/strong>H\u00e5ll jorden j\u00e4mnt fuktig<\/li>\n<li><strong>Sk\u00f6rda:<\/strong> Fr\u00e5n ca. 2-12 m\u00e5nader efter s\u00e5dd<\/li>\n<li><strong>Plats:<\/strong> Full sol eller halvskugga<\/li>\n<li><strong>Odlingsr\u00e5d:<\/strong> Trivs b\u00e4st i en fuktig, v\u00e4ldr\u00e4nerad, lerrik, kalkrik jord, g\u00f6dsla g\u00e4rna 2-3 g\u00e5nger per s\u00e4song.<\/li>\n<\/ul>\n<p>&nbsp;<\/p>\n<p>L\u00e4mplig f\u00f6r <a href=\"https:\/\/plantelys.dk\/sv\/produktkategori-2\/kokstradgaard-inomhus-for-hemmabruk-2\/\" target=\"_blank\" rel=\"noopener\">smart tr\u00e4dg\u00e5rd<\/a> k\u00f6kstr\u00e4dg\u00e5rd<\/p>\n<p>L\u00e4s mer om v\u00e4xten <a href=\"https:\/\/da.wikipedia.org\/wiki\/Purl%C3%B8g\" target=\"_blank\" rel=\"noopener\">h\u00e4r<\/a><\/p>\n<\/div>\n<\/div>","protected":false},"excerpt":{"rendered":"<div id=\"product-description-short-5445\" class=\"product-description\">\n<p>Gr\u00e4sl\u00f6k \u00e4r en fler\u00e5rig \u00f6rt. Sorten kan odlas p\u00e5 f\u00f6nsterbr\u00e4dan eller i tr\u00e4dg\u00e5rden. Kan anv\u00e4ndas f\u00e4rsk, efter frysning eller torkad. H\u00f6jd ca. 15 \u2013 30 cm.<\/p>\n<\/div>","protected":false},"featured_media":5727,"comment_status":"open","ping_status":"closed","template":"","meta":{"_acf_changed":false},"product_brand":[],"product_cat":[161,216],"product_tag":[],"class_list":{"0":"post-5765","1":"product","2":"type-product","3":"status-publish","4":"has-post-thumbnail","6":"product_cat-plante-froe","7":"product_cat-stort-udvalg-i-urtefroe-og-groentsagsfroe","9":"entry","10":"has-media","12":"first","13":"instock","14":"taxable","15":"shipping-taxable","16":"purchasable","17":"product-type-simple","18":"has-product-nav","19":"col","20":"span_1_of_4","21":"owp-content-center","22":"item-entry","23":"owp-thumbs-layout-vertical","24":"owp-btn-normal","25":"owp-tabs-layout-horizontal"},"acf":[],"_links":{"self":[{"href":"https:\/\/plantelys.dk\/sv\/wp-json\/wp\/v2\/product\/5765","targetHints":{"allow":["GET"]}}],"collection":[{"href":"https:\/\/plantelys.dk\/sv\/wp-json\/wp\/v2\/product"}],"about":[{"href":"https:\/\/plantelys.dk\/sv\/wp-json\/wp\/v2\/types\/product"}],"replies":[{"embeddable":true,"href":"https:\/\/plantelys.dk\/sv\/wp-json\/wp\/v2\/comments?post=5765"}],"version-history":[{"count":0,"href":"https:\/\/plantelys.dk\/sv\/wp-json\/wp\/v2\/product\/5765\/revisions"}],"wp:featuredmedia":[{"embeddable":true,"href":"https:\/\/plantelys.dk\/sv\/wp-json\/wp\/v2\/media\/5727"}],"wp:attachment":[{"href":"https:\/\/plantelys.dk\/sv\/wp-json\/wp\/v2\/media?parent=5765"}],"wp:term":[{"taxonomy":"product_brand","embeddable":true,"href":"https:\/\/plantelys.dk\/sv\/wp-json\/wp\/v2\/product_brand?post=5765"},{"taxonomy":"product_cat","embeddable":true,"href":"https:\/\/plantelys.dk\/sv\/wp-json\/wp\/v2\/product_cat?post=5765"},{"taxonomy":"product_tag","embeddable":true,"href":"https:\/\/plantelys.dk\/sv\/wp-json\/wp\/v2\/product_tag?post=5765"}],"curies":[{"name":"wp","href":"https:\/\/api.w.org\/{rel}","templated":true}]}}