{"id":57616,"date":"2026-02-12T11:00:34","date_gmt":"2026-02-12T10:00:34","guid":{"rendered":"https:\/\/plantelys.dk\/?post_type=product&#038;p=57616"},"modified":"2026-04-28T07:22:54","modified_gmt":"2026-04-28T06:22:54","slug":"spegelhandfat-5mm-cortenstaal120x80x10cm","status":"publish","type":"product","link":"https:\/\/plantelys.dk\/sv\/vare\/spejlbassin-5mm-corten-staal120x80x10cm\/","title":{"rendered":"Spegelpool 5mm cortenst\u00e5l, 120x80x10cm"},"content":{"rendered":"<h2>Spegelpool i 5 mm cortenst\u00e5l, 120x80x10 cm<\/h2>\n<p data-start=\"157\" data-end=\"387\">Denna rektangul\u00e4ra <strong>Spegelb\u00e4nk i 5 mm<\/strong> massivt cortenst\u00e5l \u00e4r<strong> Tillverkad i Danmark<\/strong> och v\u00e4nder sig till dem som vill ha ett enkelt, arkitektoniskt och h\u00e5llbart vattenspel till sin tr\u00e4dg\u00e5rd, innerg\u00e5rd eller professionella utomhusmilj\u00f6.<\/p>\n<p data-start=\"389\" data-end=\"567\">Poolen fungerar som en lugn spegel f\u00f6r himlen, v\u00e4xtligheten och omgivningen och \u00e4r utformad utan \u00f6verfl\u00f6diga detaljer, med fokus p\u00e5 proportioner, materialkvalitet och estetiskt lugn.<\/p>\n<p data-start=\"569\" data-end=\"708\">Den \u00f6kade bredden skapar en lugn och distinkt vattenyta som framh\u00e4ver spegeleffekten och skapar en tydlig visuell fokuspunkt i utomhusutrymmet.<\/p>\n<h2 data-start=\"715\" data-end=\"742\">Dansktillverkad kvalitet<\/h2>\n<h3 data-start=\"744\" data-end=\"769\">Tillverkad i Danmark<\/h3>\n<p data-start=\"771\" data-end=\"844\">Spegelpoolen tillverkas i Danmark av en dansk fabrik, vilket \u00e4r en garanti:<\/p>\n<ul>\n<li data-start=\"846\" data-end=\"1009\">H\u00f6g och j\u00e4mn bearbetningskvalitet<\/li>\n<li data-start=\"846\" data-end=\"1009\">Korta leveranskedjor<\/li>\n<li data-start=\"846\" data-end=\"1009\">Anpassning och anpassningsm\u00f6jligheter<\/li>\n<li data-start=\"846\" data-end=\"1009\">Ett ansvarsfullt alternativ till massproducerade l\u00f6sningar<\/li>\n<\/ul>\n<p data-start=\"1011\" data-end=\"1146\">Dansk produktion s\u00e4kerst\u00e4ller h\u00f6g precision i svetsar och fogar, vilket \u00e4r avg\u00f6rande f\u00f6r b\u00e5de h\u00e5llbarhet och utseende.<\/p>\n<h2 data-start=\"1153\" data-end=\"1197\">Robust konstruktion och genomt\u00e4nkt design<\/h2>\n<h3 data-start=\"1199\" data-end=\"1239\">Kraftigt cortenst\u00e5l med l\u00e5ng livsl\u00e4ngd<\/h3>\n<p data-start=\"1241\" data-end=\"1488\">Poolen \u00e4r tillverkad av 5 mm cortenst\u00e5l, vilket ger en mycket stabil och formstabil konstruktion. Den tjocka materialtjockleken s\u00e4kerst\u00e4ller h\u00f6g h\u00e5llfasthet och minskar risken f\u00f6r skevhet eller deformation, vilket g\u00f6r poolen l\u00e4mplig f\u00f6r permanent utomhusbruk.<\/p>\n<p data-start=\"1490\" data-end=\"1667\">Cortenst\u00e5l utvecklar med tiden en naturlig patina som skyddar st\u00e5let och ger poolen ett varmt och levande utseende som harmonierar naturligt med tr\u00e4dg\u00e5rdsmaterialet och omgivningen.<\/p>\n<h3 data-start=\"1674\" data-end=\"1710\">L\u00e5g h\u00f6jd - maximal spegeleffekt<\/h3>\n<p data-start=\"1712\" data-end=\"1835\">Med en h\u00f6jd p\u00e5 10 cm skapar den en elegant, l\u00e5g vattenyta som framh\u00e4ver spegeleffekten och ger ett lugnt och harmoniskt intryck.<\/p>\n<p data-start=\"1837\" data-end=\"1873\">Poolen \u00e4r s\u00e4rskilt l\u00e4mplig f\u00f6r:<\/p>\n<ul>\n<li data-start=\"1875\" data-end=\"1978\">Moderna tr\u00e4dg\u00e5rdar<\/li>\n<li data-start=\"1875\" data-end=\"1978\">Uteplatser och terrasser<\/li>\n<li data-start=\"1875\" data-end=\"1978\">Arkitektritade installationer<\/li>\n<li data-start=\"1875\" data-end=\"1978\">Offentliga och halvoffentliga utomhusutrymmen<\/li>\n<\/ul>\n<p>Den bredare formen ger en mer framtr\u00e4dande visuell n\u00e4rvaro och bidrar till ett rent och arkitektoniskt utseende.<\/p>\n<h2 data-start=\"2101\" data-end=\"2125\">Klar f\u00f6r installation<\/h2>\n<p data-start=\"2127\" data-end=\"2192\">Poolen levereras med 2 dr\u00e4neringsh\u00e5l och pluggar f\u00f6r enkel \u00e5tkomst:<\/p>\n<ul>\n<li data-start=\"2194\" data-end=\"2272\">Reglering av vattenniv\u00e5n<\/li>\n<li data-start=\"2194\" data-end=\"2272\">T\u00f6mma poolen vid behov<\/li>\n<li data-start=\"2194\" data-end=\"2272\">Applicera det s\u00e4songsm\u00e4ssigt<\/li>\n<\/ul>\n<p data-start=\"2274\" data-end=\"2338\">Den solida konstruktionen garanterar stabil placering och l\u00e5ng livsl\u00e4ngd.<\/p>\n<h2 data-start=\"2345\" data-end=\"2361\">Teknisk data<\/h2>\n<div class=\"TyagGW_tableContainer\">\n<div class=\"group TyagGW_tableWrapper flex flex-col-reverse w-fit\" tabindex=\"-1\">\n<table class=\"w-fit min-w-(--thread-content-width)\" style=\"height: 231px;\" width=\"744\" data-start=\"2363\" data-end=\"2621\">\n<thead data-start=\"2363\" data-end=\"2390\">\n<tr data-start=\"2363\" data-end=\"2390\">\n<th class=\"\" data-start=\"2363\" data-end=\"2379\" data-col-size=\"sm\"><strong>Specifikation<\/strong><\/th>\n<th class=\"\" data-start=\"2379\" data-end=\"2390\" data-col-size=\"sm\"><strong>Detalj<\/strong><\/th>\n<\/tr>\n<\/thead>\n<tbody data-start=\"2401\" data-end=\"2621\">\n<tr data-start=\"2401\" data-end=\"2426\">\n<td data-start=\"2401\" data-end=\"2411\" data-col-size=\"sm\">Produkt<\/td>\n<td data-start=\"2411\" data-end=\"2426\" data-col-size=\"sm\">Spegelpool<\/td>\n<\/tr>\n<tr data-start=\"2427\" data-end=\"2458\">\n<td data-start=\"2427\" data-end=\"2439\" data-col-size=\"sm\">Material<\/td>\n<td data-start=\"2439\" data-end=\"2458\" data-col-size=\"sm\">5 mm cortenst\u00e5l<\/td>\n<\/tr>\n<tr data-start=\"2459\" data-end=\"2495\">\n<td data-start=\"2459\" data-end=\"2475\" data-col-size=\"sm\">Yttre m\u00e5tt<\/td>\n<td data-col-size=\"sm\" data-start=\"2475\" data-end=\"2495\">120 \u00d7 80 \u00d7 10 cm<\/td>\n<\/tr>\n<tr data-start=\"2496\" data-end=\"2516\">\n<td data-start=\"2496\" data-end=\"2503\" data-col-size=\"sm\">Vikt<\/td>\n<td data-col-size=\"sm\" data-start=\"2503\" data-end=\"2516\">Cirka 53 kg<\/td>\n<\/tr>\n<tr data-start=\"2517\" data-end=\"2543\">\n<td data-start=\"2517\" data-end=\"2529\" data-col-size=\"sm\">Ytfinish<\/td>\n<td data-col-size=\"sm\" data-start=\"2529\" data-end=\"2543\">Cortenst\u00e5l<\/td>\n<\/tr>\n<tr data-start=\"2544\" data-end=\"2582\">\n<td data-start=\"2544\" data-end=\"2557\" data-col-size=\"sm\">Produktion<\/td>\n<td data-col-size=\"sm\" data-start=\"2557\" data-end=\"2582\">Tillverkad i Danmark<\/td>\n<\/tr>\n<tr data-start=\"2583\" data-end=\"2621\">\n<td data-start=\"2583\" data-end=\"2598\" data-col-size=\"sm\">Leveranstid<\/td>\n<td data-col-size=\"sm\" data-start=\"2598\" data-end=\"2621\">Vanligtvis 5-6 arbetsdagar<\/td>\n<\/tr>\n<\/tbody>\n<\/table>\n<\/div>\n<\/div>","protected":false},"excerpt":{"rendered":"<p><strong>Dansktillverkad spegelpool i 5 mm cortenst\u00e5l<\/strong> med en bred vattenyta, h\u00f6g h\u00e5llbarhet och elegant spegeleffekt f\u00f6r tr\u00e4dg\u00e5rden.<\/p>","protected":false},"featured_media":57618,"comment_status":"closed","ping_status":"closed","template":"","meta":{"_acf_changed":false},"product_brand":[],"product_cat":[328],"product_tag":[376],"class_list":{"0":"post-57616","1":"product","2":"type-product","3":"status-publish","4":"has-post-thumbnail","6":"product_cat-spejlbassiner","7":"product_tag-spejlbassin","8":"product_shipping_class-tung-genstand","10":"entry","11":"has-media","13":"first","14":"instock","15":"taxable","16":"shipping-taxable","17":"purchasable","18":"product-type-simple","19":"has-product-nav","20":"col","21":"span_1_of_4","22":"owp-content-center","23":"item-entry","24":"owp-thumbs-layout-vertical","25":"owp-btn-normal","26":"owp-tabs-layout-horizontal"},"acf":[],"_links":{"self":[{"href":"https:\/\/plantelys.dk\/sv\/wp-json\/wp\/v2\/product\/57616","targetHints":{"allow":["GET"]}}],"collection":[{"href":"https:\/\/plantelys.dk\/sv\/wp-json\/wp\/v2\/product"}],"about":[{"href":"https:\/\/plantelys.dk\/sv\/wp-json\/wp\/v2\/types\/product"}],"replies":[{"embeddable":true,"href":"https:\/\/plantelys.dk\/sv\/wp-json\/wp\/v2\/comments?post=57616"}],"version-history":[{"count":0,"href":"https:\/\/plantelys.dk\/sv\/wp-json\/wp\/v2\/product\/57616\/revisions"}],"wp:featuredmedia":[{"embeddable":true,"href":"https:\/\/plantelys.dk\/sv\/wp-json\/wp\/v2\/media\/57618"}],"wp:attachment":[{"href":"https:\/\/plantelys.dk\/sv\/wp-json\/wp\/v2\/media?parent=57616"}],"wp:term":[{"taxonomy":"product_brand","embeddable":true,"href":"https:\/\/plantelys.dk\/sv\/wp-json\/wp\/v2\/product_brand?post=57616"},{"taxonomy":"product_cat","embeddable":true,"href":"https:\/\/plantelys.dk\/sv\/wp-json\/wp\/v2\/product_cat?post=57616"},{"taxonomy":"product_tag","embeddable":true,"href":"https:\/\/plantelys.dk\/sv\/wp-json\/wp\/v2\/product_tag?post=57616"}],"curies":[{"name":"wp","href":"https:\/\/api.w.org\/{rel}","templated":true}]}}