{"id":57608,"date":"2026-02-12T10:43:12","date_gmt":"2026-02-12T09:43:12","guid":{"rendered":"https:\/\/plantelys.dk\/?post_type=product&#038;p=57608"},"modified":"2026-04-28T07:15:27","modified_gmt":"2026-04-28T06:15:27","slug":"spegelbank-5mm-cortenstaal-med-kant-120x60x10","status":"publish","type":"product","link":"https:\/\/plantelys.dk\/sv\/vare\/spejlbassin-5mm-corten-staal-med-kant-120x60x10\/","title":{"rendered":"Spegelpool 5mm cortenst\u00e5l med kant, 120x60x10"},"content":{"rendered":"<h2>Spegelpool i 5mm cortenst\u00e5l med kant 120x60x10<\/h2>\n<p data-start=\"175\" data-end=\"425\">Denna rektangul\u00e4ra <strong>Spegelpool i 5 mm massivt cortenst\u00e5l<\/strong> med integrerad kant \u00e4r <strong>Tillverkad i Danmark<\/strong> och v\u00e4nder sig till dem som vill ha ett enkelt, arkitektoniskt och h\u00e5llbart vattenspel till sin tr\u00e4dg\u00e5rd, innerg\u00e5rd eller professionella utomhusmilj\u00f6.<\/p>\n<p data-start=\"427\" data-end=\"619\">Poolen fungerar som en lugn spegel f\u00f6r himlen, v\u00e4xtligheten och omgivningen och \u00e4r utformad med en tydlig kant som ramar in vattenytan och skapar ett mer distinkt och exklusivt visuellt uttryck.<\/p>\n<p data-start=\"621\" data-end=\"712\">Den integrerade kanten ger poolen en tydlig form och framh\u00e4ver den arkitektoniska designen.<\/p>\n<h2 data-start=\"719\" data-end=\"746\">Dansktillverkad kvalitet<\/h2>\n<h3 data-start=\"748\" data-end=\"773\">Tillverkad i Danmark<\/h3>\n<p data-start=\"775\" data-end=\"848\">Spegelpoolen tillverkas i Danmark av en dansk fabrik, vilket \u00e4r en garanti:<\/p>\n<ul>\n<li data-start=\"850\" data-end=\"1013\">H\u00f6g och j\u00e4mn bearbetningskvalitet<\/li>\n<li data-start=\"850\" data-end=\"1013\">Korta leveranskedjor<\/li>\n<li data-start=\"850\" data-end=\"1013\">Anpassning och anpassningsm\u00f6jligheter<\/li>\n<li data-start=\"850\" data-end=\"1013\">Ett ansvarsfullt alternativ till massproducerade l\u00f6sningar<\/li>\n<\/ul>\n<p data-start=\"1015\" data-end=\"1150\">Dansk produktion s\u00e4kerst\u00e4ller h\u00f6g precision i svetsar och fogar, vilket \u00e4r avg\u00f6rande f\u00f6r b\u00e5de h\u00e5llbarhet och utseende.<\/p>\n<h2 data-start=\"1157\" data-end=\"1201\">Robust konstruktion och genomt\u00e4nkt design<\/h2>\n<h3 data-start=\"1203\" data-end=\"1243\">Kraftigt cortenst\u00e5l med l\u00e5ng livsl\u00e4ngd<\/h3>\n<p data-start=\"1245\" data-end=\"1492\">Poolen \u00e4r tillverkad av 5 mm cortenst\u00e5l, vilket ger en mycket stabil och formstabil konstruktion. Den tjocka materialtjockleken s\u00e4kerst\u00e4ller h\u00f6g h\u00e5llfasthet och minskar risken f\u00f6r skevhet eller deformation, vilket g\u00f6r poolen l\u00e4mplig f\u00f6r permanent utomhusbruk.<\/p>\n<p data-start=\"1494\" data-end=\"1664\">Cortenst\u00e5l utvecklar med tiden en naturlig patina som skyddar st\u00e5let och ger poolen ett varmt och levande utseende som harmonierar naturligt med andra material i tr\u00e4dg\u00e5rden.<\/p>\n<h3 data-start=\"1671\" data-end=\"1725\">Integrerad kant - tydlig inramning av vattenytan<\/h3>\n<p data-start=\"1727\" data-end=\"1916\">Den integrerade kanten skapar en tydlig och elegant \u00f6verg\u00e5ng mellan vattenytan och omgivningen. Kantdesignen framh\u00e4ver spegeleffekten och ger poolen ett mer distinkt och arkitektoniskt utseende.<\/p>\n<p data-start=\"1918\" data-end=\"2011\">Med en totalh\u00f6jd p\u00e5 10 cm skapar den en l\u00e5g och lugn vattenyta som \u00e4r s\u00e4rskilt l\u00e4mplig f\u00f6r:<\/p>\n<ul>\n<li data-start=\"2013\" data-end=\"2116\">Moderna tr\u00e4dg\u00e5rdar<\/li>\n<li data-start=\"2013\" data-end=\"2116\">Uteplatser och terrasser<\/li>\n<li data-start=\"2013\" data-end=\"2116\">Arkitektritade installationer<\/li>\n<li data-start=\"2013\" data-end=\"2116\">Offentliga och halvoffentliga utomhusutrymmen<\/li>\n<\/ul>\n<p data-start=\"2118\" data-end=\"2191\">Den inramade vattenytan skapar en stark visuell fokuspunkt i utomhusmilj\u00f6n.<\/p>\n<h2 data-start=\"2198\" data-end=\"2222\">Klar f\u00f6r installation<\/h2>\n<p data-start=\"2224\" data-end=\"2289\">Poolen levereras med 2 dr\u00e4neringsh\u00e5l och pluggar f\u00f6r enkel \u00e5tkomst:<\/p>\n<ul>\n<li data-start=\"2291\" data-end=\"2369\">Reglering av vattenniv\u00e5n<\/li>\n<li data-start=\"2291\" data-end=\"2369\">T\u00f6mma poolen vid behov<\/li>\n<li data-start=\"2291\" data-end=\"2369\">Applicera det s\u00e4songsm\u00e4ssigt<\/li>\n<\/ul>\n<p data-start=\"2371\" data-end=\"2435\">Den solida konstruktionen garanterar stabil placering och l\u00e5ng livsl\u00e4ngd.<\/p>\n<h2 data-start=\"2442\" data-end=\"2458\">Teknisk data<\/h2>\n<div class=\"TyagGW_tableContainer\">\n<div class=\"group TyagGW_tableWrapper flex flex-col-reverse w-fit\" tabindex=\"-1\">\n<table class=\"w-fit min-w-(--thread-content-width)\" style=\"height: 233px;\" width=\"784\" data-start=\"2460\" data-end=\"2727\">\n<thead data-start=\"2460\" data-end=\"2487\">\n<tr data-start=\"2460\" data-end=\"2487\">\n<th class=\"\" data-start=\"2460\" data-end=\"2476\" data-col-size=\"sm\"><strong>Specifikation<\/strong><\/th>\n<th class=\"\" data-start=\"2476\" data-end=\"2487\" data-col-size=\"sm\"><strong>Detalj<\/strong><\/th>\n<\/tr>\n<\/thead>\n<tbody data-start=\"2498\" data-end=\"2727\">\n<tr data-start=\"2498\" data-end=\"2532\">\n<td data-start=\"2498\" data-end=\"2508\" data-col-size=\"sm\">Produkt<\/td>\n<td data-col-size=\"sm\" data-start=\"2508\" data-end=\"2532\">Spegelpool med kant<\/td>\n<\/tr>\n<tr data-start=\"2533\" data-end=\"2564\">\n<td data-start=\"2533\" data-end=\"2545\" data-col-size=\"sm\">Material<\/td>\n<td data-start=\"2545\" data-end=\"2564\" data-col-size=\"sm\">5 mm cortenst\u00e5l<\/td>\n<\/tr>\n<tr data-start=\"2565\" data-end=\"2601\">\n<td data-start=\"2565\" data-end=\"2581\" data-col-size=\"sm\">Yttre m\u00e5tt<\/td>\n<td data-col-size=\"sm\" data-start=\"2581\" data-end=\"2601\">120 \u00d7 60 \u00d7 10 cm<\/td>\n<\/tr>\n<tr data-start=\"2602\" data-end=\"2622\">\n<td data-start=\"2602\" data-end=\"2609\" data-col-size=\"sm\">Vikt<\/td>\n<td data-col-size=\"sm\" data-start=\"2609\" data-end=\"2622\">Cirka 44 kg<\/td>\n<\/tr>\n<tr data-start=\"2623\" data-end=\"2649\">\n<td data-start=\"2623\" data-end=\"2635\" data-col-size=\"sm\">Ytfinish<\/td>\n<td data-col-size=\"sm\" data-start=\"2635\" data-end=\"2649\">Cortenst\u00e5l<\/td>\n<\/tr>\n<tr data-start=\"2650\" data-end=\"2688\">\n<td data-start=\"2650\" data-end=\"2663\" data-col-size=\"sm\">Produktion<\/td>\n<td data-col-size=\"sm\" data-start=\"2663\" data-end=\"2688\">Tillverkad i Danmark<\/td>\n<\/tr>\n<tr data-start=\"2689\" data-end=\"2727\">\n<td data-start=\"2689\" data-end=\"2704\" data-col-size=\"sm\">Leveranstid<\/td>\n<td data-col-size=\"sm\" data-start=\"2704\" data-end=\"2727\">Vanligtvis 5-6 arbetsdagar<\/td>\n<\/tr>\n<\/tbody>\n<\/table>\n<\/div>\n<\/div>","protected":false},"excerpt":{"rendered":"<p><strong>Tillverkad i Danmark<\/strong> Spegelpool med kant i<strong> 5 mm Cortenst\u00e5l<\/strong> vilket ger en distinkt, lugn vattenspegel med stark visuell inramning och l\u00e5ng h\u00e5llbarhet.<\/p>","protected":false},"featured_media":60611,"comment_status":"closed","ping_status":"closed","template":"","meta":{"_acf_changed":false},"product_brand":[],"product_cat":[328],"product_tag":[376],"class_list":{"0":"post-57608","1":"product","2":"type-product","3":"status-publish","4":"has-post-thumbnail","6":"product_cat-spejlbassiner","7":"product_tag-spejlbassin","8":"product_shipping_class-tung-genstand","10":"entry","11":"has-media","13":"first","14":"instock","15":"taxable","16":"shipping-taxable","17":"purchasable","18":"product-type-simple","19":"has-product-nav","20":"col","21":"span_1_of_4","22":"owp-content-center","23":"item-entry","24":"owp-thumbs-layout-vertical","25":"owp-btn-normal","26":"owp-tabs-layout-horizontal"},"acf":[],"_links":{"self":[{"href":"https:\/\/plantelys.dk\/sv\/wp-json\/wp\/v2\/product\/57608","targetHints":{"allow":["GET"]}}],"collection":[{"href":"https:\/\/plantelys.dk\/sv\/wp-json\/wp\/v2\/product"}],"about":[{"href":"https:\/\/plantelys.dk\/sv\/wp-json\/wp\/v2\/types\/product"}],"replies":[{"embeddable":true,"href":"https:\/\/plantelys.dk\/sv\/wp-json\/wp\/v2\/comments?post=57608"}],"version-history":[{"count":0,"href":"https:\/\/plantelys.dk\/sv\/wp-json\/wp\/v2\/product\/57608\/revisions"}],"wp:featuredmedia":[{"embeddable":true,"href":"https:\/\/plantelys.dk\/sv\/wp-json\/wp\/v2\/media\/60611"}],"wp:attachment":[{"href":"https:\/\/plantelys.dk\/sv\/wp-json\/wp\/v2\/media?parent=57608"}],"wp:term":[{"taxonomy":"product_brand","embeddable":true,"href":"https:\/\/plantelys.dk\/sv\/wp-json\/wp\/v2\/product_brand?post=57608"},{"taxonomy":"product_cat","embeddable":true,"href":"https:\/\/plantelys.dk\/sv\/wp-json\/wp\/v2\/product_cat?post=57608"},{"taxonomy":"product_tag","embeddable":true,"href":"https:\/\/plantelys.dk\/sv\/wp-json\/wp\/v2\/product_tag?post=57608"}],"curies":[{"name":"wp","href":"https:\/\/api.w.org\/{rel}","templated":true}]}}