{"id":5757,"date":"2022-01-07T14:41:09","date_gmt":"2022-01-07T14:41:09","guid":{"rendered":"https:\/\/plantelys.dk\/?post_type=product&#038;p=5757"},"modified":"2026-04-06T10:08:16","modified_gmt":"2026-04-06T09:08:16","slug":"kattegraes-katter-blandning-froe-2","status":"publish","type":"product","link":"https:\/\/plantelys.dk\/sv\/vare\/kattegraes-katte-blanding-froe\/","title":{"rendered":"Kattgr\u00e4s, Kattblandningsfr\u00f6n"},"content":{"rendered":"<h2>Kattmynta fr\u00f6n<\/h2>\n<p><strong><a href=\"https:\/\/plantelys.dk\/sv\/produkt\/kattegraes-katter-blandning-froe-2\/\">Katt gr\u00e4s<\/a> <\/strong>\u00e4r en snabbv\u00e4xande, vitaminrik v\u00e4xt som \u00e4r speciellt utformad f\u00f6r katter. Denna v\u00e4xt \u00e4r bra f\u00f6r matsm\u00e4ltningen och kan \u00e4tas av katter, kaniner, marsvin och andra husdjur. V\u00e4xten inneh\u00e5ller ett brett spektrum av vitaminer och mineraler som hj\u00e4lper till att eliminera katt h\u00e5r.<\/p>\n<div id=\"description\" class=\"tab-pane fade in active\">\n<div class=\"product-description\">\n<p>Plantan v\u00e4xer ca. 8-10 cm h\u00f6g<\/p>\n<p>&nbsp;<\/p>\n<h3>Odlingsanvisningar f\u00f6r kattmynta<\/h3>\n<ul>\n<li><strong>S\u00e5dd:\u00a0<\/strong>Kan s\u00e5s inomhus \u00e5ret runt<\/li>\n<li><strong>S\u00e5djup:<\/strong> 0,5 cm<\/li>\n<li><strong>Plantavst\u00e5nd<\/strong>: S\u00e5 i klumpar med 20-30 fr\u00f6n<\/li>\n<li><strong>Groningstid: <\/strong>7 dagar i potten<\/li>\n<li><strong>Groningstemperatur:<\/strong> 16-20\u00b0C<\/li>\n<li><strong>Bevattning: <\/strong>H\u00e5ll jorden j\u00e4mnt fuktig<\/li>\n<li><strong>Sk\u00f6rda:<\/strong> Fr\u00e5n ca. 7 dagar efter s\u00e5dd<\/li>\n<li><strong>Plats:<\/strong> Placera kattgr\u00e4set p\u00e5 en varm och ljus plats, men inte i direkt solljus<\/li>\n<li><strong>Odlingsr\u00e5d:<\/strong> Kattmynta s\u00e5s i krukor med sand eller jord.<\/li>\n<li><strong>Vikt:<\/strong> 20-30g<\/li>\n<\/ul>\n<p>&nbsp;<\/p>\n<p>L\u00e4s mer om v\u00e4xten <a href=\"https:\/\/da.wikipedia.org\/wiki\/Kattegr%C3%A6s\" target=\"_blank\" rel=\"noopener\">h\u00e4r<\/a><\/p>\n<\/div>\n<\/div>","protected":false},"excerpt":{"rendered":"<p>Kattgr\u00e4s inneh\u00e5ller viktiga mineraler, enzymer och vitaminer som \u00e4r viktiga f\u00f6r en katt<\/p>\n<div id=\"product-description-short-18554\" class=\"product-description\"><\/div>","protected":false},"featured_media":5732,"comment_status":"closed","ping_status":"closed","template":"","meta":{"_acf_changed":false},"product_brand":[],"product_cat":[161,216],"product_tag":[],"class_list":{"0":"post-5757","1":"product","2":"type-product","3":"status-publish","4":"has-post-thumbnail","6":"product_cat-plante-froe","7":"product_cat-stort-udvalg-i-urtefroe-og-groentsagsfroe","9":"entry","10":"has-media","12":"first","13":"outofstock","14":"taxable","15":"shipping-taxable","16":"purchasable","17":"product-type-simple","18":"has-product-nav","19":"col","20":"span_1_of_4","21":"owp-content-center","22":"item-entry","23":"owp-thumbs-layout-vertical","24":"owp-btn-normal","25":"owp-tabs-layout-horizontal"},"acf":[],"_links":{"self":[{"href":"https:\/\/plantelys.dk\/sv\/wp-json\/wp\/v2\/product\/5757","targetHints":{"allow":["GET"]}}],"collection":[{"href":"https:\/\/plantelys.dk\/sv\/wp-json\/wp\/v2\/product"}],"about":[{"href":"https:\/\/plantelys.dk\/sv\/wp-json\/wp\/v2\/types\/product"}],"replies":[{"embeddable":true,"href":"https:\/\/plantelys.dk\/sv\/wp-json\/wp\/v2\/comments?post=5757"}],"version-history":[{"count":0,"href":"https:\/\/plantelys.dk\/sv\/wp-json\/wp\/v2\/product\/5757\/revisions"}],"wp:featuredmedia":[{"embeddable":true,"href":"https:\/\/plantelys.dk\/sv\/wp-json\/wp\/v2\/media\/5732"}],"wp:attachment":[{"href":"https:\/\/plantelys.dk\/sv\/wp-json\/wp\/v2\/media?parent=5757"}],"wp:term":[{"taxonomy":"product_brand","embeddable":true,"href":"https:\/\/plantelys.dk\/sv\/wp-json\/wp\/v2\/product_brand?post=5757"},{"taxonomy":"product_cat","embeddable":true,"href":"https:\/\/plantelys.dk\/sv\/wp-json\/wp\/v2\/product_cat?post=5757"},{"taxonomy":"product_tag","embeddable":true,"href":"https:\/\/plantelys.dk\/sv\/wp-json\/wp\/v2\/product_tag?post=5757"}],"curies":[{"name":"wp","href":"https:\/\/api.w.org\/{rel}","templated":true}]}}