{"id":5754,"date":"2022-01-07T14:35:12","date_gmt":"2022-01-07T14:35:12","guid":{"rendered":"https:\/\/plantelys.dk\/?post_type=product&#038;p=5754"},"modified":"2026-02-04T12:46:56","modified_gmt":"2026-02-04T11:46:56","slug":"basilika-froe-bordeaux-2","status":"publish","type":"product","link":"https:\/\/plantelys.dk\/sv\/vare\/basilikum-froe-bordeaux\/","title":{"rendered":"Basilikafr\u00f6 Bordeaux"},"content":{"rendered":"<div id=\"description\" class=\"tab-pane fade in active\">\n<div class=\"product-description\">\n<h2>Bordeaux basilikafr\u00f6n, intensiv smak<\/h2>\n<p>En uts\u00f6kt \u00f6rt med underbar doft, kraftfull arom och stark smak. Denna dekorativa,<strong> <a href=\"https:\/\/plantelys.dk\/sv\/produkt\/basilika-froe-bordeaux-2\/\">M\u00f6rkr\u00f6d basilika<\/a><\/strong> Blir 30-40 cm h\u00f6g och kan anv\u00e4ndas i en m\u00e4ngd olika r\u00e4tter.<\/p>\n<p>Den \u00e4r till exempel perfekt f\u00f6r en fullsmakande spagettir\u00e4tt i det italienska k\u00f6ket, eller s\u00e4tter pricken \u00f6ver i:et p\u00e5 sallader, s\u00e5ser, soppor, k\u00f6tt- och gr\u00f6nsaksr\u00e4tter m.m.<\/p>\n<p>&nbsp;<\/p>\n<p>Kan anv\u00e4ndas f\u00e4rsk eller torkad.<\/p>\n<p>Kan odlas b\u00e5de inomhus p\u00e5 f\u00f6nsterbr\u00e4dan eller utomhus i t.ex. kruka eller balkongl\u00e5da, extremt l\u00e4mplig f\u00f6r <a href=\"https:\/\/plantelys.dk\/sv\/produkt\/smart-tradgaard-med-fullspektrat-vaxtljus-2\/\"><strong>smart tr\u00e4dg\u00e5rd<\/strong><\/a>.<\/p>\n<p>V\u00e4rmekr\u00e4vande och k\u00f6ldk\u00e4nslig v\u00e4xt.<\/p>\n<p>&nbsp;<\/p>\n<p>Placera soligt och varmt i l\u00e4tt, n\u00e4ringsrik jord med regelbunden vattentillf\u00f6rsel. Efter s\u00e5dd h\u00e5lls jorden fuktig tills groningen \u00e4r p\u00e5 god v\u00e4g.<\/p>\n<p>Gror mars \u2013 maj.<\/p>\n<p>Direkts\u00e5dd maj-juli.<\/p>\n<p>Sk\u00f6rdad april \u2013 oktober.<\/p>\n<\/div>\n<p>&nbsp;<\/p>\n<div class=\"product-description\">\n<p>L\u00e4mplig f\u00f6r <a href=\"https:\/\/plantelys.dk\/sv\/produktkategori-2\/kokstradgaard-inomhus-for-hemmabruk-2\/\" target=\"_blank\" rel=\"noopener\">smart tr\u00e4dg\u00e5rd<\/a> \u2013 K\u00f6kstr\u00e4dg\u00e5rd inomhus<\/p>\n<p>L\u00e4s mer om v\u00e4xten <a href=\"https:\/\/da.wikipedia.org\/wiki\/Basilikum-sl%C3%A6gten\" target=\"_blank\" rel=\"noopener\">h\u00e4r<\/a><\/p>\n<p>&nbsp;<\/p>\n<\/div>\n<\/div>","protected":false},"excerpt":{"rendered":"<div id=\"product-description-short-5410\" class=\"product-description\">\n<p>Denna dekorativa, m\u00f6rkr\u00f6da basilika blir 30-40 cm h\u00f6g och kan anv\u00e4ndas i en m\u00e4ngd olika r\u00e4tter...<\/p>\n<\/div>","protected":false},"featured_media":5730,"comment_status":"open","ping_status":"closed","template":"","meta":{"_acf_changed":false},"product_brand":[],"product_cat":[277,161,216],"product_tag":[],"class_list":{"0":"post-5754","1":"product","2":"type-product","3":"status-publish","4":"has-post-thumbnail","6":"product_cat-basilikum-froe","7":"product_cat-plante-froe","8":"product_cat-stort-udvalg-i-urtefroe-og-groentsagsfroe","10":"entry","11":"has-media","13":"first","14":"instock","15":"taxable","16":"shipping-taxable","17":"purchasable","18":"product-type-simple","19":"has-product-nav","20":"col","21":"span_1_of_4","22":"owp-content-center","23":"item-entry","24":"owp-thumbs-layout-vertical","25":"owp-btn-normal","26":"owp-tabs-layout-horizontal"},"acf":[],"_links":{"self":[{"href":"https:\/\/plantelys.dk\/sv\/wp-json\/wp\/v2\/product\/5754","targetHints":{"allow":["GET"]}}],"collection":[{"href":"https:\/\/plantelys.dk\/sv\/wp-json\/wp\/v2\/product"}],"about":[{"href":"https:\/\/plantelys.dk\/sv\/wp-json\/wp\/v2\/types\/product"}],"replies":[{"embeddable":true,"href":"https:\/\/plantelys.dk\/sv\/wp-json\/wp\/v2\/comments?post=5754"}],"version-history":[{"count":0,"href":"https:\/\/plantelys.dk\/sv\/wp-json\/wp\/v2\/product\/5754\/revisions"}],"wp:featuredmedia":[{"embeddable":true,"href":"https:\/\/plantelys.dk\/sv\/wp-json\/wp\/v2\/media\/5730"}],"wp:attachment":[{"href":"https:\/\/plantelys.dk\/sv\/wp-json\/wp\/v2\/media?parent=5754"}],"wp:term":[{"taxonomy":"product_brand","embeddable":true,"href":"https:\/\/plantelys.dk\/sv\/wp-json\/wp\/v2\/product_brand?post=5754"},{"taxonomy":"product_cat","embeddable":true,"href":"https:\/\/plantelys.dk\/sv\/wp-json\/wp\/v2\/product_cat?post=5754"},{"taxonomy":"product_tag","embeddable":true,"href":"https:\/\/plantelys.dk\/sv\/wp-json\/wp\/v2\/product_tag?post=5754"}],"curies":[{"name":"wp","href":"https:\/\/api.w.org\/{rel}","templated":true}]}}