{"id":5723,"date":"2022-01-04T14:12:34","date_gmt":"2022-01-04T14:12:34","guid":{"rendered":"https:\/\/plantelys.dk\/?post_type=product&#038;p=5723"},"modified":"2025-10-13T12:56:00","modified_gmt":"2025-10-13T11:56:00","slug":"grona-basilikafron-2","status":"publish","type":"product","link":"https:\/\/plantelys.dk\/sv\/vare\/groen-basilikum-froe\/","title":{"rendered":"Gr\u00f6na basilikafr\u00f6n - perfekta f\u00f6r det italienska k\u00f6ket"},"content":{"rendered":"<div id=\"product-description-short-5411\" class=\"product-description\">\n<h2>Gr\u00f6na basilikafr\u00f6n, intensiv arom<\/h2>\n<p><strong><a href=\"https:\/\/plantelys.dk\/sv\/produkt\/grona-basilikafron-2\/\">Gr\u00f6na basilikafr\u00f6n,<\/a><\/strong> en l\u00e4cker \u00f6rt med stark smak. Den passar perfekt till en smakrik spagettir\u00e4tt i det italienska k\u00f6ket.<\/p>\n<p><strong><a href=\"https:\/\/plantelys.dk\/sv\/produkt\/mini-basilika-vaxt-froe-2\/\">basilika<\/a> <\/strong>s\u00e4tter pricken \u00f6ver i:et till sallader, s\u00e5ser, soppor, k\u00f6tt- och gr\u00f6nsaksr\u00e4tter m.m. Kan anv\u00e4ndas f\u00e4rsk eller torkad.<\/p>\n<p>Kan odlas b\u00e5de inomhus p\u00e5 f\u00f6nsterbr\u00e4dan eller utomhus i t.ex. kruka eller balkongl\u00e5da, extremt l\u00e4mplig f\u00f6r smart tr\u00e4dg\u00e5rd.<\/p>\n<p>Mycket k\u00e4nslig f\u00f6r kyla.<\/p>\n<p>Placera soligt och varmt i l\u00e4tt, n\u00e4ringsrik jord med regelbunden vattentillf\u00f6rsel. Efter s\u00e5dd h\u00e5lls jorden fuktig tills groningen \u00e4r p\u00e5 god v\u00e4g.<\/p>\n<p>L\u00e4mplig f\u00f6r <a href=\"https:\/\/plantelys.dk\/sv\/produktkategori-2\/kokstradgaard-inomhus-for-hemmabruk-2\/\" target=\"_blank\" rel=\"noopener\">smart tr\u00e4dg\u00e5rd<\/a> \u2013 K\u00f6kstr\u00e4dg\u00e5rd inomhus<\/p>\n<p>L\u00e4s mer om v\u00e4xten <a href=\"https:\/\/da.wikipedia.org\/wiki\/Basilikum-sl%C3%A6gten\" target=\"_blank\" rel=\"noopener\">h\u00e4r<\/a><\/p>\n<\/div>","protected":false},"excerpt":{"rendered":"<p>Gr\u00f6nt basilikafr\u00f6, med en intensiv arom f\u00f6r matlagning<\/p>","protected":false},"featured_media":5724,"comment_status":"open","ping_status":"closed","template":"","meta":{"_acf_changed":false},"product_brand":[],"product_cat":[277,161,216],"product_tag":[],"class_list":{"0":"post-5723","1":"product","2":"type-product","3":"status-publish","4":"has-post-thumbnail","6":"product_cat-basilikum-froe","7":"product_cat-plante-froe","8":"product_cat-stort-udvalg-i-urtefroe-og-groentsagsfroe","10":"entry","11":"has-media","13":"first","14":"instock","15":"taxable","16":"shipping-taxable","17":"purchasable","18":"product-type-simple","19":"has-product-nav","20":"col","21":"span_1_of_4","22":"owp-content-center","23":"item-entry","24":"owp-thumbs-layout-vertical","25":"owp-btn-normal","26":"owp-tabs-layout-horizontal"},"acf":[],"_links":{"self":[{"href":"https:\/\/plantelys.dk\/sv\/wp-json\/wp\/v2\/product\/5723","targetHints":{"allow":["GET"]}}],"collection":[{"href":"https:\/\/plantelys.dk\/sv\/wp-json\/wp\/v2\/product"}],"about":[{"href":"https:\/\/plantelys.dk\/sv\/wp-json\/wp\/v2\/types\/product"}],"replies":[{"embeddable":true,"href":"https:\/\/plantelys.dk\/sv\/wp-json\/wp\/v2\/comments?post=5723"}],"version-history":[{"count":0,"href":"https:\/\/plantelys.dk\/sv\/wp-json\/wp\/v2\/product\/5723\/revisions"}],"wp:featuredmedia":[{"embeddable":true,"href":"https:\/\/plantelys.dk\/sv\/wp-json\/wp\/v2\/media\/5724"}],"wp:attachment":[{"href":"https:\/\/plantelys.dk\/sv\/wp-json\/wp\/v2\/media?parent=5723"}],"wp:term":[{"taxonomy":"product_brand","embeddable":true,"href":"https:\/\/plantelys.dk\/sv\/wp-json\/wp\/v2\/product_brand?post=5723"},{"taxonomy":"product_cat","embeddable":true,"href":"https:\/\/plantelys.dk\/sv\/wp-json\/wp\/v2\/product_cat?post=5723"},{"taxonomy":"product_tag","embeddable":true,"href":"https:\/\/plantelys.dk\/sv\/wp-json\/wp\/v2\/product_tag?post=5723"}],"curies":[{"name":"wp","href":"https:\/\/api.w.org\/{rel}","templated":true}]}}