{"id":56860,"date":"2026-02-04T11:16:28","date_gmt":"2026-02-04T10:16:28","guid":{"rendered":"https:\/\/plantelys.dk\/?post_type=product&#038;p=56860"},"modified":"2026-04-28T10:10:56","modified_gmt":"2026-04-28T09:10:56","slug":"sunlight-pro-gro-t8-odlingsljusarmatur-36watt-120cm","status":"publish","type":"product","link":"https:\/\/plantelys.dk\/sv\/vare\/sunlight-pro-gro-t8-vaekstlys-armatur-36watt-120cm\/","title":{"rendered":"SunLight Pro-Gro 2.2 T8 odlingsljusarmatur 36Watt 120cm"},"content":{"rendered":"<h2 data-start=\"145\" data-end=\"220\"><strong data-start=\"152\" data-end=\"220\">SunLight Pro-Gro 2.2 - Odlingslampa 120 cm<\/strong><\/h2>\n<p class=\"\" data-start=\"222\" data-end=\"527\">SunLight Pro-Gro 2.2 \u00e4r den f\u00f6rb\u00e4ttrade versionen av v\u00e5r popul\u00e4ra odlingslampa, skapad f\u00f6r att ge effektiv, naturlig belysning f\u00f6r dina v\u00e4xter - oavsett om det \u00e4r i hemmet, i v\u00e4xthuset eller i vertikal odling.<\/p>\n<h2 data-start=\"534\" data-end=\"562\"><strong data-start=\"222\" data-end=\"310\">Avancerad v\u00e4xtbelysning f\u00f6r v\u00e4xter - med extra r\u00f6tt spektrum\u00a0<\/strong><\/h2>\n<ul>\n<li data-start=\"565\" data-end=\"632\"><strong data-start=\"635\" data-end=\"661\">Klarvit dagsljusf\u00e4rg<\/strong> (6500K) - fr\u00e4mjar groning och ger kompakta och starka groddar<\/li>\n<li data-start=\"712\" data-end=\"772\"><strong data-start=\"712\" data-end=\"728\">IP65 vattent\u00e4t<\/strong> - L\u00e4mplig f\u00f6r b\u00e5de torra och fuktiga milj\u00f6er<\/li>\n<li data-start=\"775\" data-end=\"857\"><strong data-start=\"775\" data-end=\"807\">Smal och m\u00e5ngsidig T8-design<\/strong> - Perfekt f\u00f6r f\u00f6nsterbr\u00e4dor, hyllor och v\u00e4ggh\u00e4ng<\/li>\n<li data-start=\"860\" data-end=\"929\"><strong data-start=\"860\" data-end=\"892\">Seriekoppling upp till 288W<\/strong> - Enkel utbyggnad med vattent\u00e4ta kontakter<\/li>\n<li data-start=\"932\" data-end=\"1014\"><strong data-start=\"932\" data-end=\"963\">L\u00e5ngt liv<\/strong><\/li>\n<li data-start=\"932\" data-end=\"1014\">Direktanslutning till 230 V (inbyggd drivrutin)<\/li>\n<\/ul>\n<p data-start=\"1021\" data-end=\"1068\"><span style=\"color: #ff0000;\"><strong><em>Notera: <span style=\"color: #ff0000;\"><span style=\"text-decoration: underline;\"><a style=\"color: #ff0000; text-decoration: underline;\" href=\"https:\/\/plantelys.dk\/sv\/produkt\/stromkabel-150-cm-med-stickpropp-for-pro-gro-21\/\">Anslutningskabel<\/a><\/span>\u00a0<\/span>k\u00f6ps separat, monteringsf\u00e4sten ing\u00e5r ej.<\/em><\/strong><\/span><\/p>\n<h2 data-start=\"1021\" data-end=\"1068\"><strong data-start=\"1028\" data-end=\"1066\">Professionell belysning f\u00f6r v\u00e4xter<\/strong><\/h2>\n<p class=\"\" data-start=\"1069\" data-end=\"1345\">Denna 120 cm l\u00e5nga LED-armatur p\u00e5 36 watt ger ett starkt och j\u00e4mnt ljus med en spridningsvinkel p\u00e5 110\u00b0 och t\u00e4cker ett omr\u00e5de som \u00e4r upp till 50 cm brett.<\/p>\n<p class=\"\" data-start=\"1347\" data-end=\"1360\">L\u00e4mplig f\u00f6r:<\/p>\n<ul data-start=\"1361\" data-end=\"1487\">\n<li class=\"\" data-start=\"1361\" data-end=\"1392\">\n<p class=\"\" data-start=\"1363\" data-end=\"1392\">F\u00f6rgroddning av \u00f6rter, gr\u00f6nsaker och blommor<\/p>\n<\/li>\n<li class=\"\" data-start=\"1422\" data-end=\"1453\">\n<p class=\"\" data-start=\"1424\" data-end=\"1453\"><strong><a href=\"https:\/\/plantelys.dk\/sv\/produktkategori-2\/mikrogrona-fron-ekologiska-2\/\">Sallad, mikrogr\u00f6nsaker<\/a> <\/strong>och <strong><a href=\"https:\/\/plantelys.dk\/sv\/produktkategori-2\/slappna-av\/\">groddar<\/a><\/strong><\/p>\n<\/li>\n<li class=\"\" data-start=\"1454\" data-end=\"1487\">\n<p class=\"\" data-start=\"1456\" data-end=\"1487\"><strong><a href=\"https:\/\/plantelys.dk\/sv\/produktkategori-2\/krukvaxter-for-inomhusvaxter-etc-2\/\">Odling inomhus<\/a><\/strong> och <strong><a href=\"https:\/\/plantelys.dk\/sv\/produktkategori-2\/vaxthuset-och-tradgaarden-2\/\">V\u00e4xthus<\/a><\/strong><\/p>\n<\/li>\n<\/ul>\n<h3 data-start=\"1494\" data-end=\"1538\"><\/h3>\n<h3 class=\"\" data-start=\"1494\" data-end=\"1538\"><strong data-start=\"1501\" data-end=\"1536\">Flexibel installation och tillbeh\u00f6r<\/strong><\/h3>\n<p class=\"\" data-start=\"1539\" data-end=\"1806\">SunLight Pro-Gro 2.2 kan enkelt installeras frist\u00e5ende eller i serie. Med vattent\u00e4ta anslutningar g\u00e5r det snabbt och enkelt att koppla ihop flera enheter.<\/p>\n<p class=\"\" data-start=\"1539\" data-end=\"1806\"><span style=\"color: #ff0000;\">Anslutningskabel k\u00f6ps separat<\/span> H\u00e4r: <a href=\"https:\/\/plantelys.dk\/sv\/produkt\/stromkabel-150-cm-med-stickpropp-for-pro-gro-21\/\"><strong data-start=\"1741\" data-end=\"1766\">Anslutningskabel<\/strong><\/a>.<\/p>\n<p class=\"\" data-start=\"1808\" data-end=\"1882\">F\u00f6r optimal tillv\u00e4xt rekommenderas en monteringsh\u00f6jd p\u00e5 15-30 cm \u00f6ver plantorna.<\/p>\n<p><strong>PAR-m\u00e4tning:<\/strong><\/p>\n<ul>\n<li>10cm = 340 umol\/m2\/s<\/li>\n<li>20 cm = 180 umol\/m2\/s<\/li>\n<\/ul>\n<p>&nbsp;<\/p>\n<h3>Ljuset<\/h3>\n<table>\n<tbody>\n<tr>\n<td>F\u00e4rgtemperatur (K):<\/td>\n<td>6500<\/td>\n<\/tr>\n<tr>\n<td>F\u00e4rg\u00e5tergivning (Ra\/CRI):<\/td>\n<td>80+<\/td>\n<\/tr>\n<tr>\n<td>Ljusfl\u00f6de (lumen):<\/td>\n<td>3600<\/td>\n<\/tr>\n<tr>\n<td>Typ:<\/td>\n<td>T8-r\u00f6r<\/td>\n<\/tr>\n<tr>\n<td>Dimbar:<\/td>\n<td>Nej<\/td>\n<\/tr>\n<\/tbody>\n<\/table>\n<h3>Str\u00f6m &amp; Sp\u00e4nning<\/h3>\n<table>\n<tbody>\n<tr>\n<td>Sp\u00e4nning:<\/td>\n<td>230 AC<\/td>\n<\/tr>\n<tr>\n<td>F\u00f6rbrukning (watt):<\/td>\n<td>18<\/td>\n<\/tr>\n<tr>\n<td>Ljus f\u00e4rg:<\/td>\n<td>Dagsljus<\/td>\n<\/tr>\n<tr>\n<td>Spridningsvinkel:<\/td>\n<td>110\u00b0<\/td>\n<\/tr>\n<tr>\n<td>F\u00f6rv\u00e4ntad livsl\u00e4ngd (timmar):<\/td>\n<td>15.000<\/td>\n<\/tr>\n<\/tbody>\n<\/table>\n<p>&nbsp;<\/p>\n<hr \/>\n<h3 data-start=\"0\" data-end=\"59\"><strong data-start=\"4\" data-end=\"59\">Vad \u00e4r skillnaden mellan odlingslampor, tillv\u00e4xtlampor och v\u00e4xtlampor?<\/strong><\/h3>\n<p data-start=\"61\" data-end=\"632\" data-is-last-node=\"\" data-is-only-node=\"\"><strong><a href=\"https:\/\/plantelys.dk\/sv\/produktkategori-2\/vaxtljus\/\">V\u00e4xtljus<\/a><\/strong> \u00e4r ett brett, informellt begrepp f\u00f6r all artificiell belysning som anv\u00e4nds f\u00f6r att odla v\u00e4xter inomhus \u2013 oavsett teknik, f\u00e4rgspektrum eller syfte. <a href=\"https:\/\/plantelys.dk\/sv\/produktkategori-2\/vaxtljus-lampor-glodlampor-2\/\"><strong>V\u00e4xa lampor<\/strong><\/a> \u00c5 andra sidan finns det ljus som har utvecklats specifikt f\u00f6r att st\u00f6dja vissa tillv\u00e4xtfaser, s\u00e5som groddning, vegetativ tillv\u00e4xt eller blomning, och som d\u00e4rf\u00f6r ofta har ett mer riktat eller justerbart ljusspektrum. <strong><a href=\"https:\/\/plantelys.dk\/sv\/\">V\u00e4xtbelysning<\/a><\/strong> \u00e4r den allm\u00e4nna tekniska termen som omfattar alla typer av ljusk\u00e4llor som f\u00f6rser v\u00e4xter med de v\u00e5gl\u00e4ngder (dagsljus) som beh\u00f6vs f\u00f6r fotosyntesen, och anv\u00e4nds b\u00e5de f\u00f6r hobbylampor och avancerade professionella LED-l\u00f6sningar.<\/p>","protected":false},"excerpt":{"rendered":"<p>Fullspektrum LED grolys T8 lysr\u00f6r 120cm. Ny danskutvecklad produkt. L\u00e4mplig f\u00f6r: bladgr\u00f6nt, prydnadsv\u00e4xter, blommor, krukv\u00e4xter, gr\u00f6nsaker, \u00f6rter, sallader etc.<\/p>\n<p>&nbsp;<\/p>","protected":false},"featured_media":24948,"comment_status":"open","ping_status":"closed","template":"","meta":{"_acf_changed":false},"product_brand":[],"product_cat":[235,106,179,92,107],"product_tag":[],"class_list":{"0":"post-56860","1":"product","2":"type-product","3":"status-publish","4":"has-post-thumbnail","6":"product_cat-grolys","7":"product_cat-mikrogroent-gro-dit-eget-sunde-groent","8":"product_cat-lys-til-mikrogroent-vaekst","9":"product_cat-vaekstlys-paerer-lamper","10":"product_cat-vertical-farming-lys-varme-gro-dine-planter","12":"entry","13":"has-media","15":"first","16":"instock","17":"sale","18":"taxable","19":"shipping-taxable","20":"purchasable","21":"product-type-simple","22":"has-product-nav","23":"col","24":"span_1_of_4","25":"owp-content-center","26":"item-entry","27":"owp-thumbs-layout-vertical","28":"owp-btn-normal","29":"owp-tabs-layout-horizontal"},"acf":[],"_links":{"self":[{"href":"https:\/\/plantelys.dk\/sv\/wp-json\/wp\/v2\/product\/56860","targetHints":{"allow":["GET"]}}],"collection":[{"href":"https:\/\/plantelys.dk\/sv\/wp-json\/wp\/v2\/product"}],"about":[{"href":"https:\/\/plantelys.dk\/sv\/wp-json\/wp\/v2\/types\/product"}],"replies":[{"embeddable":true,"href":"https:\/\/plantelys.dk\/sv\/wp-json\/wp\/v2\/comments?post=56860"}],"version-history":[{"count":0,"href":"https:\/\/plantelys.dk\/sv\/wp-json\/wp\/v2\/product\/56860\/revisions"}],"wp:featuredmedia":[{"embeddable":true,"href":"https:\/\/plantelys.dk\/sv\/wp-json\/wp\/v2\/media\/24948"}],"wp:attachment":[{"href":"https:\/\/plantelys.dk\/sv\/wp-json\/wp\/v2\/media?parent=56860"}],"wp:term":[{"taxonomy":"product_brand","embeddable":true,"href":"https:\/\/plantelys.dk\/sv\/wp-json\/wp\/v2\/product_brand?post=56860"},{"taxonomy":"product_cat","embeddable":true,"href":"https:\/\/plantelys.dk\/sv\/wp-json\/wp\/v2\/product_cat?post=56860"},{"taxonomy":"product_tag","embeddable":true,"href":"https:\/\/plantelys.dk\/sv\/wp-json\/wp\/v2\/product_tag?post=56860"}],"curies":[{"name":"wp","href":"https:\/\/api.w.org\/{rel}","templated":true}]}}