{"id":5562,"date":"2021-12-17T13:19:30","date_gmt":"2021-12-17T13:19:30","guid":{"rendered":"https:\/\/plantelys.dk\/?post_type=product&#038;p=5562"},"modified":"2025-10-13T12:56:01","modified_gmt":"2025-10-13T11:56:01","slug":"smart-tradgaard-med-fullspektrat-vaxtljus-2","status":"publish","type":"product","link":"https:\/\/plantelys.dk\/sv\/vare\/smart-garden-m-fuldspektrum-vaekstlys\/","title":{"rendered":"Smart Garden-system med fullspektrum v\u00e4xtljus 36W LED"},"content":{"rendered":"<h2 data-start=\"156\" data-end=\"190\"><strong data-start=\"160\" data-end=\"190\">Smart inomhus k\u00f6kstr\u00e4dg\u00e5rd<\/strong><\/h2>\n<p class=\"\" data-start=\"192\" data-end=\"489\">Uppt\u00e4ck det framtida s\u00e4ttet att odla dina egna f\u00e4rska \u00f6rter, gr\u00f6nsaker och frukter med <a href=\"https:\/\/plantelys.dk\/sv\/produkt\/smart-tradgaard-med-fullspektrat-vaxtljus-2\/\"><strong data-start=\"284\" data-end=\"311\">innovativ Smart Garden<\/strong><\/a> fr\u00e5n Plantelys. S\u00e4g adj\u00f6 till vissna \u00f6rter fr\u00e5n snabbk\u00f6pet och skaffa en h\u00e5llbar l\u00f6sning som ser till att dina v\u00e4xter alltid f\u00e5r r\u00e4tt m\u00e4ngd vatten, ljus och n\u00e4rings\u00e4mnen.<\/p>\n<p class=\"\" data-start=\"491\" data-end=\"704\">Med <strong data-start=\"495\" data-end=\"518\">automatiserad v\u00e5rd<\/strong> och <strong data-start=\"522\" data-end=\"547\">hydroponisk teknik<\/strong> Smart Garden \u00e4r utformad f\u00f6r att g\u00f6ra din inomhusodling b\u00e5de enkel och effektiv \u2013 s\u00e5 att du alltid har <strong data-start=\"648\" data-end=\"671\">f\u00e4rska \u00f6rter<\/strong> f\u00f6r din matlagning <strong data-start=\"691\" data-end=\"703\">varje dag<\/strong>.<\/p>\n<p class=\"\" data-start=\"706\" data-end=\"721\"><strong data-start=\"706\" data-end=\"721\">Funktioner:<\/strong><\/p>\n<ul data-start=\"723\" data-end=\"1311\">\n<li class=\"\" data-start=\"723\" data-end=\"824\">\n<p class=\"\" data-start=\"725\" data-end=\"824\"><strong data-start=\"725\" data-end=\"746\">Automatisk sk\u00f6tsel:<\/strong> Justerbar vattenpump och <strong data-start=\"770\" data-end=\"797\">helt automatiskt system<\/strong>, vilket s\u00e4kerst\u00e4ller optimal tillv\u00e4xt.<\/p>\n<\/li>\n<li class=\"\" data-start=\"825\" data-end=\"952\">\n<p class=\"\" data-start=\"827\" data-end=\"952\"><strong data-start=\"827\" data-end=\"850\">Hydroponiskt system:<\/strong> V\u00e4xa upp till <strong data-start=\"863\" data-end=\"877\">12 v\u00e4xter<\/strong> utan jord \u2013 perfekt f\u00f6r \u00f6rter, gr\u00f6nsaker och sm\u00e5 frukter.<\/p>\n<\/li>\n<li class=\"\" data-start=\"953\" data-end=\"1095\">\n<p class=\"\" data-start=\"955\" data-end=\"1095\"><strong data-start=\"955\" data-end=\"974\">Smartare v\u00e5rd:<\/strong> <strong data-start=\"975\" data-end=\"989\">Peksk\u00e4rm<\/strong> f\u00f6r ljusreglering, automatisk p\u00e5\/av-funktion och larm som p\u00e5minner dig om att fylla p\u00e5 vatten och n\u00e4rings\u00e4mnen.<\/p>\n<\/li>\n<li class=\"\" data-start=\"1096\" data-end=\"1207\">\n<p class=\"\" data-start=\"1098\" data-end=\"1207\"><strong data-start=\"1098\" data-end=\"1127\">Hydroponisk effektivitet:<\/strong> Cirkulationsvattenpump som uppr\u00e4tth\u00e5ller konstant vattencirkulation var 30:e minut.<\/p>\n<\/li>\n<li class=\"\" data-start=\"1208\" data-end=\"1311\">\n<p class=\"\" data-start=\"1210\" data-end=\"1311\"><strong data-start=\"1210\" data-end=\"1236\">Fullspektrum LED-ljus:<\/strong> Imitera naturligt dagsljus och st\u00f6dja v\u00e4xters tillv\u00e4xt \u00e5ret runt.<\/p>\n<\/li>\n<\/ul>\n<p class=\"\" data-start=\"1313\" data-end=\"1338\"><strong data-start=\"1313\" data-end=\"1338\">Medf\u00f6ljande tillbeh\u00f6r:<\/strong><\/p>\n<ul data-start=\"1339\" data-end=\"1470\">\n<li class=\"\" data-start=\"1339\" data-end=\"1374\">\n<p class=\"\" data-start=\"1341\" data-end=\"1374\">12 kapslar med odlingsmedium f\u00f6r fr\u00f6n<\/p>\n<\/li>\n<li class=\"\" data-start=\"1375\" data-end=\"1414\">\n<p class=\"\" data-start=\"1377\" data-end=\"1414\">Justerbar lamparm (50 cm tillv\u00e4xth\u00f6jd)<\/p>\n<\/li>\n<li class=\"\" data-start=\"1415\" data-end=\"1444\">\n<p class=\"\" data-start=\"1417\" data-end=\"1444\">Vattentank (upp till 3,5 liter)<\/p>\n<\/li>\n<li class=\"\" data-start=\"1445\" data-end=\"1470\">\n<p class=\"\" data-start=\"1447\" data-end=\"1470\">Str\u00f6mf\u00f6rs\u00f6rjning f\u00f6r 230 V<\/p>\n<\/li>\n<\/ul>\n<p class=\"\" data-start=\"1472\" data-end=\"1483\"><strong data-start=\"1472\" data-end=\"1483\">Notera:<\/strong><\/p>\n<ul data-start=\"1484\" data-end=\"1607\">\n<li class=\"\" data-start=\"1484\" data-end=\"1554\">\n<p class=\"\" data-start=\"1486\" data-end=\"1554\">Timern kan ha sm\u00e5 avvikelser \u00f6ver tid; det kan vara n\u00f6dv\u00e4ndigt att \u00e5terst\u00e4lla den.<\/p>\n<\/li>\n<li class=\"\" data-start=\"1555\" data-end=\"1604\">\n<p class=\"\" data-start=\"1557\" data-end=\"1604\"><strong data-start=\"1557\" data-end=\"1584\">V\u00e4xter, <a href=\"https:\/\/plantelys.dk\/sv\/produktkategori-2\/mikrogrona-fron-ekologiska-2\/\">groda<\/a> och <a href=\"https:\/\/plantelys.dk\/sv\/produktkategori-2\/godningsmedel-gromedie-froe\/\">g\u00f6dningsmedel<\/a><\/strong> m\u00e5ste k\u00f6pas separat.<\/p>\n<\/li>\n<\/ul>\n<hr class=\"\" data-start=\"1608\" data-end=\"1611\" \/>\n<h3 class=\"\" data-start=\"1613\" data-end=\"1640\"><strong data-start=\"1617\" data-end=\"1640\">Teknisk information<\/strong><\/h3>\n<ul data-start=\"1642\" data-end=\"1927\">\n<li class=\"\" data-start=\"1642\" data-end=\"1668\">\n<p class=\"\" data-start=\"1644\" data-end=\"1668\"><strong data-start=\"1644\" data-end=\"1652\">EAN:<\/strong> 5710777280172<\/p>\n<\/li>\n<li class=\"\" data-start=\"1669\" data-end=\"1695\">\n<p class=\"\" data-start=\"1671\" data-end=\"1695\"><strong data-start=\"1671\" data-end=\"1689\">Str\u00f6mf\u00f6rbrukning:<\/strong> 36W<\/p>\n<\/li>\n<li class=\"\" data-start=\"1696\" data-end=\"1728\">\n<p class=\"\" data-start=\"1698\" data-end=\"1728\"><strong data-start=\"1698\" data-end=\"1720\">Ljusf\u00e4rg (Kelvin):<\/strong> 3500K<\/p>\n<\/li>\n<li class=\"\" data-start=\"1729\" data-end=\"1759\">\n<p class=\"\" data-start=\"1731\" data-end=\"1759\"><strong data-start=\"1731\" data-end=\"1752\">Ljusfl\u00f6de (lumen):<\/strong> 1800<\/p>\n<\/li>\n<li class=\"\" data-start=\"1760\" data-end=\"1779\">\n<p class=\"\" data-start=\"1762\" data-end=\"1779\"><strong data-start=\"1762\" data-end=\"1774\">Dimbar:<\/strong> Ja<\/p>\n<\/li>\n<li class=\"\" data-start=\"1780\" data-end=\"1803\">\n<p class=\"\" data-start=\"1782\" data-end=\"1803\"><strong data-start=\"1782\" data-end=\"1797\">Str\u00e5lning:<\/strong> 90\u00b0<\/p>\n<\/li>\n<li class=\"\" data-start=\"1804\" data-end=\"1829\">\n<p class=\"\" data-start=\"1806\" data-end=\"1829\"><strong data-start=\"1806\" data-end=\"1816\">H\u00f6jd:<\/strong> 190\u2013600 mm<\/p>\n<\/li>\n<li class=\"\" data-start=\"1830\" data-end=\"1852\">\n<p class=\"\" data-start=\"1832\" data-end=\"1852\"><strong data-start=\"1832\" data-end=\"1843\">Bredd:<\/strong> 400 mm<\/p>\n<\/li>\n<li class=\"\" data-start=\"1853\" data-end=\"1875\">\n<p class=\"\" data-start=\"1855\" data-end=\"1875\"><strong data-start=\"1855\" data-end=\"1866\">L\u00e4ngd:<\/strong> 180 mm<\/p>\n<\/li>\n<li class=\"\" data-start=\"1876\" data-end=\"1899\">\n<p class=\"\" data-start=\"1878\" data-end=\"1899\"><strong data-start=\"1878\" data-end=\"1892\">IP-t\u00e4thet:<\/strong> IP20<\/p>\n<\/li>\n<li class=\"\" data-start=\"1900\" data-end=\"1927\">\n<p class=\"\" data-start=\"1902\" data-end=\"1927\"><strong data-start=\"1902\" data-end=\"1922\">Livstidsgaranti:<\/strong> 2 \u00e5r<\/p>\n<\/li>\n<\/ul>\n<hr class=\"\" data-start=\"1929\" data-end=\"1932\" \/>\n<p class=\"\" data-start=\"1934\" data-end=\"2010\"><strong data-start=\"1934\" data-end=\"2010\">F\u00e4rska \u00f6rter, gr\u00f6nsaker och frukt \u2013 alltid inom r\u00e4ckh\u00e5ll.<\/strong><\/p>\n<p class=\"\" data-start=\"2012\" data-end=\"2142\">\u00c4r du redo att ta kontroll \u00f6ver din egen inomhustr\u00e4dg\u00e5rd? Uppgradera ditt k\u00f6k med <strong data-start=\"2101\" data-end=\"2111\">smart<\/strong> och <strong data-start=\"2115\" data-end=\"2128\">effektiv<\/strong> Smart tr\u00e4dg\u00e5rd!<\/p>\n<h2 style=\"font-variant-ligatures: normal; font-variant-caps: normal; font-style: normal;\"><\/h2>","protected":false},"excerpt":{"rendered":"<p>Smart k\u00f6kstr\u00e4dg\u00e5rd inomhus med ENDAST vatten - inga jordbakterier - sj\u00e4lvreng\u00f6rande - automatiskt ljus och vatten<\/p>","protected":false},"featured_media":7974,"comment_status":"open","ping_status":"closed","template":"","meta":{"_acf_changed":false},"product_brand":[],"product_cat":[105,98],"product_tag":[347],"class_list":{"0":"post-5562","1":"product","2":"type-product","3":"status-publish","4":"has-post-thumbnail","6":"product_cat-indendoers-koekkenhave-til-hjemme-brug","7":"product_cat-hydroponisk-dyrkning","8":"product_tag-smart-garden-med-fuldspektrum-vaekstlys","10":"entry","11":"has-media","13":"first","14":"outofstock","15":"taxable","16":"shipping-taxable","17":"purchasable","18":"product-type-simple","19":"has-product-nav","20":"col","21":"span_1_of_4","22":"owp-content-center","23":"item-entry","24":"owp-thumbs-layout-vertical","25":"owp-btn-normal","26":"owp-tabs-layout-horizontal"},"acf":[],"_links":{"self":[{"href":"https:\/\/plantelys.dk\/sv\/wp-json\/wp\/v2\/product\/5562","targetHints":{"allow":["GET"]}}],"collection":[{"href":"https:\/\/plantelys.dk\/sv\/wp-json\/wp\/v2\/product"}],"about":[{"href":"https:\/\/plantelys.dk\/sv\/wp-json\/wp\/v2\/types\/product"}],"replies":[{"embeddable":true,"href":"https:\/\/plantelys.dk\/sv\/wp-json\/wp\/v2\/comments?post=5562"}],"version-history":[{"count":0,"href":"https:\/\/plantelys.dk\/sv\/wp-json\/wp\/v2\/product\/5562\/revisions"}],"wp:featuredmedia":[{"embeddable":true,"href":"https:\/\/plantelys.dk\/sv\/wp-json\/wp\/v2\/media\/7974"}],"wp:attachment":[{"href":"https:\/\/plantelys.dk\/sv\/wp-json\/wp\/v2\/media?parent=5562"}],"wp:term":[{"taxonomy":"product_brand","embeddable":true,"href":"https:\/\/plantelys.dk\/sv\/wp-json\/wp\/v2\/product_brand?post=5562"},{"taxonomy":"product_cat","embeddable":true,"href":"https:\/\/plantelys.dk\/sv\/wp-json\/wp\/v2\/product_cat?post=5562"},{"taxonomy":"product_tag","embeddable":true,"href":"https:\/\/plantelys.dk\/sv\/wp-json\/wp\/v2\/product_tag?post=5562"}],"curies":[{"name":"wp","href":"https:\/\/api.w.org\/{rel}","templated":true}]}}