{"id":54744,"date":"2025-12-11T15:10:08","date_gmt":"2025-12-11T14:10:08","guid":{"rendered":"https:\/\/plantelys.dk\/?post_type=product&#038;p=54744"},"modified":"2025-12-18T08:58:20","modified_gmt":"2025-12-18T07:58:20","slug":"gu10-grolys-spotlight-75w-6000k-dagsljus-38-10x-forpackning","status":"publish","type":"product","link":"https:\/\/plantelys.dk\/sv\/vare\/gu10-grolys-spot-75w-6000k-dagslys-38-10x-pakke\/","title":{"rendered":"Spirelys Spot 7,5 W \u2013 6000 K dagsljus (10-pack)"},"content":{"rendered":"<h2>Spirelys gl\u00f6dlampa f\u00f6r GU10-spotlights<\/h2>\n<p>F\u00f6rpackningen inneh\u00e5ller 10 av v\u00e5ra GU-lampor.<\/p>\n<p>V\u00e5r <strong><a href=\"https:\/\/plantelys.dk\/sv\/produkt\/gu10-grolys-paerer-fullt-spektrum-dagsljus\/\">GU10 Grolys-gl\u00f6dlampa<\/a>,<\/strong> Passar perfekt till lampor med GU10-sockel.<\/p>\n<p>Genom att l\u00e4gga till odlingslampor kan din <strong><a href=\"https:\/\/plantelys.dk\/sv\/bast-vaxa-ljus-forgroning-vaxter-gront-ljus-planta\/\">v\u00e4xter<\/a><\/strong> normal tillv\u00e4xt och de blir mycket mer robusta och h\u00e4lsosamma att se p\u00e5.<\/p>\n<p>Gl\u00f6dlampan lyser med kallvitt dagsljus - fullt spektrum<\/p>\n<h4 data-start=\"987\" data-end=\"1042\">Dagsljus vid 6000 K \u2013 perfekt som kompletterande odlingsbelysning<\/h4>\n<p data-start=\"1044\" data-end=\"1242\">Med en f\u00e4rgtemperatur p\u00e5 6000 K f\u00e5r du ett kallvitt dagsljus som \u00e4r perfekt som kompletterande v\u00e4xtbelysning f\u00f6r inomhusv\u00e4xter. Ljuset st\u00f6der v\u00e4xternas fotosyntes och hj\u00e4lper dem att:<\/p>\n<ul data-start=\"1244\" data-end=\"1346\">\n<li data-start=\"1244\" data-end=\"1276\">\n<p data-start=\"1246\" data-end=\"1276\">Mer kompakt och robust tillv\u00e4xt<\/p>\n<\/li>\n<li data-start=\"1277\" data-end=\"1309\">\n<p data-start=\"1279\" data-end=\"1309\">Mindre str\u00e4ckning mot f\u00f6nstret<\/p>\n<\/li>\n<li data-start=\"1310\" data-end=\"1346\">\n<p data-start=\"1312\" data-end=\"1346\">Mer attraktiva och friskare blad<\/p>\n<\/li>\n<\/ul>\n<p data-start=\"1348\" data-end=\"1470\">Detta g\u00f6r gl\u00f6dlampan idealisk f\u00f6r gr\u00f6na krukv\u00e4xter, \u00f6rter, sm\u00e5 chiliv\u00e4xter, sticklingar och andra ljuskr\u00e4vande v\u00e4xter.<\/p>\n<h4 data-start=\"1472\" data-end=\"1508\">Fokuserat ljus med 38\u00b0 spridning<\/h4>\n<p data-start=\"1510\" data-end=\"1789\">Med en str\u00e5lvinkel p\u00e5 38\u00b0 f\u00e5r du ett mer koncentrerat ljusf\u00e4lt, vilket g\u00f6r det enkelt att rikta ljuset mot dina v\u00e4xter. Det inneb\u00e4r att du kan placera gl\u00f6dlampan i en spotlight och l\u00e5ta ljuset tr\u00e4ffa exakt d\u00e4r v\u00e4xterna st\u00e5r \u2013 utan att sprida on\u00f6digt ljus i resten av rummet.<\/p>\n<h4 data-start=\"1791\" data-end=\"1826\">Energieffektiv avfallshanteringsl\u00f6sning<\/h4>\n<p data-start=\"1828\" data-end=\"1990\">Trots att lampan endast f\u00f6rbrukar 7,5 watt ger den ett kraftfullt ljus som passar f\u00f6r mindre v\u00e4xtomr\u00e5den och hyllor. J\u00e4mf\u00f6rt med \u00e4ldre halogenl\u00f6sningar f\u00e5r du:<\/p>\n<ul data-start=\"1992\" data-end=\"2091\">\n<li data-start=\"1992\" data-end=\"2023\">\n<p data-start=\"1994\" data-end=\"2023\">Betydligt l\u00e4gre str\u00f6mf\u00f6rbrukning<\/p>\n<\/li>\n<li data-start=\"2024\" data-end=\"2049\">\n<p data-start=\"2026\" data-end=\"2049\">Mindre v\u00e4rmeutveckling<\/p>\n<\/li>\n<li data-start=\"2050\" data-end=\"2091\">\n<p data-start=\"2052\" data-end=\"2091\">L\u00e4ngre livsl\u00e4ngd och mindre underh\u00e5ll<\/p>\n<\/li>\n<\/ul>\n<p data-start=\"2093\" data-end=\"2165\">Detta g\u00f6r det till en praktisk och ekonomisk l\u00f6sning f\u00f6r inomhusodling.<\/p>\n<h4 data-start=\"2167\" data-end=\"2194\">Stabil drift \u2013 Icke-dimbar<\/h4>\n<p data-start=\"2196\" data-end=\"2471\">Gl\u00f6dlampan \u00e4r <strong data-start=\"2205\" data-end=\"2216\">Icke-dim<\/strong>, vilket inneb\u00e4r att den inte kan anv\u00e4ndas med en dimmer. I geng\u00e4ld f\u00e5r du en stabil gl\u00f6dstartslampa som t\u00e4nds omedelbart och ger ett j\u00e4mnt ljus varje g\u00e5ng. Perfekt f\u00f6r standardinstallationer med p\u00e5\/av-funktion, b\u00e5de i privata hem och sm\u00e5f\u00f6retag.<\/p>\n<h3 data-start=\"2478\" data-end=\"2497\">Produktinformation<\/h3>\n<p data-start=\"2499\" data-end=\"2520\"><strong data-start=\"2499\" data-end=\"2518\">Typ och uttag<\/strong><\/p>\n<ul data-start=\"2521\" data-end=\"2569\">\n<li data-start=\"2521\" data-end=\"2551\">\n<p data-start=\"2523\" data-end=\"2551\">Typ: GU10 LED-spotlampa<\/p>\n<\/li>\n<li data-start=\"2552\" data-end=\"2569\">\n<p data-start=\"2554\" data-end=\"2569\">Sockel: GU10<\/p>\n<\/li>\n<\/ul>\n<p data-start=\"2571\" data-end=\"2589\"><strong data-start=\"2571\" data-end=\"2587\">Ljus och optik<\/strong><\/p>\n<ul data-start=\"2590\" data-end=\"2730\">\n<li data-start=\"2590\" data-end=\"2638\">\n<p data-start=\"2592\" data-end=\"2638\">F\u00e4rgtemperatur: 6000K (kallvitt dagsljus)<\/p>\n<\/li>\n<li data-start=\"2639\" data-end=\"2671\">\n<p data-start=\"2641\" data-end=\"2671\">Str\u00e5lvinkel: 38\u00b0 (spot)<\/p>\n<\/li>\n<li data-start=\"2672\" data-end=\"2730\">\n<p data-start=\"2674\" data-end=\"2730\">Anv\u00e4ndning: Kompletterande v\u00e4xtbelysning f\u00f6r inomhusv\u00e4xter<\/p>\n<\/li>\n<\/ul>\n<p data-start=\"2732\" data-end=\"2753\"><strong data-start=\"2732\" data-end=\"2751\">Effekt och str\u00f6m<\/strong><\/p>\n<ul data-start=\"2754\" data-end=\"2823\">\n<li data-start=\"2754\" data-end=\"2774\">\n<p data-start=\"2756\" data-end=\"2774\">Effekt: 7,5 watt<\/p>\n<\/li>\n<li data-start=\"2775\" data-end=\"2796\">\n<p data-start=\"2777\" data-end=\"2796\">Sp\u00e4nning: 230 V v\u00e4xelstr\u00f6m<\/p>\n<\/li>\n<li data-start=\"2797\" data-end=\"2823\">\n<p data-start=\"2799\" data-end=\"2823\">Dimbar: Nej (ej dimbar)<\/p>\n<\/li>\n<\/ul>\n<p data-start=\"2825\" data-end=\"2849\"><strong data-start=\"2825\" data-end=\"2847\">Anv\u00e4ndningsomr\u00e5den<\/strong><\/p>\n<ul data-start=\"2850\" data-end=\"3000\">\n<li data-start=\"2850\" data-end=\"2946\">\n<p data-start=\"2852\" data-end=\"2946\">L\u00e4mplig f\u00f6r: Krukv\u00e4xter, \u00f6rter, sm\u00e5 odlingsarrangemang, v\u00e4xt hyllor, f\u00f6nsterbr\u00e4dor etc.<\/p>\n<\/li>\n<li data-start=\"2947\" data-end=\"3000\">\n<p data-start=\"2949\" data-end=\"3000\">Inomhusbruk i lampor och spotlights med GU10-sockel<\/p>\n<\/li>\n<\/ul>\n<hr \/>\n<h3 data-start=\"0\" data-end=\"59\"><strong data-start=\"4\" data-end=\"59\">Vad \u00e4r skillnaden mellan odlingslampor, tillv\u00e4xtlampor och v\u00e4xtlampor?<\/strong><\/h3>\n<p data-start=\"61\" data-end=\"632\" data-is-last-node=\"\" data-is-only-node=\"\"><strong><a href=\"https:\/\/plantelys.dk\/sv\/produktkategori-2\/vaxtljus\/\">V\u00e4xtljus<\/a><\/strong> \u00e4r ett brett, informellt begrepp f\u00f6r all artificiell belysning som anv\u00e4nds f\u00f6r att odla v\u00e4xter inomhus \u2013 oavsett teknik, f\u00e4rgspektrum eller syfte. <a href=\"https:\/\/plantelys.dk\/sv\/produktkategori-2\/vaxtljus-lampor-glodlampor-2\/\"><strong>V\u00e4xa lampor<\/strong><\/a> \u00c5 andra sidan finns det ljus som har utvecklats specifikt f\u00f6r att st\u00f6dja vissa tillv\u00e4xtfaser, s\u00e5som groddning, vegetativ tillv\u00e4xt eller blomning, och som d\u00e4rf\u00f6r ofta har ett mer riktat eller justerbart ljusspektrum. <strong><a href=\"https:\/\/plantelys.dk\/sv\/\">V\u00e4xtbelysning<\/a><\/strong> \u00e4r den allm\u00e4nna tekniska termen som omfattar alla typer av ljusk\u00e4llor som f\u00f6rser v\u00e4xter med de v\u00e5gl\u00e4ngder (dagsljus) som beh\u00f6vs f\u00f6r fotosyntesen, och anv\u00e4nds b\u00e5de f\u00f6r hobbylampor och avancerade professionella LED-l\u00f6sningar.<\/p>","protected":false},"excerpt":{"rendered":"<p>Extremt kraftfull GU10 LED-lampa med fullspektrum vitt v\u00e4xtljus, f\u00f6rbrukar endast 7,5 watt \u2013 h\u00e4r f\u00e5r du en LED-lampa med ett riktigt kraftfullt ljus som enkelt ers\u00e4tter en 50-watts halogenlampa.<\/p>\n<h2><\/h2>\n<p><strong>F\u00f6rpackningen inneh\u00e5ller 10 av v\u00e5ra GU-lampor.\u00a0<\/strong><\/p>","protected":false},"featured_media":54741,"comment_status":"open","ping_status":"closed","template":"","meta":{"_acf_changed":false},"product_brand":[],"product_cat":[235,370,92],"product_tag":[],"class_list":{"0":"post-54744","1":"product","2":"type-product","3":"status-publish","4":"has-post-thumbnail","6":"product_cat-grolys","7":"product_cat-grolys-paere","8":"product_cat-vaekstlys-paerer-lamper","10":"entry","11":"has-media","13":"first","14":"instock","15":"sale","16":"taxable","17":"shipping-taxable","18":"purchasable","19":"product-type-simple","20":"has-product-nav","21":"col","22":"span_1_of_4","23":"owp-content-center","24":"item-entry","25":"owp-thumbs-layout-vertical","26":"owp-btn-normal","27":"owp-tabs-layout-horizontal"},"acf":[],"_links":{"self":[{"href":"https:\/\/plantelys.dk\/sv\/wp-json\/wp\/v2\/product\/54744","targetHints":{"allow":["GET"]}}],"collection":[{"href":"https:\/\/plantelys.dk\/sv\/wp-json\/wp\/v2\/product"}],"about":[{"href":"https:\/\/plantelys.dk\/sv\/wp-json\/wp\/v2\/types\/product"}],"replies":[{"embeddable":true,"href":"https:\/\/plantelys.dk\/sv\/wp-json\/wp\/v2\/comments?post=54744"}],"version-history":[{"count":0,"href":"https:\/\/plantelys.dk\/sv\/wp-json\/wp\/v2\/product\/54744\/revisions"}],"wp:featuredmedia":[{"embeddable":true,"href":"https:\/\/plantelys.dk\/sv\/wp-json\/wp\/v2\/media\/54741"}],"wp:attachment":[{"href":"https:\/\/plantelys.dk\/sv\/wp-json\/wp\/v2\/media?parent=54744"}],"wp:term":[{"taxonomy":"product_brand","embeddable":true,"href":"https:\/\/plantelys.dk\/sv\/wp-json\/wp\/v2\/product_brand?post=54744"},{"taxonomy":"product_cat","embeddable":true,"href":"https:\/\/plantelys.dk\/sv\/wp-json\/wp\/v2\/product_cat?post=54744"},{"taxonomy":"product_tag","embeddable":true,"href":"https:\/\/plantelys.dk\/sv\/wp-json\/wp\/v2\/product_tag?post=54744"}],"curies":[{"name":"wp","href":"https:\/\/api.w.org\/{rel}","templated":true}]}}