{"id":54447,"date":"2025-12-05T13:28:01","date_gmt":"2025-12-05T12:28:01","guid":{"rendered":"https:\/\/plantelys.dk\/?post_type=product&#038;p=54447"},"modified":"2026-04-28T11:25:29","modified_gmt":"2026-04-28T10:25:29","slug":"svart-metallpendel-inkl-gx53-grolys-glodlampor","status":"publish","type":"product","link":"https:\/\/plantelys.dk\/sv\/vare\/sort-metal-pendel-inkl-gx53-grolys-paere\/","title":{"rendered":"Black Metal pendellampa \u2013 inkl. GX53 grov gl\u00f6dlampa"},"content":{"rendered":"<p data-start=\"7632\" data-end=\"8301\">H\u00e4r f\u00e5r du en snygg Capelo taklampa i svart metall med vit tygsladd - en vacker mix av kontrast och minimalism. Samtidigt f\u00e5r du en funktionell grolys-l\u00f6sning, eftersom den levereras med en <strong data-start=\"7850\" data-end=\"7888\">GX53 fullspektrum v\u00e4xtlampa (7W)<\/strong>.<br data-start=\"7889\" data-end=\"7892\" \/>Det vita dagsljusliknande ljuset \u00e4r l\u00e4mpligt f\u00f6r inomhusv\u00e4xter eftersom det st\u00f6der fotosyntesen utan att ge den klassiska odlingsrumslooken. Lampan passar d\u00e4rf\u00f6r perfekt in i moderna hem d\u00e4r man vill att v\u00e4xterna ska vara en naturlig del av rummets uttryck.<br data-start=\"8157\" data-end=\"8160\" \/>Pendeln fungerar bra som en frist\u00e5ende lampa \u00f6ver en utvald grupp v\u00e4xter eller som en del av en st\u00f6rre upps\u00e4ttning med flera pendlar p\u00e5 rad.<\/p>\n<p data-start=\"8303\" data-end=\"8327\"><strong data-start=\"8303\" data-end=\"8325\">Paketet inneh\u00e5ller:<\/strong><\/p>\n<ul data-start=\"8328\" data-end=\"8415\">\n<li data-start=\"8328\" data-end=\"8360\">\n<p data-start=\"8330\" data-end=\"8360\">1 x GX53 grolys-gl\u00f6dlampa (7 W)<\/p>\n<\/li>\n<li data-start=\"8361\" data-end=\"8387\">\n<p data-start=\"8363\" data-end=\"8387\">1 svart metallsk\u00e4rm<\/p>\n<\/li>\n<li data-start=\"8388\" data-end=\"8415\">\n<p data-start=\"8390\" data-end=\"8415\">1 vit tygkabel<\/p>\n<\/li>\n<\/ul>\n<p data-start=\"8417\" data-end=\"8507\"><strong data-start=\"8417\" data-end=\"8428\">Notera:<\/strong><br data-start=\"8428\" data-end=\"8431\" \/>Justera lampans avst\u00e5nd till v\u00e4xterna f\u00f6r att optimera tillv\u00e4xt och ljusintensitet.<\/p>\n<p data-start=\"8509\" data-end=\"8702\"><strong data-start=\"8509\" data-end=\"8540\">Str\u00e5lningsm\u00e4tningar (PPFD):<\/strong><br data-start=\"8540\" data-end=\"8543\" \/>PPFD @ 10 cm: \u2013 \u00b5mol\/m\u00b2\/s<br data-start=\"8572\" data-end=\"8575\" \/>PPFD @ 20 cm: \u2013 \u00b5mol\/m\u00b2\/s<br data-start=\"8604\" data-end=\"8607\" \/>PPFD @ 30 cm: \u2013 \u00b5mol\/m\u00b2\/s<br data-start=\"8636\" data-end=\"8639\" \/>PPFD @ 50 cm: \u2013 \u00b5mol\/m\u00b2\/s<br data-start=\"8668\" data-end=\"8671\" \/>PPFD @ 70 cm: \u2013 \u00b5mol\/m\u00b2\/s<\/p>\n<h3 data-start=\"0\" data-end=\"59\"><strong data-start=\"4\" data-end=\"59\">Vad \u00e4r skillnaden mellan odlingslampor, tillv\u00e4xtlampor och v\u00e4xtlampor?<\/strong><\/h3>\n<p data-start=\"61\" data-end=\"632\" data-is-last-node=\"\" data-is-only-node=\"\"><strong><a href=\"https:\/\/plantelys.dk\/sv\/produktkategori-2\/vaxtljus\/\">V\u00e4xtljus<\/a><\/strong> \u00e4r ett brett, informellt begrepp f\u00f6r all artificiell belysning som anv\u00e4nds f\u00f6r att odla v\u00e4xter inomhus \u2013 oavsett teknik, f\u00e4rgspektrum eller syfte. <a href=\"https:\/\/plantelys.dk\/sv\/produktkategori-2\/vaxtljus-lampor-glodlampor-2\/\"><strong>V\u00e4xa lampor<\/strong><\/a> \u00c5 andra sidan finns det ljus som har utvecklats specifikt f\u00f6r att st\u00f6dja vissa tillv\u00e4xtfaser, s\u00e5som groddning, vegetativ tillv\u00e4xt eller blomning, och som d\u00e4rf\u00f6r ofta har ett mer riktat eller justerbart ljusspektrum. <strong><a href=\"https:\/\/plantelys.dk\/sv\/\">V\u00e4xtbelysning<\/a><\/strong> \u00e4r den allm\u00e4nna tekniska termen som omfattar alla typer av ljusk\u00e4llor som f\u00f6rser v\u00e4xter med de v\u00e5gl\u00e4ngder (dagsljus) som beh\u00f6vs f\u00f6r fotosyntesen, och anv\u00e4nds b\u00e5de f\u00f6r hobbylampor och avancerade professionella LED-l\u00f6sningar.<\/p>","protected":false},"excerpt":{"rendered":"<p data-start=\"4900\" data-end=\"5009\">Elegant svart pendel med vit tygsladd och diskret, effektiv v\u00e4xtbelysning.<\/p>\n<p data-start=\"2180\" data-end=\"2951\">","protected":false},"featured_media":54431,"comment_status":"open","ping_status":"closed","template":"","meta":{"_acf_changed":false},"product_brand":[],"product_cat":[92,235,370,246],"product_tag":[],"class_list":{"0":"post-54447","1":"product","2":"type-product","3":"status-publish","4":"has-post-thumbnail","6":"product_cat-vaekstlys-paerer-lamper","7":"product_cat-grolys","8":"product_cat-grolys-paere","9":"product_cat-plantelys-tilbud","11":"entry","12":"has-media","14":"first","15":"instock","16":"sale","17":"taxable","18":"shipping-taxable","19":"purchasable","20":"product-type-simple","21":"has-product-nav","22":"col","23":"span_1_of_4","24":"owp-content-center","25":"item-entry","26":"owp-thumbs-layout-vertical","27":"owp-btn-normal","28":"owp-tabs-layout-horizontal"},"acf":[],"_links":{"self":[{"href":"https:\/\/plantelys.dk\/sv\/wp-json\/wp\/v2\/product\/54447","targetHints":{"allow":["GET"]}}],"collection":[{"href":"https:\/\/plantelys.dk\/sv\/wp-json\/wp\/v2\/product"}],"about":[{"href":"https:\/\/plantelys.dk\/sv\/wp-json\/wp\/v2\/types\/product"}],"replies":[{"embeddable":true,"href":"https:\/\/plantelys.dk\/sv\/wp-json\/wp\/v2\/comments?post=54447"}],"version-history":[{"count":0,"href":"https:\/\/plantelys.dk\/sv\/wp-json\/wp\/v2\/product\/54447\/revisions"}],"wp:featuredmedia":[{"embeddable":true,"href":"https:\/\/plantelys.dk\/sv\/wp-json\/wp\/v2\/media\/54431"}],"wp:attachment":[{"href":"https:\/\/plantelys.dk\/sv\/wp-json\/wp\/v2\/media?parent=54447"}],"wp:term":[{"taxonomy":"product_brand","embeddable":true,"href":"https:\/\/plantelys.dk\/sv\/wp-json\/wp\/v2\/product_brand?post=54447"},{"taxonomy":"product_cat","embeddable":true,"href":"https:\/\/plantelys.dk\/sv\/wp-json\/wp\/v2\/product_cat?post=54447"},{"taxonomy":"product_tag","embeddable":true,"href":"https:\/\/plantelys.dk\/sv\/wp-json\/wp\/v2\/product_tag?post=54447"}],"curies":[{"name":"wp","href":"https:\/\/api.w.org\/{rel}","templated":true}]}}