{"id":54443,"date":"2025-12-05T13:25:14","date_gmt":"2025-12-05T12:25:14","guid":{"rendered":"https:\/\/plantelys.dk\/?post_type=product&#038;p=54443"},"modified":"2026-04-28T11:06:27","modified_gmt":"2026-04-28T10:06:27","slug":"gul-metallpendellampa-inkl-gx53-grolys-glodlampor","status":"publish","type":"product","link":"https:\/\/plantelys.dk\/sv\/vare\/gul-metal-pendel-inkl-gx53-grolys-paere\/","title":{"rendered":"Gul metallpendellampa \u2013 inkl. GX53 grov gl\u00f6dlampa"},"content":{"rendered":"<p data-start=\"5011\" data-end=\"5709\">Denna gula Capelo-metallpendellampa \u00e4r ett sj\u00e4lvklart val om du vill kombinera ett fr\u00e4scht f\u00e4rguttryck med funktionell belysning. Den gula sk\u00e4rmen skapar v\u00e4rme och personlighet i rummet, medan den medf\u00f6ljande <strong data-start=\"5242\" data-end=\"5277\">GX53 fullspektrumv\u00e4xtlampa (7 W)<\/strong> ger ett naturligt vitt ljus som fr\u00e4mjar dina v\u00e4xters v\u00e4lbefinnande.<br data-start=\"5344\" data-end=\"5347\" \/>Pendeln passar perfekt ovanf\u00f6r en liten bloml\u00e5da, en kryddhylla i k\u00f6ket eller som dekoration i vardagsrummet. Lampan \u00e4r utformad f\u00f6r att simulera dagsljus, vilket g\u00f6r den idealisk f\u00f6r de delar av \u00e5ret d\u00e5 det \u00e4r f\u00e5 soltimmar.<br data-start=\"5569\" data-end=\"5572\" \/>Du f\u00e5r en energieffektiv l\u00f6sning med ett lugnt och hemtrevligt utseende \u2013 och en pendellampa som b\u00e5de dekorerar och g\u00f6r en verklig skillnad f\u00f6r v\u00e4xterna.<\/p>\n<p data-start=\"5711\" data-end=\"5735\"><strong data-start=\"5711\" data-end=\"5733\">Paketet inneh\u00e5ller:<\/strong><\/p>\n<ul data-start=\"5736\" data-end=\"5822\">\n<li data-start=\"5736\" data-end=\"5768\">\n<p data-start=\"5738\" data-end=\"5768\">1 x GX53 grolys-gl\u00f6dlampa (7 W)<\/p>\n<\/li>\n<li data-start=\"5769\" data-end=\"5794\">\n<p data-start=\"5771\" data-end=\"5794\">1 gul metallsk\u00e4rm<\/p>\n<\/li>\n<li data-start=\"5795\" data-end=\"5822\">\n<p data-start=\"5797\" data-end=\"5822\">1 vit tygkabel<\/p>\n<\/li>\n<\/ul>\n<p data-start=\"5824\" data-end=\"5911\"><strong data-start=\"5824\" data-end=\"5835\">Notera:<\/strong><br data-start=\"5835\" data-end=\"5838\" \/>F\u00f6r b\u00e4sta resultat kan lampan h\u00e4ngas n\u00e4rmare v\u00e4xterna under tillv\u00e4xtperioderna.<\/p>\n<p data-start=\"5913\" data-end=\"6106\"><strong data-start=\"5913\" data-end=\"5944\">Str\u00e5lningsm\u00e4tningar (PPFD):<\/strong><br data-start=\"5944\" data-end=\"5947\" \/>PPFD @ 10 cm: \u2013 \u00b5mol\/m\u00b2\/s<br data-start=\"5976\" data-end=\"5979\" \/>PPFD @ 20 cm: \u2013 \u00b5mol\/m\u00b2\/s<br data-start=\"6008\" data-end=\"6011\" \/>PPFD @ 30 cm: \u2013 \u00b5mol\/m\u00b2\/s<br data-start=\"6040\" data-end=\"6043\" \/>PPFD @ 50 cm: \u2013 \u00b5mol\/m\u00b2\/s<br data-start=\"6072\" data-end=\"6075\" \/>PPFD @ 70 cm: \u2013 \u00b5mol\/m\u00b2\/s<\/p>\n<h3 data-start=\"0\" data-end=\"59\"><strong data-start=\"4\" data-end=\"59\">Vad \u00e4r skillnaden mellan odlingslampor, tillv\u00e4xtlampor och v\u00e4xtlampor?<\/strong><\/h3>\n<p data-start=\"61\" data-end=\"632\" data-is-last-node=\"\" data-is-only-node=\"\"><strong><a href=\"https:\/\/plantelys.dk\/sv\/produktkategori-2\/vaxtljus\/\">V\u00e4xtljus<\/a><\/strong> \u00e4r ett brett, informellt begrepp f\u00f6r all artificiell belysning som anv\u00e4nds f\u00f6r att odla v\u00e4xter inomhus \u2013 oavsett teknik, f\u00e4rgspektrum eller syfte. <a href=\"https:\/\/plantelys.dk\/sv\/produktkategori-2\/vaxtljus-lampor-glodlampor-2\/\"><strong>V\u00e4xa lampor<\/strong><\/a> \u00c5 andra sidan finns det ljus som har utvecklats specifikt f\u00f6r att st\u00f6dja vissa tillv\u00e4xtfaser, s\u00e5som groddning, vegetativ tillv\u00e4xt eller blomning, och som d\u00e4rf\u00f6r ofta har ett mer riktat eller justerbart ljusspektrum. <strong><a href=\"https:\/\/plantelys.dk\/sv\/\">V\u00e4xtbelysning<\/a><\/strong> \u00e4r den allm\u00e4nna tekniska termen som omfattar alla typer av ljusk\u00e4llor som f\u00f6rser v\u00e4xter med de v\u00e5gl\u00e4ngder (dagsljus) som beh\u00f6vs f\u00f6r fotosyntesen, och anv\u00e4nds b\u00e5de f\u00f6r hobbylampor och avancerade professionella LED-l\u00f6sningar.<\/p>","protected":false},"excerpt":{"rendered":"<p data-start=\"4900\" data-end=\"5009\">Ljus och energisk gul pendellampa med ett behagligt dagsljusliknande ljus och ett v\u00e4xtv\u00e4nligt fullspektrum.<\/p>\n<p data-start=\"2180\" data-end=\"2951\">","protected":false},"featured_media":54433,"comment_status":"open","ping_status":"closed","template":"","meta":{"_acf_changed":false},"product_brand":[],"product_cat":[92,235,370,246],"product_tag":[],"class_list":{"0":"post-54443","1":"product","2":"type-product","3":"status-publish","4":"has-post-thumbnail","6":"product_cat-vaekstlys-paerer-lamper","7":"product_cat-grolys","8":"product_cat-grolys-paere","9":"product_cat-plantelys-tilbud","11":"entry","12":"has-media","14":"first","15":"instock","16":"sale","17":"taxable","18":"shipping-taxable","19":"purchasable","20":"product-type-simple","21":"has-product-nav","22":"col","23":"span_1_of_4","24":"owp-content-center","25":"item-entry","26":"owp-thumbs-layout-vertical","27":"owp-btn-normal","28":"owp-tabs-layout-horizontal"},"acf":[],"_links":{"self":[{"href":"https:\/\/plantelys.dk\/sv\/wp-json\/wp\/v2\/product\/54443","targetHints":{"allow":["GET"]}}],"collection":[{"href":"https:\/\/plantelys.dk\/sv\/wp-json\/wp\/v2\/product"}],"about":[{"href":"https:\/\/plantelys.dk\/sv\/wp-json\/wp\/v2\/types\/product"}],"replies":[{"embeddable":true,"href":"https:\/\/plantelys.dk\/sv\/wp-json\/wp\/v2\/comments?post=54443"}],"version-history":[{"count":0,"href":"https:\/\/plantelys.dk\/sv\/wp-json\/wp\/v2\/product\/54443\/revisions"}],"wp:featuredmedia":[{"embeddable":true,"href":"https:\/\/plantelys.dk\/sv\/wp-json\/wp\/v2\/media\/54433"}],"wp:attachment":[{"href":"https:\/\/plantelys.dk\/sv\/wp-json\/wp\/v2\/media?parent=54443"}],"wp:term":[{"taxonomy":"product_brand","embeddable":true,"href":"https:\/\/plantelys.dk\/sv\/wp-json\/wp\/v2\/product_brand?post=54443"},{"taxonomy":"product_cat","embeddable":true,"href":"https:\/\/plantelys.dk\/sv\/wp-json\/wp\/v2\/product_cat?post=54443"},{"taxonomy":"product_tag","embeddable":true,"href":"https:\/\/plantelys.dk\/sv\/wp-json\/wp\/v2\/product_tag?post=54443"}],"curies":[{"name":"wp","href":"https:\/\/api.w.org\/{rel}","templated":true}]}}