{"id":54086,"date":"2025-11-25T20:45:45","date_gmt":"2025-11-25T19:45:45","guid":{"rendered":"https:\/\/plantelys.dk\/?post_type=product&#038;p=54086"},"modified":"2026-04-28T11:46:26","modified_gmt":"2026-04-28T10:46:26","slug":"svart-vagglampa-med-odlingsljus-led-paere-dagsljus","status":"publish","type":"product","link":"https:\/\/plantelys.dk\/sv\/vare\/sort-vaeglampe-m-vaekstlys-led-paere-dagslys\/","title":{"rendered":"Svart v\u00e4gglampa med LED-lampa | dagsljus"},"content":{"rendered":"<h2>V\u00e4gglampa i svart metall med tillv\u00e4xtlampa - dagsljus<\/h2>\n<div>V\u00e4gglampan fr\u00e5n capelo \u00e4r en klassisk dansk design med ett modernt uttryck. Denna v\u00e4gglampa <strong>Vit<\/strong><strong>\u00a0<\/strong>capelo v\u00e4gglampa med <strong>Vit sk\u00e4rm<\/strong>, \u00e4r l\u00e4mplig f\u00f6r de flesta rum, men passar s\u00e4rskilt bra som en vacker v\u00e4gglampa som kan monteras ovanf\u00f6r en v\u00e4xt.<\/div>\n<div><\/div>\n<div>\n<h3>Lampdesigner<\/h3>\n<\/div>\n<div>capelo v\u00e4gglampa \u00e4r designad av den v\u00e4lk\u00e4nda arkitekten Flemming Agger, som ocks\u00e5 har designat le klint-lamporna.<\/div>\n<div><\/div>\n<h3>\u00c5tervunnen och \u00e5tervunnen metall<\/h3>\n<div>capelo-lampan \u00e4r gjord av milj\u00f6v\u00e4nligt \u00e5tervunnet j\u00e4rnskrot och f\u00f6rpackat utan anv\u00e4ndning av plast.<\/div>\n<div><\/div>\n<h3>Grolys gl\u00f6dlampa ing\u00e5r vid k\u00f6p av en av v\u00e5ra v\u00e4gglampor<\/h3>\n<div>\n<h3><\/h3>\n<h3>Produktinformation<\/h3>\n<table>\n<tbody>\n<tr>\n<td><\/td>\n<td><\/td>\n<\/tr>\n<tr>\n<td>Typ:<\/td>\n<td>V\u00e4gglampa<\/td>\n<\/tr>\n<tr>\n<td>Form:<\/td>\n<td>V\u00e4ggmonterad armatur<\/td>\n<\/tr>\n<tr>\n<td>Sockel (f\u00e4ste):<\/td>\n<td>E14<\/td>\n<\/tr>\n<tr>\n<td>Sp\u00e4nning (volt):<\/td>\n<td>90-240 VAC<\/td>\n<\/tr>\n<tr>\n<td>Effekt (watt):<\/td>\n<td>40W max<\/td>\n<\/tr>\n<tr>\n<td>Armaturf\u00e4rg:<\/td>\n<td>Svart sk\u00e4rm\/ Svart ram<\/td>\n<\/tr>\n<tr>\n<td>Storlek:<\/td>\n<td>D:150 mm x H:170 mm x ram L: 210 mm<\/td>\n<\/tr>\n<tr>\n<td>Vikt:<\/td>\n<td>600g<\/td>\n<\/tr>\n<tr>\n<td>Installation:<\/td>\n<td>V\u00e4ggmonterad<\/td>\n<\/tr>\n<tr>\n<td>Kabel:<\/td>\n<td>Levereras inte med<\/td>\n<\/tr>\n<tr>\n<td>Material ram:<\/td>\n<td>\u00c5tervunnen metall<\/td>\n<\/tr>\n<tr>\n<td>IP:<\/td>\n<td>20<\/td>\n<\/tr>\n<tr>\n<td>M\u00e4rkning:<\/td>\n<td>CE-godk\u00e4nd<\/td>\n<\/tr>\n<tr>\n<td>Rekommenderad ljusk\u00e4lla:<\/td>\n<td>E14 LED-krona eller reflektorlampa<\/td>\n<\/tr>\n<\/tbody>\n<\/table>\n<\/div>\n<p>&nbsp;<\/p>\n<h3 data-start=\"0\" data-end=\"59\"><strong data-start=\"4\" data-end=\"59\">Vad \u00e4r skillnaden mellan odlingslampor, tillv\u00e4xtlampor och v\u00e4xtlampor?<\/strong><\/h3>\n<p data-start=\"61\" data-end=\"632\" data-is-last-node=\"\" data-is-only-node=\"\"><strong><a href=\"https:\/\/plantelys.dk\/sv\/produktkategori-2\/vaxtljus\/\">V\u00e4xtljus<\/a><\/strong> \u00e4r ett brett, informellt begrepp f\u00f6r all artificiell belysning som anv\u00e4nds f\u00f6r att odla v\u00e4xter inomhus \u2013 oavsett teknik, f\u00e4rgspektrum eller syfte. <a href=\"https:\/\/plantelys.dk\/sv\/produktkategori-2\/vaxtljus-lampor-glodlampor-2\/\"><strong>V\u00e4xa lampor<\/strong><\/a> \u00c5 andra sidan finns det ljus som har utvecklats specifikt f\u00f6r att st\u00f6dja vissa tillv\u00e4xtfaser, s\u00e5som groddning, vegetativ tillv\u00e4xt eller blomning, och som d\u00e4rf\u00f6r ofta har ett mer riktat eller justerbart ljusspektrum. <strong><a href=\"https:\/\/plantelys.dk\/sv\/\">V\u00e4xtbelysning<\/a><\/strong> \u00e4r den allm\u00e4nna tekniska termen som omfattar alla typer av ljusk\u00e4llor som f\u00f6rser v\u00e4xter med de v\u00e5gl\u00e4ngder (dagsljus) som beh\u00f6vs f\u00f6r fotosyntesen, och anv\u00e4nds b\u00e5de f\u00f6r hobbylampor och avancerade professionella LED-l\u00f6sningar.<\/p>","protected":false},"excerpt":{"rendered":"<p><span style=\"color: #ff0000;\"><strong><em>Restlagerf\u00f6rs\u00e4ljning - s\u00e4ljs s\u00e5 l\u00e4nge lagret r\u00e4cker!<\/em><\/strong><\/span><\/p>","protected":false},"featured_media":54085,"comment_status":"open","ping_status":"closed","template":"","meta":{"_acf_changed":false},"product_brand":[],"product_cat":[235,370,246],"product_tag":[],"class_list":{"0":"post-54086","1":"product","2":"type-product","3":"status-publish","4":"has-post-thumbnail","6":"product_cat-grolys","7":"product_cat-grolys-paere","8":"product_cat-plantelys-tilbud","10":"entry","11":"has-media","13":"first","14":"instock","15":"sale","16":"taxable","17":"shipping-taxable","18":"purchasable","19":"product-type-simple","20":"has-product-nav","21":"col","22":"span_1_of_4","23":"owp-content-center","24":"item-entry","25":"owp-thumbs-layout-vertical","26":"owp-btn-normal","27":"owp-tabs-layout-horizontal"},"acf":[],"_links":{"self":[{"href":"https:\/\/plantelys.dk\/sv\/wp-json\/wp\/v2\/product\/54086","targetHints":{"allow":["GET"]}}],"collection":[{"href":"https:\/\/plantelys.dk\/sv\/wp-json\/wp\/v2\/product"}],"about":[{"href":"https:\/\/plantelys.dk\/sv\/wp-json\/wp\/v2\/types\/product"}],"replies":[{"embeddable":true,"href":"https:\/\/plantelys.dk\/sv\/wp-json\/wp\/v2\/comments?post=54086"}],"version-history":[{"count":0,"href":"https:\/\/plantelys.dk\/sv\/wp-json\/wp\/v2\/product\/54086\/revisions"}],"wp:featuredmedia":[{"embeddable":true,"href":"https:\/\/plantelys.dk\/sv\/wp-json\/wp\/v2\/media\/54085"}],"wp:attachment":[{"href":"https:\/\/plantelys.dk\/sv\/wp-json\/wp\/v2\/media?parent=54086"}],"wp:term":[{"taxonomy":"product_brand","embeddable":true,"href":"https:\/\/plantelys.dk\/sv\/wp-json\/wp\/v2\/product_brand?post=54086"},{"taxonomy":"product_cat","embeddable":true,"href":"https:\/\/plantelys.dk\/sv\/wp-json\/wp\/v2\/product_cat?post=54086"},{"taxonomy":"product_tag","embeddable":true,"href":"https:\/\/plantelys.dk\/sv\/wp-json\/wp\/v2\/product_tag?post=54086"}],"curies":[{"name":"wp","href":"https:\/\/api.w.org\/{rel}","templated":true}]}}