{"id":53764,"date":"2025-11-13T16:01:39","date_gmt":"2025-11-13T15:01:39","guid":{"rendered":"https:\/\/plantelys.dk\/?post_type=product&#038;p=53764"},"modified":"2026-04-28T11:42:00","modified_gmt":"2026-04-28T10:42:00","slug":"capelo-vit-vagglampa-med-odlingsljus-led-paere-dagsljus","status":"publish","type":"product","link":"https:\/\/plantelys.dk\/sv\/vare\/capelo-hvid-vaeglampe-m-vaekstlys-led-paere-dagslys\/","title":{"rendered":"Vit v\u00e4gglampa med LED-lampa | dagsljus"},"content":{"rendered":"<h2>V\u00e4gglampa i vit metall med tillv\u00e4xtlampa - dagsljus<\/h2>\n<p>Capelo v\u00e4gglampa i vitt \u00e4r en elegant och funktionell v\u00e4gglampa som kombinerar dansk design med ett ljus som b\u00e5de framh\u00e4ver dina rum och ger dina v\u00e4xter optimala f\u00f6rh\u00e5llanden. Den medf\u00f6ljande odlingslampan p\u00e5 <strong data-start=\"403\" data-end=\"420\">5000K dagsljus<\/strong> ger ett naturligt, neutralt vitt ljus som liknar solljuset en ljus dag. Det g\u00f6r den perfekt f\u00f6r platser d\u00e4r du vill ha b\u00e5de estetisk belysning och effektiv v\u00e4xttillv\u00e4xt.<\/p>\n<div>\n<h2 data-start=\"597\" data-end=\"629\">Arkitektritad dansk design<\/h2>\n<p data-start=\"630\" data-end=\"927\">Lampan \u00e4r designad av arkitekten Flemming Agger, k\u00e4nd f\u00f6r sitt arbete med Le Klint. De rena linjerna och den tidl\u00f6sa designen g\u00f6r Capelo till en lampa som passar in i s\u00e5v\u00e4l moderna som klassiska hem. Den ned\u00e5triktade sk\u00e4rmen ger ett behagligt ljus som kan anv\u00e4ndas b\u00e5de funktionellt och dekorativt.<\/p>\n<h2 data-start=\"929\" data-end=\"967\">Tillverkad av 100 % \u00e5tervunnen metall<\/h2>\n<p data-start=\"968\" data-end=\"1241\">Capelo v\u00e4gglampa \u00e4r tillverkad av \u00e5tervunnet j\u00e4rnskrot, f\u00f6rpackad utan plast och med fokus p\u00e5 att minska milj\u00f6avtrycket. Den robusta konstruktionen och den h\u00f6ga finishen s\u00e4kerst\u00e4ller en l\u00e5ng livsl\u00e4ngd - vilket g\u00f6r den till ett h\u00e5llbart val f\u00f6r dem som vill kombinera design med ansvarsfull produktion.<\/p>\n<h2 data-start=\"1243\" data-end=\"1280\">Vad \u00e4r det som g\u00f6r dagsljus s\u00e5 speciellt?<\/h2>\n<p data-start=\"1281\" data-end=\"1769\">- F\u00e4rgen p\u00e5 det vita ljuset \u00e4r n\u00e4ra naturligt dagsljus, vilket g\u00f6r att f\u00e4rgerna p\u00e5 v\u00e4xter, konst och m\u00f6bler blir mer exakta<br data-start=\"1398\" data-end=\"1401\" \/>- V\u00e4xter trivs i neutralt vitt ljus eftersom det st\u00f6der fotosyntesen utan att f\u00f6rvr\u00e4nga f\u00e4rgerna eller ge ett \u201crosa\u201d utseende p\u00e5 odlingsljuset<br data-start=\"1530\" data-end=\"1533\" \/>- Dagsljusf\u00e4rgen ger ett starkt men behagligt ljus, perfekt f\u00f6r m\u00f6rka h\u00f6rn, kontor, k\u00f6k eller var som helst d\u00e4r du vill ha mer energi i rummet<br data-start=\"1682\" data-end=\"1685\" \/>- Perfekt f\u00f6r att h\u00e5lla krukv\u00e4xterna snygga p\u00e5 vintern eller i rum utan direkt sol<\/p>\n<h2 data-start=\"1771\" data-end=\"1800\">Id\u00e9er f\u00f6r anv\u00e4ndning av lampan<\/h2>\n<h3 data-start=\"1801\" data-end=\"1831\">Lyft fram dina krukv\u00e4xter<\/h3>\n<p data-start=\"1832\" data-end=\"1981\">Montera lampan ovanf\u00f6r en gr\u00f6n v\u00e4xt - t.ex. en spindelv\u00e4xt, monstera eller calathea - s\u00e5 att odlingslampan b\u00e5de ger en sundare tillv\u00e4xt och en fin ljuseffekt p\u00e5 v\u00e4ggen.<\/p>\n<h3 data-start=\"1983\" data-end=\"2012\">Skapa en gr\u00f6n v\u00e4gg med lampor<\/h3>\n<p data-start=\"2013\" data-end=\"2141\">Placera lampan ovanf\u00f6r en hylla med sm\u00e5 blomkrukor eller en v\u00e4xtst\u00e4llning. Dagsljuset f\u00e5r bladen att framst\u00e5 som ljusare och mer levande.<\/p>\n<h3 data-start=\"2143\" data-end=\"2183\">Arbetsbelysning och v\u00e4xtbelysning i ett<\/h3>\n<p data-start=\"2184\" data-end=\"2336\">5000K \u00e4r perfekt f\u00f6r skrivbord d\u00e4r du vill ha ett uppm\u00e4rksamt, energigivande ljus samtidigt som det ger tillr\u00e4ckligt med ljus f\u00f6r dina v\u00e4xter runt sk\u00e4rmen.<\/p>\n<h3 data-start=\"2338\" data-end=\"2365\">Ljus f\u00f6r m\u00f6rka omr\u00e5den<\/h3>\n<p data-start=\"2366\" data-end=\"2483\">Capelo fungerar utm\u00e4rkt i utrymmen som entr\u00e9, badrum eller k\u00e4llare d\u00e4r v\u00e4xter annars skulle ha sv\u00e5rt att trivas.<\/p>\n<h3 data-start=\"2485\" data-end=\"2504\">Mjukt l\u00e4sljus<\/h3>\n<p data-start=\"2505\" data-end=\"2642\">Det ned\u00e5triktade ljuset ger en behaglig zon att l\u00e4sa i - utan bl\u00e4ndning - samtidigt som dagsljuset bidrar till ett mer naturligt rumsklimat.<\/p>\n<h2 data-start=\"2644\" data-end=\"2686\">F\u00f6rdelar med att v\u00e4lja Capelo v\u00e4gglampa<\/h2>\n<p data-start=\"2687\" data-end=\"3122\">- Inkluderad gl\u00f6dlampa i <strong data-start=\"2714\" data-end=\"2731\">5000K dagsljus<\/strong><br data-start=\"2731\" data-end=\"2734\" \/>- Naturligt och neutralt vitt ljus som liknar solljus<br data-start=\"2786\" data-end=\"2789\" \/>- Vacker ljusspridning som framh\u00e4ver v\u00e4xter, hyllor och v\u00e4ggkonst<br data-start=\"2850\" data-end=\"2853\" \/>- Tidl\u00f6s dansk design av Flemming Agger<br data-start=\"2893\" data-end=\"2896\" \/>- Tillverkad av \u00e5tervunnen metall och f\u00f6rpackad utan plast<br data-start=\"2948\" data-end=\"2951\" \/>- Solid kvalitet och l\u00e5ng livsl\u00e4ngd<br data-start=\"2983\" data-end=\"2986\" \/>- Idealisk f\u00f6r b\u00e5de dekorativ belysning och funktionell v\u00e4xtbelysning<br data-start=\"3052\" data-end=\"3055\" \/>- L\u00e4mplig f\u00f6r hemmakontor, vardagsrum, k\u00f6k, hall och v\u00e4xth\u00f6rn<\/p>\n<\/div>\n<div>\n<h3><\/h3>\n<h3>Produktinformation<\/h3>\n<table>\n<tbody>\n<tr>\n<td><\/td>\n<td><\/td>\n<\/tr>\n<tr>\n<td>Typ:<\/td>\n<td>V\u00e4gglampa<\/td>\n<\/tr>\n<tr>\n<td>Form:<\/td>\n<td>V\u00e4ggmonterad armatur<\/td>\n<\/tr>\n<tr>\n<td>Sockel (f\u00e4ste):<\/td>\n<td>E14<\/td>\n<\/tr>\n<tr>\n<td>Sp\u00e4nning (volt):<\/td>\n<td>90-240 VAC<\/td>\n<\/tr>\n<tr>\n<td>Effekt (watt):<\/td>\n<td>40W max<\/td>\n<\/tr>\n<tr>\n<td>Armaturf\u00e4rg:<\/td>\n<td>Vit sk\u00e4rm\/ Vit ram<\/td>\n<\/tr>\n<tr>\n<td>Storlek:<\/td>\n<td>D:150 mm x H:170 mm x ram L: 210 mm<\/td>\n<\/tr>\n<tr>\n<td>Vikt:<\/td>\n<td>600g<\/td>\n<\/tr>\n<tr>\n<td>Installation:<\/td>\n<td>V\u00e4ggmonterad<\/td>\n<\/tr>\n<tr>\n<td>Kabel:<\/td>\n<td>Levereras inte med<\/td>\n<\/tr>\n<tr>\n<td>Material ram:<\/td>\n<td>\u00c5tervunnen metall<\/td>\n<\/tr>\n<tr>\n<td>IP:<\/td>\n<td>20<\/td>\n<\/tr>\n<tr>\n<td>M\u00e4rkning:<\/td>\n<td>CE-godk\u00e4nd<\/td>\n<\/tr>\n<tr>\n<td>Rekommenderad ljusk\u00e4lla:<\/td>\n<td>E14 LED-krona eller reflektorlampa<\/td>\n<\/tr>\n<\/tbody>\n<\/table>\n<\/div>\n<p>&nbsp;<\/p>\n<h3 data-start=\"0\" data-end=\"59\"><strong data-start=\"4\" data-end=\"59\">Vad \u00e4r skillnaden mellan odlingslampor, tillv\u00e4xtlampor och v\u00e4xtlampor?<\/strong><\/h3>\n<p data-start=\"61\" data-end=\"632\" data-is-last-node=\"\" data-is-only-node=\"\"><strong><a href=\"https:\/\/plantelys.dk\/sv\/produktkategori-2\/vaxtljus\/\">V\u00e4xtljus<\/a><\/strong> \u00e4r ett brett, informellt begrepp f\u00f6r all artificiell belysning som anv\u00e4nds f\u00f6r att odla v\u00e4xter inomhus \u2013 oavsett teknik, f\u00e4rgspektrum eller syfte. <a href=\"https:\/\/plantelys.dk\/sv\/produktkategori-2\/vaxtljus-lampor-glodlampor-2\/\"><strong>V\u00e4xa lampor<\/strong><\/a> \u00c5 andra sidan finns det ljus som har utvecklats specifikt f\u00f6r att st\u00f6dja vissa tillv\u00e4xtfaser, s\u00e5som groddning, vegetativ tillv\u00e4xt eller blomning, och som d\u00e4rf\u00f6r ofta har ett mer riktat eller justerbart ljusspektrum. <strong><a href=\"https:\/\/plantelys.dk\/sv\/\">V\u00e4xtbelysning<\/a><\/strong> \u00e4r den allm\u00e4nna tekniska termen som omfattar alla typer av ljusk\u00e4llor som f\u00f6rser v\u00e4xter med de v\u00e5gl\u00e4ngder (dagsljus) som beh\u00f6vs f\u00f6r fotosyntesen, och anv\u00e4nds b\u00e5de f\u00f6r hobbylampor och avancerade professionella LED-l\u00f6sningar.<\/p>\n<div><\/div>","protected":false},"excerpt":{"rendered":"<p><span style=\"color: #ff0000;\"><strong><em>Restlagerf\u00f6rs\u00e4ljning - s\u00e4ljs s\u00e5 l\u00e4nge lagret r\u00e4cker!<\/em><\/strong><\/span><\/p>","protected":false},"featured_media":53765,"comment_status":"open","ping_status":"closed","template":"","meta":{"_acf_changed":false},"product_brand":[],"product_cat":[235,370,246],"product_tag":[],"class_list":{"0":"post-53764","1":"product","2":"type-product","3":"status-publish","4":"has-post-thumbnail","6":"product_cat-grolys","7":"product_cat-grolys-paere","8":"product_cat-plantelys-tilbud","10":"entry","11":"has-media","13":"first","14":"instock","15":"sale","16":"taxable","17":"shipping-taxable","18":"purchasable","19":"product-type-simple","20":"has-product-nav","21":"col","22":"span_1_of_4","23":"owp-content-center","24":"item-entry","25":"owp-thumbs-layout-vertical","26":"owp-btn-normal","27":"owp-tabs-layout-horizontal"},"acf":[],"_links":{"self":[{"href":"https:\/\/plantelys.dk\/sv\/wp-json\/wp\/v2\/product\/53764","targetHints":{"allow":["GET"]}}],"collection":[{"href":"https:\/\/plantelys.dk\/sv\/wp-json\/wp\/v2\/product"}],"about":[{"href":"https:\/\/plantelys.dk\/sv\/wp-json\/wp\/v2\/types\/product"}],"replies":[{"embeddable":true,"href":"https:\/\/plantelys.dk\/sv\/wp-json\/wp\/v2\/comments?post=53764"}],"version-history":[{"count":0,"href":"https:\/\/plantelys.dk\/sv\/wp-json\/wp\/v2\/product\/53764\/revisions"}],"wp:featuredmedia":[{"embeddable":true,"href":"https:\/\/plantelys.dk\/sv\/wp-json\/wp\/v2\/media\/53765"}],"wp:attachment":[{"href":"https:\/\/plantelys.dk\/sv\/wp-json\/wp\/v2\/media?parent=53764"}],"wp:term":[{"taxonomy":"product_brand","embeddable":true,"href":"https:\/\/plantelys.dk\/sv\/wp-json\/wp\/v2\/product_brand?post=53764"},{"taxonomy":"product_cat","embeddable":true,"href":"https:\/\/plantelys.dk\/sv\/wp-json\/wp\/v2\/product_cat?post=53764"},{"taxonomy":"product_tag","embeddable":true,"href":"https:\/\/plantelys.dk\/sv\/wp-json\/wp\/v2\/product_tag?post=53764"}],"curies":[{"name":"wp","href":"https:\/\/api.w.org\/{rel}","templated":true}]}}