{"id":53333,"date":"2025-10-20T13:38:27","date_gmt":"2025-10-20T12:38:27","guid":{"rendered":"https:\/\/plantelys.dk\/?post_type=product&#038;p=53333"},"modified":"2025-11-19T11:59:04","modified_gmt":"2025-11-19T10:59:04","slug":"led-3-fas-spaarspotlight-40w-3000k-svart","status":"publish","type":"product","link":"https:\/\/plantelys.dk\/sv\/vare\/led-3-faset-skinnespot-40w-3000k-sort\/","title":{"rendered":"LED 3-fas spottljus 40W 3000K Svart"},"content":{"rendered":"<h3 data-start=\"351\" data-end=\"440\"><strong data-start=\"355\" data-end=\"440\">LED 3-fas spottljus 40 W 3000 K svart \u2013 Effektiv belysning f\u00f6r h\u00f6ga v\u00e4xter<\/strong><\/h3>\n<p data-start=\"442\" data-end=\"825\">Denna eleganta <strong data-start=\"457\" data-end=\"492\">svarta LED-spotlights, 40 watt<\/strong> kombinerar h\u00f6g prestanda med modern design och \u00e4r idealisk f\u00f6r anv\u00e4ndning som <strong data-start=\"560\" data-end=\"579\">v\u00e4xtbelysning<\/strong> i b\u00e5de privata och professionella milj\u00f6er. Den ger ett kraftfullt, naturligt ljus som framh\u00e4ver v\u00e4xternas f\u00e4rger och fr\u00e4mjar en sund tillv\u00e4xt \u2013 perfekt f\u00f6r <strong data-start=\"737\" data-end=\"791\">h\u00f6ga v\u00e4xter, v\u00e4xtv\u00e4ggar och gr\u00f6na installationer<\/strong> i ditt hem, v\u00e4xthus eller showroom.<\/p>\n<p data-start=\"827\" data-end=\"1147\">I reklamen anv\u00e4nds en <strong data-start=\"847\" data-end=\"875\">Philips COB LED-ljusk\u00e4lla<\/strong> och en integrerad <strong data-start=\"893\" data-end=\"911\">Philips-drivrutin<\/strong>, vilket garanterar maximal drifts\u00e4kerhet, l\u00e5ng livsl\u00e4ngd och en <strong data-start=\"969\" data-end=\"988\">flimmerfritt ljus<\/strong>. Med en <strong data-start=\"997\" data-end=\"1040\">f\u00e4rgtemperatur p\u00e5 4000 K (neutralt vitt)<\/strong> ger en balanserad belysning som \u00e4r l\u00e4mplig f\u00f6r v\u00e4xternas tillv\u00e4xt och skapar en behaglig belysningsmilj\u00f6 i rummet.<\/p>\n<p data-start=\"1149\" data-end=\"1369\">De <strong data-start=\"1153\" data-end=\"1173\">36\u00b0 str\u00e5lvinkel<\/strong> ger ett precist och fokuserat ljus som g\u00f6r det enkelt att belysa specifika omr\u00e5den \u2013 t.ex. h\u00f6ga golvv\u00e4xter, v\u00e4xtzoner eller utst\u00e4llningsytor d\u00e4r b\u00e5de estetik och funktion \u00e4r \u00f6nskv\u00e4rda.<\/p>\n<p data-start=\"1371\" data-end=\"1723\">Spotlighten \u00e4r l\u00e4tt att montera p\u00e5 <strong data-start=\"1396\" data-end=\"1419\">3-fas samlingsskenor<\/strong>, s\u00e5 att du fritt kan justera och flytta belysningen efter behov. Kombinationen av <strong data-start=\"1496\" data-end=\"1526\">h\u00f6g f\u00e4rg\u00e5tergivning (Ra90)<\/strong> och <strong data-start=\"1530\" data-end=\"1554\">4000 lumen ljusstyrka<\/strong> vilket g\u00f6r den idealisk f\u00f6r v\u00e4xt\u00e4lskare, inredningsarkitekter och professionella installat\u00f6rer som vill ha effektiv och flexibel v\u00e4xtbelysning i en elegant svart design.<\/p>\n<h4 data-start=\"1730\" data-end=\"1788\">\ud83c\udf3f <strong data-start=\"1738\" data-end=\"1788\">F\u00f6rdelar med LED-3-fas-sp\u00e5rspotlights f\u00f6r v\u00e4xter<\/strong><\/h4>\n<ul data-start=\"1789\" data-end=\"2090\">\n<li data-start=\"1789\" data-end=\"1857\">\n<p data-start=\"1791\" data-end=\"1857\">Naturligt ljus (4000K) \u2013 perfekt f\u00f6r gr\u00f6na v\u00e4xter och odlingszoner<\/p>\n<\/li>\n<li data-start=\"1858\" data-end=\"1893\">\n<p data-start=\"1860\" data-end=\"1893\">Kraftfull ljusstyrka p\u00e5 4000 lumen<\/p>\n<\/li>\n<li data-start=\"1894\" data-end=\"1936\">\n<p data-start=\"1896\" data-end=\"1936\">Flimmerfritt ljus med Philips LED-drivdon<\/p>\n<\/li>\n<li data-start=\"1937\" data-end=\"1978\">\n<p data-start=\"1939\" data-end=\"1978\">Perfekt f\u00f6r h\u00f6ga v\u00e4xter och v\u00e4xtv\u00e4ggar<\/p>\n<\/li>\n<li data-start=\"1979\" data-end=\"2014\">\n<p data-start=\"1981\" data-end=\"2014\">Enkel montering p\u00e5 3-fas skenor<\/p>\n<\/li>\n<li data-start=\"2015\" data-end=\"2090\">\n<p data-start=\"2017\" data-end=\"2090\">Elegant svart design som passar in i b\u00e5de moderna och klassiska milj\u00f6er<\/p>\n<\/li>\n<\/ul>\n<h4 data-start=\"2097\" data-end=\"2130\"><strong data-start=\"2102\" data-end=\"2130\">Tekniska specifikationer<\/strong><\/h4>\n<div class=\"_tableContainer_1rjym_1\">\n<div class=\"group _tableWrapper_1rjym_13 flex w-fit flex-col-reverse\" tabindex=\"-1\">\n<table class=\"w-fit min-w-(--thread-content-width)\" data-start=\"2131\" data-end=\"2515\">\n<thead data-start=\"2131\" data-end=\"2151\">\n<tr data-start=\"2131\" data-end=\"2151\">\n<th data-start=\"2131\" data-end=\"2142\" data-col-size=\"sm\">Karakteristisk<\/th>\n<th data-start=\"2142\" data-end=\"2151\" data-col-size=\"sm\">V\u00e4rde<\/th>\n<\/tr>\n<\/thead>\n<tbody data-start=\"2175\" data-end=\"2515\">\n<tr data-start=\"2175\" data-end=\"2193\">\n<td data-start=\"2175\" data-end=\"2185\" data-col-size=\"sm\">Konsumtion<\/td>\n<td data-start=\"2185\" data-end=\"2193\" data-col-size=\"sm\">40 W<\/td>\n<\/tr>\n<tr data-start=\"2194\" data-end=\"2219\">\n<td data-start=\"2194\" data-end=\"2213\" data-col-size=\"sm\">Socket \/ Socket<\/td>\n<td data-start=\"2213\" data-end=\"2219\" data-col-size=\"sm\">3F<\/td>\n<\/tr>\n<tr data-start=\"2220\" data-end=\"2255\">\n<td data-start=\"2220\" data-end=\"2231\" data-col-size=\"sm\">Ljus f\u00e4rg<\/td>\n<td data-start=\"2231\" data-end=\"2255\" data-col-size=\"sm\">3000K (neutral svart)<\/td>\n<\/tr>\n<tr data-start=\"2256\" data-end=\"2291\">\n<td data-start=\"2256\" data-end=\"2280\" data-col-size=\"sm\">F\u00e4rg\u00e5tergivning (CRI)<\/td>\n<td data-start=\"2280\" data-end=\"2291\" data-col-size=\"sm\">Ra \u2265 90<\/td>\n<\/tr>\n<tr data-start=\"2292\" data-end=\"2314\">\n<td data-start=\"2292\" data-end=\"2303\" data-col-size=\"sm\">Ljusfl\u00f6de<\/td>\n<td data-start=\"2303\" data-end=\"2314\" data-col-size=\"sm\">3000 lm<\/td>\n<\/tr>\n<tr data-start=\"2315\" data-end=\"2341\">\n<td data-start=\"2315\" data-end=\"2326\" data-col-size=\"sm\">sp\u00e4nning<\/td>\n<td data-start=\"2326\" data-end=\"2341\" data-col-size=\"sm\">200\u2013240 V v\u00e4xelstr\u00f6m<\/td>\n<\/tr>\n<tr data-start=\"2342\" data-end=\"2359\">\n<td data-start=\"2342\" data-end=\"2352\" data-col-size=\"sm\">Dimbar<\/td>\n<td data-start=\"2352\" data-end=\"2359\" data-col-size=\"sm\">Nej<\/td>\n<\/tr>\n<tr data-start=\"2360\" data-end=\"2387\">\n<td data-start=\"2360\" data-end=\"2380\" data-col-size=\"sm\">Str\u00e5lningsvinkel<\/td>\n<td data-start=\"2380\" data-end=\"2387\" data-col-size=\"sm\">36\u00b0<\/td>\n<\/tr>\n<tr data-start=\"2388\" data-end=\"2408\">\n<td data-start=\"2388\" data-end=\"2403\" data-col-size=\"sm\">Energiklass<\/td>\n<td data-start=\"2403\" data-end=\"2408\" data-col-size=\"sm\">D<\/td>\n<\/tr>\n<tr data-start=\"2409\" data-end=\"2429\">\n<td data-start=\"2409\" data-end=\"2420\" data-col-size=\"sm\">Diameter<\/td>\n<td data-start=\"2420\" data-end=\"2429\" data-col-size=\"sm\">80 mm<\/td>\n<\/tr>\n<tr data-start=\"2430\" data-end=\"2449\">\n<td data-start=\"2430\" data-end=\"2439\" data-col-size=\"sm\">L\u00e4ngd<\/td>\n<td data-start=\"2439\" data-end=\"2449\" data-col-size=\"sm\">155 mm<\/td>\n<\/tr>\n<tr data-start=\"2450\" data-end=\"2467\">\n<td data-start=\"2450\" data-end=\"2459\" data-col-size=\"sm\">Densitet<\/td>\n<td data-start=\"2459\" data-end=\"2467\" data-col-size=\"sm\">IP20<\/td>\n<\/tr>\n<tr data-start=\"2468\" data-end=\"2488\">\n<td data-start=\"2468\" data-end=\"2478\" data-col-size=\"sm\">MacAdam<\/td>\n<td data-start=\"2478\" data-end=\"2488\" data-col-size=\"sm\">3 SDCM<\/td>\n<\/tr>\n<tr data-start=\"2489\" data-end=\"2515\">\n<td data-start=\"2489\" data-end=\"2507\" data-col-size=\"sm\">Livstidsgaranti<\/td>\n<td data-start=\"2507\" data-end=\"2515\" data-col-size=\"sm\">2 \u00e5r<\/td>\n<\/tr>\n<\/tbody>\n<\/table>\n<p>&nbsp;<\/p>\n<\/div>\n<hr \/>\n<h3 data-start=\"0\" data-end=\"59\"><strong data-start=\"4\" data-end=\"59\">Vad \u00e4r skillnaden mellan odlingslampor, tillv\u00e4xtlampor och v\u00e4xtlampor?<\/strong><\/h3>\n<p data-start=\"61\" data-end=\"632\" data-is-last-node=\"\" data-is-only-node=\"\"><strong><a href=\"https:\/\/plantelys.dk\/sv\/produktkategori-2\/vaxtljus\/\">V\u00e4xtljus<\/a><\/strong> \u00e4r ett brett, informellt begrepp f\u00f6r all artificiell belysning som anv\u00e4nds f\u00f6r att odla v\u00e4xter inomhus \u2013 oavsett teknik, f\u00e4rgspektrum eller syfte. <a href=\"https:\/\/plantelys.dk\/sv\/produktkategori-2\/vaxtljus-lampor-glodlampor-2\/\"><strong>V\u00e4xa lampor<\/strong><\/a> \u00c5 andra sidan finns det ljus som har utvecklats specifikt f\u00f6r att st\u00f6dja vissa tillv\u00e4xtfaser, s\u00e5som groddning, vegetativ tillv\u00e4xt eller blomning, och som d\u00e4rf\u00f6r ofta har ett mer riktat eller justerbart ljusspektrum. <strong><a href=\"https:\/\/plantelys.dk\/sv\/\">V\u00e4xtbelysning<\/a><\/strong> \u00e4r den allm\u00e4nna tekniska termen som omfattar alla typer av ljusk\u00e4llor som f\u00f6rser v\u00e4xter med de v\u00e5gl\u00e4ngder (dagsljus) som beh\u00f6vs f\u00f6r fotosyntesen, och anv\u00e4nds b\u00e5de f\u00f6r hobbylampor och avancerade professionella LED-l\u00f6sningar.<\/p>\n<\/div>","protected":false},"excerpt":{"rendered":"<p data-start=\"161\" data-end=\"532\"><strong data-start=\"161\" data-end=\"197\">LED COB 3-fas v\u00e4xtbelysning<\/strong> \u00e4r en elegant och kraftfull belysningsl\u00f6sning som \u00e4r utformad f\u00f6r att framh\u00e4va och f\u00f6rb\u00e4ttra tillv\u00e4xten hos b\u00e5de h\u00f6ga och kortare v\u00e4xter. Med avancerad <strong data-start=\"333\" data-end=\"354\">COB LED-teknik<\/strong> och en specialutvecklad drivrutin ger lampan ett j\u00e4mnt, flimmerfritt ljus med ett naturligt f\u00e4rgspektrum som st\u00f6djer fotosyntesen och s\u00e4kerst\u00e4ller friska, gr\u00f6na v\u00e4xter \u00e5ret runt.<\/p>\n<p data-start=\"534\" data-end=\"761\">Med en <strong data-start=\"541\" data-end=\"564\">str\u00e5lvinkel p\u00e5 36\u00b0<\/strong> Du f\u00e5r precis och fokuserad belysning, vilket g\u00f6r den idealisk f\u00f6r anv\u00e4ndning i v\u00e4xthus, utst\u00e4llningsmilj\u00f6er, showrooms eller i hemmet \u2013 s\u00e4rskilt d\u00e4r extra ljus beh\u00f6vs f\u00f6r h\u00f6ga v\u00e4xter eller v\u00e4xtv\u00e4ggar.<\/p>\n<p data-start=\"763\" data-end=\"1047\">Spotlighten \u00e4r l\u00e4tt att montera p\u00e5 <strong data-start=\"788\" data-end=\"811\">3-fas samlingsskenor<\/strong>, vilket g\u00f6r det enkelt att justera och flytta belysningen efter behov. Stabil och energieffektiv drift garanterar l\u00e5ng livsl\u00e4ngd och ljusstyrka som uppfyller de h\u00f6ga krav som proffs och v\u00e4xtentusiaster f\u00f6rv\u00e4ntar sig av SunFlux.<\/p>","protected":false},"featured_media":53329,"comment_status":"open","ping_status":"closed","template":"","meta":{"_acf_changed":false},"product_brand":[],"product_cat":[235,372],"product_tag":[371],"class_list":{"0":"post-53333","1":"product","2":"type-product","3":"status-publish","4":"has-post-thumbnail","6":"product_cat-grolys","7":"product_cat-grolys-spots","8":"product_tag-plantespots","10":"entry","11":"has-media","13":"first","14":"instock","15":"taxable","16":"shipping-taxable","17":"purchasable","18":"product-type-simple","19":"has-product-nav","20":"col","21":"span_1_of_4","22":"owp-content-center","23":"item-entry","24":"owp-thumbs-layout-vertical","25":"owp-btn-normal","26":"owp-tabs-layout-horizontal"},"acf":[],"_links":{"self":[{"href":"https:\/\/plantelys.dk\/sv\/wp-json\/wp\/v2\/product\/53333","targetHints":{"allow":["GET"]}}],"collection":[{"href":"https:\/\/plantelys.dk\/sv\/wp-json\/wp\/v2\/product"}],"about":[{"href":"https:\/\/plantelys.dk\/sv\/wp-json\/wp\/v2\/types\/product"}],"replies":[{"embeddable":true,"href":"https:\/\/plantelys.dk\/sv\/wp-json\/wp\/v2\/comments?post=53333"}],"version-history":[{"count":0,"href":"https:\/\/plantelys.dk\/sv\/wp-json\/wp\/v2\/product\/53333\/revisions"}],"wp:featuredmedia":[{"embeddable":true,"href":"https:\/\/plantelys.dk\/sv\/wp-json\/wp\/v2\/media\/53329"}],"wp:attachment":[{"href":"https:\/\/plantelys.dk\/sv\/wp-json\/wp\/v2\/media?parent=53333"}],"wp:term":[{"taxonomy":"product_brand","embeddable":true,"href":"https:\/\/plantelys.dk\/sv\/wp-json\/wp\/v2\/product_brand?post=53333"},{"taxonomy":"product_cat","embeddable":true,"href":"https:\/\/plantelys.dk\/sv\/wp-json\/wp\/v2\/product_cat?post=53333"},{"taxonomy":"product_tag","embeddable":true,"href":"https:\/\/plantelys.dk\/sv\/wp-json\/wp\/v2\/product_tag?post=53333"}],"curies":[{"name":"wp","href":"https:\/\/api.w.org\/{rel}","templated":true}]}}