{"id":53315,"date":"2025-10-20T11:08:03","date_gmt":"2025-10-20T10:08:03","guid":{"rendered":"https:\/\/plantelys.dk\/?post_type=product&#038;p=53315"},"modified":"2026-05-08T12:36:35","modified_gmt":"2026-05-08T11:36:35","slug":"led-3-fas-track-spot-40w-4000k-vit","status":"publish","type":"product","link":"https:\/\/plantelys.dk\/sv\/vare\/led-3-faset-skinnespot-40w-4000k-hvid\/","title":{"rendered":"3F v\u00e4xtlampa spotlight 40W | 4000K | Vit"},"content":{"rendered":"<h3 data-start=\"271\" data-end=\"344\"><strong data-start=\"275\" data-end=\"344\">LED 3-fas Track Spot 40W 4000K Vit - Idealisk f\u00f6r v\u00e4xtbelysning<\/strong><\/h3>\n<p data-start=\"346\" data-end=\"576\">Denna kraftfulla <strong data-start=\"361\" data-end=\"390\">40 watt LED-spotlight f\u00f6r str\u00f6mskenor<\/strong> \u00e4r utformad med fokus p\u00e5 b\u00e5de effektivitet och precision - och l\u00e4mpar sig s\u00e4rskilt v\u00e4l f\u00f6r <strong data-start=\"479\" data-end=\"498\">v\u00e4xtbelysning<\/strong>, d\u00e4r h\u00f6g ljusstyrka och korrekt f\u00e4rg\u00e5tergivning \u00e4r avg\u00f6rande f\u00f6r en sund tillv\u00e4xt.<\/p>\n<p data-start=\"578\" data-end=\"890\">I reklamen anv\u00e4nds en <strong data-start=\"598\" data-end=\"626\">Philips COB LED-ljusk\u00e4lla<\/strong> och en integrerad <strong data-start=\"644\" data-end=\"662\">Philips-drivrutin<\/strong>, vilket garanterar h\u00f6g tillf\u00f6rlitlighet och ett stabilt, flimmerfritt ljus. Med en <strong data-start=\"734\" data-end=\"762\">F\u00e4rgtemperatur p\u00e5 4000K<\/strong> (neutral white) ger v\u00e4xterna ett naturligt och balanserat ljus som fr\u00e4mjar tillv\u00e4xten utan att f\u00f6rvr\u00e4nga f\u00e4rgerna i omgivningen.<\/p>\n<p data-start=\"892\" data-end=\"1144\">De <strong data-start=\"896\" data-end=\"916\">36\u00b0 str\u00e5lvinkel<\/strong> vilket g\u00f6r den perfekt f\u00f6r att lysa upp <strong data-start=\"947\" data-end=\"1003\">h\u00f6gre v\u00e4xter, v\u00e4xtv\u00e4ggar eller specifika omr\u00e5den<\/strong> i v\u00e4xthus, vintertr\u00e4dg\u00e5rdar eller planteringar d\u00e4r du vill framh\u00e4va gr\u00f6na detaljer eller ge extra ljus till ljuskr\u00e4vande arter.<\/p>\n<p data-start=\"1146\" data-end=\"1466\">Spotlighten \u00e4r l\u00e4tt att montera p\u00e5 <strong data-start=\"1171\" data-end=\"1194\">3-fas samlingsskenor<\/strong>, ger dig flexibiliteten att justera vinklar och positionering i takt med att dina plantor v\u00e4xer. Kombinationen av h\u00f6g <strong data-start=\"1316\" data-end=\"1330\">CRI (Ra90)<\/strong> och <strong data-start=\"1334\" data-end=\"1348\">4000 lumen<\/strong> ljusstyrkan g\u00f6r den idealisk f\u00f6r b\u00e5de professionell anv\u00e4ndning och f\u00f6r entusiasten som vill ge sina v\u00e4xter de b\u00e4sta f\u00f6ruts\u00e4ttningarna.<\/p>\n<h4 data-start=\"1473\" data-end=\"1506\"><strong data-start=\"1478\" data-end=\"1506\">Tekniska specifikationer<\/strong><\/h4>\n<div class=\"_tableContainer_1rjym_1\">\n<div class=\"group _tableWrapper_1rjym_13 flex w-fit flex-col-reverse\" tabindex=\"-1\">\n<table class=\"w-fit min-w-(--thread-content-width)\" data-start=\"1507\" data-end=\"1891\">\n<thead data-start=\"1507\" data-end=\"1527\">\n<tr data-start=\"1507\" data-end=\"1527\">\n<th data-start=\"1507\" data-end=\"1518\" data-col-size=\"sm\">Karakteristisk<\/th>\n<th data-start=\"1518\" data-end=\"1527\" data-col-size=\"sm\">V\u00e4rde<\/th>\n<\/tr>\n<\/thead>\n<tbody data-start=\"1551\" data-end=\"1891\">\n<tr data-start=\"1551\" data-end=\"1569\">\n<td data-start=\"1551\" data-end=\"1561\" data-col-size=\"sm\">Konsumtion<\/td>\n<td data-col-size=\"sm\" data-start=\"1561\" data-end=\"1569\">40 W<\/td>\n<\/tr>\n<tr data-start=\"1570\" data-end=\"1595\">\n<td data-start=\"1570\" data-end=\"1589\" data-col-size=\"sm\">Socket \/ Socket<\/td>\n<td data-col-size=\"sm\" data-start=\"1589\" data-end=\"1595\">3F<\/td>\n<\/tr>\n<tr data-start=\"1596\" data-end=\"1631\">\n<td data-start=\"1596\" data-end=\"1607\" data-col-size=\"sm\">Ljus f\u00e4rg<\/td>\n<td data-col-size=\"sm\" data-start=\"1607\" data-end=\"1631\">4000K (neutralt vitt)<\/td>\n<\/tr>\n<tr data-start=\"1632\" data-end=\"1667\">\n<td data-start=\"1632\" data-end=\"1656\" data-col-size=\"sm\">F\u00e4rg\u00e5tergivning (CRI)<\/td>\n<td data-col-size=\"sm\" data-start=\"1656\" data-end=\"1667\">Ra \u2265 90<\/td>\n<\/tr>\n<tr data-start=\"1668\" data-end=\"1690\">\n<td data-start=\"1668\" data-end=\"1679\" data-col-size=\"sm\">Ljusfl\u00f6de<\/td>\n<td data-col-size=\"sm\" data-start=\"1679\" data-end=\"1690\">4000 lm<\/td>\n<\/tr>\n<tr data-start=\"1691\" data-end=\"1717\">\n<td data-start=\"1691\" data-end=\"1702\" data-col-size=\"sm\">sp\u00e4nning<\/td>\n<td data-col-size=\"sm\" data-start=\"1702\" data-end=\"1717\">200\u2013240 V v\u00e4xelstr\u00f6m<\/td>\n<\/tr>\n<tr data-start=\"1718\" data-end=\"1735\">\n<td data-start=\"1718\" data-end=\"1728\" data-col-size=\"sm\">Dimbar<\/td>\n<td data-col-size=\"sm\" data-start=\"1728\" data-end=\"1735\">Nej<\/td>\n<\/tr>\n<tr data-start=\"1736\" data-end=\"1763\">\n<td data-start=\"1736\" data-end=\"1756\" data-col-size=\"sm\">Str\u00e5lningsvinkel<\/td>\n<td data-col-size=\"sm\" data-start=\"1756\" data-end=\"1763\">36\u00b0<\/td>\n<\/tr>\n<tr data-start=\"1764\" data-end=\"1784\">\n<td data-start=\"1764\" data-end=\"1779\" data-col-size=\"sm\">Energiklass<\/td>\n<td data-col-size=\"sm\" data-start=\"1779\" data-end=\"1784\">D<\/td>\n<\/tr>\n<tr data-start=\"1785\" data-end=\"1805\">\n<td data-start=\"1785\" data-end=\"1796\" data-col-size=\"sm\">Diameter<\/td>\n<td data-col-size=\"sm\" data-start=\"1796\" data-end=\"1805\">80 mm<\/td>\n<\/tr>\n<tr data-start=\"1806\" data-end=\"1825\">\n<td data-start=\"1806\" data-end=\"1815\" data-col-size=\"sm\">L\u00e4ngd<\/td>\n<td data-col-size=\"sm\" data-start=\"1815\" data-end=\"1825\">155 mm<\/td>\n<\/tr>\n<tr data-start=\"1826\" data-end=\"1843\">\n<td data-start=\"1826\" data-end=\"1835\" data-col-size=\"sm\">Densitet<\/td>\n<td data-col-size=\"sm\" data-start=\"1835\" data-end=\"1843\">IP20<\/td>\n<\/tr>\n<tr data-start=\"1844\" data-end=\"1864\">\n<td data-start=\"1844\" data-end=\"1854\" data-col-size=\"sm\">MacAdam<\/td>\n<td data-col-size=\"sm\" data-start=\"1854\" data-end=\"1864\">3 SDCM<\/td>\n<\/tr>\n<tr data-start=\"1865\" data-end=\"1891\">\n<td data-start=\"1865\" data-end=\"1883\" data-col-size=\"sm\">Livstidsgaranti<\/td>\n<td data-col-size=\"sm\" data-start=\"1883\" data-end=\"1891\">2 \u00e5r<\/td>\n<\/tr>\n<\/tbody>\n<\/table>\n<\/div>\n<\/div>\n<p>&nbsp;<\/p>\n<div class=\"_tableContainer_1rjym_1\">\n<hr \/>\n<h3 data-start=\"0\" data-end=\"59\"><strong data-start=\"4\" data-end=\"59\">Vad \u00e4r skillnaden mellan odlingslampor, tillv\u00e4xtlampor och v\u00e4xtlampor?<\/strong><\/h3>\n<p data-start=\"61\" data-end=\"632\" data-is-last-node=\"\" data-is-only-node=\"\"><strong><a href=\"https:\/\/plantelys.dk\/sv\/produktkategori-2\/vaxtljus\/\">V\u00e4xtljus<\/a><\/strong> \u00e4r ett brett, informellt begrepp f\u00f6r all artificiell belysning som anv\u00e4nds f\u00f6r att odla v\u00e4xter inomhus \u2013 oavsett teknik, f\u00e4rgspektrum eller syfte. <a href=\"https:\/\/plantelys.dk\/sv\/produktkategori-2\/vaxtljus-lampor-glodlampor-2\/\"><strong>V\u00e4xa lampor<\/strong><\/a> \u00c5 andra sidan finns det ljus som har utvecklats specifikt f\u00f6r att st\u00f6dja vissa tillv\u00e4xtfaser, s\u00e5som groddning, vegetativ tillv\u00e4xt eller blomning, och som d\u00e4rf\u00f6r ofta har ett mer riktat eller justerbart ljusspektrum. <strong><a href=\"https:\/\/plantelys.dk\/sv\/\">V\u00e4xtbelysning<\/a><\/strong> \u00e4r den allm\u00e4nna tekniska termen som omfattar alla typer av ljusk\u00e4llor som f\u00f6rser v\u00e4xter med de v\u00e5gl\u00e4ngder (dagsljus) som beh\u00f6vs f\u00f6r fotosyntesen, och anv\u00e4nds b\u00e5de f\u00f6r hobbylampor och avancerade professionella LED-l\u00f6sningar.<\/p>\n<\/div>","protected":false},"excerpt":{"rendered":"<p data-start=\"161\" data-end=\"532\"><strong data-start=\"161\" data-end=\"197\">LED COB 3-fas v\u00e4xtbelysning<\/strong> \u00e4r en elegant och kraftfull belysningsl\u00f6sning som \u00e4r utformad f\u00f6r att framh\u00e4va och f\u00f6rb\u00e4ttra tillv\u00e4xten hos b\u00e5de h\u00f6ga och kortare v\u00e4xter. Med avancerad <strong data-start=\"333\" data-end=\"354\">COB LED-teknik<\/strong> och en specialutvecklad drivrutin ger lampan ett j\u00e4mnt, flimmerfritt ljus med ett naturligt f\u00e4rgspektrum som st\u00f6djer fotosyntesen och s\u00e4kerst\u00e4ller friska, gr\u00f6na v\u00e4xter \u00e5ret runt.<\/p>\n<p data-start=\"534\" data-end=\"761\">Med en <strong data-start=\"541\" data-end=\"564\">str\u00e5lvinkel p\u00e5 36\u00b0<\/strong> Du f\u00e5r precis och fokuserad belysning, vilket g\u00f6r den idealisk f\u00f6r anv\u00e4ndning i v\u00e4xthus, utst\u00e4llningsmilj\u00f6er, showrooms eller i hemmet \u2013 s\u00e4rskilt d\u00e4r extra ljus beh\u00f6vs f\u00f6r h\u00f6ga v\u00e4xter eller v\u00e4xtv\u00e4ggar.<\/p>\n<p data-start=\"763\" data-end=\"1047\">Spotlighten \u00e4r l\u00e4tt att montera p\u00e5 <strong data-start=\"788\" data-end=\"811\">3-fas samlingsskenor<\/strong>, vilket g\u00f6r det enkelt att justera och flytta belysningen efter behov. Stabil och energieffektiv drift garanterar l\u00e5ng livsl\u00e4ngd och ljusstyrka som uppfyller de h\u00f6ga krav som proffs och v\u00e4xtentusiaster f\u00f6rv\u00e4ntar sig av SunFlux.<\/p>","protected":false},"featured_media":53317,"comment_status":"closed","ping_status":"closed","template":"","meta":{"_acf_changed":false},"product_brand":[],"product_cat":[235,372,92],"product_tag":[371],"class_list":{"0":"post-53315","1":"product","2":"type-product","3":"status-publish","4":"has-post-thumbnail","6":"product_cat-grolys","7":"product_cat-grolys-spots","8":"product_cat-vaekstlys-paerer-lamper","9":"product_tag-plantespots","11":"entry","12":"has-media","14":"first","15":"instock","16":"taxable","17":"shipping-taxable","18":"purchasable","19":"product-type-simple","20":"has-product-nav","21":"col","22":"span_1_of_4","23":"owp-content-center","24":"item-entry","25":"owp-thumbs-layout-vertical","26":"owp-btn-normal","27":"owp-tabs-layout-horizontal"},"acf":[],"_links":{"self":[{"href":"https:\/\/plantelys.dk\/sv\/wp-json\/wp\/v2\/product\/53315","targetHints":{"allow":["GET"]}}],"collection":[{"href":"https:\/\/plantelys.dk\/sv\/wp-json\/wp\/v2\/product"}],"about":[{"href":"https:\/\/plantelys.dk\/sv\/wp-json\/wp\/v2\/types\/product"}],"replies":[{"embeddable":true,"href":"https:\/\/plantelys.dk\/sv\/wp-json\/wp\/v2\/comments?post=53315"}],"version-history":[{"count":1,"href":"https:\/\/plantelys.dk\/sv\/wp-json\/wp\/v2\/product\/53315\/revisions"}],"predecessor-version":[{"id":60995,"href":"https:\/\/plantelys.dk\/sv\/wp-json\/wp\/v2\/product\/53315\/revisions\/60995"}],"wp:featuredmedia":[{"embeddable":true,"href":"https:\/\/plantelys.dk\/sv\/wp-json\/wp\/v2\/media\/53317"}],"wp:attachment":[{"href":"https:\/\/plantelys.dk\/sv\/wp-json\/wp\/v2\/media?parent=53315"}],"wp:term":[{"taxonomy":"product_brand","embeddable":true,"href":"https:\/\/plantelys.dk\/sv\/wp-json\/wp\/v2\/product_brand?post=53315"},{"taxonomy":"product_cat","embeddable":true,"href":"https:\/\/plantelys.dk\/sv\/wp-json\/wp\/v2\/product_cat?post=53315"},{"taxonomy":"product_tag","embeddable":true,"href":"https:\/\/plantelys.dk\/sv\/wp-json\/wp\/v2\/product_tag?post=53315"}],"curies":[{"name":"wp","href":"https:\/\/api.w.org\/{rel}","templated":true}]}}