{"id":52930,"date":"2025-10-09T14:07:59","date_gmt":"2025-10-09T13:07:59","guid":{"rendered":"https:\/\/plantelys.dk\/?post_type=product&#038;p=52930"},"modified":"2026-04-29T11:02:02","modified_gmt":"2026-04-29T10:02:02","slug":"rodbeta-kaalrabbi-rosa-kaal-oeko-for-halsosamma-mikrogronsaker","status":"publish","type":"product","link":"https:\/\/plantelys.dk\/sv\/vare\/roed-kaalrabi-pink-kaal-oeko-til-sundt-mikrogroent\/","title":{"rendered":"R\u00f6d k\u00e5lrabbi (rosa k\u00e5l), ekologisk f\u00f6r h\u00e4lsosamma mikrogr\u00f6nsaker"},"content":{"rendered":"<h2>Ekologiska mikrogr\u00f6nsaksfr\u00f6n Rosa gr\u00f6nk\u00e5l \/ R\u00f6d k\u00e5lrabbi<\/h2>\n<p data-start=\"122\" data-end=\"401\">Odla dina egna krispiga och f\u00e4rgglada mikrogr\u00f6nsaker hemma med v\u00e5r <strong data-start=\"193\" data-end=\"238\">Ekologiska fr\u00f6n av rosa gr\u00f6nk\u00e5l\/r\u00f6d k\u00e5lrabbi<\/strong>. Denna sort \u00e4r k\u00e4nd f\u00f6r sina vackra purpurr\u00f6da stj\u00e4lkar och fr\u00e4scha gr\u00f6na blad, som ger b\u00e5de k\u00f6ket och tallriken en dekorativ och smakrik touch.<\/p>\n<p data-start=\"403\" data-end=\"731\">R\u00f6d k\u00e5lrabbi har en mild, lite n\u00f6tig smak med en antydan till f\u00e4rsk k\u00e5l - perfekt f\u00f6r sallader, sm\u00f6rg\u00e5sar, wraps, smoothies eller som garnering p\u00e5 varma r\u00e4tter. F\u00f6rutom den delikata smaken \u00e4r de sm\u00e5 plantorna fulla av n\u00e4rings\u00e4mnen, vilket g\u00f6r dem till ett h\u00e4lsosamt och n\u00e4ringsrikt tillskott till din kost.<\/p>\n<h4 data-start=\"733\" data-end=\"791\"><strong data-start=\"738\" data-end=\"789\">F\u00f6rdelar med mikrogr\u00f6nsaker av rosa gr\u00f6nk\u00e5l\/r\u00f6d k\u00e5lrabbi:<\/strong><\/h4>\n<ul>\n<li data-start=\"794\" data-end=\"820\">Ekologiska fr\u00f6n utan kemikalier<\/li>\n<li data-start=\"823\" data-end=\"862\">Vackra lila stj\u00e4lkar och gr\u00f6na blad<\/li>\n<li data-start=\"865\" data-end=\"907\">Snabb tillv\u00e4xt: klar f\u00f6r sk\u00f6rd efter 7\u201312 dagar<\/li>\n<li data-start=\"959\" data-end=\"1006\">Ger dina r\u00e4tter f\u00e4rg, krispighet och smak<\/li>\n<\/ul>\n<h4 data-start=\"1008\" data-end=\"1028\"><strong data-start=\"1013\" data-end=\"1026\">Odling:<\/strong><\/h4>\n<p data-start=\"1029\" data-end=\"1221\">S\u00e5 fr\u00f6na t\u00e4tt i en bricka med jord eller hampmatta, h\u00e5ll dem fuktiga och ge dem ljus efter groning. Efter ungef\u00e4r en vecka har du f\u00e4rska, hemodlade mikrogr\u00f6nsaker som \u00e4r redo att sk\u00f6rdas och avnjutas.<\/p>\n<p data-start=\"1223\" data-end=\"1361\">\ud83d\udc49 Med v\u00e5r <strong data-start=\"1236\" data-end=\"1278\">Ekologiska fr\u00f6n av rosa gr\u00f6nk\u00e5l\/r\u00f6d k\u00e5lrabbi<\/strong> kan du enkelt f\u00e5 h\u00e4lsa, f\u00e4rg och gourmetkvalitet i ditt eget k\u00f6k.<\/p>","protected":false},"excerpt":{"rendered":"<p><strong>Ekologiska fr\u00f6n<\/strong> f\u00f6r mikrogr\u00f6nsaker av <strong data-start=\"33\" data-end=\"60\">Rosa gr\u00f6nk\u00e5l \/ r\u00f6d k\u00e5lrabbi<\/strong> med lila stj\u00e4lkar och gr\u00f6na blad.<br data-start=\"96\" data-end=\"99\" \/>Ger krispig smak, vackra f\u00e4rger och massor av gr\u00f6nt p\u00e5 bara 7-12 dagar.<\/p>","protected":false},"featured_media":52942,"comment_status":"closed","ping_status":"closed","template":"","meta":{"_acf_changed":false},"product_brand":[],"product_cat":[106,173,178,161],"product_tag":[],"class_list":{"0":"post-52930","1":"product","2":"type-product","3":"status-publish","4":"has-post-thumbnail","6":"product_cat-mikrogroent-gro-dit-eget-sunde-groent","7":"product_cat-oekologiske-froe","8":"product_cat-mikrogroent-froe-oekologiske","9":"product_cat-plante-froe","11":"entry","12":"has-media","14":"first","15":"instock","16":"taxable","17":"shipping-taxable","18":"purchasable","19":"product-type-variable","20":"has-default-attributes","21":"has-product-nav","22":"col","23":"span_1_of_4","24":"owp-content-center","25":"item-entry","26":"owp-thumbs-layout-vertical","27":"owp-btn-normal","28":"owp-tabs-layout-horizontal"},"acf":[],"_links":{"self":[{"href":"https:\/\/plantelys.dk\/sv\/wp-json\/wp\/v2\/product\/52930","targetHints":{"allow":["GET"]}}],"collection":[{"href":"https:\/\/plantelys.dk\/sv\/wp-json\/wp\/v2\/product"}],"about":[{"href":"https:\/\/plantelys.dk\/sv\/wp-json\/wp\/v2\/types\/product"}],"replies":[{"embeddable":true,"href":"https:\/\/plantelys.dk\/sv\/wp-json\/wp\/v2\/comments?post=52930"}],"version-history":[{"count":0,"href":"https:\/\/plantelys.dk\/sv\/wp-json\/wp\/v2\/product\/52930\/revisions"}],"wp:featuredmedia":[{"embeddable":true,"href":"https:\/\/plantelys.dk\/sv\/wp-json\/wp\/v2\/media\/52942"}],"wp:attachment":[{"href":"https:\/\/plantelys.dk\/sv\/wp-json\/wp\/v2\/media?parent=52930"}],"wp:term":[{"taxonomy":"product_brand","embeddable":true,"href":"https:\/\/plantelys.dk\/sv\/wp-json\/wp\/v2\/product_brand?post=52930"},{"taxonomy":"product_cat","embeddable":true,"href":"https:\/\/plantelys.dk\/sv\/wp-json\/wp\/v2\/product_cat?post=52930"},{"taxonomy":"product_tag","embeddable":true,"href":"https:\/\/plantelys.dk\/sv\/wp-json\/wp\/v2\/product_tag?post=52930"}],"curies":[{"name":"wp","href":"https:\/\/api.w.org\/{rel}","templated":true}]}}