{"id":50854,"date":"2025-06-26T13:12:02","date_gmt":"2025-06-26T12:12:02","guid":{"rendered":"https:\/\/plantelys.dk\/?post_type=product&#038;p=50854"},"modified":"2026-04-15T12:51:22","modified_gmt":"2026-04-15T11:51:22","slug":"hydroponisk-korg-60-mm","status":"publish","type":"product","link":"https:\/\/plantelys.dk\/sv\/vare\/hydroponiske-kurv-60mm\/","title":{"rendered":"Hydroponisk korg 60 mm (\u00d845 mm)"},"content":{"rendered":"<h2>Hydroponisk korg \u00d860<\/h2>\n<p>Denna Smart Garden-korg \u00e4r den perfekta l\u00f6sningen om du \u00e4ger en Smart Garden och beh\u00f6ver byta ut eller uppgradera en befintlig del. Denna reservdel \u00e4r speciellt utformad f\u00f6r att passa din Smart Garden och s\u00e4kerst\u00e4ller att den f\u00f6rblir i optimalt skick.<\/p>\n<p>Den \u00e4r enkel att installera och levereras med alla n\u00f6dv\u00e4ndiga komponenter f\u00f6r ett smidigt byte. Oavsett om det \u00e4r en korg som beh\u00f6ver bytas ut eller om du vill l\u00e4gga till en extra korg till din Smart Garden, kommer denna reservdel att uppfylla dina behov.<\/p>\n<p>Smart Garden Basket \u00e4r tillverkad av h\u00e5llbara material av h\u00f6g kvalitet som \u00e4r utformade f\u00f6r att t\u00e5la utomhusmilj\u00f6ns p\u00e5frestningar. Den hj\u00e4lper till att uppr\u00e4tth\u00e5lla effektiviteten och funktionaliteten i din Smart Garden s\u00e5 att du kan forts\u00e4tta njuta av f\u00e4rska, friska v\u00e4xter och \u00f6rter \u00e5ret runt.<\/p>\n<p>Med denna reservdel kan du f\u00f6rl\u00e4nga livsl\u00e4ngden och prestandan hos din Smart Garden, vilket g\u00f6r den till en ekonomisk och h\u00e5llbar l\u00f6sning. H\u00e5ll din Smart Garden i toppskick med denna praktiska och p\u00e5litliga reservdel.<\/p>\n<h2>Hydroponisk korgstorlek:<\/h2>\n<p>H\u00f6jd: 55 mm<\/p>\n<p>Diameter (utv\u00e4ndig): \u00d860 mm<\/p>\n<p>H\u00e5lstorlek: 44\u201355 mm<\/p>\n<p>&nbsp;<\/p>","protected":false},"excerpt":{"rendered":"<p>Hydroponisk korg med en ytterdiameter p\u00e5 60 mm, passar h\u00e5l fr\u00e5n \u00d8 45\u201355 mm<\/p>","protected":false},"featured_media":50855,"comment_status":"closed","ping_status":"closed","template":"","meta":{"_acf_changed":false},"product_brand":[],"product_cat":[159,96,98,176,107],"product_tag":[],"class_list":{"0":"post-50854","1":"product","2":"type-product","3":"status-publish","4":"has-post-thumbnail","6":"product_cat-aeroponics-plantedyrkning-system","7":"product_cat-drivhuset-og-haven","8":"product_cat-hydroponisk-dyrkning","9":"product_cat-indendoers-plantevaekst-stueplanter-mf","10":"product_cat-vertical-farming-lys-varme-gro-dine-planter","12":"entry","13":"has-media","15":"first","16":"instock","17":"taxable","18":"shipping-taxable","19":"purchasable","20":"product-type-simple","21":"has-product-nav","22":"col","23":"span_1_of_4","24":"owp-content-center","25":"item-entry","26":"owp-thumbs-layout-vertical","27":"owp-btn-normal","28":"owp-tabs-layout-horizontal"},"acf":[],"_links":{"self":[{"href":"https:\/\/plantelys.dk\/sv\/wp-json\/wp\/v2\/product\/50854","targetHints":{"allow":["GET"]}}],"collection":[{"href":"https:\/\/plantelys.dk\/sv\/wp-json\/wp\/v2\/product"}],"about":[{"href":"https:\/\/plantelys.dk\/sv\/wp-json\/wp\/v2\/types\/product"}],"replies":[{"embeddable":true,"href":"https:\/\/plantelys.dk\/sv\/wp-json\/wp\/v2\/comments?post=50854"}],"version-history":[{"count":0,"href":"https:\/\/plantelys.dk\/sv\/wp-json\/wp\/v2\/product\/50854\/revisions"}],"wp:featuredmedia":[{"embeddable":true,"href":"https:\/\/plantelys.dk\/sv\/wp-json\/wp\/v2\/media\/50855"}],"wp:attachment":[{"href":"https:\/\/plantelys.dk\/sv\/wp-json\/wp\/v2\/media?parent=50854"}],"wp:term":[{"taxonomy":"product_brand","embeddable":true,"href":"https:\/\/plantelys.dk\/sv\/wp-json\/wp\/v2\/product_brand?post=50854"},{"taxonomy":"product_cat","embeddable":true,"href":"https:\/\/plantelys.dk\/sv\/wp-json\/wp\/v2\/product_cat?post=50854"},{"taxonomy":"product_tag","embeddable":true,"href":"https:\/\/plantelys.dk\/sv\/wp-json\/wp\/v2\/product_tag?post=50854"}],"curies":[{"name":"wp","href":"https:\/\/api.w.org\/{rel}","templated":true}]}}