{"id":4900,"date":"2021-12-02T14:57:30","date_gmt":"2021-12-02T14:57:30","guid":{"rendered":"https:\/\/plantelys.dk\/?post_type=product&#038;p=4900"},"modified":"2025-11-19T11:58:15","modified_gmt":"2025-11-19T10:58:15","slug":"fullspektrum-vaxtljuspendel-med-led-35watt-2","status":"publish","type":"product","link":"https:\/\/plantelys.dk\/sv\/vare\/fuld-spektrum-vaekstlys-pendel-med-led-35watt\/","title":{"rendered":"Fullspektrum odlingslampa svart h\u00e4ngande med LED 35Watt"},"content":{"rendered":"<h2>Sk\u00e4m bort dina v\u00e4xter med Capelo Grow Light Pendant<\/h2>\n<p>F\u00f6rvandla ditt hem till ett frodigt gr\u00f6nt paradis med v\u00e5r Capelo taklampa <a href=\"https:\/\/plantelys.dk\/sv\/produkt\/grow-light-pendel-med-par38-stora-glodlampor-och-tygsladd-175w-2\/\">grolys gl\u00f6dlampa<\/a>! Designad av Flemming Agger, denna exklusiva kollektion kombinerar sofistikerad belysning med h\u00f6gteknologisk v\u00e4xtv\u00e5rd. F\u00e5 inomhusv\u00e4xterna att frodas som aldrig f\u00f6rr med Capelo <strong><a href=\"https:\/\/plantelys.dk\/sv\/odla-ljus-for-vaxter-bast-i-test\/\">odlingslampor<\/a><\/strong> h\u00e4nge som ger b\u00e5de sk\u00f6nhet och funktion.<\/p>\n<p>Capelo pendel \u00e4r en modern och stilren designlampa som passar perfekt in i alla rum i hemmet. Den eleganta svarta metallsk\u00e4rmen och svarta tygsladden ger en touch av klass till din inredning. Den kraftfulla fullspektrum LED-v\u00e4xtlampan ger ett intensivt ljus som s\u00e4kerst\u00e4ller optimal tillv\u00e4xt f\u00f6r dina v\u00e4xter.<\/p>\n<p><strong>Sk\u00e4m bort dina v\u00e4xter med Capelo Grow Light Pendant<\/strong><\/p>\n<p>Denna lampa \u00e4r idealisk f\u00f6r <a href=\"https:\/\/plantelys.dk\/sv\/forgroning-av-vaxter-guide-frobrickor-och-mini-vaxthus-2\/\"><strong>f\u00f6rgroning<\/strong><\/a>, <a href=\"https:\/\/plantelys.dk\/sv\/overvintrande-vaxter-allt-du-behover-veta-for-att-komma-igaang\/\"><strong>\u00f6vervintring<\/strong><\/a> och allm\u00e4n odlingsbelysning f\u00f6r inomhusv\u00e4xter. Upplev en v\u00e4rld av skillnad i dina v\u00e4xter med detta imponerande v\u00e4xtljus som fr\u00e4mjar h\u00e4lsa och v\u00e4lbefinnande.<\/p>\n<p>&nbsp;<\/p>\n<p><strong>Paketet inneh\u00e5ller:<\/strong><\/p>\n<ul>\n<li>1 del. PAR38 <strong><a href=\"https:\/\/plantelys.dk\/sv\/produktkategori-2\/vaxtljus\/\">V\u00e4xtljus<\/a><\/strong> gl\u00f6dlampa 35 Watt, l\u00e4s mer h\u00e4r: <span style=\"text-decoration: underline;\"><a href=\"https:\/\/plantelys.dk\/sv\/produkt\/grolys-glodlampor-fullspektrum-par38-e27-3500k-3000lm-2\/\" target=\"_blank\" rel=\"noopener\">Grow gl\u00f6dlampa PAR38<\/a><\/span><\/li>\n<li>1 del. Capelo designersk\u00e4rm i metall, svartm\u00e5lad<\/li>\n<li>1 del. 3 meter Svart tygsladd med E27-uttag<\/li>\n<\/ul>\n<p>&nbsp;<\/p>\n<p><strong>Utstr\u00e5lad effekt:<\/strong><\/p>\n<ul>\n<li>PPFD @ 10 cm = 4200 \u00b5mol\/m2\/s<\/li>\n<li>PPFD @ 20 cm = 2180 \u00b5mol\/m2\/s<\/li>\n<li>PPFD @ 30 cm = 825 \u00b5mol\/m2\/s<\/li>\n<li>PPFD @ 50 cm = 340 \u00b5mol\/m2\/s<\/li>\n<li>PPFD @ 70 cm = 170 \u00b5mol\/m2\/s<\/li>\n<\/ul>\n<p>&nbsp;<\/p>\n<h3>Produktdetaljer f\u00f6r capelo-h\u00e4nget:<\/h3>\n<table>\n<tbody>\n<tr>\n<td><\/td>\n<td><\/td>\n<\/tr>\n<tr>\n<td>Typ:<\/td>\n<td>Pendel<\/td>\n<\/tr>\n<tr>\n<td>Form:<\/td>\n<td>Upph\u00e4ngd fixtur<\/td>\n<\/tr>\n<tr>\n<td>Sockel (f\u00e4ste):<\/td>\n<td>E27<\/td>\n<\/tr>\n<tr>\n<td>Sp\u00e4nning (volt):<\/td>\n<td>90-240 VAC<\/td>\n<\/tr>\n<tr>\n<td>Effekt (watt):<\/td>\n<td>35W<\/td>\n<\/tr>\n<tr>\n<td>Armaturf\u00e4rg:<\/td>\n<td>Mattsvart med 3D smart passform<\/td>\n<\/tr>\n<tr>\n<td>Storlek:<\/td>\n<td>D:200mm x H:250mm<\/td>\n<\/tr>\n<tr>\n<td>Vikt:<\/td>\n<td>330 g<\/td>\n<\/tr>\n<tr>\n<td>Installation:<\/td>\n<td>Upph\u00e4ngd tr\u00e5d<\/td>\n<\/tr>\n<tr>\n<td>Kabel:<\/td>\n<td>3 meter svart tygsladd<\/td>\n<\/tr>\n<tr>\n<td>Material sk\u00e4rm:<\/td>\n<td>\u00c5tervunnet j\u00e4rn<\/td>\n<\/tr>\n<tr>\n<td>IP:<\/td>\n<td>20<\/td>\n<\/tr>\n<tr>\n<td>M\u00e4rkning:<\/td>\n<td>CE-godk\u00e4nd<\/td>\n<\/tr>\n<tr>\n<td>Rekommenderad ljusk\u00e4lla:<\/td>\n<td>E27 LED-lampor eller reflektorlampa<\/td>\n<\/tr>\n<\/tbody>\n<\/table>\n<p>&nbsp;<\/p>\n<hr \/>\n<h3 data-start=\"0\" data-end=\"59\"><strong data-start=\"4\" data-end=\"59\">Vad \u00e4r skillnaden mellan odlingslampor, tillv\u00e4xtlampor och v\u00e4xtlampor?<\/strong><\/h3>\n<p data-start=\"61\" data-end=\"632\" data-is-last-node=\"\" data-is-only-node=\"\"><strong><a href=\"https:\/\/plantelys.dk\/sv\/produktkategori-2\/vaxtljus\/\">V\u00e4xtljus<\/a><\/strong> \u00e4r ett brett, informellt begrepp f\u00f6r all artificiell belysning som anv\u00e4nds f\u00f6r att odla v\u00e4xter inomhus \u2013 oavsett teknik, f\u00e4rgspektrum eller syfte. <a href=\"https:\/\/plantelys.dk\/sv\/produktkategori-2\/vaxtljus-lampor-glodlampor-2\/\"><strong>V\u00e4xa lampor<\/strong><\/a> \u00c5 andra sidan finns det ljus som har utvecklats specifikt f\u00f6r att st\u00f6dja vissa tillv\u00e4xtfaser, s\u00e5som groddning, vegetativ tillv\u00e4xt eller blomning, och som d\u00e4rf\u00f6r ofta har ett mer riktat eller justerbart ljusspektrum. <strong><a href=\"https:\/\/plantelys.dk\/sv\/\">V\u00e4xtbelysning<\/a><\/strong> \u00e4r den allm\u00e4nna tekniska termen som omfattar alla typer av ljusk\u00e4llor som f\u00f6rser v\u00e4xter med de v\u00e5gl\u00e4ngder (dagsljus) som beh\u00f6vs f\u00f6r fotosyntesen, och anv\u00e4nds b\u00e5de f\u00f6r hobbylampor och avancerade professionella LED-l\u00f6sningar.<\/p>","protected":false},"excerpt":{"rendered":"<p>Capelo grow light pendel \u00e4r en snygg och stilren designlampa fr\u00e5n Flermming Agger, som h\u00e4r kan anv\u00e4ndas f\u00f6r att lysa upp v\u00e4xter, och som kan h\u00e4ngas b\u00e5de i f\u00f6nster och inne i ett rum eller vardagsrum.<\/p>","protected":false},"featured_media":4898,"comment_status":"open","ping_status":"closed","template":"","meta":{"_acf_changed":false},"product_brand":[],"product_cat":[92,235,370,246,95],"product_tag":[],"class_list":{"0":"post-4900","1":"product","2":"type-product","3":"status-publish","4":"has-post-thumbnail","6":"product_cat-vaekstlys-paerer-lamper","7":"product_cat-grolys","8":"product_cat-grolys-paere","9":"product_cat-plantelys-tilbud","10":"product_cat-hjemme-dyrkning-af-planter-urter-groentsager-eller","12":"entry","13":"has-media","15":"first","16":"instock","17":"sale","18":"taxable","19":"shipping-taxable","20":"purchasable","21":"product-type-simple","22":"has-product-nav","23":"col","24":"span_1_of_4","25":"owp-content-center","26":"item-entry","27":"owp-thumbs-layout-vertical","28":"owp-btn-normal","29":"owp-tabs-layout-horizontal"},"acf":[],"_links":{"self":[{"href":"https:\/\/plantelys.dk\/sv\/wp-json\/wp\/v2\/product\/4900","targetHints":{"allow":["GET"]}}],"collection":[{"href":"https:\/\/plantelys.dk\/sv\/wp-json\/wp\/v2\/product"}],"about":[{"href":"https:\/\/plantelys.dk\/sv\/wp-json\/wp\/v2\/types\/product"}],"replies":[{"embeddable":true,"href":"https:\/\/plantelys.dk\/sv\/wp-json\/wp\/v2\/comments?post=4900"}],"version-history":[{"count":0,"href":"https:\/\/plantelys.dk\/sv\/wp-json\/wp\/v2\/product\/4900\/revisions"}],"wp:featuredmedia":[{"embeddable":true,"href":"https:\/\/plantelys.dk\/sv\/wp-json\/wp\/v2\/media\/4898"}],"wp:attachment":[{"href":"https:\/\/plantelys.dk\/sv\/wp-json\/wp\/v2\/media?parent=4900"}],"wp:term":[{"taxonomy":"product_brand","embeddable":true,"href":"https:\/\/plantelys.dk\/sv\/wp-json\/wp\/v2\/product_brand?post=4900"},{"taxonomy":"product_cat","embeddable":true,"href":"https:\/\/plantelys.dk\/sv\/wp-json\/wp\/v2\/product_cat?post=4900"},{"taxonomy":"product_tag","embeddable":true,"href":"https:\/\/plantelys.dk\/sv\/wp-json\/wp\/v2\/product_tag?post=4900"}],"curies":[{"name":"wp","href":"https:\/\/api.w.org\/{rel}","templated":true}]}}