{"id":47985,"date":"2025-04-04T13:00:10","date_gmt":"2025-04-04T12:00:10","guid":{"rendered":"https:\/\/plantelys.dk\/?post_type=product&#038;p=47985"},"modified":"2026-03-01T15:35:17","modified_gmt":"2026-03-01T14:35:17","slug":"tradgaardsskotsel-mikrogronsaker-startpaket","status":"publish","type":"product","link":"https:\/\/plantelys.dk\/sv\/vare\/havehaevneren-mikrogroent-starter-kit\/","title":{"rendered":"Tr\u00e4dg\u00e5rdskrattan microgreen startkit"},"content":{"rendered":"<h2 data-start=\"964\" data-end=\"996\"><strong data-start=\"156\" data-end=\"239\">F\u00e5 succes med din egen mikrogr\u00f8nt produktion \u2013 nemt, effektivt og professionelt<\/strong><\/h2>\n<p data-start=\"964\" data-end=\"996\">Dette komplette <strong><a href=\"https:\/\/plantelys.dk\/vare\/havehaevneren-mikrogroent-starter-kit\/\">mikrogr\u00f8nts\u00e6t,<\/a><\/strong> er skabt til dig, der allerede har stiftet bekendtskab med <strong><a href=\"https:\/\/plantelys.dk\/vare-kategori\/mikrogroent-gro-dit-eget-sunde-groent\/\">mikrogr\u00f8nt<\/a><\/strong> og nu \u00f8nsker at tage dyrkningen til n\u00e6ste niveau. Med kraftigt v\u00e6kstlys, specialudviklet g\u00f8dning, \u00f8kologisk dyrkningsmedie og et udvalg af <strong><a href=\"https:\/\/plantelys.dk\/vare-kategori\/mikrogroent-froe-oekologiske\/\">popul\u00e6re fr\u00f8typer<\/a><\/strong>, f\u00e5r du alt, hvad du beh\u00f8ver for at dyrke flere bakker ad gangen \u2013 og h\u00f8ste rigeligt hver gang. S\u00e6ttet er sammensat med fokus p\u00e5 effektivitet, fleksibilitet og <strong><a href=\"https:\/\/plantelys.dk\/alt-om-mikrogroent-dyrkning-hoest-helbred-sundhed\/\">optimal plantev\u00e6kst<\/a><\/strong> \u2013 b\u00e5de for hobbydyrkere og dem, der \u00f8nsker semi professionel produktion derhjemme.<\/p>\n<h3 class=\"\" data-start=\"964\" data-end=\"996\">Microgreen s\u00e6ttet best\u00e5r af:<\/h3>\n<ul data-start=\"998\" data-end=\"1529\">\n<li class=\"\" data-start=\"998\" data-end=\"1118\">\n<h3 class=\"\" data-start=\"1033\" data-end=\"1055\">S\u00e6ttet indeholder:<\/h3>\n<ul>\n<li style=\"list-style-type: none;\">\n<ul>\n<li style=\"list-style-type: none;\">\n<ul>\n<li class=\"\" data-start=\"1738\" data-end=\"1876\">\n<p class=\"\" data-start=\"1740\" data-end=\"1792\"><a href=\"https:\/\/plantelys.dk\/vare\/sunlight-pro-gro-t8-plantelys-22watt\/\"><strong data-start=\"1740\" data-end=\"1792\">\ud83d\udca1 Sunlight Pro-Gro T8 v\u00e6kstarmatur 22W (2 stk.) 26070<\/strong><\/a><\/p>\n<ul data-start=\"1795\" data-end=\"1876\">\n<li class=\"\" data-start=\"1795\" data-end=\"1876\">\n<p class=\"\" data-start=\"1797\" data-end=\"1876\"><span class=\"relative -mx-px my-[-0.2rem] rounded-sm px-px py-[0.2rem]\">Kraftige 120 cm langt <strong><a href=\"https:\/\/plantelys.dk\/vare-kategori\/grolys\/\">grolys<\/a><\/strong> med fuldspektret belysning, der sikrer optimal plantev\u00e6kst.<\/span><\/p>\n<\/li>\n<\/ul>\n<\/li>\n<li class=\"\" data-start=\"1878\" data-end=\"2000\">\n<p class=\"\" data-start=\"1880\" data-end=\"1910\"><a href=\"https:\/\/plantelys.dk\/vare\/vaekstlys-armatur-holder\/\"><strong data-start=\"1880\" data-end=\"1910\">\ud83d\udd27 V\u00e6kstlys armatur holder 26076<\/strong><\/a><\/p>\n<ul data-start=\"1913\" data-end=\"2000\">\n<li class=\"\" data-start=\"1913\" data-end=\"2000\">\n<p class=\"\" data-start=\"1915\" data-end=\"2000\"><span class=\"relative -mx-px my-[-0.2rem] rounded-sm px-px py-[0.2rem]\">Robust holder designet til nem montering og justering af <strong><a href=\"https:\/\/plantelys.dk\/?s=t8&amp;post_type=product\">T8 v\u00e6kstarmaturer,<\/a><\/strong> hvilket giver fleksibilitet i ops\u00e6tningen.<\/span>\u200b<\/p>\n<\/li>\n<\/ul>\n<\/li>\n<li class=\"\" data-start=\"2002\" data-end=\"2148\">\n<p class=\"\" data-start=\"2004\" data-end=\"2058\"><a href=\"https:\/\/plantelys.dk\/vare\/big-plant-science-big-flower-big-calcium-flydende-goedning-tilbud\/\"><strong data-start=\"2004\" data-end=\"2058\">\ud83c\udf3f Big Plant Science g\u00f8dning \u2013 Smart Garden tilbud 28415<\/strong><\/a><\/p>\n<ul data-start=\"2061\" data-end=\"2148\">\n<li class=\"\" data-start=\"2061\" data-end=\"2148\">\n<p class=\"\" data-start=\"2063\" data-end=\"2148\"><span class=\"relative -mx-px my-[-0.2rem] rounded-sm px-px py-[0.2rem]\">Specialudviklet g\u00f8dning, der leverer essentielle n\u00e6ringsstoffer til mikrogr\u00f8nt, hvilket fremmer sund og hurtig v\u00e6kst.<\/span>\u200b<\/p>\n<\/li>\n<\/ul>\n<\/li>\n<li class=\"\" data-start=\"2150\" data-end=\"2277\">\n<p class=\"\" data-start=\"2152\" data-end=\"2187\"><strong data-start=\"2152\" data-end=\"2187\">\u00a0<a href=\"https:\/\/plantelys.dk\/vare\/plagron-cocos-brix-6x9l\/\">\ud83e\uddf1 Plagron Cocos pose 28093<\/a><\/strong><\/p>\n<ul data-start=\"2190\" data-end=\"2277\">\n<li class=\"\" data-start=\"2190\" data-end=\"2277\">\n<p class=\"\" data-start=\"2192\" data-end=\"2277\"><span class=\"relative -mx-px my-[-0.2rem] rounded-sm px-px py-[0.2rem]\">\u00d8kologisk kokosfibre, der fungerer som et ideelt jordfrit v\u00e6kstmedie med fremragende vand- og luftbalance.<\/span>\u200b<\/p>\n<\/li>\n<\/ul>\n<\/li>\n<li class=\"\" data-start=\"2279\" data-end=\"2416\">\n<p class=\"\" data-start=\"2281\" data-end=\"2326\"><a href=\"https:\/\/plantelys.dk\/vare\/saabakker-saet-til-dyrke-mikrogroent-groen-hvid-337x245x5cm\/\">\ud83c\udf31 4 STYKS\u00a0 <strong data-start=\"1462\" data-end=\"1504\">Gr\u00f8n\/hvid s\u00e5bakke-s\u00e6t (33,7 x 24,5 cm) 28092\u00a0<\/strong><\/a><\/p>\n<ul data-start=\"2329\" data-end=\"2416\">\n<li class=\"\" data-start=\"2329\" data-end=\"2416\">\n<p class=\"\" data-start=\"2331\" data-end=\"2416\"><span class=\"relative -mx-px my-[-0.2rem] rounded-sm px-px py-[0.2rem]\">Stabil og rummelig bakke, perfekt til dyrkning af mikrogr\u00f8nt med optimal dr\u00e6ning og ventilation.<\/span><\/p>\n<\/li>\n<\/ul>\n<\/li>\n<\/ul>\n<\/li>\n<\/ul>\n<\/li>\n<\/ul>\n<\/li>\n<\/ul>\n<p><strong><a href=\"https:\/\/plantelys.dk\/vare\/laag-til-spirebakke-saet-passer-perfekt\/\">\u00a0 \u00a0 \u00a0 \u00a0 \u00a0 \u00a0 \u00a0 \u00a0 \u00a0 \u00a0 \u00a0 \u00a0 \u00a0 \u00a0 \u00a0 \u00a0 \u00a0 \u00a0 \u00a0 \u00a0 \u00a0 4 STYKS L\u00e5g til gr\u00f8n\/Hvid s\u00e5bakke s\u00e6t\u00a0 28095<\/a><\/strong><\/p>\n<ul>\n<li style=\"list-style-type: none;\">\n<ul data-start=\"1057\" data-end=\"1724\">\n<li data-start=\"1457\" data-end=\"1553\">\u00a0 \u00a0 \u00a0 \u00a0 \u00a0 \u00a0 \u00a0 \u00a0 \u00a0 \u00a0 \u00a0 \u00a0 \u00a0&#8211; Passer perfekt til dine <strong><a href=\"https:\/\/plantelys.dk\/vare-kategori\/mikrogroent-gro-dit-eget-sunde-groent\/mikrogroent-bakker\/\">mikrogr\u00f8nt bakker.<\/a><\/strong><\/li>\n<\/ul>\n<\/li>\n<\/ul>\n<p>&nbsp;<\/p>\n<p>&nbsp;<\/p>\n<ul data-start=\"1057\" data-end=\"1724\">\n<li class=\"\" data-start=\"1555\" data-end=\"1724\">\n<h3 data-start=\"1557\" data-end=\"1592\">\ud83c\udf3e <strong data-start=\"1560\" data-end=\"1590\">Fr\u00f8 til mange h\u00f8st-runder:<\/strong><\/h3>\n<ul data-start=\"1595\" data-end=\"1724\">\n<li class=\"\" data-start=\"1595\" data-end=\"1621\">\n<p class=\"\" data-start=\"1597\" data-end=\"1621\">250 g <strong><a href=\"https:\/\/plantelys.dk\/vare\/lucerne-alfalfa-oekologiske-froe\/\">Lucerne (alfalfa)<\/a><\/strong><\/p>\n<\/li>\n<li class=\"\" data-start=\"1624\" data-end=\"1647\">\n<p class=\"\" data-start=\"1626\" data-end=\"1647\">250 g <strong><a href=\"https:\/\/plantelys.dk\/vare\/oeko-broccoli-raab-froe-mg\/\">Broccoli Raab<\/a><\/strong><\/p>\n<\/li>\n<li class=\"\" data-start=\"1650\" data-end=\"1667\">\n<p class=\"\" data-start=\"1652\" data-end=\"1667\">250 g <strong><a href=\"https:\/\/plantelys.dk\/vare\/oeko-solsikkefroe-for-mikrogroent\/\">Solsikkefr\u00f8<\/a><\/strong><\/p>\n<\/li>\n<li class=\"\" data-start=\"1670\" data-end=\"1696\">\n<p class=\"\" data-start=\"1672\" data-end=\"1696\">250 g <strong><a href=\"https:\/\/plantelys.dk\/vare\/oeko-soede-aertefroe-til-mikrogroent-tendril-mg\/\">\u00d8kologiske \u00e6rter<\/a><\/strong><\/p>\n<\/li>\n<li class=\"\" data-start=\"1699\" data-end=\"1724\">\n<p class=\"\" data-start=\"1701\" data-end=\"1724\">250 g <strong><a href=\"https:\/\/plantelys.dk\/vare\/oeko-mikrogroent-roed-radise-froe\/\">Radise \u2013 R\u00f8d Sango<\/a><\/strong><\/p>\n<\/li>\n<\/ul>\n<\/li>\n<\/ul>\n<hr class=\"\" data-start=\"1726\" data-end=\"1729\" \/>\n<p class=\"\" data-start=\"1731\" data-end=\"1881\">\ud83d\udca1 <em data-start=\"1734\" data-end=\"1881\">Med dette s\u00e6t kan du dyrke flere bakker ad gangen eller f\u00e5 st\u00f8rre h\u00f8st per gang \u2013 oplagt til dig, der allerede har pr\u00f8vet mikrogr\u00f8nt og vil mere<\/em><\/p>\n","protected":false},"excerpt":{"rendered":"<p>Setet \u00e4r byggt f\u00f6r att vara enkelt och hanterbart om du vill prova p\u00e5 microgreens, setet \u00e4r byggt f\u00f6r dig som vill prova lite mer kraft med microgreens, eller kanske redan har en microgreen setup d\u00e4r de bara vill ut\u00f6ka sin nuvarande microgreen, d\u00e5 passar v\u00e5rt medium set perfekt.<\/p>","protected":false},"featured_media":47986,"comment_status":"closed","ping_status":"closed","template":"","meta":{"_acf_changed":false},"product_brand":[],"product_cat":[210,246,95],"product_tag":[],"class_list":{"0":"post-47985","1":"product","2":"type-product","3":"status-publish","4":"has-post-thumbnail","6":"product_cat-mikrogroent-startpakker","7":"product_cat-plantelys-tilbud","8":"product_cat-hjemme-dyrkning-af-planter-urter-groentsager-eller","10":"entry","11":"has-media","13":"first","14":"outofstock","15":"sale","16":"taxable","17":"shipping-taxable","18":"purchasable","19":"product-type-simple","20":"has-product-nav","21":"col","22":"span_1_of_4","23":"owp-content-center","24":"item-entry","25":"owp-thumbs-layout-vertical","26":"owp-btn-normal","27":"owp-tabs-layout-horizontal"},"acf":[],"_links":{"self":[{"href":"https:\/\/plantelys.dk\/sv\/wp-json\/wp\/v2\/product\/47985","targetHints":{"allow":["GET"]}}],"collection":[{"href":"https:\/\/plantelys.dk\/sv\/wp-json\/wp\/v2\/product"}],"about":[{"href":"https:\/\/plantelys.dk\/sv\/wp-json\/wp\/v2\/types\/product"}],"replies":[{"embeddable":true,"href":"https:\/\/plantelys.dk\/sv\/wp-json\/wp\/v2\/comments?post=47985"}],"version-history":[{"count":0,"href":"https:\/\/plantelys.dk\/sv\/wp-json\/wp\/v2\/product\/47985\/revisions"}],"wp:featuredmedia":[{"embeddable":true,"href":"https:\/\/plantelys.dk\/sv\/wp-json\/wp\/v2\/media\/47986"}],"wp:attachment":[{"href":"https:\/\/plantelys.dk\/sv\/wp-json\/wp\/v2\/media?parent=47985"}],"wp:term":[{"taxonomy":"product_brand","embeddable":true,"href":"https:\/\/plantelys.dk\/sv\/wp-json\/wp\/v2\/product_brand?post=47985"},{"taxonomy":"product_cat","embeddable":true,"href":"https:\/\/plantelys.dk\/sv\/wp-json\/wp\/v2\/product_cat?post=47985"},{"taxonomy":"product_tag","embeddable":true,"href":"https:\/\/plantelys.dk\/sv\/wp-json\/wp\/v2\/product_tag?post=47985"}],"curies":[{"name":"wp","href":"https:\/\/api.w.org\/{rel}","templated":true}]}}