{"id":47980,"date":"2025-04-04T12:04:40","date_gmt":"2025-04-04T11:04:40","guid":{"rendered":"https:\/\/plantelys.dk\/?post_type=product&#038;p=47980"},"modified":"2026-03-15T21:06:27","modified_gmt":"2026-03-15T20:06:27","slug":"den-erfarna-tradgaardsmastarens-mikroodlingssats","status":"publish","type":"product","link":"https:\/\/plantelys.dk\/sv\/vare\/den-garvede-gartner-mikrogroent-saet\/","title":{"rendered":"Den erfarna tr\u00e4dg\u00e5rdsm\u00e4staren microgreen startpaket"},"content":{"rendered":"<h2 data-start=\"122\" data-end=\"744\"><strong data-start=\"122\" data-end=\"183\">Professionellt mikrogr\u00f6nsaks-kit f\u00f6r ambiti\u00f6s hemproduktion<\/strong><\/h2>\n<p class=\"\" data-start=\"122\" data-end=\"744\">Skuld <strong><a href=\"https:\/\/plantelys.dk\/sv\/produkt\/den-erfarna-tradgaardsmastarens-mikroodlingssats\/\">mikrogr\u00f6nsaker,<\/a> <\/strong>\u00e4r utformat f\u00f6r dem som redan har erfarenhet av odling av mikrogr\u00f6nsaker och nu vill skala upp med b\u00e4ttre utrustning och h\u00f6gre avkastning. Satsen inneh\u00e5ller allt du beh\u00f6ver f\u00f6r att komma ig\u00e5ng med effektiv och kontrollerad odling: kraftfulla odlingslampor med automatiska timers, justerbara h\u00e4ngare, ekologiskt odlingsmedium, robusta fr\u00f6brickor med lock \u2013 och ett gener\u00f6st urval av fr\u00f6n f\u00f6r upprepade sk\u00f6rdar.<\/p>\n<p class=\"\" data-start=\"122\" data-end=\"744\">Med detta set kan du enkelt odla flera brickor samtidigt och s\u00e4kerst\u00e4lla <strong><a href=\"https:\/\/plantelys.dk\/sv\/allt-om-mikrogronodling-hosthalsa-halsa-2\/\">optimala odlingsf\u00f6rh\u00e5llanden<\/a><\/strong> hela v\u00e4gen fr\u00e5n grodd till sk\u00f6rd.<\/p>\n<h3 data-start=\"964\" data-end=\"996\"><\/h3>\n<h3 class=\"\" data-start=\"964\" data-end=\"996\">Microgreen-setet best\u00e5r av:<\/h3>\n<ul data-start=\"998\" data-end=\"1529\">\n<li class=\"\" data-start=\"998\" data-end=\"1118\">\n<h3 class=\"\" data-start=\"1033\" data-end=\"1055\">Satsen inneh\u00e5ller:<\/h3>\n<ul data-start=\"1057\" data-end=\"1724\">\n<li class=\"\" data-start=\"1057\" data-end=\"1162\">\n<p class=\"\" data-start=\"1059\" data-end=\"1162\">\ud83d\udca1 <strong data-start=\"1062\" data-end=\"1105\"><a href=\"https:\/\/plantelys.dk\/sv\/produkt\/solljus-pro-gro-t8-vaxa-ljus-roder-120cm\/\">Sunlight Pro Gro T8 odlingslampa 18W<\/a> (120 cm) 26086<\/strong><br data-start=\"1105\" data-end=\"1108\" \/>\u2013 Kraftfull och effektiv <strong><a href=\"https:\/\/plantelys.dk\/sv\/produktkategori-2\/vaxtljus\/\">v\u00e4xtljus<\/a><\/strong> f\u00f6r optimal v\u00e4xtutveckling.<\/p>\n<\/li>\n<li class=\"\" data-start=\"1164\" data-end=\"1259\">\n<p class=\"\" data-start=\"1166\" data-end=\"1259\"><a href=\"https:\/\/plantelys.dk\/sv\/produkt\/stromkabel-150-cm-med-timkontakt-for-pro-gro-2-1\/\">\ud83d\udd0c <strong data-start=\"1169\" data-end=\"1203\">Str\u00f6mkabel med inbyggd timer 26088\u00a0<\/strong><\/a><br data-start=\"1203\" data-end=\"1206\" \/>- Enkel automatisk p\u00e5\/av-cykel f\u00f6r stabil tillv\u00e4xt.<\/p>\n<\/li>\n<li class=\"\" data-start=\"1261\" data-end=\"1355\">\n<p class=\"\" data-start=\"1263\" data-end=\"1355\">\u26d3\ufe0f <a href=\"https:\/\/plantelys.dk\/sv\/produkt\/hangande-faste-for-t8-och-t20-led-roddarmaturer-med-kedja\/\"><strong data-start=\"1266\" data-end=\"1300\">Upph\u00e4ngning med kedja f\u00f6r T8-armatur 28339<\/strong><\/a><br data-start=\"1300\" data-end=\"1303\" \/>- G\u00f6r det enkelt att justera h\u00f6jden \u00f6ver dina brickor.<\/p>\n<\/li>\n<li class=\"\" data-start=\"1357\" data-end=\"1455\">\n<p class=\"\" data-start=\"1359\" data-end=\"1455\"><a href=\"https:\/\/plantelys.dk\/sv\/produkt\/plagron-cocos-brix-6x9l\/\">\ud83e\uddf1 <strong data-start=\"1362\" data-end=\"1394\">Plagron Cocos pose 28093<\/strong><\/a><br data-start=\"1394\" data-end=\"1397\" \/>- Ekologisk kokosfiber - perfekt som jordfritt odlingssubstrat.<\/p>\n<\/li>\n<li class=\"\" data-start=\"1457\" data-end=\"1553\">\n<p class=\"\" data-start=\"1459\" data-end=\"1553\"><strong><a href=\"https:\/\/plantelys.dk\/sv\/produkt\/frobrickor-set-for-odling-av-microgreens-gron-vit-337x245x5cm\/\">\ud83c\udf31 4 ST  Gr\u00f6n\/vit fr\u00f6bricka (33,7 x 24,5 cm) 28092\u00a0<\/a><\/strong><br data-start=\"1504\" data-end=\"1507\" \/>- Stabilt fack med gott om utrymme och ventilation.<\/p>\n<\/li>\n<li data-start=\"1457\" data-end=\"1553\"><strong><a href=\"https:\/\/plantelys.dk\/sv\/produkt\/lager-for-groddbricka-set-passar-perfekt\/\">4 STYcken Lock till gr\u00f6n\/vita fr\u00f6tr\u00e5gsset 28095<\/a><\/strong><\/li>\n<li data-start=\"1457\" data-end=\"1553\">\u2013 Perfekt anpassad till dina behov <strong><a href=\"https:\/\/plantelys.dk\/sv\/produktkategori-2\/mikrogronsaker-odla-dina-egna-halsosamma-gronsaker-2\/mikrogrona-kullar-2\/\">mikrogr\u00f6nsaksbrickor.<\/a><\/strong><\/li>\n<\/ul>\n<\/li>\n<\/ul>\n<p>&nbsp;<\/p>\n<ul data-start=\"1057\" data-end=\"1724\">\n<li class=\"\" data-start=\"1555\" data-end=\"1724\">\n<h3 data-start=\"1557\" data-end=\"1592\">\ud83c\udf3e Mikrogreener <strong data-start=\"1560\" data-end=\"1590\">Fr\u00f6n f\u00f6r m\u00e5nga sk\u00f6rdar<\/strong><\/h3>\n<ul data-start=\"1595\" data-end=\"1724\">\n<li class=\"\" data-start=\"1595\" data-end=\"1621\">\n<p class=\"\" data-start=\"1597\" data-end=\"1621\">250 g <strong><a href=\"https:\/\/plantelys.dk\/sv\/produkt\/lusern-alfalfa-ekologiskt-fro-2\/\">Lusern (alfalfa)<\/a><\/strong><\/p>\n<\/li>\n<li class=\"\" data-start=\"1624\" data-end=\"1647\">\n<p class=\"\" data-start=\"1626\" data-end=\"1647\">250 g <strong><a href=\"https:\/\/plantelys.dk\/sv\/produkt\/oeko-broccoli-raab-froe-mg-2\/\">Broccoli Raab<\/a><\/strong><\/p>\n<\/li>\n<li class=\"\" data-start=\"1650\" data-end=\"1667\">\n<p class=\"\" data-start=\"1652\" data-end=\"1667\">250 g <strong><a href=\"https:\/\/plantelys.dk\/sv\/produkt\/oeko-solrosfron-for-mikrogront-2\/\">Solrosfr\u00f6n<\/a><\/strong><\/p>\n<\/li>\n<li class=\"\" data-start=\"1670\" data-end=\"1696\">\n<p class=\"\" data-start=\"1672\" data-end=\"1696\">250 g <strong><a href=\"https:\/\/plantelys.dk\/sv\/produkt\/oeko-artskidor-for-mikrogront-2\/\">Ekologiska \u00e4rtor<\/a><\/strong><\/p>\n<\/li>\n<li class=\"\" data-start=\"1699\" data-end=\"1724\">\n<p class=\"\" data-start=\"1701\" data-end=\"1724\">250 g <strong><a href=\"https:\/\/plantelys.dk\/sv\/produkt\/oeko-mikrogron-rot-radisa-fro-2\/\">R\u00e4disa - R\u00f6d Sango<\/a><\/strong><\/p>\n<\/li>\n<\/ul>\n<\/li>\n<\/ul>\n<p>Alla v\u00e5ra <span style=\"text-decoration: underline;\"><a href=\"https:\/\/plantelys.dk\/sv\/produktkategori-2\/mikrogrona-fron-ekologiska-2\/\">mikrogr\u00f6nt fr\u00f6<\/a><\/span> \u00e4r ekologiska.<\/p>\n<hr class=\"\" data-start=\"1726\" data-end=\"1729\" \/>\n<p class=\"\" data-start=\"1731\" data-end=\"1881\">\ud83d\udca1 <em data-start=\"1734\" data-end=\"1881\">Med det h\u00e4r kitet kan du odla flera brickor \u00e5t g\u00e5ngen eller f\u00e5 en st\u00f6rre sk\u00f6rd varje g\u00e5ng - perfekt f\u00f6r dem som redan har provat microgreens och vill ha mer<\/em><\/p>","protected":false},"excerpt":{"rendered":"<p>Setet \u00e4r byggt f\u00f6r att vara enkelt och hanterbart om du vill prova p\u00e5 microgreens, setet \u00e4r byggt f\u00f6r dig som vill prova lite mer kraft med microgreens, eller kanske redan har en microgreen setup d\u00e4r de bara vill ut\u00f6ka sin nuvarande microgreen, d\u00e5 passar v\u00e5rt medium set perfekt.<\/p>","protected":false},"featured_media":47981,"comment_status":"closed","ping_status":"closed","template":"","meta":{"_acf_changed":false},"product_brand":[],"product_cat":[106,210,246,95],"product_tag":[],"class_list":{"0":"post-47980","1":"product","2":"type-product","3":"status-publish","4":"has-post-thumbnail","6":"product_cat-mikrogroent-gro-dit-eget-sunde-groent","7":"product_cat-mikrogroent-startpakker","8":"product_cat-plantelys-tilbud","9":"product_cat-hjemme-dyrkning-af-planter-urter-groentsager-eller","11":"entry","12":"has-media","14":"first","15":"outofstock","16":"taxable","17":"shipping-taxable","18":"purchasable","19":"product-type-simple","20":"has-product-nav","21":"col","22":"span_1_of_4","23":"owp-content-center","24":"item-entry","25":"owp-thumbs-layout-vertical","26":"owp-btn-normal","27":"owp-tabs-layout-horizontal"},"acf":[],"_links":{"self":[{"href":"https:\/\/plantelys.dk\/sv\/wp-json\/wp\/v2\/product\/47980","targetHints":{"allow":["GET"]}}],"collection":[{"href":"https:\/\/plantelys.dk\/sv\/wp-json\/wp\/v2\/product"}],"about":[{"href":"https:\/\/plantelys.dk\/sv\/wp-json\/wp\/v2\/types\/product"}],"replies":[{"embeddable":true,"href":"https:\/\/plantelys.dk\/sv\/wp-json\/wp\/v2\/comments?post=47980"}],"version-history":[{"count":0,"href":"https:\/\/plantelys.dk\/sv\/wp-json\/wp\/v2\/product\/47980\/revisions"}],"wp:featuredmedia":[{"embeddable":true,"href":"https:\/\/plantelys.dk\/sv\/wp-json\/wp\/v2\/media\/47981"}],"wp:attachment":[{"href":"https:\/\/plantelys.dk\/sv\/wp-json\/wp\/v2\/media?parent=47980"}],"wp:term":[{"taxonomy":"product_brand","embeddable":true,"href":"https:\/\/plantelys.dk\/sv\/wp-json\/wp\/v2\/product_brand?post=47980"},{"taxonomy":"product_cat","embeddable":true,"href":"https:\/\/plantelys.dk\/sv\/wp-json\/wp\/v2\/product_cat?post=47980"},{"taxonomy":"product_tag","embeddable":true,"href":"https:\/\/plantelys.dk\/sv\/wp-json\/wp\/v2\/product_tag?post=47980"}],"curies":[{"name":"wp","href":"https:\/\/api.w.org\/{rel}","templated":true}]}}