{"id":47483,"date":"2025-03-18T09:46:09","date_gmt":"2025-03-18T08:46:09","guid":{"rendered":"https:\/\/plantelys.dk\/?post_type=product&#038;p=47483"},"modified":"2026-02-10T15:53:32","modified_gmt":"2026-02-10T14:53:32","slug":"big-plant-science-big-plant-science-big-flower-big-grow-big-grow-big-grow-flytande-godselmedel-erbjudande","status":"publish","type":"product","link":"https:\/\/plantelys.dk\/sv\/vare\/big-plant-science-big-flower-big-grow-flydende-goedning-tilbud\/","title":{"rendered":"Big Plant Science, Big Flower, Big Grow Flytande g\u00f6dningsmedel erbjudande"},"content":{"rendered":"<h2 data-start=\"87\" data-end=\"128\"><strong data-start=\"91\" data-end=\"126\">Startkit f\u00f6r smart k\u00f6kstr\u00e4dg\u00e5rd<\/strong><\/h2>\n<p data-start=\"130\" data-end=\"372\">Kom ig\u00e5ng med din <strong data-start=\"154\" data-end=\"170\">Smart tr\u00e4dg\u00e5rd<\/strong> \/ <strong data-start=\"173\" data-end=\"197\">gr\u00f6nsakstr\u00e4dg\u00e5rd inomhus<\/strong> med detta startpaket fr\u00e5n <strong data-start=\"223\" data-end=\"244\">Vetenskap om stora v\u00e4xter<\/strong>. F\u00f6rpackningen inneh\u00e5ller allt du beh\u00f6ver f\u00f6r att ge dina v\u00e4xter den b\u00e4sta starten s\u00e5 att de kan v\u00e4xa sig starka och produktiva.<\/p>\n<p data-start=\"374\" data-end=\"511\">Paketet inneh\u00e5ller de viktigaste g\u00f6dningsmedlen <strong data-start=\"417\" data-end=\"429\">Stor tillv\u00e4xt<\/strong> och <strong data-start=\"433\" data-end=\"447\">Stor blomma<\/strong>samt en <strong data-start=\"457\" data-end=\"468\">pipett<\/strong> f\u00f6r exakt dosering av n\u00e4rings\u00e4mnen.<\/p>\n<p data-start=\"513\" data-end=\"646\">Genom att kombinera dessa tv\u00e5 g\u00f6dselprodukter s\u00e4kerst\u00e4ller du en <strong data-start=\"570\" data-end=\"600\">Balanserad n\u00e4ringsprofil<\/strong>som st\u00f6der b\u00e5de tillv\u00e4xt och blomning.<\/p>\n<h4 data-start=\"648\" data-end=\"676\"><strong data-start=\"653\" data-end=\"674\">Inneh\u00e5ll i f\u00f6rpackningen:<\/strong><\/h4>\n<p data-start=\"677\" data-end=\"742\">\u2705 <strong data-start=\"679\" data-end=\"696\">Big Grow - 1L<\/strong><br data-start=\"696\" data-end=\"699\" \/>\u2705 <strong data-start=\"701\" data-end=\"720\">Stor blomma - 1L<\/strong><br data-start=\"720\" data-end=\"723\" \/>\u2705 <strong data-start=\"725\" data-end=\"740\">1 ml pipett<\/strong><\/p>\n<p data-start=\"744\" data-end=\"849\">\u2139\ufe0f <em data-start=\"747\" data-end=\"847\">Obs: Detta paket inneh\u00e5ller en uppdaterad version av de tidigare produkterna fr\u00e5n samma tillverkare.<\/em><\/p>\n<p data-start=\"851\" data-end=\"943\">Ge dina v\u00e4xter r\u00e4tt n\u00e4ring f\u00f6r optimal tillv\u00e4xt och blomning - enkelt och effektivt! \ud83c\udf31\u2728<\/p>\n<p data-start=\"741\" data-end=\"846\">\u2139\ufe0f <em data-start=\"744\" data-end=\"844\">Obs: Detta paket inneh\u00e5ller en uppdaterad version av de tidigare produkterna fr\u00e5n samma tillverkare.<\/em><\/p>\n<p>&nbsp;<\/p>\n<div>Mer information om g\u00f6dselmedel: <a href=\"https:\/\/plantelys.dk\/sv\/guide-for-godselmedel-for-stora-vaxter-2\/\" target=\"_blank\" rel=\"noopener\"><strong>Stort v\u00e4xtvetenskapligt g\u00f6dningsschema<\/strong><\/a><\/div>\n<div><\/div>\n<div><\/div>","protected":false},"excerpt":{"rendered":"<p>Startpaket f\u00f6r tr\u00e4dg\u00e5rdsg\u00f6dsel f\u00f6r inomhusbruk med flytande g\u00f6dsel och m\u00e4tare, spara \u00f6ver 5%<\/p>","protected":false},"featured_media":47480,"comment_status":"closed","ping_status":"closed","template":"","meta":{"_acf_changed":false},"product_brand":[],"product_cat":[274,113,234,98,105,106,95],"product_tag":[284],"class_list":{"0":"post-47483","1":"product","2":"type-product","3":"status-publish","4":"has-post-thumbnail","6":"product_cat-big-plant-science","7":"product_cat-goedning-og-gromedier-for-planter","8":"product_cat-goedning-gromedie-froe","9":"product_cat-hydroponisk-dyrkning","10":"product_cat-indendoers-koekkenhave-til-hjemme-brug","11":"product_cat-mikrogroent-gro-dit-eget-sunde-groent","12":"product_cat-hjemme-dyrkning-af-planter-urter-groentsager-eller","13":"product_tag-goedning","15":"entry","16":"has-media","18":"first","19":"instock","20":"sale","21":"taxable","22":"shipping-taxable","23":"purchasable","24":"product-type-simple","25":"has-product-nav","26":"col","27":"span_1_of_4","28":"owp-content-center","29":"item-entry","30":"owp-thumbs-layout-vertical","31":"owp-btn-normal","32":"owp-tabs-layout-horizontal"},"acf":[],"_links":{"self":[{"href":"https:\/\/plantelys.dk\/sv\/wp-json\/wp\/v2\/product\/47483","targetHints":{"allow":["GET"]}}],"collection":[{"href":"https:\/\/plantelys.dk\/sv\/wp-json\/wp\/v2\/product"}],"about":[{"href":"https:\/\/plantelys.dk\/sv\/wp-json\/wp\/v2\/types\/product"}],"replies":[{"embeddable":true,"href":"https:\/\/plantelys.dk\/sv\/wp-json\/wp\/v2\/comments?post=47483"}],"version-history":[{"count":0,"href":"https:\/\/plantelys.dk\/sv\/wp-json\/wp\/v2\/product\/47483\/revisions"}],"wp:featuredmedia":[{"embeddable":true,"href":"https:\/\/plantelys.dk\/sv\/wp-json\/wp\/v2\/media\/47480"}],"wp:attachment":[{"href":"https:\/\/plantelys.dk\/sv\/wp-json\/wp\/v2\/media?parent=47483"}],"wp:term":[{"taxonomy":"product_brand","embeddable":true,"href":"https:\/\/plantelys.dk\/sv\/wp-json\/wp\/v2\/product_brand?post=47483"},{"taxonomy":"product_cat","embeddable":true,"href":"https:\/\/plantelys.dk\/sv\/wp-json\/wp\/v2\/product_cat?post=47483"},{"taxonomy":"product_tag","embeddable":true,"href":"https:\/\/plantelys.dk\/sv\/wp-json\/wp\/v2\/product_tag?post=47483"}],"curies":[{"name":"wp","href":"https:\/\/api.w.org\/{rel}","templated":true}]}}