{"id":47478,"date":"2025-03-18T09:32:19","date_gmt":"2025-03-18T08:32:19","guid":{"rendered":"https:\/\/plantelys.dk\/?post_type=product&#038;p=47478"},"modified":"2026-03-02T16:29:24","modified_gmt":"2026-03-02T15:29:24","slug":"stor-vaxtvetenskap-stor-blomma-stor-kalcium-flytande-godningsmedel-erbjudande","status":"publish","type":"product","link":"https:\/\/plantelys.dk\/sv\/vare\/big-plant-science-big-flower-big-calcium-flydende-goedning-tilbud\/","title":{"rendered":"Big Plant Science, Big Flower, Big calcium Flytande g\u00f6dselmedel erbjudanden"},"content":{"rendered":"<h2 data-start=\"78\" data-end=\"119\"><strong data-start=\"82\" data-end=\"117\">Startkit f\u00f6r smart k\u00f6kstr\u00e4dg\u00e5rd<\/strong><\/h2>\n<p data-start=\"121\" data-end=\"363\">Kom ig\u00e5ng med din <strong data-start=\"145\" data-end=\"161\">Smart tr\u00e4dg\u00e5rd<\/strong> \/ <strong data-start=\"164\" data-end=\"188\">gr\u00f6nsakstr\u00e4dg\u00e5rd inomhus<\/strong> med detta startpaket fr\u00e5n <a href=\"https:\/\/plantelys.dk\/sv\/produkt\/stor-vaxtvetenskap-stor-blomma-stor-kalcium-flytande-godningsmedel-erbjudande\/\"><strong data-start=\"214\" data-end=\"235\">Vetenskap om stora v\u00e4xter<\/strong><\/a>. F\u00f6rpackningen inneh\u00e5ller allt du beh\u00f6ver f\u00f6r att ge dina v\u00e4xter den b\u00e4sta starten s\u00e5 att de kan v\u00e4xa sig starka och produktiva.<\/p>\n<p data-start=\"365\" data-end=\"505\">Paketet inneh\u00e5ller de viktigaste g\u00f6dningsmedlen <strong data-start=\"408\" data-end=\"423\">Stort kalcium<\/strong> och <strong data-start=\"427\" data-end=\"441\">Stor blomma<\/strong>samt en <strong data-start=\"451\" data-end=\"462\">pipett<\/strong> f\u00f6r exakt dosering av n\u00e4rings\u00e4mnen.<\/p>\n<p data-start=\"507\" data-end=\"640\">Genom att kombinera dessa tv\u00e5 g\u00f6dselprodukter s\u00e4kerst\u00e4ller du en <strong data-start=\"564\" data-end=\"594\">Balanserad n\u00e4ringsprofil<\/strong>som st\u00f6der b\u00e5de tillv\u00e4xt och blomning.<\/p>\n<h3 data-start=\"642\" data-end=\"670\"><strong data-start=\"647\" data-end=\"668\">Inneh\u00e5ll i f\u00f6rpackningen:<\/strong><\/h3>\n<p data-start=\"671\" data-end=\"739\">\u2705 <strong data-start=\"673\" data-end=\"692\">Stor blomma - 1L<\/strong><br data-start=\"692\" data-end=\"695\" \/>\u2705 <strong data-start=\"697\" data-end=\"717\">Big Calcium \u2013 1 liter<\/strong><br data-start=\"717\" data-end=\"720\" \/>\u2705 <strong data-start=\"722\" data-end=\"737\">1 ml pipett<\/strong><\/p>\n<p data-start=\"741\" data-end=\"846\">\u2139\ufe0f <em data-start=\"744\" data-end=\"844\">Obs: Detta paket inneh\u00e5ller en uppdaterad version av de tidigare produkterna fr\u00e5n samma tillverkare.<\/em><\/p>\n<p>&nbsp;<\/p>\n<div>Mer information om g\u00f6dselmedel: <a href=\"https:\/\/plantelys.dk\/sv\/guide-for-godselmedel-for-stora-vaxter-2\/\" target=\"_blank\" rel=\"noopener\"><strong>Stort v\u00e4xtvetenskapligt g\u00f6dningsschema<\/strong><\/a><\/div>\n<div><\/div>\n<div><\/div>","protected":false},"excerpt":{"rendered":"<p>Startpaket f\u00f6r tr\u00e4dg\u00e5rdsg\u00f6dsel f\u00f6r inomhusbruk med flytande g\u00f6dsel och m\u00e4tare, spara \u00f6ver 5%<\/p>","protected":false},"featured_media":47479,"comment_status":"closed","ping_status":"closed","template":"","meta":{"_acf_changed":false},"product_brand":[],"product_cat":[274,113,234,98],"product_tag":[284],"class_list":{"0":"post-47478","1":"product","2":"type-product","3":"status-publish","4":"has-post-thumbnail","6":"product_cat-big-plant-science","7":"product_cat-goedning-og-gromedier-for-planter","8":"product_cat-goedning-gromedie-froe","9":"product_cat-hydroponisk-dyrkning","10":"product_tag-goedning","12":"entry","13":"has-media","15":"first","16":"instock","17":"sale","18":"taxable","19":"shipping-taxable","20":"purchasable","21":"product-type-simple","22":"has-product-nav","23":"col","24":"span_1_of_4","25":"owp-content-center","26":"item-entry","27":"owp-thumbs-layout-vertical","28":"owp-btn-normal","29":"owp-tabs-layout-horizontal"},"acf":[],"_links":{"self":[{"href":"https:\/\/plantelys.dk\/sv\/wp-json\/wp\/v2\/product\/47478","targetHints":{"allow":["GET"]}}],"collection":[{"href":"https:\/\/plantelys.dk\/sv\/wp-json\/wp\/v2\/product"}],"about":[{"href":"https:\/\/plantelys.dk\/sv\/wp-json\/wp\/v2\/types\/product"}],"replies":[{"embeddable":true,"href":"https:\/\/plantelys.dk\/sv\/wp-json\/wp\/v2\/comments?post=47478"}],"version-history":[{"count":0,"href":"https:\/\/plantelys.dk\/sv\/wp-json\/wp\/v2\/product\/47478\/revisions"}],"wp:featuredmedia":[{"embeddable":true,"href":"https:\/\/plantelys.dk\/sv\/wp-json\/wp\/v2\/media\/47479"}],"wp:attachment":[{"href":"https:\/\/plantelys.dk\/sv\/wp-json\/wp\/v2\/media?parent=47478"}],"wp:term":[{"taxonomy":"product_brand","embeddable":true,"href":"https:\/\/plantelys.dk\/sv\/wp-json\/wp\/v2\/product_brand?post=47478"},{"taxonomy":"product_cat","embeddable":true,"href":"https:\/\/plantelys.dk\/sv\/wp-json\/wp\/v2\/product_cat?post=47478"},{"taxonomy":"product_tag","embeddable":true,"href":"https:\/\/plantelys.dk\/sv\/wp-json\/wp\/v2\/product_tag?post=47478"}],"curies":[{"name":"wp","href":"https:\/\/api.w.org\/{rel}","templated":true}]}}