{"id":47345,"date":"2025-03-13T13:22:58","date_gmt":"2025-03-13T12:22:58","guid":{"rendered":"https:\/\/plantelys.dk\/?post_type=product&#038;p=47345"},"modified":"2026-02-10T15:46:52","modified_gmt":"2026-02-10T14:46:52","slug":"stor-vaxtvetenskap-godselkit-ultimate","status":"publish","type":"product","link":"https:\/\/plantelys.dk\/sv\/vare\/big-plant-science-goedningskit-ultimate\/","title":{"rendered":"Big Plant science Komplett g\u00f6dslingssats Ultimate"},"content":{"rendered":"<h2 data-start=\"453\" data-end=\"1107\">Big plant science g\u00f8dningskit Ultimate<\/h2>\n<p data-start=\"453\" data-end=\"1107\">Det her er vores Ultimate pakke som der skal v\u00e6re med til at d\u00e6kke ind over alt fra vores g\u00f8dninskit fra Big plant science<\/p>\n<p data-start=\"3492\" data-end=\"3577\"><span class=\"relative -mx-px my-[-0.2rem] rounded px-px py-[0.2rem]\"><strong data-start=\"0\" data-end=\"85\" data-is-last-node=\"\" data-is-only-node=\"\">Ultimate Pakke \u2013 Alt-i-\u00e9n 1L G\u00f8dnings- og M\u00e5les\u00e6t til Professionel Plantedyrkning<\/strong><\/span>\u200b<\/p>\n<p data-start=\"3579\" data-end=\"3664\"><span class=\"relative -mx-px my-[-0.2rem] rounded px-px py-[0.2rem]\">For den seri\u00f8se dyrker tilbyder vores Ultimate Pakke en komplet l\u00f8sning til at fremme sund plantev\u00e6kst og maksimal blomstring. Pakken indeholder otte specialiserede g\u00f8dningsprodukter, hver i 1-liters beholdere, designet til at d\u00e6kke alle faser af plantens livscyklus:<\/span>\u200b<\/p>\n<ul data-start=\"3666\" data-end=\"4536\">\n<li data-start=\"3666\" data-end=\"3772\"><strong data-start=\"3668\" data-end=\"3686\">BIG GROW (1L):<\/strong> <span class=\"relative -mx-px my-[-0.2rem] rounded px-px py-[0.2rem]\">Underst\u00f8tter kraftig vegetativ v\u00e6kst.<\/span>\u200b<\/li>\n<li data-start=\"3773\" data-end=\"3880\"><strong data-start=\"3775\" data-end=\"3794\">BIG BLOOM (1L):<\/strong> <span class=\"relative -mx-px my-[-0.2rem] rounded px-px py-[0.2rem]\">Optimerer blomstringsfasen med essentielle n\u00e6ringsstoffer.<\/span>\u200b<\/li>\n<li data-start=\"3881\" data-end=\"3990\"><strong data-start=\"3883\" data-end=\"3904\">BIG CALCIUM (1L):<\/strong> <span class=\"relative -mx-px my-[-0.2rem] rounded px-px py-[0.2rem]\">Styrker cellev\u00e6gge og forbedrer plantens struktur.<\/span>\u200b<\/li>\n<li data-start=\"3991\" data-end=\"4098\"><strong data-start=\"3993\" data-end=\"4012\">BIG ROOTS (1L):<\/strong> <span class=\"relative -mx-px my-[-0.2rem] rounded px-px py-[0.2rem]\">Fremmer et sundt og omfattende rodsystem.<\/span>\u200b<\/li>\n<li data-start=\"4099\" data-end=\"4208\"><strong data-start=\"4101\" data-end=\"4122\">BIG FLOWERS (1L):<\/strong> <span class=\"relative -mx-px my-[-0.2rem] rounded px-px py-[0.2rem]\">Forbedrer blomsterudvikling og \u00f8ger udbyttet.<\/span>\u200b<\/li>\n<li data-start=\"4209\" data-end=\"4316\"><strong data-start=\"4211\" data-end=\"4230\">BIG BOOST (1L):<\/strong> <span class=\"relative -mx-px my-[-0.2rem] rounded px-px py-[0.2rem]\">Giver planterne et ekstra skub for optimal v\u00e6kst.<\/span>\u200b<\/li>\n<li data-start=\"4317\" data-end=\"4427\"><strong data-start=\"4319\" data-end=\"4341\">BIG DIAMONDS (1L):<\/strong> <span class=\"relative -mx-px my-[-0.2rem] rounded px-px py-[0.2rem]\">\u00d8ger produktionen af trichomer for bedre kvalitet.<\/span>\u200b<\/li>\n<li data-start=\"4428\" data-end=\"4536\"><strong data-start=\"4430\" data-end=\"4450\">BIG SHIELD (1L):<\/strong> <span class=\"relative -mx-px my-[-0.2rem] rounded px-px py-[0.2rem]\">Styrker plantens naturlige forsvarsmekanismer.<\/span>\u200b<\/li>\n<\/ul>\n<p data-start=\"4538\" data-end=\"4623\"><span class=\"relative -mx-px my-[-0.2rem] rounded px-px py-[0.2rem]\">For at sikre pr\u00e6cis dosering og optimal n\u00e6ringsoptagelse inkluderer pakken ogs\u00e5:<\/span>\u200b<\/p>\n<ul data-start=\"4625\" data-end=\"5038\">\n<li data-start=\"1132\" data-end=\"1249\"><strong data-start=\"1134\" data-end=\"1168\">Plagron pH Minus 59% Regulator<\/strong>: <span class=\"relative -mx-px my-[-0.2rem] rounded px-px py-[0.2rem]\">Anvendes til at s\u00e6nke pH-v\u00e6rdien i n\u00e6ringsopl\u00f8sninger, hvilket sikrer optimal n\u00e6ringsoptagelse for dine planter.<\/span><\/li>\n<li data-start=\"1250\" data-end=\"1351\"><strong data-start=\"1252\" data-end=\"1270\">Root Explosion<\/strong>: <span class=\"relative -mx-px my-[-0.2rem] rounded px-px py-[0.2rem]\">Fremmer udviklingen af flere og kraftigere r\u00f8dder p\u00e5 dine planter og stiklinger, hvilket resulterer i sundere og mere robuste planter.<\/span><\/li>\n<li data-start=\"1352\" data-end=\"1456\"><strong data-start=\"1354\" data-end=\"1375\">7 i 1 Vand Tester<\/strong>: <span class=\"relative -mx-px my-[-0.2rem] rounded px-px py-[0.2rem]\">Et b\u00e6rbart v\u00e6rkt\u00f8j, der giver n\u00f8jagtige og hurtige resultater for en r\u00e6kke m\u00e5linger, herunder pH, hvilket er essentielt for at sikre optimal vandkvalitet til dine planter.<\/span><\/li>\n<li data-start=\"4625\" data-end=\"4764\"><strong data-start=\"4627\" data-end=\"4678\">3 stk. Pipette plast 3 mL til flydende g\u00f8dning:<\/strong> <span class=\"relative -mx-px my-[-0.2rem] rounded px-px py-[0.2rem]\">Disse pipetter muligg\u00f8r n\u00f8jagtig dosering af flydende g\u00f8dning, hvilket er essentielt for at undg\u00e5 over- eller underg\u00f8dning.<\/span><\/li>\n<\/ul>\n<p>Du har ogs\u00e5 mulighed for at l\u00e6se om hver enkelte produkter <a href=\"https:\/\/bigplantscience.com\/en\/our-products\/\" target=\"_blank\" rel=\"noopener\">her<\/a><\/p>\n<p>Du kan finde flere af vores g\u00f8dnings produkter <a href=\"https:\/\/plantelys.dk\/vare-kategori\/goedning-og-gromedier-for-planter\/\">her<\/a>!<\/p>\n<p>&nbsp;<\/p>\n","protected":false},"excerpt":{"rendered":"<h3 data-start=\"0\" data-end=\"75\"><strong data-start=\"4\" data-end=\"73\">Big plant science <span class=\"relative -mx-px my-[-0.2rem] rounded px-px py-[0.2rem]\">Ultimate Pakke \u2013 Alt-i-\u00e9n 1L G\u00f8dnings- og M\u00e5les\u00e6t til Professionel Plantedyrkning<\/span><\/strong><\/h3>\n","protected":false},"featured_media":47346,"comment_status":"closed","ping_status":"closed","template":"","meta":{"_acf_changed":false},"product_brand":[],"product_cat":[274,113,234,98,176,95],"product_tag":[],"class_list":{"0":"post-47345","1":"product","2":"type-product","3":"status-publish","4":"has-post-thumbnail","6":"product_cat-big-plant-science","7":"product_cat-goedning-og-gromedier-for-planter","8":"product_cat-goedning-gromedie-froe","9":"product_cat-hydroponisk-dyrkning","10":"product_cat-indendoers-plantevaekst-stueplanter-mf","11":"product_cat-hjemme-dyrkning-af-planter-urter-groentsager-eller","13":"entry","14":"has-media","16":"first","17":"instock","18":"taxable","19":"shipping-taxable","20":"purchasable","21":"product-type-simple","22":"has-product-nav","23":"col","24":"span_1_of_4","25":"owp-content-center","26":"item-entry","27":"owp-thumbs-layout-vertical","28":"owp-btn-normal","29":"owp-tabs-layout-horizontal"},"acf":[],"_links":{"self":[{"href":"https:\/\/plantelys.dk\/sv\/wp-json\/wp\/v2\/product\/47345","targetHints":{"allow":["GET"]}}],"collection":[{"href":"https:\/\/plantelys.dk\/sv\/wp-json\/wp\/v2\/product"}],"about":[{"href":"https:\/\/plantelys.dk\/sv\/wp-json\/wp\/v2\/types\/product"}],"replies":[{"embeddable":true,"href":"https:\/\/plantelys.dk\/sv\/wp-json\/wp\/v2\/comments?post=47345"}],"version-history":[{"count":0,"href":"https:\/\/plantelys.dk\/sv\/wp-json\/wp\/v2\/product\/47345\/revisions"}],"wp:featuredmedia":[{"embeddable":true,"href":"https:\/\/plantelys.dk\/sv\/wp-json\/wp\/v2\/media\/47346"}],"wp:attachment":[{"href":"https:\/\/plantelys.dk\/sv\/wp-json\/wp\/v2\/media?parent=47345"}],"wp:term":[{"taxonomy":"product_brand","embeddable":true,"href":"https:\/\/plantelys.dk\/sv\/wp-json\/wp\/v2\/product_brand?post=47345"},{"taxonomy":"product_cat","embeddable":true,"href":"https:\/\/plantelys.dk\/sv\/wp-json\/wp\/v2\/product_cat?post=47345"},{"taxonomy":"product_tag","embeddable":true,"href":"https:\/\/plantelys.dk\/sv\/wp-json\/wp\/v2\/product_tag?post=47345"}],"curies":[{"name":"wp","href":"https:\/\/api.w.org\/{rel}","templated":true}]}}