{"id":47331,"date":"2025-03-13T11:58:31","date_gmt":"2025-03-13T10:58:31","guid":{"rendered":"https:\/\/plantelys.dk\/?post_type=product&#038;p=47331"},"modified":"2026-02-10T15:46:23","modified_gmt":"2026-02-10T14:46:23","slug":"stor-vaxtvetenskap-komplett-goedninskit-avancerad","status":"publish","type":"product","link":"https:\/\/plantelys.dk\/sv\/vare\/big-plant-science-komplet-goedninskit-advanced\/","title":{"rendered":"Big Plant science Komplett g\u00f6dslingssats Advanced"},"content":{"rendered":"<h2 data-start=\"453\" data-end=\"1107\">Stort v\u00e4xtvetenskapligt g\u00f6dselmedelsset f\u00f6r avancerade anv\u00e4ndare<\/h2>\n<p data-start=\"453\" data-end=\"1107\">Detta \u00e4r v\u00e5rt avancerade paket, som inneh\u00e5ller allt fr\u00e5n v\u00e5rt g\u00f6dselmedelsset fr\u00e5n Big Plant Science.<\/p>\n<p>\ud83c\udf31 <strong data-start=\"456\" data-end=\"468\">STOR V\u00c4XT<\/strong> \u2013 Ger dina v\u00e4xter en sund och kraftig vegetativ tillv\u00e4xt.<br data-start=\"525\" data-end=\"528\" \/>\ud83c\udf3a <strong data-start=\"531\" data-end=\"544\">STOR BLOMST<\/strong> \u2013 Optimerar blomningen med en h\u00f6g koncentration av viktiga n\u00e4rings\u00e4mnen.<br data-start=\"625\" data-end=\"628\" \/>\ud83d\udcaa <strong data-start=\"631\" data-end=\"646\">STOR KALCIUM<\/strong> \u2013 S\u00e4kerst\u00e4ller starka cellv\u00e4ggar och f\u00f6rb\u00e4ttrar v\u00e4xtstrukturen.<br data-start=\"705\" data-end=\"708\" \/>\ud83c\udf3f <strong data-start=\"711\" data-end=\"724\">STORA R\u00d6TTER<\/strong> \u2013 St\u00e4rker rotsystemet och \u00f6kar n\u00e4ringsupptaget.<br data-start=\"773\" data-end=\"776\" data-is-only-node=\"\" \/>\ud83c\udf38 <strong data-start=\"779\" data-end=\"794\">STORA BLOMMOR<\/strong> \u2013 F\u00f6rb\u00e4ttrar blomutvecklingen och \u00f6kar avkastningen.<br data-start=\"844\" data-end=\"847\" \/>\ud83d\ude80 <strong data-start=\"850\" data-end=\"863\">STOR BOOST<\/strong> \u2013 En kraftfull tillv\u00e4xtstimulator som hj\u00e4lper dina v\u00e4xter att n\u00e5 nya h\u00f6jder.<br data-start=\"933\" data-end=\"936\" \/>\u2728 <strong data-start=\"938\" data-end=\"954\">STORA DIAMANTAR<\/strong> \u2013 \u00d6kar kristallproduktionen och f\u00f6rb\u00e4ttrar v\u00e4xtkvaliteten.<br data-start=\"1020\" data-end=\"1023\" \/>\ud83d\udee1 <strong data-start=\"1026\" data-end=\"1040\">BIG SHIELD<\/strong> \u2013 Naturligt skydd som st\u00e4rker v\u00e4xternas f\u00f6rsvarsmekanismer.<\/p>\n<p data-start=\"1109\" data-end=\"1509\"><strong data-start=\"1109\" data-end=\"1142\">Perfekt med v\u00e4xtbelysning!<\/strong><br data-start=\"1142\" data-end=\"1145\" \/>Detta paket \u00e4r <strong data-start=\"1160\" data-end=\"1203\">Perfekt f\u00f6r dem som odlar med v\u00e4xtbelysning<\/strong>, d\u00e4r precis n\u00e4ringstillf\u00f6rsel \u00e4r avg\u00f6rande f\u00f6r att uppn\u00e5 maximala resultat. N\u00e4r du kombinerar dessa specialiserade n\u00e4rings\u00e4mnen med en bra <strong data-start=\"1347\" data-end=\"1375\">LED v\u00e4xtljus<\/strong>, s\u00e4kerst\u00e4ller du optimal fotosyntes, snabbare tillv\u00e4xt och kraftigare blomning \u2013 \u00e4ven i inomhusmilj\u00f6er med begr\u00e4nsat naturligt ljus.<\/p>\n<p data-start=\"1511\" data-end=\"1716\">\u2705 <strong data-start=\"1513\" data-end=\"1551\">Komplett l\u00f6sning fr\u00e5n start till sk\u00f6rd<\/strong><br data-start=\"1551\" data-end=\"1554\" \/>\u2705 <strong data-start=\"1556\" data-end=\"1621\">Fungerar perfekt med jord, hydroponiska system och kokos<\/strong><br data-start=\"1621\" data-end=\"1624\" \/>\u2705 <strong data-start=\"1626\" data-end=\"1714\">Utformad f\u00f6r att ge dina v\u00e4xter allt de beh\u00f6ver f\u00f6r en sund och frodig tillv\u00e4xt<\/strong><\/p>\n<p data-start=\"1718\" data-end=\"1907\">Ge dina v\u00e4xter <strong data-start=\"1739\" data-end=\"1777\">b\u00e4sta start och ett blomstrande liv<\/strong> med v\u00e5r <strong data-start=\"1788\" data-end=\"1821\">Premium-paket f\u00f6r tillv\u00e4xt och blomning<\/strong> \u2013 i kombination med r\u00e4tt v\u00e4xtbelysning \u00e4r du garanterad imponerande resultat! \ud83c\udf3f\ud83d\udca1<\/p>\n<p>Du kan hitta fler av v\u00e5ra g\u00f6dningsmedelprodukter <a href=\"https:\/\/plantelys.dk\/sv\/produktkategori-2\/godningsmedel-och-odlingsmedier-for-vaxter\/\">h\u00e4r<\/a>!<br \/>\nDu har ocks\u00e5 m\u00f6jlighet att l\u00e4sa om varje enskild produkt. <a href=\"https:\/\/bigplantscience.com\/en\/our-products\/\" target=\"_blank\" rel=\"noopener\">h\u00e4r<\/a><\/p>","protected":false},"excerpt":{"rendered":"<h3 data-start=\"0\" data-end=\"75\"><strong data-start=\"4\" data-end=\"73\">Big Plant Science Advanced Package \u2013 Komplett 1 liters g\u00f6dselpaket f\u00f6r tillv\u00e4xt och blomning<\/strong><\/h3>\n<p data-start=\"77\" data-end=\"334\">Uppn\u00e5 <strong data-start=\"82\" data-end=\"114\">maximal tillv\u00e4xt och blomning<\/strong> med v\u00e5r <strong data-start=\"125\" data-end=\"143\">Avancerat paket<\/strong>, inneh\u00e5llande <strong data-start=\"160\" data-end=\"191\">\u00e5tta mycket effektiva g\u00f6dningsmedel<\/strong>, var och en i <strong data-start=\"200\" data-end=\"222\">1-litersbeh\u00e5llare<\/strong>. Detta paket \u00e4r utformat f\u00f6r odlare som vill <strong data-start=\"269\" data-end=\"331\">starkare v\u00e4xter, b\u00e4ttre n\u00e4ringsupptag och h\u00f6gre avkastning<\/strong>.<\/p>\n<p data-start=\"336\" data-end=\"935\">\ud83d\udca7 <strong data-start=\"339\" data-end=\"356\">BIG GROW (1 liter)<\/strong> \u2013 S\u00e4kerst\u00e4ller en sund och kraftig vegetativ tillv\u00e4xt<br data-start=\"397\" data-end=\"400\" \/>\ud83c\udf38 <strong data-start=\"403\" data-end=\"421\">BIG BLOOM (1 liter)<\/strong> \u2013 Optimerar blomningsfasen med viktiga n\u00e4rings\u00e4mnen<br data-start=\"481\" data-end=\"484\" data-is-only-node=\"\" \/>\ud83d\udcaa <strong data-start=\"487\" data-end=\"507\">BIG CALCIUM (1 liter)<\/strong> \u2013 St\u00e4rker cellv\u00e4ggarna och f\u00f6rb\u00e4ttrar v\u00e4xtstrukturen<br data-start=\"562\" data-end=\"565\" \/>\ud83c\udf3f <strong data-start=\"568\" data-end=\"586\">BIG ROOTS (1 liter)<\/strong> \u2013 Stimulerar r\u00f6tterna och f\u00f6rb\u00e4ttrar n\u00e4ringsupptaget<br data-start=\"639\" data-end=\"642\" \/>\ud83d\ude80 <strong data-start=\"645\" data-end=\"663\">BIG BOOST (1 liter)<\/strong> \u2013 Ger v\u00e4xterna en extra boost f\u00f6r maximal tillv\u00e4xt<br data-start=\"715\" data-end=\"718\" \/>\u2728 <strong data-start=\"720\" data-end=\"741\">STORA DIAMANTER (1L)<\/strong> \u2013 \u00d6kar trichomproduktionen och f\u00f6rb\u00e4ttrar kvaliteten<br data-start=\"798\" data-end=\"801\" \/>\ud83c\udf3a <strong data-start=\"804\" data-end=\"824\">STORA BLOMMOR (1L)<\/strong> \u2013 F\u00f6rb\u00e4ttrar blomutvecklingen och \u00f6kar avkastningen<br data-start=\"871\" data-end=\"874\" \/>\ud83d\udee1 <strong data-start=\"877\" data-end=\"896\">STOR SK\u00d6LD (1L)<\/strong> \u2013 St\u00e4rker plantans naturliga f\u00f6rsvar<\/p>","protected":false},"featured_media":47334,"comment_status":"closed","ping_status":"closed","template":"","meta":{"_acf_changed":false},"product_brand":[],"product_cat":[274,113,234,98,176,95],"product_tag":[],"class_list":{"0":"post-47331","1":"product","2":"type-product","3":"status-publish","4":"has-post-thumbnail","6":"product_cat-big-plant-science","7":"product_cat-goedning-og-gromedier-for-planter","8":"product_cat-goedning-gromedie-froe","9":"product_cat-hydroponisk-dyrkning","10":"product_cat-indendoers-plantevaekst-stueplanter-mf","11":"product_cat-hjemme-dyrkning-af-planter-urter-groentsager-eller","13":"entry","14":"has-media","16":"first","17":"instock","18":"taxable","19":"shipping-taxable","20":"purchasable","21":"product-type-simple","22":"has-product-nav","23":"col","24":"span_1_of_4","25":"owp-content-center","26":"item-entry","27":"owp-thumbs-layout-vertical","28":"owp-btn-normal","29":"owp-tabs-layout-horizontal"},"acf":[],"_links":{"self":[{"href":"https:\/\/plantelys.dk\/sv\/wp-json\/wp\/v2\/product\/47331","targetHints":{"allow":["GET"]}}],"collection":[{"href":"https:\/\/plantelys.dk\/sv\/wp-json\/wp\/v2\/product"}],"about":[{"href":"https:\/\/plantelys.dk\/sv\/wp-json\/wp\/v2\/types\/product"}],"replies":[{"embeddable":true,"href":"https:\/\/plantelys.dk\/sv\/wp-json\/wp\/v2\/comments?post=47331"}],"version-history":[{"count":0,"href":"https:\/\/plantelys.dk\/sv\/wp-json\/wp\/v2\/product\/47331\/revisions"}],"wp:featuredmedia":[{"embeddable":true,"href":"https:\/\/plantelys.dk\/sv\/wp-json\/wp\/v2\/media\/47334"}],"wp:attachment":[{"href":"https:\/\/plantelys.dk\/sv\/wp-json\/wp\/v2\/media?parent=47331"}],"wp:term":[{"taxonomy":"product_brand","embeddable":true,"href":"https:\/\/plantelys.dk\/sv\/wp-json\/wp\/v2\/product_brand?post=47331"},{"taxonomy":"product_cat","embeddable":true,"href":"https:\/\/plantelys.dk\/sv\/wp-json\/wp\/v2\/product_cat?post=47331"},{"taxonomy":"product_tag","embeddable":true,"href":"https:\/\/plantelys.dk\/sv\/wp-json\/wp\/v2\/product_tag?post=47331"}],"curies":[{"name":"wp","href":"https:\/\/api.w.org\/{rel}","templated":true}]}}