{"id":47225,"date":"2025-03-11T14:46:56","date_gmt":"2025-03-11T13:46:56","guid":{"rendered":"https:\/\/plantelys.dk\/?post_type=product&#038;p=47225"},"modified":"2026-04-29T11:05:50","modified_gmt":"2026-04-29T10:05:50","slug":"svart-senapsfro-oeko-for-halsosamma-mikrogronsaker","status":"publish","type":"product","link":"https:\/\/plantelys.dk\/sv\/vare\/sort-sennepsfroe-oeko-til-sundt-mikrogroent\/","title":{"rendered":"Svart senapsfr\u00f6 Ekologiskt f\u00f6r h\u00e4lsosamma mikrogr\u00f6nsaker"},"content":{"rendered":"<h2 data-pm-slice=\"1 1 []\"><strong>Ekologiskt svart senapsfr\u00f6 (Brassica nigra)<\/strong><\/h2>\n<p>Upplev den intensiva smaken och de n\u00e4ringsm\u00e4ssiga f\u00f6rdelarna med <strong><a href=\"https:\/\/plantelys.dk\/sv\/produkt\/svart-senapsfro-oeko-for-halsosamma-mikrogronsaker\/\">Ekologiska svarta senapsfr\u00f6n,<\/a><\/strong> Odlas som en mikrogr\u00f6na. Dessa fr\u00f6n ger en syrlig och kryddig smak till dina r\u00e4tter och \u00e4r en bra ingrediens i alla k\u00f6k. V\u00e5ra ekologiska svarta senapsfr\u00f6n odlas utan skadliga kemikalier och bek\u00e4mpningsmedel, vilket garanterar en ren och naturlig smakupplevelse.<\/p>\n<p>Svarta senapsfr\u00f6n (Brassica nigra) har anv\u00e4nts i matlagning och naturmedicin i \u00e5rhundraden. Fr\u00f6na \u00e4r k\u00e4nda f\u00f6r sin skarpa, kryddiga smak och anv\u00e4nds ofta i asiatisk, europeisk och mellan\u00f6sternmatlagning. Som mikrogr\u00f6na ger de en intensiv smak och en n\u00e4ringsm\u00e4ssig boost till dina r\u00e4tter. V\u00e5ra ekologiska svarta senapsfr\u00f6n \u00e4r noggrant utvalda f\u00f6r att s\u00e4kerst\u00e4lla b\u00e4sta kvalitet och smak.<\/p>\n<h3><strong>Smaka och anv\u00e4nda<\/strong><\/h3>\n<p>Svarta senapsfr\u00f6n har en karakteristisk skarp och l\u00e4tt pepprig smak som ger djup till m\u00e5nga r\u00e4tter. Fr\u00f6na kan anv\u00e4ndas hela eller malda, och n\u00e4r de rostas f\u00e5r de en mildare, n\u00f6taktig smak. Som mikrogr\u00f6na har de en frisk, senapsf\u00e4rgad smak som p\u00e5minner om rucola, vilket g\u00f6r dem till en utm\u00e4rkt ingrediens i sallader, sm\u00f6rg\u00e5sar och som garnering i varmr\u00e4tter.<\/p>\n<p>Anv\u00e4nd de f\u00e4rska skotten som ett kryddigt inslag i dina r\u00e4tter eller l\u00e4gg dem i wraps och smoothies f\u00f6r extra smak och n\u00e4ring. De passar perfekt i asiatiskt inspirerade r\u00e4tter, soppor och som en del av en h\u00e4lsosam kost.<\/p>\n<h3><strong>Odling<\/strong><\/h3>\n<p>Att odla ekologiska svarta senapsfr\u00f6n som mikrogr\u00f6nsaker \u00e4r en enkel process som kan g\u00f6ras \u00e5ret runt inomhus. Fr\u00f6na kr\u00e4ver minimalt utrymme och \u00e4r l\u00e4mpliga f\u00f6r b\u00e5de nyb\u00f6rjare och erfarna odlare.<\/p>\n<h4><strong>Att odla svart senap som en mikrogr\u00f6na:<\/strong><\/h4>\n<ul>\n<li>B\u00f6rja med att bl\u00f6tl\u00e4gga fr\u00f6na i 6-12 timmar.<\/li>\n<li>S\u00e5 dem j\u00e4mnt i en bricka med fuktig jord och h\u00e5ll jorden fuktig under hela v\u00e4xtperioden.<\/li>\n<li>Placera brickan i indirekt ljus eller under odlingsljus och \u00f6ka ljusm\u00e4ngden efter 2-3 dagar, n\u00e4r groddarna b\u00f6rjar v\u00e4xa.<\/li>\n<li>Svart senap microgreens \u00e4r vanligtvis redo att sk\u00f6rdas efter 7-14 dagar.<\/li>\n<li>Sk\u00e4r skotten ovanf\u00f6r markniv\u00e5 och njut av den intensiva smaken och det n\u00e4ringsrika inneh\u00e5llet.<\/li>\n<\/ul>\n<h3>Testade och certifierade ekologiska fr\u00f6n<\/h3>\n<p>Vi s\u00e4ljer fr\u00f6n som har testats f\u00f6r f\u00f6ljande skadliga bakterier:<\/p>\n<ul data-spread=\"false\">\n<li><em>Bacillus cereus<\/em><\/li>\n<li><em>Salmonella spp.<\/em><\/li>\n<li><em>Listeria monocytogenes<\/em><\/li>\n<li><em>Verotoxinproducerande E. coli<\/em><\/li>\n<\/ul>\n<h3><strong>Certifierad f\u00f6rs\u00e4ljning av ekologiska fr\u00f6er<\/strong><\/h3>\n<p><span style=\"color: #ff0000;\">Vi \u00e4r certifierade av det danska jordbruksverket f\u00f6r att s\u00e4lja ekologiska fr\u00f6n.<\/span><\/p>\n<p>Du kan hitta fler av v\u00e5ra produkter h\u00e4r inom <a href=\"https:\/\/plantelys.dk\/sv\/produktkategori-2\/mikrogronsaker-odla-dina-egna-halsosamma-gronsaker-2\/\">mikrogr\u00f6nt<\/a>.<br \/>\nSe \u00e4ven v\u00e5r sida med <a href=\"https:\/\/plantelys.dk\/sv\/produktkategori-2\/vaxtljus\/\">V\u00e4xtljus<\/a> till mikrogr\u00f6nsaker.<\/p>","protected":false},"excerpt":{"rendered":"<p data-pm-slice=\"1 1 []\">Ekologiska svarta senapsfr\u00f6n (Brassica nigra) \u00e4r sm\u00e5, m\u00f6rka fr\u00f6n med en stark, kryddig smak som ofta anv\u00e4nds i matlagning och som mikrogr\u00f6nsaker. De ger en frisk och intensiv smak till sallader, soppor och sm\u00f6rg\u00e5sar. Fr\u00f6na \u00e4r l\u00e4tta att odla och kan sk\u00f6rdas som mikrogr\u00f6nsaker inom 7-14 dagar. De \u00e4r ett h\u00e4lsosamt och n\u00e4ringsrikt tillskott till din kost.<\/p>","protected":false},"featured_media":28403,"comment_status":"closed","ping_status":"closed","template":"","meta":{"_acf_changed":false},"product_brand":[],"product_cat":[106,173,178,161],"product_tag":[],"class_list":{"0":"post-47225","1":"product","2":"type-product","3":"status-publish","4":"has-post-thumbnail","6":"product_cat-mikrogroent-gro-dit-eget-sunde-groent","7":"product_cat-oekologiske-froe","8":"product_cat-mikrogroent-froe-oekologiske","9":"product_cat-plante-froe","11":"entry","12":"has-media","14":"first","15":"instock","16":"taxable","17":"shipping-taxable","18":"purchasable","19":"product-type-variable","20":"has-default-attributes","21":"has-product-nav","22":"col","23":"span_1_of_4","24":"owp-content-center","25":"item-entry","26":"owp-thumbs-layout-vertical","27":"owp-btn-normal","28":"owp-tabs-layout-horizontal"},"acf":[],"_links":{"self":[{"href":"https:\/\/plantelys.dk\/sv\/wp-json\/wp\/v2\/product\/47225","targetHints":{"allow":["GET"]}}],"collection":[{"href":"https:\/\/plantelys.dk\/sv\/wp-json\/wp\/v2\/product"}],"about":[{"href":"https:\/\/plantelys.dk\/sv\/wp-json\/wp\/v2\/types\/product"}],"replies":[{"embeddable":true,"href":"https:\/\/plantelys.dk\/sv\/wp-json\/wp\/v2\/comments?post=47225"}],"version-history":[{"count":0,"href":"https:\/\/plantelys.dk\/sv\/wp-json\/wp\/v2\/product\/47225\/revisions"}],"wp:featuredmedia":[{"embeddable":true,"href":"https:\/\/plantelys.dk\/sv\/wp-json\/wp\/v2\/media\/28403"}],"wp:attachment":[{"href":"https:\/\/plantelys.dk\/sv\/wp-json\/wp\/v2\/media?parent=47225"}],"wp:term":[{"taxonomy":"product_brand","embeddable":true,"href":"https:\/\/plantelys.dk\/sv\/wp-json\/wp\/v2\/product_brand?post=47225"},{"taxonomy":"product_cat","embeddable":true,"href":"https:\/\/plantelys.dk\/sv\/wp-json\/wp\/v2\/product_cat?post=47225"},{"taxonomy":"product_tag","embeddable":true,"href":"https:\/\/plantelys.dk\/sv\/wp-json\/wp\/v2\/product_tag?post=47225"}],"curies":[{"name":"wp","href":"https:\/\/api.w.org\/{rel}","templated":true}]}}