{"id":46617,"date":"2025-02-18T13:17:49","date_gmt":"2025-02-18T12:17:49","guid":{"rendered":"https:\/\/plantelys.dk\/?post_type=product&#038;p=46617"},"modified":"2026-03-02T22:04:36","modified_gmt":"2026-03-02T21:04:36","slug":"utskjutningsplatta-for-quickpot-qp-96t-saaboxar","status":"publish","type":"product","link":"https:\/\/plantelys.dk\/sv\/vare\/push-out-plade-til-quickpot-qp-96t-saabakker\/","title":{"rendered":"Utskjutningsplatta f\u00f6r QuickPot QP 96T fr\u00f6tr\u00e5g"},"content":{"rendered":"<h3 data-start=\"96\" data-end=\"149\"><strong data-start=\"100\" data-end=\"147\">Utskjutningsplatta f\u00f6r QuickPot QP 96T fr\u00f6tr\u00e5g<\/strong><\/h3>\n<p data-start=\"151\" data-end=\"366\">Denna utskjutningsplatta \u00e4r utformad f\u00f6r att passa perfekt med <strong data-start=\"209\" data-end=\"228\">QuickPot QP 96T<\/strong> fr\u00f6brickor. Den g\u00f6r det enkelt och skonsamt att ta bort plantorna f\u00f6r att undvika rotskador och uppn\u00e5 effektivare omplantering och plantering.<\/p>\n<p data-start=\"368\" data-end=\"512\">Plattan \u00e4r tillverkad av h\u00e5llbar \u00e5tervunnen plast, vilket garanterar en l\u00e5ng livsl\u00e4ngd och g\u00f6r den till ett h\u00e5llbart val f\u00f6r din v\u00e4xtproduktion.<\/p>\n<p data-start=\"514\" data-end=\"691\">\ud83d\udd39 <strong data-start=\"517\" data-end=\"556\">Passar QuickPot QP 96T fr\u00f6tr\u00e5g<\/strong><br data-start=\"556\" data-end=\"559\" \/>\ud83d\udd39 <strong data-start=\"562\" data-end=\"624\">G\u00f6r det enkelt att ta bort v\u00e4xter utan att skada r\u00f6tterna<\/strong><br data-start=\"624\" data-end=\"627\" \/>\ud83d\udd39 <strong data-start=\"630\" data-end=\"689\">Tillverkad av robust \u00e5tervunnen plast f\u00f6r l\u00e5ng h\u00e5llbarhet<\/strong><\/p>\n<p data-start=\"693\" data-end=\"852\"><strong data-start=\"693\" data-end=\"720\">M\u00e5tt p\u00e5 s\u00e5brickan QP 96T:<\/strong><br data-start=\"720\" data-end=\"723\" \/>\ud83d\udccf <strong data-start=\"726\" data-end=\"750\">96 kvadratiska celler<\/strong> - var och en med en storlek av cirka 40\u00d740 mm och ett djup av 80 mm.<br data-start=\"812\" data-end=\"815\" \/>\ud83d\udccf <strong data-start=\"818\" data-end=\"831\">Yttre m\u00e5l:<\/strong> Cirka 31 cm \u00d7 53 cm.<\/p>\n<p data-start=\"854\" data-end=\"1000\">Genom att anv\u00e4nda denna utskjutningsplatta tillsammans med din <strong data-start=\"903\" data-end=\"922\">QuickPot QP 96T<\/strong> fr\u00f6tr\u00e5g s\u00e4kerst\u00e4ller en snabb och effektiv process fr\u00e5n groning till plantering.<\/p>\n<p>Priset \u00e4r f\u00f6r utskjutningsplattan och vill du ha groddbricka och underbricka med m\u00e5ste de k\u00f6pas separat.<\/p>\n<p>&nbsp;<\/p>\n<h2>Ljus f\u00f6r groddning i s\u00e5l\u00e5dor<\/h2>\n<p>F\u00f6r optimal anv\u00e4ndning av din <a href=\"https:\/\/plantelys.dk\/sv\/produktkategori-2\/groddslaador-groddbrickor-for-vaxter-2\/\">fr\u00f6brickor <\/a>det rekommenderas att anv\u00e4nda en kraftfull <a href=\"https:\/\/plantelys.dk\/sv\/produktkategori-2\/vaxtljus\/\">V\u00e4xtljus<\/a>.<\/p>","protected":false},"excerpt":{"rendered":"<p>Uppt\u00e4ck v\u00e5r fantastiska utskjutbara platta som enkelt och snabbt s\u00e4tter tillbaka dina f\u00f6rgrodda v\u00e4xter i Quickpot 96T groddbricka. F\u00e5 friskare plantor och spara tid. Prova den redan idag!<\/p>","protected":false},"featured_media":46619,"comment_status":"open","ping_status":"closed","template":"","meta":{"_acf_changed":false},"product_brand":[],"product_cat":[160],"product_tag":[],"class_list":{"0":"post-46617","1":"product","2":"type-product","3":"status-publish","4":"has-post-thumbnail","6":"product_cat-saabakker-spirebakker-for-planter","8":"entry","9":"has-media","11":"first","12":"instock","13":"sale","14":"taxable","15":"shipping-taxable","16":"purchasable","17":"product-type-simple","18":"has-product-nav","19":"col","20":"span_1_of_4","21":"owp-content-center","22":"item-entry","23":"owp-thumbs-layout-vertical","24":"owp-btn-normal","25":"owp-tabs-layout-horizontal"},"acf":[],"_links":{"self":[{"href":"https:\/\/plantelys.dk\/sv\/wp-json\/wp\/v2\/product\/46617","targetHints":{"allow":["GET"]}}],"collection":[{"href":"https:\/\/plantelys.dk\/sv\/wp-json\/wp\/v2\/product"}],"about":[{"href":"https:\/\/plantelys.dk\/sv\/wp-json\/wp\/v2\/types\/product"}],"replies":[{"embeddable":true,"href":"https:\/\/plantelys.dk\/sv\/wp-json\/wp\/v2\/comments?post=46617"}],"version-history":[{"count":0,"href":"https:\/\/plantelys.dk\/sv\/wp-json\/wp\/v2\/product\/46617\/revisions"}],"wp:featuredmedia":[{"embeddable":true,"href":"https:\/\/plantelys.dk\/sv\/wp-json\/wp\/v2\/media\/46619"}],"wp:attachment":[{"href":"https:\/\/plantelys.dk\/sv\/wp-json\/wp\/v2\/media?parent=46617"}],"wp:term":[{"taxonomy":"product_brand","embeddable":true,"href":"https:\/\/plantelys.dk\/sv\/wp-json\/wp\/v2\/product_brand?post=46617"},{"taxonomy":"product_cat","embeddable":true,"href":"https:\/\/plantelys.dk\/sv\/wp-json\/wp\/v2\/product_cat?post=46617"},{"taxonomy":"product_tag","embeddable":true,"href":"https:\/\/plantelys.dk\/sv\/wp-json\/wp\/v2\/product_tag?post=46617"}],"curies":[{"name":"wp","href":"https:\/\/api.w.org\/{rel}","templated":true}]}}