{"id":46052,"date":"2025-01-31T15:42:56","date_gmt":"2025-01-31T14:42:56","guid":{"rendered":"https:\/\/plantelys.dk\/?post_type=product&#038;p=46052"},"modified":"2025-10-13T12:53:31","modified_gmt":"2025-10-13T11:53:31","slug":"vattenpump-for-akvarium-8w","status":"publish","type":"product","link":"https:\/\/plantelys.dk\/sv\/vare\/vandpumpe-til-akvarie-8w\/","title":{"rendered":"Vattenpump f\u00f6r akvarium och hydroponiska system. 8W, levereras med EU-kontakt"},"content":{"rendered":"<div class=\"markdown prose w-full break-words dark:prose-invert dark\">\n<h2 data-start=\"114\" data-end=\"162\"><strong data-start=\"118\" data-end=\"162\">Vattenpump f\u00f6r hydroponiska system - 8W<\/strong><\/h2>\n<p class=\"\" data-start=\"164\" data-end=\"492\">Detta <strong><a href=\"https:\/\/plantelys.dk\/sv\/produkt\/vattenpump-for-akvarium-8w\/\">8W vattenpump<\/a><\/strong>, \u00e4r utformad f\u00f6r precision och effektivitet och \u00e4r det perfekta valet f\u00f6r moderna hydroponiska system. Med en imponerande kapacitet p\u00e5 upp till 450 liter per timme och en lyfth\u00f6jd p\u00e5 upp till 110 cm s\u00e4kerst\u00e4ller pumpen en j\u00e4mn och stabil f\u00f6rdelning av n\u00e4ringsl\u00f6sning till dina v\u00e4xter - vilket skapar optimala odlingsf\u00f6rh\u00e5llanden.<\/p>\n<p class=\"\" data-start=\"494\" data-end=\"749\">Pumpen \u00e4r tyst, kompakt och enkel att installera, vilket g\u00f6r den l\u00e4mplig f\u00f6r b\u00e5de inomhus- och utomhusbruk. Den energieffektiva driften i kombination med h\u00f6g prestanda g\u00f6r den till ett p\u00e5litligt val f\u00f6r b\u00e5de hobbyodlare och professionella odlare.<\/p>\n<p class=\"\" data-start=\"751\" data-end=\"878\"><strong data-start=\"751\" data-end=\"878\">Optimera din hydroponiska anl\u00e4ggning med en pump som ger tillf\u00f6rlitlig cirkulation och maximerar v\u00e4xternas avkastningspotential.<\/strong><\/p>\n<blockquote data-start=\"880\" data-end=\"926\">\n<p class=\"\" data-start=\"882\" data-end=\"926\"><strong data-start=\"882\" data-end=\"893\">Notera:<\/strong> Levereras med 140 cm n\u00e4tsladd.<\/p>\n<\/blockquote>\n<hr class=\"\" data-start=\"928\" data-end=\"931\" \/>\n<h3 class=\"\" data-start=\"933\" data-end=\"965\"><strong data-start=\"937\" data-end=\"965\">Tekniska specifikationer<\/strong><\/h3>\n<div class=\"_tableContainer_16hzy_1\">\n<div class=\"_tableWrapper_16hzy_14 group flex w-fit flex-col-reverse\" tabindex=\"-1\">\n<table class=\"w-fit min-w-(--thread-content-width)\" data-start=\"967\" data-end=\"1882\">\n<thead data-start=\"967\" data-end=\"1097\">\n<tr data-start=\"967\" data-end=\"1097\">\n<th data-start=\"967\" data-end=\"997\" data-col-size=\"sm\"><strong data-start=\"969\" data-end=\"986\">Specifikation<\/strong><\/th>\n<th data-start=\"997\" data-end=\"1032\" data-col-size=\"sm\"><strong data-start=\"999\" data-end=\"1008\">V\u00e4rde<\/strong><\/th>\n<th data-start=\"1032\" data-end=\"1097\" data-col-size=\"md\"><strong data-start=\"1034\" data-end=\"1049\">Beskrivning<\/strong><\/th>\n<\/tr>\n<\/thead>\n<tbody data-start=\"1229\" data-end=\"1882\">\n<tr data-start=\"1229\" data-end=\"1359\">\n<td data-start=\"1229\" data-end=\"1259\" data-col-size=\"sm\">Str\u00f6mf\u00f6rs\u00f6rjning<\/td>\n<td data-col-size=\"sm\" data-start=\"1259\" data-end=\"1294\">AC 220 V\u2013240 V \/ 50 Hz<\/td>\n<td data-col-size=\"md\" data-start=\"1294\" data-end=\"1359\">Kompatibel med europeiska standarduttag<\/td>\n<\/tr>\n<tr data-start=\"1360\" data-end=\"1490\">\n<td data-start=\"1360\" data-end=\"1390\" data-col-size=\"sm\">Str\u00f6mf\u00f6rbrukning<\/td>\n<td data-col-size=\"sm\" data-start=\"1390\" data-end=\"1425\">8 watt<\/td>\n<td data-col-size=\"md\" data-start=\"1425\" data-end=\"1490\">L\u00e5g energif\u00f6rbrukning - effektiv och ekonomisk drift<\/td>\n<\/tr>\n<tr data-start=\"1491\" data-end=\"1621\">\n<td data-start=\"1491\" data-end=\"1521\" data-col-size=\"sm\">Maximal lyfth\u00f6jd<\/td>\n<td data-col-size=\"sm\" data-start=\"1521\" data-end=\"1556\">110 cm<\/td>\n<td data-col-size=\"md\" data-start=\"1556\" data-end=\"1621\">Perfekt f\u00f6r sm\u00e5 och medelstora hydroponiska system<\/td>\n<\/tr>\n<tr data-start=\"1622\" data-end=\"1751\">\n<td data-start=\"1622\" data-end=\"1652\" data-col-size=\"sm\">Maximal fl\u00f6deshastighet<\/td>\n<td data-col-size=\"sm\" data-start=\"1652\" data-end=\"1686\">450 liter per timme<\/td>\n<td data-col-size=\"md\" data-start=\"1686\" data-end=\"1751\">S\u00e4kerst\u00e4ller j\u00e4mn f\u00f6rdelning av n\u00e4rings\u00e4mnen<\/td>\n<\/tr>\n<tr data-start=\"1752\" data-end=\"1882\">\n<td data-start=\"1752\" data-end=\"1782\" data-col-size=\"sm\">Maximal vattentemperatur<\/td>\n<td data-start=\"1782\" data-end=\"1817\" data-col-size=\"sm\">35 \u00b0C<\/td>\n<td data-start=\"1817\" data-end=\"1882\" data-col-size=\"md\">Stabil drift utan \u00f6verhettning<\/td>\n<\/tr>\n<\/tbody>\n<\/table>\n<\/div>\n<\/div>\n<h2><\/h2>\n<\/div>","protected":false},"excerpt":{"rendered":"<h2>Vattenpump f\u00f6r akvarium och hydroponiska system. 8W, levereras med EU-kontakt<\/h2>\n<p>Obs!!! N\u00e4tkabeln \u00e4r 140 cm l\u00e5ng<\/p>\n<p>Effektiv och tystg\u00e5ende vattenpump med en kapacitet p\u00e5 upp till 450L\/T och en lyfth\u00f6jd p\u00e5 110 cm. Idealisk f\u00f6r hydroponiska system d\u00e4r j\u00e4mn vattencirkulation och n\u00e4ringsf\u00f6rdelning \u00e4r avg\u00f6rande. L\u00e4tt att installera, energieffektiv och kompatibel med EU-kontakter. Perfekt f\u00f6r b\u00e5de sm\u00e5 och medelstora odlingsanl\u00e4ggningar.<\/p>","protected":false},"featured_media":46041,"comment_status":"closed","ping_status":"closed","template":"","meta":{"_acf_changed":false},"product_brand":[],"product_cat":[98,176,333],"product_tag":[],"class_list":{"0":"post-46052","1":"product","2":"type-product","3":"status-publish","4":"has-post-thumbnail","6":"product_cat-hydroponisk-dyrkning","7":"product_cat-indendoers-plantevaekst-stueplanter-mf","8":"product_cat-plantevaeg-potter-og-tilbehoer","10":"entry","11":"has-media","13":"first","14":"instock","15":"taxable","16":"shipping-taxable","17":"purchasable","18":"product-type-simple","19":"has-product-nav","20":"col","21":"span_1_of_4","22":"owp-content-center","23":"item-entry","24":"owp-thumbs-layout-vertical","25":"owp-btn-normal","26":"owp-tabs-layout-horizontal"},"acf":[],"_links":{"self":[{"href":"https:\/\/plantelys.dk\/sv\/wp-json\/wp\/v2\/product\/46052","targetHints":{"allow":["GET"]}}],"collection":[{"href":"https:\/\/plantelys.dk\/sv\/wp-json\/wp\/v2\/product"}],"about":[{"href":"https:\/\/plantelys.dk\/sv\/wp-json\/wp\/v2\/types\/product"}],"replies":[{"embeddable":true,"href":"https:\/\/plantelys.dk\/sv\/wp-json\/wp\/v2\/comments?post=46052"}],"version-history":[{"count":0,"href":"https:\/\/plantelys.dk\/sv\/wp-json\/wp\/v2\/product\/46052\/revisions"}],"wp:featuredmedia":[{"embeddable":true,"href":"https:\/\/plantelys.dk\/sv\/wp-json\/wp\/v2\/media\/46041"}],"wp:attachment":[{"href":"https:\/\/plantelys.dk\/sv\/wp-json\/wp\/v2\/media?parent=46052"}],"wp:term":[{"taxonomy":"product_brand","embeddable":true,"href":"https:\/\/plantelys.dk\/sv\/wp-json\/wp\/v2\/product_brand?post=46052"},{"taxonomy":"product_cat","embeddable":true,"href":"https:\/\/plantelys.dk\/sv\/wp-json\/wp\/v2\/product_cat?post=46052"},{"taxonomy":"product_tag","embeddable":true,"href":"https:\/\/plantelys.dk\/sv\/wp-json\/wp\/v2\/product_tag?post=46052"}],"curies":[{"name":"wp","href":"https:\/\/api.w.org\/{rel}","templated":true}]}}