{"id":4563,"date":"2021-11-26T15:07:51","date_gmt":"2021-11-26T15:07:51","guid":{"rendered":"https:\/\/plantelys.dk\/?post_type=product&#038;p=4563"},"modified":"2025-10-13T12:56:05","modified_gmt":"2025-10-13T11:56:05","slug":"odla-kapselfrokupoler-smart-tradgaard-2","status":"publish","type":"product","link":"https:\/\/plantelys.dk\/sv\/vare\/vaekst-kapsel-seed-domes-smart-garden\/","title":{"rendered":"10 st. Fr\u00f6kupoler f\u00f6r smarta k\u00f6kstr\u00e4dg\u00e5rdar inomhus"},"content":{"rendered":"<h2>Plantor hj\u00e4lper till att t\u00e4cka<\/h2>\n<p>L\u00e4mplig f\u00f6r gr\u00f6nsakstr\u00e4dg\u00e5rdar inomhus fr\u00e5n SunFlux<\/p>\n<p>Paketet inneh\u00e5ller 10 st. Fr\u00f6kupoler.<\/p>\n<p>Skyddar v\u00e4xtens groddar mot uttorkning och drag<\/p>\n<p>&nbsp;<\/p>\n<h3>Information om fr\u00f6kupoler<\/h3>\n<p>F\u00e4rg: Klar<br \/>\nMaterial: PP<\/p>\n<p>Diameter: 45 x 45 mm<br \/>\nH\u00f6jd: 10mm<br \/>\nVikt, netto: 0,5 g<\/p>","protected":false},"excerpt":{"rendered":"<p>10 st. plantskydd f\u00f6r smarta gr\u00f6nsakstr\u00e4dg\u00e5rdar inomhus<\/p>","protected":false},"featured_media":4566,"comment_status":"open","ping_status":"closed","template":"","meta":{"_acf_changed":false},"product_brand":[],"product_cat":[105],"product_tag":[],"class_list":{"0":"post-4563","1":"product","2":"type-product","3":"status-publish","4":"has-post-thumbnail","6":"product_cat-indendoers-koekkenhave-til-hjemme-brug","8":"entry","9":"has-media","11":"first","12":"instock","13":"taxable","14":"shipping-taxable","15":"purchasable","16":"product-type-simple","17":"has-product-nav","18":"col","19":"span_1_of_4","20":"owp-content-center","21":"item-entry","22":"owp-thumbs-layout-vertical","23":"owp-btn-normal","24":"owp-tabs-layout-horizontal"},"acf":[],"_links":{"self":[{"href":"https:\/\/plantelys.dk\/sv\/wp-json\/wp\/v2\/product\/4563","targetHints":{"allow":["GET"]}}],"collection":[{"href":"https:\/\/plantelys.dk\/sv\/wp-json\/wp\/v2\/product"}],"about":[{"href":"https:\/\/plantelys.dk\/sv\/wp-json\/wp\/v2\/types\/product"}],"replies":[{"embeddable":true,"href":"https:\/\/plantelys.dk\/sv\/wp-json\/wp\/v2\/comments?post=4563"}],"version-history":[{"count":0,"href":"https:\/\/plantelys.dk\/sv\/wp-json\/wp\/v2\/product\/4563\/revisions"}],"wp:featuredmedia":[{"embeddable":true,"href":"https:\/\/plantelys.dk\/sv\/wp-json\/wp\/v2\/media\/4566"}],"wp:attachment":[{"href":"https:\/\/plantelys.dk\/sv\/wp-json\/wp\/v2\/media?parent=4563"}],"wp:term":[{"taxonomy":"product_brand","embeddable":true,"href":"https:\/\/plantelys.dk\/sv\/wp-json\/wp\/v2\/product_brand?post=4563"},{"taxonomy":"product_cat","embeddable":true,"href":"https:\/\/plantelys.dk\/sv\/wp-json\/wp\/v2\/product_cat?post=4563"},{"taxonomy":"product_tag","embeddable":true,"href":"https:\/\/plantelys.dk\/sv\/wp-json\/wp\/v2\/product_tag?post=4563"}],"curies":[{"name":"wp","href":"https:\/\/api.w.org\/{rel}","templated":true}]}}