{"id":44915,"date":"2026-04-15T06:00:14","date_gmt":"2026-04-15T05:00:14","guid":{"rendered":"https:\/\/plantelys.dk\/?post_type=product&#038;p=44915"},"modified":"2026-05-05T09:31:06","modified_gmt":"2026-05-05T08:31:06","slug":"kruka-i-5-mm-staalplaat-med-maatten-40-x-40-x-35-cm-dolda-hjul","status":"publish","type":"product","link":"https:\/\/plantelys.dk\/sv\/vare\/plantekumme-i-5-mm-staalplade-med-maalene-40-x-40-x-35-cm-skjultehjul\/","title":{"rendered":"Planteringsk\u00e4rl i 5 mm st\u00e5lpl\u00e5t med m\u00e5tten 40 x 40 x 35 cm (dolda hjul)"},"content":{"rendered":"<h2><strong>Exklusiv kvalitetsplantering i 5 mm kraftigt st\u00e5l<\/strong><\/h2>\n<p>Uppgradera ditt utomhusutrymme med denna handgjorda <a href=\"https:\/\/plantelys.dk\/sv\/produktkategori-2\/vaxthuset-och-tradgaarden-2\/planterare-har-terrassen\/\">planteringsmaskin<\/a>Tillverkad av 5 mm kraftigt st\u00e5l f\u00f6r o\u00f6vertr\u00e4ffad h\u00e5llbarhet och styrka. Denna kruka \u00e4r utformad f\u00f6r att st\u00e5 emot v\u00e4der och vind och f\u00e5r en unik r\u00f6dbrun patina med tiden, vilket ger den en vacker, naturlig estetik som bara blir b\u00e4ttre med \u00e5ren. Med sin tidl\u00f6sa design och robusta konstruktion \u00e4r denna kruka den perfekta kombinationen av funktionalitet och stil.<\/p>\n<p>&nbsp;<\/p>\n<ul>\n<li><strong>Material av h\u00f6g kvalitet:<\/strong> Tillverkad av 5 mm tjockt kraftigt st\u00e5l, vilket garanterar l\u00e5ng h\u00e5llbarhet och v\u00e4derbest\u00e4ndighet.<\/li>\n<li><strong>Unik patina:<\/strong> Ytan f\u00e5r naturligt en r\u00f6dbrun patina som ger den karakt\u00e4r och sk\u00f6nhet.<\/li>\n<li><strong>Optimal storlek:<\/strong> Ytterm\u00e5tt p\u00e5 40\u00d740 cm och en h\u00f6jd p\u00e5 35 cm ger en perfekt balans mellan rymd och stil.<\/li>\n<li><strong>Solid Vikt:<\/strong> Vikten p\u00e5 27 kg garanterar stabilitet \u00e4ven i tuffa v\u00e4derf\u00f6rh\u00e5llanden.<\/li>\n<li><strong>Flexibel till\u00e4mpning:<\/strong> Perfekt f\u00f6r alla utomhusomr\u00e5den, inklusive tr\u00e4dg\u00e5rdar, terrasser eller som ett elegant till\u00e4gg till ditt uterum.<\/li>\n<li><strong>Estetiskt tilltalande:<\/strong> Ger ett elegant och naturligt inslag i alla utomhusmilj\u00f6er, fr\u00e5n moderna till traditionella.<\/li>\n<\/ul>\n<p><strong><a href=\"https:\/\/plantelys.dk\/sv\/produkt\/kruka-i-5-mm-staalplaat-med-maatten-40-x-40-x-35-cm-dolda-hjul\/\">Denna blomkruka<\/a><\/strong> \u00e4r inte bara ett praktiskt element f\u00f6r dina v\u00e4xter, utan ocks\u00e5 en investering i ditt hems utomhusestetik. Den passar f\u00f6r en rad olika v\u00e4xtarter och designstilar, vilket g\u00f6r den till ett m\u00e5ngsidigt tillskott till alla utomhusmilj\u00f6er. Oavsett om du vill skapa en blickf\u00e5ng i din tr\u00e4dg\u00e5rd eller ge din uteplats en touch av naturlig sk\u00f6nhet \u00e4r denna planteringsl\u00e5da ett oslagbart val.<\/p>\n<h3>H\u00e4r \u00e4r n\u00e5gra av de v\u00e4xter som oftast anv\u00e4nds i en planteringsl\u00e5da<\/h3>\n<ol>\n<li><strong>Oliver<\/strong> - Olivtr\u00e4d kan startas inomhus i krukor innan de planteras ut eller forts\u00e4tta som krukv\u00e4xter. De v\u00e4xer l\u00e5ngsamt och kr\u00e4ver mycket ljus.<\/li>\n<li><a href=\"https:\/\/plantelys.dk\/sv\/1075-revision-v1\/\"><strong>Citrontr\u00e4d<\/strong> <\/a>- Perfekt f\u00f6r f\u00f6rgrodd inomhus i kallare klimat. De trivs i krukor och kan tas ut p\u00e5 sommaren och in p\u00e5 vintern f\u00f6r att skyddas mot frost<\/li>\n<\/ol>\n<p>Du kan ocks\u00e5 plantera andra typer av v\u00e4xter, men p\u00e5 grund av formen p\u00e5 planteringen passar den de ovan n\u00e4mnda v\u00e4xterna perfekt n\u00e4r du g\u00e5r fr\u00e5n f\u00f6rgrodd till omplantering.<\/p>\n<p>H\u00e4r \u00e4r ett exempel p\u00e5 n\u00e5gra av de andra du kan anv\u00e4nda:<\/p>\n<ol>\n<li><strong>Tomater<\/strong> - F\u00f6rgrodd f\u00f6r en tidig start och en l\u00e4ngre sk\u00f6rdes\u00e4song.<\/li>\n<li><a href=\"https:\/\/da.wikipedia.org\/wiki\/Chili\" target=\"_blank\" rel=\"noopener\"><strong>Chili<\/strong> <\/a>- Kr\u00e4ver f\u00f6rgroddning f\u00f6r att s\u00e4kerst\u00e4lla mogen frukt.<\/li>\n<li><strong>Paprika<\/strong> - Precis som chilin gynnas den av en tidig start inomhus.<\/li>\n<li><strong>Gurkor<\/strong> - F\u00f6rsprida kort inomhus f\u00f6re plantering.<\/li>\n<li><strong>Auberginer<\/strong> - Kr\u00e4ver en varm, tidig start f\u00f6r att n\u00e5 full mognad.<\/li>\n<\/ol>\n<p>&nbsp;<\/p>\n<p><span style=\"font-weight: 400;\">Observera att varan skickas fr\u00e5n ett avl\u00e4gset lager, s\u00e5 det kan ta upp till 2-3 extra arbetsdagar f\u00f6r varan att komma fram\u00a0<\/span><\/p>\n<p><span style=\"font-weight: 400;\">N\u00e4r du k\u00f6per denna produkt kommer den att skickas direkt till din hemadress\u00a0\u00a0\u00a0<\/span><span style=\"font-weight: 400;\"><br \/>\n<\/span><\/p>","protected":false},"excerpt":{"rendered":"<p>Uppt\u00e4ck elegans och h\u00e5llbarhet med v\u00e5r kvalitetskruka i 5 mm tjockt, kraftigt st\u00e5l, designad f\u00f6r att utveckla en charmig r\u00f6dbrun patina som ger karakt\u00e4r med tiden. Med idealiska m\u00e5tt p\u00e5 40\u00d740 cm och en h\u00f6jd p\u00e5 35 cm v\u00e4ger denna kruka 27 kg och erbjuder b\u00e5de stil och substans till din utomhusdekoration. Den h\u00e4r krukan \u00e4r perfekt f\u00f6r dig som vill kombinera robusthet med estetisk sk\u00f6nhet och \u00e4r ett utm\u00e4rkt komplement till tr\u00e4dg\u00e5rden, uteplatsen eller n\u00e5gon annanstans d\u00e4r du vill l\u00e4gga till ett naturligt element med h\u00e5llbarhet och stil.<\/p>\n<p><span style=\"font-weight: 400;\">Det kan ta upp till 2-3 extra arbetsdagar f\u00f6r varan att komma fram\u00a0<\/span><\/p>\n<p><span style=\"font-weight: 400;\">Endast hemadress\u00a0\u00a0<\/span><\/p>","protected":false},"featured_media":59925,"comment_status":"open","ping_status":"closed","template":"","meta":{"_acf_changed":false},"product_brand":[],"product_cat":[325,157,332],"product_tag":[],"class_list":{"0":"post-44915","1":"product","2":"type-product","3":"status-publish","4":"has-post-thumbnail","6":"product_cat-plantekasser","7":"product_cat-plantekasser-til-have-og-terrassen","8":"product_cat-plantekasser-til-haven-eller-terrassen","9":"product_shipping_class-tung-genstand","11":"entry","12":"has-media","14":"first","15":"instock","16":"taxable","17":"shipping-taxable","18":"purchasable","19":"product-type-simple","20":"has-product-nav","21":"col","22":"span_1_of_4","23":"owp-content-center","24":"item-entry","25":"owp-thumbs-layout-vertical","26":"owp-btn-normal","27":"owp-tabs-layout-horizontal"},"acf":[],"_links":{"self":[{"href":"https:\/\/plantelys.dk\/sv\/wp-json\/wp\/v2\/product\/44915","targetHints":{"allow":["GET"]}}],"collection":[{"href":"https:\/\/plantelys.dk\/sv\/wp-json\/wp\/v2\/product"}],"about":[{"href":"https:\/\/plantelys.dk\/sv\/wp-json\/wp\/v2\/types\/product"}],"replies":[{"embeddable":true,"href":"https:\/\/plantelys.dk\/sv\/wp-json\/wp\/v2\/comments?post=44915"}],"version-history":[{"count":0,"href":"https:\/\/plantelys.dk\/sv\/wp-json\/wp\/v2\/product\/44915\/revisions"}],"wp:featuredmedia":[{"embeddable":true,"href":"https:\/\/plantelys.dk\/sv\/wp-json\/wp\/v2\/media\/59925"}],"wp:attachment":[{"href":"https:\/\/plantelys.dk\/sv\/wp-json\/wp\/v2\/media?parent=44915"}],"wp:term":[{"taxonomy":"product_brand","embeddable":true,"href":"https:\/\/plantelys.dk\/sv\/wp-json\/wp\/v2\/product_brand?post=44915"},{"taxonomy":"product_cat","embeddable":true,"href":"https:\/\/plantelys.dk\/sv\/wp-json\/wp\/v2\/product_cat?post=44915"},{"taxonomy":"product_tag","embeddable":true,"href":"https:\/\/plantelys.dk\/sv\/wp-json\/wp\/v2\/product_tag?post=44915"}],"curies":[{"name":"wp","href":"https:\/\/api.w.org\/{rel}","templated":true}]}}