{"id":44906,"date":"2026-04-14T06:00:00","date_gmt":"2026-04-14T05:00:00","guid":{"rendered":"https:\/\/plantelys.dk\/?post_type=product&#038;p=44906"},"modified":"2026-05-05T10:04:30","modified_gmt":"2026-05-05T09:04:30","slug":"konformad-blomkruka-i-5-mm-staalplaat-med-maatten-40-x-40-x-35-cm-utan-hjul","status":"publish","type":"product","link":"https:\/\/plantelys.dk\/sv\/vare\/kegleformet-plantekumme-i-5-mm-staalplade-med-maalene-40-x-40-x-35-cm-uden-hjul\/","title":{"rendered":"Konformad planteringsk\u00e4rl i 5 mm st\u00e5lpl\u00e5t med m\u00e5tten 40 x 40 x 35 cm (utan hjul)"},"content":{"rendered":"<h2><strong>Konformad blomkruka \u2013 <\/strong><strong>En fusion av robusthet och elegans<\/strong><\/h2>\n<p>G\u00f6r ett best\u00e5ende intryck p\u00e5 din uteplats med v\u00e5r exklusiva konformade <a href=\"https:\/\/plantelys.dk\/sv\/produktkategori-2\/vaxthuset-och-tradgaarden-2\/planterare-har-terrassen\/\">planteringsmaskin<\/a>M\u00e4sterligt handgjord i 5 mm tjockt st\u00e5l. Denna kruka st\u00e5r som en bastion av h\u00e5llbarhet och estetik, utformad f\u00f6r att st\u00e5 emot tidens tand. Den \u00e4r dekorerad med en fantastisk r\u00f6dbrun patina och omfamnar naturens sk\u00f6nhet samtidigt som den blir mer charmig f\u00f6r varje \u00e5r som g\u00e5r. Med en perfekt blandning av praktisk funktion och raffinerad design \u00e4r denna konformade kruka ett tidl\u00f6st f\u00f6rem\u00e5l som berikar alla utomhusmilj\u00f6er.<\/p>\n<p><a href=\"https:\/\/plantelys.dk\/sv\/produktkategori-2\/vaxthuset-och-tradgaarden-2\/planteringslaador-for-tradgaarden-eller-terrassen\/\">V\u00e4xtl\u00e5dor<\/a> \u00e4r smarta n\u00e4r det g\u00e4ller att f\u00e5 upp v\u00e4xter ur marken. Det g\u00f6r det sv\u00e5rare f\u00f6r skadedjur att angripa och minskar risken f\u00f6r v\u00e4xtsjukdomar. De g\u00f6r ocks\u00e5 tr\u00e4dg\u00e5rdsarbetet enklare och ditt utomhusutrymme mer attraktivt med sitt strukturerade utseende.<\/p>\n<h3><strong>K\u00e4nnetecken:<\/strong><\/h3>\n<ul>\n<li><strong>Material av extraordin\u00e4r kvalitet:<\/strong> Tillverkad av 5 mm tjockt st\u00e5l f\u00f6r ultimat h\u00e5llbarhet och motst\u00e5ndskraft mot alla v\u00e4derf\u00f6rh\u00e5llanden.<\/li>\n<li><strong>Unik och naturlig patina:<\/strong> Tiden ger bara mer karakt\u00e4r eftersom ytan naturligt utvecklar en djupt r\u00f6dbrun patina som f\u00f6rh\u00f6jer dess estetik.<\/li>\n<li><strong>Idealiskt dimensionerad:<\/strong> Med m\u00e5tten 40 x 40 cm och en h\u00f6jd p\u00e5 35 cm kombinerar den rymlighet med elegant design.<\/li>\n<li><strong>Robust och stabil:<\/strong> Med en vikt p\u00e5 27 kg s\u00e4kerst\u00e4ller den stabilitet och st\u00e5r stadigt \u00e4ven n\u00e4r v\u00e4dret visar sig fr\u00e5n sin tuffa sida.<\/li>\n<li><strong>M\u00e5ngsidig anv\u00e4ndning:<\/strong> Oavsett om det \u00e4r i tr\u00e4dg\u00e5rden, p\u00e5 terrassen eller som blickf\u00e5ng i vintertr\u00e4dg\u00e5rden, erbjuder denna konformade planteringsl\u00e5da o\u00e4ndliga dekorativa m\u00f6jligheter.<\/li>\n<li><strong>F\u00f6rsk\u00f6nar alla utomhusmilj\u00f6er:<\/strong> Dess eleganta form och naturliga sk\u00f6nhet ger en sofistikerad k\u00e4nsla till en m\u00e4ngd olika utomhusinredningsstilar, fr\u00e5n modern till klassisk landskapsstil.<\/li>\n<\/ul>\n<p>Detta <strong><a href=\"https:\/\/plantelys.dk\/sv\/produkt\/konformad-blomkruka-i-5-mm-staalplaat-med-maatten-40-x-40-x-35-cm-utan-hjul\/\">konformad blomkruka<\/a><\/strong>, \u00e4r inte bara ett hem f\u00f6r dina v\u00e4xter, utan ocks\u00e5 en investering i ditt hem och din tr\u00e4dg\u00e5rd. Den anpassar sig smidigt till en m\u00e4ngd olika v\u00e4xter och designpreferenser, vilket g\u00f6r den till ett m\u00e5ngsidigt tillskott till alla utomhusmilj\u00f6er. Oavsett om du vill skapa en dramatisk mittpunkt i din tr\u00e4dg\u00e5rd eller helt enkelt l\u00e4gga till en touch av naturlig elegans till din uteplats, \u00e4r denna konformade planteringskruka ett utm\u00e4rkt val.<\/p>\n<h3><strong>H\u00e4r \u00e4r n\u00e5gra av de v\u00e4xter som du kan anv\u00e4nda i en Cone Planter\u00a0<\/strong><\/h3>\n<ol>\n<li><strong>Tomater<\/strong> - F\u00f6rgrodd f\u00f6r en tidig start och en l\u00e4ngre sk\u00f6rdes\u00e4song.<\/li>\n<li><a href=\"https:\/\/da.wikipedia.org\/wiki\/Chili\" target=\"_blank\" rel=\"noopener\"><strong>Chili<\/strong> <\/a>- Kr\u00e4ver f\u00f6rgroddning f\u00f6r att s\u00e4kerst\u00e4lla mogen frukt.<\/li>\n<li><strong>Paprika<\/strong> - Precis som chilin gynnas den av en tidig start inomhus.<\/li>\n<li><strong>Gurkor<\/strong> - F\u00f6rsprida kort inomhus f\u00f6re plantering.<\/li>\n<li><strong>Auberginer<\/strong> - Kr\u00e4ver en varm, tidig start f\u00f6r att n\u00e5 full mognad.<\/li>\n<li><strong>Squash<\/strong> - B\u00e5de sommar- och vintersquash kan f\u00f6rgroddas f\u00f6r att f\u00e5 ett f\u00f6rspr\u00e5ng.<\/li>\n<li><strong>basilika<\/strong> - En \u00f6rt som ofta f\u00f6rgroddas f\u00f6r en tidigare sk\u00f6rd.<\/li>\n<li><strong>K\u00e5l<\/strong> - F\u00f6rgroddning rekommenderas f\u00f6r att undvika skadedjur och s\u00e4kerst\u00e4lla en tidig sk\u00f6rd.<\/li>\n<li><strong>Broccoli<\/strong> - F\u00f6rgrodd f\u00f6r tidig och h\u00e4lsosam tillv\u00e4xt.<\/li>\n<li><strong>Blomk\u00e5l<\/strong> - F\u00f6rgroddning hj\u00e4lper till att uppn\u00e5 en framg\u00e5ngsrik, tidigare sk\u00f6rd.<\/li>\n<li><strong>Oliver<\/strong> - Olivtr\u00e4d kan startas inomhus i krukor innan de planteras ut eller forts\u00e4tta som krukv\u00e4xter. De v\u00e4xer l\u00e5ngsamt och kr\u00e4ver mycket ljus.<\/li>\n<li><a href=\"https:\/\/plantelys.dk\/sv\/1075-revision-v1\/\"><strong>Citrontr\u00e4d<\/strong> <\/a>- Perfekt f\u00f6r f\u00f6rgrodd inomhus i kallare klimat. De trivs i krukor och kan tas ut p\u00e5 sommaren och in p\u00e5 vintern f\u00f6r att skyddas mot frost.<\/li>\n<\/ol>\n<h4><strong>M\u00e5len:<\/strong><\/h4>\n<ul>\n<li>M\u00e5tt: 40 x 40 x 35 cm<\/li>\n<li>Vikt: 27 kg<\/li>\n<\/ul>\n<p><span style=\"font-weight: 400;\">Observera att varan skickas fr\u00e5n ett avl\u00e4gset lager, s\u00e5 det kan ta upp till 2-3 extra arbetsdagar f\u00f6r varan att komma fram\u00a0<\/span><\/p>\n<p><span style=\"font-weight: 400;\">N\u00e4r du k\u00f6per denna produkt kommer den att skickas direkt till din hemadress\u00a0 <\/span><\/p>\n<p>&nbsp;<\/p>","protected":false},"excerpt":{"rendered":"<p>Utforska den unika konformade planteringen i 5 mm st\u00e5l som utlovar en blandning av robusthet och estetik. Med m\u00e5tten 40 x 40 x 35 cm och en vikt p\u00e5 27 kg erbjuder den tidl\u00f6s sk\u00f6nhet och o\u00f6vertr\u00e4ffad h\u00e5llbarhet f\u00f6r ditt utomhusutrymme. Perfekt f\u00f6r dem som uppskattar kvalitet och vill inf\u00f6ra naturlig elegans i sin utomhusdekoration. Detta m\u00e4sterverk av en konformad planteringsk\u00e4rl \u00e4r utformad f\u00f6r att klara utmaningarna med skiftande v\u00e4derf\u00f6rh\u00e5llanden, vilket g\u00f6r den idealisk f\u00f6r anv\u00e4ndning i alla typer av utomhusmilj\u00f6er, fr\u00e5n privata tr\u00e4dg\u00e5rdar till offentliga utrymmen. Det 5 mm tjocka st\u00e5let s\u00e4kerst\u00e4ller att krukan inte bara fungerar som ett dekorativt f\u00f6rem\u00e5l utan ocks\u00e5 som en l\u00e5ngvarig investering i din utomhusmilj\u00f6.<\/p>\n<p>&nbsp;<\/p>\n<p><span style=\"font-weight: 400;\">Det kan ta upp till 2-3 extra arbetsdagar f\u00f6r varan att komma fram\u00a0<\/span><\/p>\n<p><span style=\"font-weight: 400;\">Endast hemadress\u00a0\u00a0<\/span><\/p>","protected":false},"featured_media":59858,"comment_status":"open","ping_status":"closed","template":"","meta":{"_acf_changed":false},"product_brand":[],"product_cat":[325,157,332],"product_tag":[],"class_list":{"0":"post-44906","1":"product","2":"type-product","3":"status-publish","4":"has-post-thumbnail","6":"product_cat-plantekasser","7":"product_cat-plantekasser-til-have-og-terrassen","8":"product_cat-plantekasser-til-haven-eller-terrassen","9":"product_shipping_class-tung-genstand","11":"entry","12":"has-media","14":"first","15":"instock","16":"taxable","17":"shipping-taxable","18":"purchasable","19":"product-type-simple","20":"has-product-nav","21":"col","22":"span_1_of_4","23":"owp-content-center","24":"item-entry","25":"owp-thumbs-layout-vertical","26":"owp-btn-normal","27":"owp-tabs-layout-horizontal"},"acf":[],"_links":{"self":[{"href":"https:\/\/plantelys.dk\/sv\/wp-json\/wp\/v2\/product\/44906","targetHints":{"allow":["GET"]}}],"collection":[{"href":"https:\/\/plantelys.dk\/sv\/wp-json\/wp\/v2\/product"}],"about":[{"href":"https:\/\/plantelys.dk\/sv\/wp-json\/wp\/v2\/types\/product"}],"replies":[{"embeddable":true,"href":"https:\/\/plantelys.dk\/sv\/wp-json\/wp\/v2\/comments?post=44906"}],"version-history":[{"count":0,"href":"https:\/\/plantelys.dk\/sv\/wp-json\/wp\/v2\/product\/44906\/revisions"}],"wp:featuredmedia":[{"embeddable":true,"href":"https:\/\/plantelys.dk\/sv\/wp-json\/wp\/v2\/media\/59858"}],"wp:attachment":[{"href":"https:\/\/plantelys.dk\/sv\/wp-json\/wp\/v2\/media?parent=44906"}],"wp:term":[{"taxonomy":"product_brand","embeddable":true,"href":"https:\/\/plantelys.dk\/sv\/wp-json\/wp\/v2\/product_brand?post=44906"},{"taxonomy":"product_cat","embeddable":true,"href":"https:\/\/plantelys.dk\/sv\/wp-json\/wp\/v2\/product_cat?post=44906"},{"taxonomy":"product_tag","embeddable":true,"href":"https:\/\/plantelys.dk\/sv\/wp-json\/wp\/v2\/product_tag?post=44906"}],"curies":[{"name":"wp","href":"https:\/\/api.w.org\/{rel}","templated":true}]}}