{"id":44878,"date":"2024-12-18T14:25:05","date_gmt":"2024-12-18T13:25:05","guid":{"rendered":"https:\/\/plantelys.dk\/?post_type=product&#038;p=44878"},"modified":"2026-05-05T10:06:15","modified_gmt":"2026-05-05T09:06:15","slug":"planteringskarl-i-5-mm-staalplaat-med-maatten-120-x-40-x-40-cm-utan-hjul","status":"publish","type":"product","link":"https:\/\/plantelys.dk\/sv\/vare\/plantekasse-i-5-mm-staalplade-med-maalene-120-x-40-x-40-cm-uden-hjul\/","title":{"rendered":"Planteringsk\u00e4rl i 5 mm st\u00e5lpl\u00e5t med m\u00e5tten 120 x 40 x 40 cm (utan hjul)"},"content":{"rendered":"<p><a href=\"https:\/\/plantelys.dk\/sv\/produktkategori-2\/vaxthuset-och-tradgaarden-2\/planteringslaador-for-tradgaarden-eller-terrassen\/\">V\u00e4xtl\u00e5dor<\/a> \u00e4r smarta n\u00e4r det g\u00e4ller att f\u00e5 upp v\u00e4xter ur marken. Det g\u00f6r det sv\u00e5rare f\u00f6r skadedjur att angripa och minskar risken f\u00f6r v\u00e4xtsjukdomar. De g\u00f6r ocks\u00e5 tr\u00e4dg\u00e5rdsarbetet enklare och ditt utomhusutrymme mer attraktivt med sitt strukturerade utseende.<\/p>\n<h2><strong>En stark bas f\u00f6r din utomhusdesign<\/strong><\/h2>\n<p>I str\u00e4van efter det perfekta utomhusutrymmet spelar valet av r\u00e4tt element en avg\u00f6rande roll. V\u00e5r planteringsl\u00e5da i 5 mm rostfritt st\u00e5l, med imponerande m\u00e5tt p\u00e5 120x40x40 cm, \u00e4r gjord f\u00f6r att st\u00e5 emot tidens tand och samtidigt f\u00f6rb\u00e4ttra estetiken i ditt utomhusutrymme.<\/p>\n<p>Med en blandning av robust h\u00e5llbarhet och visuellt tilltalande patina \u00e4r denna kruka utformad f\u00f6r att klara allt fr\u00e5n br\u00e4nnande sommarsol till bitande vinterkyla och fortfarande vara ett blickf\u00e5ng genom \u00e5ren.<\/p>\n<h2><strong>V\u00e4xtl\u00e5da \u00e4r levande estetik: Den naturliga sk\u00f6nheten i rostigt st\u00e5l<\/strong><\/h2>\n<p>Den naturligt utvecklande <a href=\"https:\/\/da.wikipedia.org\/wiki\/Cortenst%C3%A5l\" target=\"_blank\" rel=\"noopener\">boorish<\/a> Planteringsl\u00e5dans yta \u00e4r inte bara ett tecken p\u00e5 v\u00e4derbest\u00e4ndighet; det \u00e4r en levande, f\u00f6r\u00e4nderlig konstform som ger en unik v\u00e4rme och karakt\u00e4r till ditt utomhusutrymme. Patinan skapar en perfekt harmoni mellan modern design och den naturliga v\u00e4rlden, vilket g\u00f6r varje planteringsl\u00e5da till ett unikt konstverk som kompletterar din landskapsdesign.<\/p>\n<h4><strong>Gener\u00f6sa dimensioner av kreativ frihet<\/strong><\/h4>\n<p>Med sina rymliga m\u00e5tt erbjuder denna v\u00e4xtl\u00e5da gott om utrymme f\u00f6r en m\u00e5ngfald av v\u00e4xter, fr\u00e5n robusta buskar till delikata blomsterrabatter. Detta ger dig friheten att experimentera med olika tr\u00e4dg\u00e5rdskompositioner, oavsett om du siktar p\u00e5 en imponerande fokuspunkt eller en integrerad del av din tr\u00e4dg\u00e5rdsplanering.<\/p>\n<h4><strong>Of\u00f6rtr\u00f6ttlig stabilitet\u00a0<\/strong><\/h4>\n<p>Tack vare sin vikt och konstruktion ger denna planteringsk\u00e4rl en stabil och s\u00e4ker bas f\u00f6r dina v\u00e4xter, \u00e4ven under utmanande v\u00e4derf\u00f6rh\u00e5llanden. Den starka konstruktionen garanterar l\u00e5ngvarig anv\u00e4ndning och minimalt underh\u00e5ll, vilket g\u00f6r den till ett b\u00e5de praktiskt och vackert tillskott till alla utomhusmilj\u00f6er.<\/p>\n<h4><strong>Designad f\u00f6r att berika alla utomhusmilj\u00f6er<\/strong><\/h4>\n<p>Denna planteringsk\u00e4rl i rostfritt st\u00e5l \u00e4r det perfekta valet f\u00f6r alla som vill tillf\u00f6ra en k\u00e4nsla av robust elegans till sin tr\u00e4dg\u00e5rd, uteplats eller balkong. Den inbjuder dig att fylla den med f\u00e4rgglada blommor, och dess tidl\u00f6sa design garanterar att den kommer att uppskattas och beundras i m\u00e5nga \u00e5r fram\u00f6ver.<\/p>\n<p><strong>Planteringsk\u00e4rlet \u00e4r tillverkat av rostfritt st\u00e5l\u00a0<\/strong><\/p>\n<p>L\u00e5t denna planteringsk\u00e4rl i rostfritt st\u00e5l bli h\u00f6rnstenen i din utomhusdesign och skapa ett utrymme d\u00e4r funktionalitet m\u00f6ter makal\u00f6s sk\u00f6nhet. Oavsett om det \u00e4r den frodiga mjukheten i blomsterrabatter eller den strukturella attraktionen hos buskar och sm\u00e5 tr\u00e4d, kommer den h\u00e4r planteringen utan tvekan att f\u00f6rb\u00e4ttra din utomhusupplevelse.<\/p>\n<p>&nbsp;<\/p>\n<table>\n<thead>\n<tr>\n<th>F\u00f6rdel<\/th>\n<th><\/th>\n<\/tr>\n<\/thead>\n<tbody>\n<tr>\n<td>H\u00e5llbarhet och v\u00e4derbest\u00e4ndighet<\/td>\n<td>Planteringsk\u00e4rlet \u00e4r tillverkat av 5 mm rostfritt st\u00e5l, utformat f\u00f6r att klara b\u00e5de den br\u00e4nnande sommarsolen och den bitande vinterkylan, vilket garanterar l\u00e5ng livsl\u00e4ngd.<\/td>\n<\/tr>\n<tr>\n<td>Levande estetik<\/td>\n<td>Den naturligt framv\u00e4xande rostiga ytan ger varje m\u00f6bel en unik v\u00e4rme och karakt\u00e4r som f\u00f6rh\u00f6jer det visuella intrycket av utomhusmilj\u00f6n och skapar en unik koppling till den naturliga v\u00e4rlden.<\/td>\n<\/tr>\n<tr>\n<td>Gener\u00f6sa m\u00e5tt<\/td>\n<td>Med sina imponerande m\u00e5tt ger planteringen gott om utrymme f\u00f6r kreativitet med v\u00e4xtkompositioner, fr\u00e5n robusta buskar till delikata blomsterrabatter.<\/td>\n<\/tr>\n<tr>\n<td>Of\u00f6r\u00e4nderlig stabilitet<\/td>\n<td>Den robusta konstruktionen och vikten ger en stabil bas f\u00f6r v\u00e4xtligheten, \u00e4ven under utmanande v\u00e4derf\u00f6rh\u00e5llanden, vilket minimerar behovet av underh\u00e5ll.<\/td>\n<\/tr>\n<tr>\n<td>Tidl\u00f6s design<\/td>\n<td>Planteringsk\u00e4rlets rostiga st\u00e5l och moderna design berikar alla utomhusutrymmen, fr\u00e5n tr\u00e4dg\u00e5rdar till terrasser och balkonger, och dess tidl\u00f6sa estetik s\u00e4kerst\u00e4ller att den kommer att uppskattas i m\u00e5nga \u00e5r.<\/td>\n<\/tr>\n<tr>\n<td>Funktionell och dekorativ<\/td>\n<td>Det \u00e4r inte bara praktiskt f\u00f6r plantering, utan fungerar ocks\u00e5 som ett dekorativt element som ger robust elegans och strukturell attraktionskraft till utomhusutrymmet.<\/td>\n<\/tr>\n<\/tbody>\n<\/table>\n<p><strong>Design\u00a0<\/strong><\/p>\n<p>Eftersom planteringen \u00e4r avsedd att rosta beh\u00f6ver du inte oroa dig f\u00f6r n\u00e5gon form av skada, eftersom st\u00e5let \u00e4r tillverkat f\u00f6r att endast ha ytlig rost f\u00f6r att skapa sitt utseende.<\/p>\n<p><strong>M\u00e5l<br \/>\n<\/strong>- 80 x 40 x 35 cm<br \/>\n- 40 kg<\/p>\n<p>Om du \u00e4r intresserad av att l\u00e4sa mer om v\u00e5r v\u00e4xtl\u00e5da och hur du b\u00e4st anv\u00e4nder den, har du m\u00f6jlighet att l\u00e4sa v\u00e5r guide <a href=\"https:\/\/plantelys.dk\/sv\/planteringskarl-steg-for-steg-guide\/\">H\u00e4r!!!\u00a0<\/a><\/p>\n<p><strong>Observera att produkten endast skickas till din egen adress och inte till en paketbutik\u00a0<\/strong><\/p>","protected":false},"excerpt":{"rendered":"<div class=\"flex-1 overflow-hidden\">\n<div class=\"react-scroll-to-bottom--css-jkalt-79elbk h-full\">\n<div class=\"react-scroll-to-bottom--css-jkalt-1n7m0yu\">\n<div class=\"flex flex-col text-sm pb-9\">\n<div class=\"w-full text-token-text-primary\" data-testid=\"conversation-turn-53\">\n<div class=\"px-4 py-2 justify-center text-base md:gap-6 m-auto\">\n<div class=\"flex flex-1 text-base mx-auto gap-3 md:px-5 lg:px-1 xl:px-5 md:max-w-3xl lg:max-w-[40rem] xl:max-w-[48rem] group final-completion\">\n<div class=\"relative flex w-full flex-col agent-turn\">\n<div class=\"flex-col gap-1 md:gap-3\">\n<div class=\"flex flex-grow flex-col max-w-full\">\n<div class=\"min-h-[20px] text-message flex flex-col items-start gap-3 whitespace-pre-wrap break-words [.text-message+&amp;]:mt-5 overflow-x-auto\" data-message-author-role=\"assistant\" data-message-id=\"1a406168-84db-462c-b612-2f5ad835c52c\">\n<div class=\"markdown prose w-full break-words dark:prose-invert light\">\n<p>Opgrader dit uderum med vores plantekasse p\u00e5 120x40x40 cm i 5 mm rustent st\u00e5l. Denne holdbare og stilfulde kasse tilf\u00f8jer en unik \u00e6stetik til ethvert uderum, fra haver til terrasser. Den rummelige dimension og den naturligt udviklende rustne patina sikrer en perfekt balance mellem praktisk funktionalitet og visuel tiltalende design, hvilket g\u00f8r den til en ideel l\u00f8sning for en bred vifte af plantetyper.<\/p>\n<\/div>\n<\/div>\n<\/div>\n<\/div>\n<\/div>\n<\/div>\n<\/div>\n<\/div>\n<\/div>\n<\/div>\n<\/div>\n<\/div>\n","protected":false},"featured_media":32081,"comment_status":"open","ping_status":"closed","template":"","meta":{"_acf_changed":false},"product_brand":[],"product_cat":[325,157,332],"product_tag":[],"class_list":{"0":"post-44878","1":"product","2":"type-product","3":"status-publish","4":"has-post-thumbnail","6":"product_cat-plantekasser","7":"product_cat-plantekasser-til-have-og-terrassen","8":"product_cat-plantekasser-til-haven-eller-terrassen","10":"entry","11":"has-media","13":"first","14":"instock","15":"taxable","16":"shipping-taxable","17":"purchasable","18":"product-type-simple","19":"has-product-nav","20":"col","21":"span_1_of_4","22":"owp-content-center","23":"item-entry","24":"owp-thumbs-layout-vertical","25":"owp-btn-normal","26":"owp-tabs-layout-horizontal"},"acf":[],"_links":{"self":[{"href":"https:\/\/plantelys.dk\/sv\/wp-json\/wp\/v2\/product\/44878","targetHints":{"allow":["GET"]}}],"collection":[{"href":"https:\/\/plantelys.dk\/sv\/wp-json\/wp\/v2\/product"}],"about":[{"href":"https:\/\/plantelys.dk\/sv\/wp-json\/wp\/v2\/types\/product"}],"replies":[{"embeddable":true,"href":"https:\/\/plantelys.dk\/sv\/wp-json\/wp\/v2\/comments?post=44878"}],"version-history":[{"count":0,"href":"https:\/\/plantelys.dk\/sv\/wp-json\/wp\/v2\/product\/44878\/revisions"}],"wp:featuredmedia":[{"embeddable":true,"href":"https:\/\/plantelys.dk\/sv\/wp-json\/wp\/v2\/media\/32081"}],"wp:attachment":[{"href":"https:\/\/plantelys.dk\/sv\/wp-json\/wp\/v2\/media?parent=44878"}],"wp:term":[{"taxonomy":"product_brand","embeddable":true,"href":"https:\/\/plantelys.dk\/sv\/wp-json\/wp\/v2\/product_brand?post=44878"},{"taxonomy":"product_cat","embeddable":true,"href":"https:\/\/plantelys.dk\/sv\/wp-json\/wp\/v2\/product_cat?post=44878"},{"taxonomy":"product_tag","embeddable":true,"href":"https:\/\/plantelys.dk\/sv\/wp-json\/wp\/v2\/product_tag?post=44878"}],"curies":[{"name":"wp","href":"https:\/\/api.w.org\/{rel}","templated":true}]}}