{"id":44592,"date":"2024-12-14T19:03:26","date_gmt":"2024-12-14T18:03:26","guid":{"rendered":"https:\/\/plantelys.dk\/?post_type=product&#038;p=44592"},"modified":"2026-05-01T10:41:27","modified_gmt":"2026-05-01T09:41:27","slug":"big-shield-danish-vaxtskydd-goedning","status":"publish","type":"product","link":"https:\/\/plantelys.dk\/sv\/vare\/big-shield-dansk-plantebeskyttelse-goedning\/","title":{"rendered":"BIG SHIELD - V\u00e4xtskydd fr\u00e5n r\u00f6tterna"},"content":{"rendered":"<h2 data-pm-slice=\"1 1 []\"><strong>BIG SHIELD: PREMIUM V\u00c4XTSKYDD 1L<\/strong><\/h2>\n<p><em>NY produkt fr\u00e5n Big Plant Science - skyddar mot skadedjur<\/em><\/p>\n<p data-pm-slice=\"1 1 []\"><strong>Naturligt skydd, enkelt och smidigt<\/strong><\/p>\n<p data-pm-slice=\"1 1 []\">St\u00e4rk dina v\u00e4xter med BIG SHIELD fr\u00e5n <a href=\"https:\/\/plantelys.dk\/sv\/produktkategori-2\/godningsmedel-och-odlingsmedier-for-vaxter\/\"><strong>BIG V\u00e4xtvetenskap<\/strong><\/a>\u00a0(<strong>BioPower)<\/strong>, Det ultimata valet f\u00f6r naturligt v\u00e4xtskydd. BIG SHIELD fr\u00e4mjar v\u00e4xth\u00e4lsan genom att skapa en naturlig f\u00f6rsvarsmekanism som st\u00e4rker v\u00e4xterna fr\u00e5n r\u00f6tter till blad. Denna unika formulering kombinerar kraftfulla barkextrakt med kiseldioxid f\u00f6r att s\u00e4kerst\u00e4lla starkare cellv\u00e4ggar och f\u00f6rb\u00e4ttrad struktur i hela v\u00e4xten.<\/p>\n<p data-pm-slice=\"1 1 []\">Genom att skydda dina v\u00e4xter fr\u00e5n skadedjur och sjukdomar bidrar BIG SHIELD till att minska stressen, vilket resulterar i snabbare tillv\u00e4xt och h\u00f6gre avkastning. Tack vare sin m\u00e5ngsidighet kan BIG SHIELD anv\u00e4ndas i en m\u00e4ngd olika odlingssystem, vilket ger en h\u00e5llbar l\u00f6sning f\u00f6r b\u00e5de amat\u00f6rodlare och professionella odlare.<\/p>\n<h2>F\u00f6rdelarna med BIG SHIELD<\/h2>\n<ul>\n<li><strong>Naturligt skydd:<\/strong> St\u00e4rker v\u00e4xternas f\u00f6rsvarsmekanismer<\/li>\n<li><strong>Kraftfulla ingredienser:<\/strong> Barkextrakt och kiseldioxid<\/li>\n<li><strong>Flexibel anv\u00e4ndning:<\/strong><\/li>\n<li><strong>L\u00e4mplig f\u00f6r alla medier:<\/strong> Coco (<a href=\"https:\/\/plantelys.dk\/sv\/produkt\/plagron-cocos-brix-9l-cocos-fiber-2\/\"><strong>kokosmj\u00f6l<\/strong><\/a>), jorden, <a href=\"https:\/\/plantelys.dk\/sv\/produktkategori-2\/hydroponisk-odling-2\/\"><strong>hydroponics<\/strong><\/a> och Rockwool<\/li>\n<li><strong>Minskar stress:<\/strong> \u00d6kar motst\u00e5ndskraften mot skadedjur, sjukdomar och milj\u00f6stress<\/li>\n<\/ul>\n<h3>Hur man anv\u00e4nder BIG SHIELD:<\/h3>\n<ol start=\"1\" data-spread=\"false\">\n<li><strong>F\u00f6rbered l\u00f6sningen:<\/strong> Skaka flaskan noggrant f\u00f6re anv\u00e4ndning. Sp\u00e4d ut BIG SHIELD i vatten enligt de rekommenderade doserna i spridningstabellen.<\/li>\n<li><strong>Applicera l\u00f6sningen:<\/strong> Anv\u00e4nd BIG SHIELD som en del av din bevattningsrutin eller som bladspray. F\u00f6r finf\u00f6rdelning p\u00e5 blad rekommenderas 10 ml per 1 liter vatten.<\/li>\n<li><strong>Regelbunden anv\u00e4ndning:<\/strong> Anv\u00e4nd BIG SHIELD under hela v\u00e4xt- och blomningsperioden f\u00f6r b\u00e4sta resultat.<\/li>\n<\/ol>\n<h3>Tillg\u00e4ngliga storlekar:<\/h3>\n<p>BIG SHIELD finns i tre praktiska storlekar f\u00f6r att passa alla behov: <strong>1L, 5L och 25L<\/strong>.<\/p>\n<h3>Premiumserie f\u00f6r avancerad v\u00e4xtv\u00e5rd:<\/h3>\n<p>BIG SHIELD \u00e4r en del av Big Plant Sciences premiumserie av tillsatser som \u00e4r utformade f\u00f6r att skydda dina v\u00e4xter mot milj\u00f6stress, skadedjur och sjukdomar. Det st\u00e4rker v\u00e4xternas struktur, fr\u00e4mjar v\u00e4xternas motst\u00e5ndskraft och s\u00e4kerst\u00e4ller friska, livskraftiga gr\u00f6dor.<\/p>\n<p>Tillsammans med <a href=\"https:\/\/plantelys.dk\/sv\/produkt\/big-diamonds-dansk-trichome-goedning\/\"><strong>STORA DIAMANTAR<\/strong><\/a> och <a href=\"https:\/\/plantelys.dk\/sv\/produkt\/kraftigt-tillvaxtframjande-godningsmedel\/\"><strong>STOR BOOST<\/strong><\/a>\u00a0BIG SHIELD representerar h\u00f6jdpunkten inom avancerad v\u00e4xtv\u00e5rd. Dessa produkter ger o\u00f6vertr\u00e4ffat skydd, explosiv tillv\u00e4xt och f\u00f6rstklassiga sk\u00f6rdar f\u00f6r odlare som kr\u00e4ver det b\u00e4sta.<\/p>\n<h3>Kombinera med v\u00e5rt kompletta g\u00f6dselsystem:<\/h3>\n<p><a href=\"https:\/\/plantelys.dk\/sv\/produkt\/big-shield-danish-vaxtskydd-goedning\/\"><strong>BIG SHIELD<\/strong><\/a> anv\u00e4nds tillsammans med Big Plant Science basn\u00e4rings\u00e4mnen: <a href=\"https:\/\/plantelys.dk\/sv\/produkt\/big-grow-ph-neutralt-godningsmedel\/\"><strong>STOR V\u00c4XT<\/strong><\/a>, <a href=\"https:\/\/plantelys.dk\/sv\/produkt\/big-bloom-godselmedel-for-blomfasen\/\"><strong>STOR BLOMST<\/strong><\/a> och <a href=\"https:\/\/plantelys.dk\/sv\/produkt\/stort-kalcium-for-starkare-vaxter\/\"><strong>STOR KALCIUM<\/strong><\/a>, som f\u00f6rser v\u00e4xterna med alla n\u00f6dv\u00e4ndiga n\u00e4rings\u00e4mnen f\u00f6r en sund och robust tillv\u00e4xt. Komplettera med <a href=\"https:\/\/plantelys.dk\/sv\/produkt\/big-roots-rothammare-med-hogeffektiva-bakterier\/\"><strong>STORA R\u00d6TTER<\/strong><\/a>\u00a0och <a href=\"https:\/\/plantelys.dk\/sv\/produkt\/stor-blomma-pk-booster-m-kolhydrater-blommor\/\"><strong>STORA BLOMMOR<\/strong><\/a>\u00a0f\u00f6r optimal rotbildning och blomningspotential.<\/p>\n<p>&nbsp;<\/p>\n<h3>Inneh\u00e5ll och dosering:<\/h3>\n<p><strong>Inneh\u00e5ll:<\/strong><\/p>\n<ul data-spread=\"false\">\n<li>Kalium (K): 0,2%<\/li>\n<li>Kiseldioxid (Si): 0,5%<\/li>\n<li>Organisk kelatbildare: 0,2%<\/li>\n<li>Ekologiskt v\u00e4xtextrakt: 0,1%<\/li>\n<\/ul>\n<p><strong>Dosering:<\/strong><\/p>\n<ul data-spread=\"false\">\n<li>1-2 veckor (f\u00f6rsta omg\u00e5ngen blad): 1 mL per liter vatten<\/li>\n<li>3\u20134 veckor (bladbildning): 1 ml per liter vatten<\/li>\n<li>4+ veckor (full tillv\u00e4xt): 1 ml per liter vatten<\/li>\n<li>5-6 veckor (blomning): 2 mL per liter vatten<\/li>\n<li>7-8 veckor (mognadslagring): 2 mL per liter vatten<\/li>\n<li>8+ veckor (spolning): 0 mL per liter vatten<\/li>\n<\/ul>\n<p>F\u00f6r st\u00f6rre beh\u00e5llare rekommenderas:<\/p>\n<ul data-spread=\"false\">\n<li>10 liter vatten: F\u00f6lj samma doseringsanvisningar och multiplicera med 10.<\/li>\n<\/ul>\n<p>F\u00f6rvara p\u00e5 en m\u00f6rk och frostfri plats. Skaka f\u00f6re anv\u00e4ndning.<\/p>\n<p><strong>BIG SHIELD - H\u00e4lsa och styrka f\u00f6r dina v\u00e4xter!<\/strong><\/p>","protected":false},"excerpt":{"rendered":"<p><strong>BIG SHIELD<\/strong> - Flytande v\u00e4xtskydd f\u00f6r alla v\u00e4xter - 1L<\/p>","protected":false},"featured_media":44826,"comment_status":"closed","ping_status":"closed","template":"","meta":{"_acf_changed":false},"product_brand":[],"product_cat":[274,113,98],"product_tag":[],"class_list":{"0":"post-44592","1":"product","2":"type-product","3":"status-publish","4":"has-post-thumbnail","6":"product_cat-big-plant-science","7":"product_cat-goedning-og-gromedier-for-planter","8":"product_cat-hydroponisk-dyrkning","10":"entry","11":"has-media","13":"first","14":"instock","15":"taxable","16":"shipping-taxable","17":"purchasable","18":"product-type-variable","19":"has-default-attributes","20":"has-product-nav","21":"col","22":"span_1_of_4","23":"owp-content-center","24":"item-entry","25":"owp-thumbs-layout-vertical","26":"owp-btn-normal","27":"owp-tabs-layout-horizontal"},"acf":[],"_links":{"self":[{"href":"https:\/\/plantelys.dk\/sv\/wp-json\/wp\/v2\/product\/44592","targetHints":{"allow":["GET"]}}],"collection":[{"href":"https:\/\/plantelys.dk\/sv\/wp-json\/wp\/v2\/product"}],"about":[{"href":"https:\/\/plantelys.dk\/sv\/wp-json\/wp\/v2\/types\/product"}],"replies":[{"embeddable":true,"href":"https:\/\/plantelys.dk\/sv\/wp-json\/wp\/v2\/comments?post=44592"}],"version-history":[{"count":0,"href":"https:\/\/plantelys.dk\/sv\/wp-json\/wp\/v2\/product\/44592\/revisions"}],"wp:featuredmedia":[{"embeddable":true,"href":"https:\/\/plantelys.dk\/sv\/wp-json\/wp\/v2\/media\/44826"}],"wp:attachment":[{"href":"https:\/\/plantelys.dk\/sv\/wp-json\/wp\/v2\/media?parent=44592"}],"wp:term":[{"taxonomy":"product_brand","embeddable":true,"href":"https:\/\/plantelys.dk\/sv\/wp-json\/wp\/v2\/product_brand?post=44592"},{"taxonomy":"product_cat","embeddable":true,"href":"https:\/\/plantelys.dk\/sv\/wp-json\/wp\/v2\/product_cat?post=44592"},{"taxonomy":"product_tag","embeddable":true,"href":"https:\/\/plantelys.dk\/sv\/wp-json\/wp\/v2\/product_tag?post=44592"}],"curies":[{"name":"wp","href":"https:\/\/api.w.org\/{rel}","templated":true}]}}